{"id":589,"date":"2024-06-15T07:43:49","date_gmt":"2024-06-15T05:43:49","guid":{"rendered":"https:\/\/www.afrikabio.com\/?post_type=product&#038;p=589"},"modified":"2025-10-27T10:53:45","modified_gmt":"2025-10-27T09:53:45","slug":"poudre-d-hibiscus","status":"publish","type":"product","link":"https:\/\/www.afrikabio.com\/en\/product\/poudre-d-hibiscus\/","title":{"rendered":"Hibiscus powder"},"content":{"rendered":"<div data-elementor-type=\"wp-post\" data-elementor-id=\"589\" class=\"elementor elementor-589\" data-elementor-post-type=\"product\">\n\t\t\t\t\t\t<section class=\"elementor-section elementor-top-section elementor-element elementor-element-1061f0d rey-section-stretched elementor-section-boxed elementor-section-height-default elementor-section-height-default\" data-id=\"1061f0d\" data-element_type=\"section\" data-e-type=\"section\">\n\t\t\t\t\t\t<div class=\"elementor-container elementor-column-gap-default\">\n\t\t\t\t\t<div class=\"elementor-column elementor-col-100 elementor-top-column elementor-element elementor-element-273570ee\" data-id=\"273570ee\" data-element_type=\"column\" data-e-type=\"column\">\n\t\t\t<div class=\"elementor-column-wrap--273570ee elementor-widget-wrap elementor-element-populated\">\n\t\t\t\t\t\t<div class=\"elementor-element elementor-element-494d2bb9 elementor-tabs-view-vertical elementor-widget elementor-widget-tabs\" data-id=\"494d2bb9\" data-element_type=\"widget\" data-e-type=\"widget\" data-widget_type=\"tabs.default\">\n\t\t\t\t\t\t\t<div class=\"elementor-tabs\">\n\t\t\t<div class=\"elementor-tabs-wrapper\" role=\"tablist\" >\n\t\t\t\t\t\t\t\t\t<div id=\"elementor-tab-title-1221\" class=\"elementor-tab-title elementor-tab-desktop-title\" aria-selected=\"true\" data-tab=\"1\" role=\"tab\" tabindex=\"0\" aria-controls=\"elementor-tab-content-1221\" aria-expanded=\"false\">CHARACTERISTICS<\/div>\n\t\t\t\t\t\t\t\t\t<div id=\"elementor-tab-title-1222\" class=\"elementor-tab-title elementor-tab-desktop-title\" aria-selected=\"false\" data-tab=\"2\" role=\"tab\" tabindex=\"-1\" aria-controls=\"elementor-tab-content-1222\" aria-expanded=\"false\">BENEFITS<\/div>\n\t\t\t\t\t\t\t\t\t<div id=\"elementor-tab-title-1223\" class=\"elementor-tab-title elementor-tab-desktop-title\" aria-selected=\"false\" data-tab=\"3\" role=\"tab\" tabindex=\"-1\" aria-controls=\"elementor-tab-content-1223\" aria-expanded=\"false\">USE<\/div>\n\t\t\t\t\t\t\t\t\t<div id=\"elementor-tab-title-1224\" class=\"elementor-tab-title elementor-tab-desktop-title\" aria-selected=\"false\" data-tab=\"4\" role=\"tab\" tabindex=\"-1\" aria-controls=\"elementor-tab-content-1224\" aria-expanded=\"false\">PACKAGING<\/div>\n\t\t\t\t\t\t\t\t\t<div id=\"elementor-tab-title-1225\" class=\"elementor-tab-title elementor-tab-desktop-title\" aria-selected=\"false\" data-tab=\"5\" role=\"tab\" tabindex=\"-1\" aria-controls=\"elementor-tab-content-1225\" aria-expanded=\"false\">HISTORY<\/div>\n\t\t\t\t\t\t\t\t\t<div id=\"elementor-tab-title-1226\" class=\"elementor-tab-title elementor-tab-desktop-title\" aria-selected=\"false\" data-tab=\"6\" role=\"tab\" tabindex=\"-1\" aria-controls=\"elementor-tab-content-1226\" aria-expanded=\"false\">COMPOSITION<\/div>\n\t\t\t\t\t\t\t\t\t<div id=\"elementor-tab-title-1227\" class=\"elementor-tab-title elementor-tab-desktop-title\" aria-selected=\"false\" data-tab=\"7\" role=\"tab\" tabindex=\"-1\" aria-controls=\"elementor-tab-content-1227\" aria-expanded=\"false\">CONTRAINDICATIONS<\/div>\n\t\t\t\t\t\t\t\t\t<div id=\"elementor-tab-title-1228\" class=\"elementor-tab-title elementor-tab-desktop-title\" aria-selected=\"false\" data-tab=\"8\" role=\"tab\" tabindex=\"-1\" aria-controls=\"elementor-tab-content-1228\" aria-expanded=\"false\">CONSERVATION<\/div>\n\t\t\t\t\t\t\t\t\t<div id=\"elementor-tab-title-1229\" class=\"elementor-tab-title elementor-tab-desktop-title\" aria-selected=\"false\" data-tab=\"9\" role=\"tab\" tabindex=\"-1\" aria-controls=\"elementor-tab-content-1229\" aria-expanded=\"false\">VIDEO DEMO<\/div>\n\t\t\t\t\t\t\t<\/div>\n\t\t\t<div class=\"elementor-tabs-content-wrapper\" role=\"tablist\" aria-orientation=\"vertical\">\n\t\t\t\t\t\t\t\t\t<div class=\"elementor-tab-title elementor-tab-mobile-title\" aria-selected=\"true\" data-tab=\"1\" role=\"tab\" tabindex=\"0\" aria-controls=\"elementor-tab-content-1221\" aria-expanded=\"false\">CHARACTERISTICS<\/div>\n\t\t\t\t\t<div id=\"elementor-tab-content-1221\" class=\"elementor-tab-content elementor-clearfix\" data-tab=\"1\" role=\"tabpanel\" aria-labelledby=\"elementor-tab-title-1221\" tabindex=\"0\" hidden=\"false\"><p class=\"p1\">\u00a0<\/p><h2><span class=\"s1\">Description<\/span><\/h2><p class=\"p3\"><span class=\"s2\">La <\/span><span class=\"s3\">poudre d\u2019hibiscus bio<\/span><span class=\"s2\"> AFRIKA\u202fBIO est obtenue \u00e0 partir de fleurs s\u00e9ch\u00e9es d\u2019<\/span><span class=\"s4\">Hibiscus sabdariffa<\/span><span class=\"s2\">, cultiv\u00e9es en agriculture biologique. Elle offre une coloration rouge intense, un go\u00fbt acidul\u00e9 unique et de puissants bienfaits sant\u00e9 et beaut\u00e9. Ainsi, elle s\u2019adapte \u00e0 de nombreuses utilisations\u2014<\/span><span class=\"s3\">infusions, soins capillaires ou drainantes<\/span><span class=\"s2\">.<\/span><\/p><h2>\u00a0<\/h2><h2><span class=\"s1\">Features<\/span><\/h2><ul><li><p class=\"p1\"><span class=\"s1\">Plante utilis\u00e9e : <\/span><span class=\"s2\">Hibiscus sabdariffa<\/span><span class=\"s1\"> (oseille de Guin\u00e9e)<\/span><\/p><\/li><li><p class=\"p1\"><span class=\"s1\">Partie utilis\u00e9e : calices s\u00e9ch\u00e9s<\/span><\/p><\/li><li><p class=\"p1\"><span class=\"s1\">Forme : poudre fine de couleur rouge-violet, go\u00fbt acidul\u00e9<\/span><\/p><\/li><\/ul><p>\u00a0<\/p><\/div>\n\t\t\t\t\t\t\t\t\t<div class=\"elementor-tab-title elementor-tab-mobile-title\" aria-selected=\"false\" data-tab=\"2\" role=\"tab\" tabindex=\"-1\" aria-controls=\"elementor-tab-content-1222\" aria-expanded=\"false\">BENEFITS<\/div>\n\t\t\t\t\t<div id=\"elementor-tab-content-1222\" class=\"elementor-tab-content elementor-clearfix\" data-tab=\"2\" role=\"tabpanel\" aria-labelledby=\"elementor-tab-title-1222\" tabindex=\"0\" hidden=\"hidden\"><h2><span class=\"s1\">Bienfaits<\/span><\/h2><ul><li><p class=\"p1\"><span class=\"s1\">Aide \u00e0 <\/span><span class=\"s2\">diminuer la tension art\u00e9rielle<\/span><span class=\"s1\"> et prot\u00e9ger le c\u0153ur<span class=\"Apple-converted-space\">\u00a0 <\/span><\/span><\/p><\/li><li><p class=\"p1\"><span class=\"s1\">Favorise le <\/span><span class=\"s2\">drainage<\/span><span class=\"s1\"> et la circulation<span class=\"Apple-converted-space\">\u00a0 <\/span><\/span><\/p><\/li><li><p class=\"p1\"><span class=\"s1\">Effet <\/span><span class=\"s2\">antioxydant puissant<\/span><span class=\"s1\">, anti\u2011\u00e2ge<span class=\"Apple-converted-space\">\u00a0 <\/span><\/span><\/p><\/li><li><p class=\"p1\"><span class=\"s1\">Sublime les cheveux<\/span><span class=\"s2\"> : stimule la pousse, fortifie, apporte brillance, offre des reflets rouges avec le henn\u00e9<span class=\"Apple-converted-space\">\u00a0 <\/span><\/span><\/p><\/li><li><p class=\"p1\"><span class=\"s1\">En infusion, elle est tonique, digestive et apaisante<span class=\"Apple-converted-space\">\u00a0 <\/span><\/span><\/p><\/li><\/ul><p>\u00a0<\/p><\/div>\n\t\t\t\t\t\t\t\t\t<div class=\"elementor-tab-title elementor-tab-mobile-title\" aria-selected=\"false\" data-tab=\"3\" role=\"tab\" tabindex=\"-1\" aria-controls=\"elementor-tab-content-1223\" aria-expanded=\"false\">USE<\/div>\n\t\t\t\t\t<div id=\"elementor-tab-content-1223\" class=\"elementor-tab-content elementor-clearfix\" data-tab=\"3\" role=\"tabpanel\" aria-labelledby=\"elementor-tab-title-1223\" tabindex=\"0\" hidden=\"hidden\"><h2><span class=\"s1\">Conseils d&rsquo;utilisation<\/span><\/h2><ul><li><p class=\"p1\"><span class=\"s1\">Culinaire<\/span><span class=\"s2\"> : infusions (bissap\/karkad\u00e9), smoothies, sauces, cocktails color\u00e9s<\/span><\/p><\/li><li><p class=\"p1\"><span class=\"s1\">Beauty<\/span><span class=\"s2\"> : masque capillaire (avec henn\u00e9), gommage \u00e9clat, cr\u00e8me teint\u00e9e naturelle<\/span><\/p><\/li><li><p class=\"p1\"><span class=\"s1\">Bien-\u00eatre<\/span><span class=\"s2\"> : tisane drainante apr\u00e8s le repas, soin naturel pour les cheveux<\/span><\/p><\/li><\/ul><\/div>\n\t\t\t\t\t\t\t\t\t<div class=\"elementor-tab-title elementor-tab-mobile-title\" aria-selected=\"false\" data-tab=\"4\" role=\"tab\" tabindex=\"-1\" aria-controls=\"elementor-tab-content-1224\" aria-expanded=\"false\">PACKAGING<\/div>\n\t\t\t\t\t<div id=\"elementor-tab-content-1224\" class=\"elementor-tab-content elementor-clearfix\" data-tab=\"4\" role=\"tabpanel\" aria-labelledby=\"elementor-tab-title-1224\" tabindex=\"0\" hidden=\"hidden\"><p class=\"p3\"><span class=\"s2\">\u00a0Nous utilisons un conditionnement \u00e9cologique qui prot\u00e8ge la qualit\u00e9 du produit tout en respectant l\u2019environnement.<\/span><\/p><\/div>\n\t\t\t\t\t\t\t\t\t<div class=\"elementor-tab-title elementor-tab-mobile-title\" aria-selected=\"false\" data-tab=\"5\" role=\"tab\" tabindex=\"-1\" aria-controls=\"elementor-tab-content-1225\" aria-expanded=\"false\">HISTORY<\/div>\n\t\t\t\t\t<div id=\"elementor-tab-content-1225\" class=\"elementor-tab-content elementor-clearfix\" data-tab=\"5\" role=\"tabpanel\" aria-labelledby=\"elementor-tab-title-1225\" tabindex=\"0\" hidden=\"hidden\"><h2><span class=\"s1\">History<\/span><\/h2><p class=\"p3\"><span class=\"s2\">Originaire d\u2019Afrique, l\u2019<\/span><span class=\"s3\">oseille de Guin\u00e9e<\/span><span class=\"s2\"> (<\/span><span class=\"s4\">Hibiscus sabdariffa<\/span><span class=\"s2\">) est cultiv\u00e9e depuis des si\u00e8cles en Afrique de l\u2019Ouest. Elle est \u00e0 l\u2019origine de boissons traditionnelles comme le <\/span><span class=\"s3\">bissap<\/span><span class=\"s2\"> ou <\/span><span class=\"s3\">karkad\u00e9<\/span><span class=\"s2\">, consomm\u00e9es chaudes ou froides pour leurs bienfaits m\u00e9dicinaux. Aujourd\u2019hui, cette poudre est pris\u00e9e dans le monde entier pour ses vertus sant\u00e9, beaut\u00e9 et gustatives<span class=\"Apple-converted-space\">\u00a0 <\/span><\/span><span class=\"s2\">.<\/span><\/p><\/div>\n\t\t\t\t\t\t\t\t\t<div class=\"elementor-tab-title elementor-tab-mobile-title\" aria-selected=\"false\" data-tab=\"6\" role=\"tab\" tabindex=\"-1\" aria-controls=\"elementor-tab-content-1226\" aria-expanded=\"false\">COMPOSITION<\/div>\n\t\t\t\t\t<div id=\"elementor-tab-content-1226\" class=\"elementor-tab-content elementor-clearfix\" data-tab=\"6\" role=\"tabpanel\" aria-labelledby=\"elementor-tab-title-1226\" tabindex=\"0\" hidden=\"hidden\"><h2><span class=\"s1\">Composition<\/span><\/h2><ul><li><p class=\"p1\"><span class=\"s1\">Antioxidants<\/span><span class=\"s2\"> : anthocyanes, flavono\u00efdes, proanthocyanidines<\/span><\/p><\/li><li><p class=\"p1\"><span class=\"s1\" style=\"font-family: var(--body-font-family),sans-serif; font-size: 1.125rem;\">Vitamine C<\/span><span class=\"s2\" style=\"font-family: var(--body-font-family),sans-serif; font-size: 1.125rem;\">, acides de fruits naturels <\/span><\/p><\/li><li><p class=\"p1\"><span style=\"font-family: var(--body-font-family),sans-serif; font-size: 1.125rem;\">Min\u00e9raux : zinc, fer, cuivre<\/span><\/p><\/li><\/ul><p>\u00a0<\/p><\/div>\n\t\t\t\t\t\t\t\t\t<div class=\"elementor-tab-title elementor-tab-mobile-title\" aria-selected=\"false\" data-tab=\"7\" role=\"tab\" tabindex=\"-1\" aria-controls=\"elementor-tab-content-1227\" aria-expanded=\"false\">CONTRAINDICATIONS<\/div>\n\t\t\t\t\t<div id=\"elementor-tab-content-1227\" class=\"elementor-tab-content elementor-clearfix\" data-tab=\"7\" role=\"tabpanel\" aria-labelledby=\"elementor-tab-title-1227\" tabindex=\"0\" hidden=\"hidden\"><h2><span class=\"s1\">Contraindications<\/span><\/h2><p class=\"p3\"><span class=\"s2\">Convient \u00e0 la plupart des profils, mais d\u00e9conseill\u00e9e en cas d\u2019hypertension basse ou de traitement hypotenseur. En utilisation cosm\u00e9tique, faire un test cutan\u00e9 pr\u00e9alable pour \u00e9viter les r\u00e9actions sur peau sensible.<\/span><\/p><\/div>\n\t\t\t\t\t\t\t\t\t<div class=\"elementor-tab-title elementor-tab-mobile-title\" aria-selected=\"false\" data-tab=\"8\" role=\"tab\" tabindex=\"-1\" aria-controls=\"elementor-tab-content-1228\" aria-expanded=\"false\">CONSERVATION<\/div>\n\t\t\t\t\t<div id=\"elementor-tab-content-1228\" class=\"elementor-tab-content elementor-clearfix\" data-tab=\"8\" role=\"tabpanel\" aria-labelledby=\"elementor-tab-title-1228\" tabindex=\"0\" hidden=\"hidden\"><h2><span class=\"s1\">Conservation<\/span><\/h2><p class=\"p3\"><span class=\"s2\">Conserver \u00e0 l\u2019abri de la chaleur, de la lumi\u00e8re et de l\u2019humidit\u00e9. Bien refermer apr\u00e8s chaque usage pour conserver la teinte et l\u2019ar\u00f4me naturels.<\/span><\/p><\/div>\n\t\t\t\t\t\t\t\t\t<div class=\"elementor-tab-title elementor-tab-mobile-title\" aria-selected=\"false\" data-tab=\"9\" role=\"tab\" tabindex=\"-1\" aria-controls=\"elementor-tab-content-1229\" aria-expanded=\"false\">VIDEO DEMO<\/div>\n\t\t\t\t\t<div id=\"elementor-tab-content-1229\" class=\"elementor-tab-content elementor-clearfix\" data-tab=\"9\" role=\"tabpanel\" aria-labelledby=\"elementor-tab-title-1229\" tabindex=\"0\" hidden=\"hidden\"><p>Contenu de l\u2019onglet<\/p><\/div>\n\t\t\t\t\t\t\t<\/div>\n\t\t<\/div>\n\t\t\t\t\t\t<\/div>\n\t\t\t\t\t<\/div>\n\t\t<\/div>\n\t\t\t\t\t<\/div>\n\t\t<\/section>\n\t\t\t\t<\/div>","protected":false},"excerpt":{"rendered":"<p>BOTANICAL NAME : <strong>Hibiscus Sabdariffa<\/strong><\/p>\n<h3><span class=\"s1\">Points forts<\/span><\/h3>\n<ul>\n<li>\n<p class=\"p1\"><span class=\"s1\">Tonifie naturellement<\/span><\/p>\n<\/li>\n<li>\n<p class=\"p1\"><span class=\"s1\">Cheveux \u00e9clatants<\/span><\/p>\n<\/li>\n<li>\n<p class=\"p1\"><span class=\"s1\">Drainage doux<\/span><\/p>\n<\/li>\n<li>\n<p class=\"p1\"><span class=\"s1\">Antioxydant riche<\/span><\/p>\n<\/li>\n<li>\n<p class=\"p1\"><span class=\"s1\">Infusions acidul\u00e9es<\/span><\/p>\n<\/li>\n<\/ul>\n<p>&nbsp;<\/p>","protected":false},"featured_media":592,"comment_status":"open","ping_status":"closed","template":"","meta":{"_acf_changed":false},"product_cat":[53],"product_tag":[],"class_list":{"0":"post-589","1":"product","2":"type-product","3":"status-publish","4":"has-post-thumbnail","6":"product_cat-poudres","8":"first","9":"instock","10":"shipping-taxable","11":"purchasable","12":"product-type-simple","swatches":"rey-swatches","show_selected":""},"acf":[],"yoast_head":"<!-- This site is optimized with the Yoast SEO plugin v26.6 - https:\/\/yoast.com\/wordpress\/plugins\/seo\/ -->\n<title>Poudre d&#039;Hibiscus - Afrika Bio<\/title>\n<meta name=\"description\" content=\"Poudre d\u2019hibiscus bio AFRIKA\u202fBIO\u202f: riche en antioxydants et vitamine C, tonifie la peau, fortifie les cheveux et savoureuse en infusion.\" \/>\n<meta name=\"robots\" content=\"index, follow, max-snippet:-1, max-image-preview:large, max-video-preview:-1\" \/>\n<link rel=\"canonical\" href=\"https:\/\/www.afrikabio.com\/en\/product\/poudre-d-hibiscus\/\" \/>\n<meta property=\"og:locale\" content=\"en_GB\" \/>\n<meta property=\"og:type\" content=\"article\" \/>\n<meta property=\"og:title\" content=\"Poudre d\u2019hibiscus bio: Puret\u00e9 et Nature au Naturel\" \/>\n<meta property=\"og:description\" content=\"D\u00e9couvrez la Poudre d\u2019hibiscus bio, pure et naturelle, sans pesticides. Profitez de ses bienfaits d\u00e8s aujourd&#039;hui ! \ud83c\udf3f\" \/>\n<meta property=\"og:url\" content=\"https:\/\/www.afrikabio.com\/en\/product\/poudre-d-hibiscus\/\" \/>\n<meta property=\"og:site_name\" content=\"Afrika Bio\" \/>\n<meta property=\"article:publisher\" content=\"https:\/\/www.facebook.com\/profile.php?id=100090304284824\" \/>\n<meta property=\"article:modified_time\" content=\"2025-10-27T09:53:45+00:00\" \/>\n<meta property=\"og:image\" content=\"https:\/\/www.afrikabio.com\/wp-content\/uploads\/2024\/06\/Poudre-dhibiscus.-.jpg\" \/>\n\t<meta property=\"og:image:width\" content=\"900\" \/>\n\t<meta property=\"og:image:height\" content=\"900\" \/>\n\t<meta property=\"og:image:type\" content=\"image\/jpeg\" \/>\n<meta name=\"twitter:card\" content=\"summary_large_image\" \/>\n<meta name=\"twitter:label1\" content=\"Estimated reading time\" \/>\n\t<meta name=\"twitter:data1\" content=\"2 minutes\" \/>\n<script type=\"application\/ld+json\" class=\"yoast-schema-graph\">{\"@context\":\"https:\/\/schema.org\",\"@graph\":[{\"@type\":\"WebPage\",\"@id\":\"https:\/\/www.afrikabio.com\/produit\/poudre-d-hibiscus\/\",\"url\":\"https:\/\/www.afrikabio.com\/produit\/poudre-d-hibiscus\/\",\"name\":\"Poudre d'Hibiscus - Afrika Bio\",\"isPartOf\":{\"@id\":\"https:\/\/www.afrikabio.com\/#website\"},\"primaryImageOfPage\":{\"@id\":\"https:\/\/www.afrikabio.com\/produit\/poudre-d-hibiscus\/#primaryimage\"},\"image\":{\"@id\":\"https:\/\/www.afrikabio.com\/produit\/poudre-d-hibiscus\/#primaryimage\"},\"thumbnailUrl\":\"https:\/\/www.afrikabio.com\/wp-content\/uploads\/2024\/06\/Poudre-dhibiscus.-.jpg\",\"datePublished\":\"2024-06-15T05:43:49+00:00\",\"dateModified\":\"2025-10-27T09:53:45+00:00\",\"description\":\"Poudre d\u2019hibiscus bio AFRIKA\u202fBIO\u202f: riche en antioxydants et vitamine C, tonifie la peau, fortifie les cheveux et savoureuse en infusion.\",\"breadcrumb\":{\"@id\":\"https:\/\/www.afrikabio.com\/produit\/poudre-d-hibiscus\/#breadcrumb\"},\"inLanguage\":\"en-GB\",\"potentialAction\":[{\"@type\":\"ReadAction\",\"target\":[\"https:\/\/www.afrikabio.com\/produit\/poudre-d-hibiscus\/\"]}]},{\"@type\":\"ImageObject\",\"inLanguage\":\"en-GB\",\"@id\":\"https:\/\/www.afrikabio.com\/produit\/poudre-d-hibiscus\/#primaryimage\",\"url\":\"https:\/\/www.afrikabio.com\/wp-content\/uploads\/2024\/06\/Poudre-dhibiscus.-.jpg\",\"contentUrl\":\"https:\/\/www.afrikabio.com\/wp-content\/uploads\/2024\/06\/Poudre-dhibiscus.-.jpg\",\"width\":900,\"height\":900},{\"@type\":\"BreadcrumbList\",\"@id\":\"https:\/\/www.afrikabio.com\/produit\/poudre-d-hibiscus\/#breadcrumb\",\"itemListElement\":[{\"@type\":\"ListItem\",\"position\":1,\"name\":\"Accueil\",\"item\":\"https:\/\/www.afrikabio.com\/\"},{\"@type\":\"ListItem\",\"position\":2,\"name\":\"Produits\",\"item\":\"https:\/\/www.afrikabio.com\/shop\/\"},{\"@type\":\"ListItem\",\"position\":3,\"name\":\"Poudre d&rsquo;Hibiscus\"}]},{\"@type\":\"WebSite\",\"@id\":\"https:\/\/www.afrikabio.com\/#website\",\"url\":\"https:\/\/www.afrikabio.com\/\",\"name\":\"Afrika Bio\",\"description\":\"Power of Nature\",\"publisher\":{\"@id\":\"https:\/\/www.afrikabio.com\/#organization\"},\"potentialAction\":[{\"@type\":\"SearchAction\",\"target\":{\"@type\":\"EntryPoint\",\"urlTemplate\":\"https:\/\/www.afrikabio.com\/?s={search_term_string}\"},\"query-input\":{\"@type\":\"PropertyValueSpecification\",\"valueRequired\":true,\"valueName\":\"search_term_string\"}}],\"inLanguage\":\"en-GB\"},{\"@type\":\"Organization\",\"@id\":\"https:\/\/www.afrikabio.com\/#organization\",\"name\":\"AfrikaBio\",\"url\":\"https:\/\/www.afrikabio.com\/\",\"logo\":{\"@type\":\"ImageObject\",\"inLanguage\":\"en-GB\",\"@id\":\"https:\/\/www.afrikabio.com\/#\/schema\/logo\/image\/\",\"url\":\"https:\/\/www.afrikabio.com\/wp-content\/uploads\/2024\/06\/cropped-cropped-logo-1.png\",\"contentUrl\":\"https:\/\/www.afrikabio.com\/wp-content\/uploads\/2024\/06\/cropped-cropped-logo-1.png\",\"width\":1420,\"height\":483,\"caption\":\"AfrikaBio\"},\"image\":{\"@id\":\"https:\/\/www.afrikabio.com\/#\/schema\/logo\/image\/\"},\"sameAs\":[\"https:\/\/www.facebook.com\/profile.php?id=100090304284824\"]}]}<\/script>\n<!-- \/ Yoast SEO plugin. -->","yoast_head_json":{"title":"Poudre d'Hibiscus - Afrika Bio","description":"Poudre d\u2019hibiscus bio AFRIKA\u202fBIO\u202f: riche en antioxydants et vitamine C, tonifie la peau, fortifie les cheveux et savoureuse en infusion.","robots":{"index":"index","follow":"follow","max-snippet":"max-snippet:-1","max-image-preview":"max-image-preview:large","max-video-preview":"max-video-preview:-1"},"canonical":"https:\/\/www.afrikabio.com\/en\/product\/poudre-d-hibiscus\/","og_locale":"en_GB","og_type":"article","og_title":"Poudre d\u2019hibiscus bio: Puret\u00e9 et Nature au Naturel","og_description":"D\u00e9couvrez la Poudre d\u2019hibiscus bio, pure et naturelle, sans pesticides. Profitez de ses bienfaits d\u00e8s aujourd'hui ! \ud83c\udf3f","og_url":"https:\/\/www.afrikabio.com\/en\/product\/poudre-d-hibiscus\/","og_site_name":"Afrika Bio","article_publisher":"https:\/\/www.facebook.com\/profile.php?id=100090304284824","article_modified_time":"2025-10-27T09:53:45+00:00","og_image":[{"width":900,"height":900,"url":"https:\/\/www.afrikabio.com\/wp-content\/uploads\/2024\/06\/Poudre-dhibiscus.-.jpg","type":"image\/jpeg"}],"twitter_card":"summary_large_image","twitter_misc":{"Estimated reading time":"2 minutes"},"schema":{"@context":"https:\/\/schema.org","@graph":[{"@type":"WebPage","@id":"https:\/\/www.afrikabio.com\/produit\/poudre-d-hibiscus\/","url":"https:\/\/www.afrikabio.com\/produit\/poudre-d-hibiscus\/","name":"Poudre d'Hibiscus - Afrika Bio","isPartOf":{"@id":"https:\/\/www.afrikabio.com\/#website"},"primaryImageOfPage":{"@id":"https:\/\/www.afrikabio.com\/produit\/poudre-d-hibiscus\/#primaryimage"},"image":{"@id":"https:\/\/www.afrikabio.com\/produit\/poudre-d-hibiscus\/#primaryimage"},"thumbnailUrl":"https:\/\/www.afrikabio.com\/wp-content\/uploads\/2024\/06\/Poudre-dhibiscus.-.jpg","datePublished":"2024-06-15T05:43:49+00:00","dateModified":"2025-10-27T09:53:45+00:00","description":"Poudre d\u2019hibiscus bio AFRIKA\u202fBIO\u202f: riche en antioxydants et vitamine C, tonifie la peau, fortifie les cheveux et savoureuse en infusion.","breadcrumb":{"@id":"https:\/\/www.afrikabio.com\/produit\/poudre-d-hibiscus\/#breadcrumb"},"inLanguage":"en-GB","potentialAction":[{"@type":"ReadAction","target":["https:\/\/www.afrikabio.com\/produit\/poudre-d-hibiscus\/"]}]},{"@type":"ImageObject","inLanguage":"en-GB","@id":"https:\/\/www.afrikabio.com\/produit\/poudre-d-hibiscus\/#primaryimage","url":"https:\/\/www.afrikabio.com\/wp-content\/uploads\/2024\/06\/Poudre-dhibiscus.-.jpg","contentUrl":"https:\/\/www.afrikabio.com\/wp-content\/uploads\/2024\/06\/Poudre-dhibiscus.-.jpg","width":900,"height":900},{"@type":"BreadcrumbList","@id":"https:\/\/www.afrikabio.com\/produit\/poudre-d-hibiscus\/#breadcrumb","itemListElement":[{"@type":"ListItem","position":1,"name":"Accueil","item":"https:\/\/www.afrikabio.com\/"},{"@type":"ListItem","position":2,"name":"Produits","item":"https:\/\/www.afrikabio.com\/shop\/"},{"@type":"ListItem","position":3,"name":"Poudre d&rsquo;Hibiscus"}]},{"@type":"WebSite","@id":"https:\/\/www.afrikabio.com\/#website","url":"https:\/\/www.afrikabio.com\/","name":"Afrika Bio","description":"Power of Nature","publisher":{"@id":"https:\/\/www.afrikabio.com\/#organization"},"potentialAction":[{"@type":"SearchAction","target":{"@type":"EntryPoint","urlTemplate":"https:\/\/www.afrikabio.com\/?s={search_term_string}"},"query-input":{"@type":"PropertyValueSpecification","valueRequired":true,"valueName":"search_term_string"}}],"inLanguage":"en-GB"},{"@type":"Organization","@id":"https:\/\/www.afrikabio.com\/#organization","name":"AfrikaBio","url":"https:\/\/www.afrikabio.com\/","logo":{"@type":"ImageObject","inLanguage":"en-GB","@id":"https:\/\/www.afrikabio.com\/#\/schema\/logo\/image\/","url":"https:\/\/www.afrikabio.com\/wp-content\/uploads\/2024\/06\/cropped-cropped-logo-1.png","contentUrl":"https:\/\/www.afrikabio.com\/wp-content\/uploads\/2024\/06\/cropped-cropped-logo-1.png","width":1420,"height":483,"caption":"AfrikaBio"},"image":{"@id":"https:\/\/www.afrikabio.com\/#\/schema\/logo\/image\/"},"sameAs":["https:\/\/www.facebook.com\/profile.php?id=100090304284824"]}]}},"_links":{"self":[{"href":"https:\/\/www.afrikabio.com\/en\/wp-json\/wp\/v2\/product\/589","targetHints":{"allow":["GET"]}}],"collection":[{"href":"https:\/\/www.afrikabio.com\/en\/wp-json\/wp\/v2\/product"}],"about":[{"href":"https:\/\/www.afrikabio.com\/en\/wp-json\/wp\/v2\/types\/product"}],"replies":[{"embeddable":true,"href":"https:\/\/www.afrikabio.com\/en\/wp-json\/wp\/v2\/comments?post=589"}],"version-history":[{"count":1,"href":"https:\/\/www.afrikabio.com\/en\/wp-json\/wp\/v2\/product\/589\/revisions"}],"predecessor-version":[{"id":4123,"href":"https:\/\/www.afrikabio.com\/en\/wp-json\/wp\/v2\/product\/589\/revisions\/4123"}],"wp:featuredmedia":[{"embeddable":true,"href":"https:\/\/www.afrikabio.com\/en\/wp-json\/wp\/v2\/media\/592"}],"wp:attachment":[{"href":"https:\/\/www.afrikabio.com\/en\/wp-json\/wp\/v2\/media?parent=589"}],"wp:term":[{"taxonomy":"product_cat","embeddable":true,"href":"https:\/\/www.afrikabio.com\/en\/wp-json\/wp\/v2\/product_cat?post=589"},{"taxonomy":"product_tag","embeddable":true,"href":"https:\/\/www.afrikabio.com\/en\/wp-json\/wp\/v2\/product_tag?post=589"}],"curies":[{"name":"wp","href":"https:\/\/api.w.org\/{rel}","templated":true}]}}