{"id":563,"date":"2024-06-15T05:21:35","date_gmt":"2024-06-15T03:21:35","guid":{"rendered":"https:\/\/www.afrikabio.com\/?post_type=product&#038;p=563"},"modified":"2025-11-16T12:34:37","modified_gmt":"2025-11-16T11:34:37","slug":"huile-de-souchet","status":"publish","type":"product","link":"https:\/\/www.afrikabio.com\/en\/product\/huile-de-souchet\/","title":{"rendered":"Yellow nutsedge oil"},"content":{"rendered":"<div data-elementor-type=\"wp-post\" data-elementor-id=\"563\" class=\"elementor elementor-563\" data-elementor-post-type=\"product\">\n\t\t\t\t\t\t<section class=\"elementor-section elementor-top-section elementor-element elementor-element-55b96385 rey-section-stretched elementor-section-boxed elementor-section-height-default elementor-section-height-default\" data-id=\"55b96385\" data-element_type=\"section\" data-e-type=\"section\">\n\t\t\t\t\t\t<div class=\"elementor-container elementor-column-gap-default\">\n\t\t\t\t\t<div class=\"elementor-column elementor-col-100 elementor-top-column elementor-element elementor-element-57e4c7ba\" data-id=\"57e4c7ba\" data-element_type=\"column\" data-e-type=\"column\">\n\t\t\t<div class=\"elementor-column-wrap--57e4c7ba elementor-widget-wrap elementor-element-populated\">\n\t\t\t\t\t\t<div class=\"elementor-element elementor-element-7e07465 elementor-tabs-view-horizontal elementor-widget elementor-widget-tabs\" data-id=\"7e07465\" data-element_type=\"widget\" data-e-type=\"widget\" data-widget_type=\"tabs.default\">\n\t\t\t\t\t\t\t<div class=\"elementor-tabs\">\n\t\t\t<div class=\"elementor-tabs-wrapper\" role=\"tablist\" >\n\t\t\t\t\t\t\t\t\t<div id=\"elementor-tab-title-1321\" class=\"elementor-tab-title elementor-tab-desktop-title\" aria-selected=\"true\" data-tab=\"1\" role=\"tab\" tabindex=\"0\" aria-controls=\"elementor-tab-content-1321\" aria-expanded=\"false\">CHARACTERISTICS<\/div>\n\t\t\t\t\t\t\t\t\t<div id=\"elementor-tab-title-1322\" class=\"elementor-tab-title elementor-tab-desktop-title\" aria-selected=\"false\" data-tab=\"2\" role=\"tab\" tabindex=\"-1\" aria-controls=\"elementor-tab-content-1322\" aria-expanded=\"false\">BENEFITS<\/div>\n\t\t\t\t\t\t\t\t\t<div id=\"elementor-tab-title-1323\" class=\"elementor-tab-title elementor-tab-desktop-title\" aria-selected=\"false\" data-tab=\"3\" role=\"tab\" tabindex=\"-1\" aria-controls=\"elementor-tab-content-1323\" aria-expanded=\"false\">USE<\/div>\n\t\t\t\t\t\t\t\t\t<div id=\"elementor-tab-title-1324\" class=\"elementor-tab-title elementor-tab-desktop-title\" aria-selected=\"false\" data-tab=\"4\" role=\"tab\" tabindex=\"-1\" aria-controls=\"elementor-tab-content-1324\" aria-expanded=\"false\">PACKAGING<\/div>\n\t\t\t\t\t\t\t\t\t<div id=\"elementor-tab-title-1325\" class=\"elementor-tab-title elementor-tab-desktop-title\" aria-selected=\"false\" data-tab=\"5\" role=\"tab\" tabindex=\"-1\" aria-controls=\"elementor-tab-content-1325\" aria-expanded=\"false\">HISTORY<\/div>\n\t\t\t\t\t\t\t\t\t<div id=\"elementor-tab-title-1326\" class=\"elementor-tab-title elementor-tab-desktop-title\" aria-selected=\"false\" data-tab=\"6\" role=\"tab\" tabindex=\"-1\" aria-controls=\"elementor-tab-content-1326\" aria-expanded=\"false\">COMPOSITION<\/div>\n\t\t\t\t\t\t\t\t\t<div id=\"elementor-tab-title-1327\" class=\"elementor-tab-title elementor-tab-desktop-title\" aria-selected=\"false\" data-tab=\"7\" role=\"tab\" tabindex=\"-1\" aria-controls=\"elementor-tab-content-1327\" aria-expanded=\"false\">CONTRAINDICATIONS<\/div>\n\t\t\t\t\t\t\t\t\t<div id=\"elementor-tab-title-1328\" class=\"elementor-tab-title elementor-tab-desktop-title\" aria-selected=\"false\" data-tab=\"8\" role=\"tab\" tabindex=\"-1\" aria-controls=\"elementor-tab-content-1328\" aria-expanded=\"false\">CONSERVATION<\/div>\n\t\t\t\t\t\t\t\t\t<div id=\"elementor-tab-title-1329\" class=\"elementor-tab-title elementor-tab-desktop-title\" aria-selected=\"false\" data-tab=\"9\" role=\"tab\" tabindex=\"-1\" aria-controls=\"elementor-tab-content-1329\" aria-expanded=\"false\">VIDEO DEMO<\/div>\n\t\t\t\t\t\t\t<\/div>\n\t\t\t<div class=\"elementor-tabs-content-wrapper\" role=\"tablist\" aria-orientation=\"vertical\">\n\t\t\t\t\t\t\t\t\t<div class=\"elementor-tab-title elementor-tab-mobile-title\" aria-selected=\"true\" data-tab=\"1\" role=\"tab\" tabindex=\"0\" aria-controls=\"elementor-tab-content-1321\" aria-expanded=\"false\">CHARACTERISTICS<\/div>\n\t\t\t\t\t<div id=\"elementor-tab-content-1321\" class=\"elementor-tab-content elementor-clearfix\" data-tab=\"1\" role=\"tabpanel\" aria-labelledby=\"elementor-tab-title-1321\" tabindex=\"0\" hidden=\"false\"><p>L\u2019huile de SOUCHET AFRIKA BIO est obtenue par premi\u00e8re pression \u00e0 froid des tubercules. Elle est pure et sans additifs. Son go\u00fbt se rapproche de celui de la noisette et sa couleur et jaune.<\/p><p>&nbsp;Indice de com\u00e9dog\u00e9nicit\u00e9 : 1 (=peu com\u00e9dog\u00e8ne)<\/p><\/div>\n\t\t\t\t\t\t\t\t\t<div class=\"elementor-tab-title elementor-tab-mobile-title\" aria-selected=\"false\" data-tab=\"2\" role=\"tab\" tabindex=\"-1\" aria-controls=\"elementor-tab-content-1322\" aria-expanded=\"false\">BENEFITS<\/div>\n\t\t\t\t\t<div id=\"elementor-tab-content-1322\" class=\"elementor-tab-content elementor-clearfix\" data-tab=\"2\" role=\"tabpanel\" aria-labelledby=\"elementor-tab-title-1322\" tabindex=\"0\" hidden=\"hidden\"><p><strong><u>Anti-repousse du poil<\/u> : des utilisations r\u00e9p\u00e9t\u00e9es de l&rsquo;huile de Souchet ont prouv\u00e9 un ralentissement de la pousse des poils voire un arr\u00eat coupl\u00e9 \u00e0 l&rsquo;apparition de poils plus fins. L&rsquo;huile de Souchet peut donc s&rsquo;utiliser sur les jambes, les aisselles, la zone intime ou m\u00eame sur des sourcils trop fournis.<\/strong><\/p>\n<p><strong><u>Apaisante et Assouplissante<\/u> : les acides gras conf\u00e8rent \u00e0 l\u2019huile v\u00e9g\u00e9tale de Souchet des propri\u00e9t\u00e9s \u00e9mollientes pour donner de l\u2019\u00e9lasticit\u00e9 \u00e0 la peau et fortifier la pilosit\u00e9 fragilis\u00e9e. Cet ajout permet aussi aux poils de les affiner. D\u2019autre part, les acides gras et les phytost\u00e9rols que l\u2019huile de Souchet contient soulage les d\u00e9mangeaisons.&nbsp;<\/strong><\/p>\n<p><strong><u>Hydratante<\/u> : gr\u00e2ce \u00e0 sa riche composition en acides gras, l&rsquo;huile de Souchet poss\u00e8de des propri\u00e9t\u00e9s nourrissantes et apaisantes pour les peaux ou les cheveux sensibilis\u00e9s et ass\u00e9ch\u00e9s.<\/strong><\/p>\n<p><strong><u>Antioxydante<\/u> : sa riche composition en vitamine E et en acides gras essentiels conf\u00e8rent \u00e0 l&rsquo;huile de Souchet des propri\u00e9t\u00e9s antioxydantes. Elle permet de ralentir le vieillissement cutan\u00e9 tout en apportant souplesse et \u00e9lasticit\u00e9 \u00e0 la peau.<\/strong><\/p>\n<p><strong><u>Anti-inflammatoire<\/u> : Elle calme les rougeurs, les d\u00e9mangeaisons et les inflammations cutan\u00e9es, aidant \u00e0 apaiser et \u00e0 r\u00e9\u00e9quilibrer votre peau. <\/strong><\/p>\n<p><strong><u>R\u00e9g\u00e9n\u00e9ration cellulaire<\/u> : Gr\u00e2ce \u00e0 ses propri\u00e9t\u00e9s r\u00e9g\u00e9n\u00e9rantes, l&rsquo;huile v\u00e9g\u00e9tale de souchet favorise la r\u00e9g\u00e9n\u00e9ration cellulaire, aidant ainsi \u00e0 r\u00e9parer les dommages cutan\u00e9s et \u00e0 stimuler le renouvellement cellulaire. Elle peut att\u00e9nuer l&rsquo;apparence des rides, des ridules et des cicatrices, laissant votre peau plus lisse et plus jeune. <\/strong><\/p>\n<p><strong>R\u00e9pare les cheveux secs et cassants<\/strong><\/p>\n<p><strong>Redonne l\u2019\u00e9clat au cheveux<\/strong><\/p><\/div>\n\t\t\t\t\t\t\t\t\t<div class=\"elementor-tab-title elementor-tab-mobile-title\" aria-selected=\"false\" data-tab=\"3\" role=\"tab\" tabindex=\"-1\" aria-controls=\"elementor-tab-content-1323\" aria-expanded=\"false\">USE<\/div>\n\t\t\t\t\t<div id=\"elementor-tab-content-1323\" class=\"elementor-tab-content elementor-clearfix\" data-tab=\"3\" role=\"tabpanel\" aria-labelledby=\"elementor-tab-title-1323\" tabindex=\"0\" hidden=\"hidden\"><p><span style=\"text-decoration: underline;\"><strong>Le visage<\/strong><\/span> Le visage Appliquez quelques gouttes d\u2019Huile de souchet sur la peau, sur les zones concern\u00e9es et massez.<\/p>\n<p><span style=\"text-decoration: underline;\"><strong>Le corps<\/strong><\/span> Utiliser pure sur la peau, en faisant bien p\u00e9n\u00e9trer l&rsquo;huile par mouvements circulaires. Ses propri\u00e9t\u00e9s en font une huile id\u00e9ale \u00e0 utiliser apr\u00e8s le rasage ou l&rsquo;\u00e9pilation.<\/p>\n<p><strong><span style=\"text-decoration: underline;\">Les cheveux<\/span><\/strong> L&rsquo;huile peut \u00e9galement s&rsquo;utiliser sur les cheveux en tant qu&rsquo;ingr\u00e9dient de soin capillaire pour nourrir, lisser et adoucir les cheveux.<\/p>\n<p><span style=\"text-decoration: underline;\"><strong>Alimentaire <\/strong><\/span>par voie orale, crue ou cuite, consommer 2 cuill\u00e8res \u00e0 soupe d&rsquo;huile v\u00e9g\u00e9tale de Moringa sur la journ\u00e9e satisferont les besoins en om\u00e9ga-9 et om\u00e9ga-6.<\/p><\/div>\n\t\t\t\t\t\t\t\t\t<div class=\"elementor-tab-title elementor-tab-mobile-title\" aria-selected=\"false\" data-tab=\"4\" role=\"tab\" tabindex=\"-1\" aria-controls=\"elementor-tab-content-1324\" aria-expanded=\"false\">PACKAGING<\/div>\n\t\t\t\t\t<div id=\"elementor-tab-content-1324\" class=\"elementor-tab-content elementor-clearfix\" data-tab=\"4\" role=\"tabpanel\" aria-labelledby=\"elementor-tab-title-1324\" tabindex=\"0\" hidden=\"hidden\"><p>Le choix du bambou et du verre pour les emballages de bouteilles pr\u00e9sente des avantages \u00e9cologiques significatifs, tant sur le plan de la recyclabilit\u00e9 que de la r\u00e9duction des d\u00e9chets plastiques. Ils r\u00e9pondent \u00e0 la demande croissante pour des solutions d\u2019emballage plus respectueuses de l\u2019environnement, tout en offrant une esth\u00e9tique attrayante et un positionnement premium.<\/p><div>1. Avantages du verre :<\/div><div>\u2022Recyclabilit\u00e9 : Le verre est 100 % recyclable sans perte de qualit\u00e9. Cela en fait un choix durable par rapport au plastique, qui se d\u00e9grade au fil des cycles de recyclage.<\/div><div><div>2. Avantages du bambou :<\/div><div>\u2022<b>Mat\u00e9riau renouvelable<\/b>\u00a0: Le bambou pousse tr\u00e8s rapidement (jusqu\u2019\u00e0 1 m\u00e8tre par jour pour certaines esp\u00e8ces), ce qui en fait une ressource renouvelable et durable.<\/div><div><b>\u2022Biodegradabilit\u00e9\u00a0<\/b>: Contrairement au plastique, le bambou est biod\u00e9gradable, ce qui r\u00e9duit l\u2019impact environnemental en fin de vie du produit.<\/div><\/div><\/div>\n\t\t\t\t\t\t\t\t\t<div class=\"elementor-tab-title elementor-tab-mobile-title\" aria-selected=\"false\" data-tab=\"5\" role=\"tab\" tabindex=\"-1\" aria-controls=\"elementor-tab-content-1325\" aria-expanded=\"false\">HISTORY<\/div>\n\t\t\t\t\t<div id=\"elementor-tab-content-1325\" class=\"elementor-tab-content elementor-clearfix\" data-tab=\"5\" role=\"tabpanel\" aria-labelledby=\"elementor-tab-title-1325\" tabindex=\"0\" hidden=\"hidden\"><p><strong>Le SOUCHET<\/strong> est une plante vivace de la famille des Cyp\u00e9rac\u00e9es. Elle pousse naturellement au bord de l&rsquo;eau, notamment en Afrique de l&rsquo;ouest. Le Souchet est \u00e9galement consomm\u00e9 frais ou sec en tant que friandise.<br \/>L&rsquo;huile de SOUCHET est extraite des tubercules de la plante du m\u00eame nom.<\/p><\/div>\n\t\t\t\t\t\t\t\t\t<div class=\"elementor-tab-title elementor-tab-mobile-title\" aria-selected=\"false\" data-tab=\"6\" role=\"tab\" tabindex=\"-1\" aria-controls=\"elementor-tab-content-1326\" aria-expanded=\"false\">COMPOSITION<\/div>\n\t\t\t\t\t<div id=\"elementor-tab-content-1326\" class=\"elementor-tab-content elementor-clearfix\" data-tab=\"6\" role=\"tabpanel\" aria-labelledby=\"elementor-tab-title-1326\" tabindex=\"0\" hidden=\"hidden\"><p>Riche en acides gras de type om\u00e9ga 6 et 9.<\/p><\/div>\n\t\t\t\t\t\t\t\t\t<div class=\"elementor-tab-title elementor-tab-mobile-title\" aria-selected=\"false\" data-tab=\"7\" role=\"tab\" tabindex=\"-1\" aria-controls=\"elementor-tab-content-1327\" aria-expanded=\"false\">CONTRAINDICATIONS<\/div>\n\t\t\t\t\t<div id=\"elementor-tab-content-1327\" class=\"elementor-tab-content elementor-clearfix\" data-tab=\"7\" role=\"tabpanel\" aria-labelledby=\"elementor-tab-title-1327\" tabindex=\"0\" hidden=\"hidden\"><p>Il est recommand\u00e9 de faire un test pr\u00e9alable \u00e0 l\u2019int\u00e9rieur du pli du coude pour s\u2019assurer de l\u2019absence de r\u00e9action cutan\u00e9e.<\/p><\/div>\n\t\t\t\t\t\t\t\t\t<div class=\"elementor-tab-title elementor-tab-mobile-title\" aria-selected=\"false\" data-tab=\"8\" role=\"tab\" tabindex=\"-1\" aria-controls=\"elementor-tab-content-1328\" aria-expanded=\"false\">CONSERVATION<\/div>\n\t\t\t\t\t<div id=\"elementor-tab-content-1328\" class=\"elementor-tab-content elementor-clearfix\" data-tab=\"8\" role=\"tabpanel\" aria-labelledby=\"elementor-tab-title-1328\" tabindex=\"0\" hidden=\"hidden\"><p><strong>Conditions de conservation<\/strong> : Conserver \u00e0 l&rsquo;abris de la lumi\u00e8re, de la chaleur et de l\u2019humidit\u00e9.<\/p><p>Sachez que l\u2019huile de S se solidifie \u00e0 une temp\u00e9rature inf\u00e9rieure \u00e0 25\u00b0C. Cela n\u2019alt\u00e8re en rien sa qualit\u00e9. Pour l\u2019utiliser, passez le flacon sous l\u2019eau chaude.<\/p><\/div>\n\t\t\t\t\t\t\t\t\t<div class=\"elementor-tab-title elementor-tab-mobile-title\" aria-selected=\"false\" data-tab=\"9\" role=\"tab\" tabindex=\"-1\" aria-controls=\"elementor-tab-content-1329\" aria-expanded=\"false\">VIDEO DEMO<\/div>\n\t\t\t\t\t<div id=\"elementor-tab-content-1329\" class=\"elementor-tab-content elementor-clearfix\" data-tab=\"9\" role=\"tabpanel\" aria-labelledby=\"elementor-tab-title-1329\" tabindex=\"0\" hidden=\"hidden\"><\/div>\n\t\t\t\t\t\t\t<\/div>\n\t\t<\/div>\n\t\t\t\t\t\t<\/div>\n\t\t\t\t\t<\/div>\n\t\t<\/div>\n\t\t\t\t\t<\/div>\n\t\t<\/section>\n\t\t\t\t<\/div>","protected":false},"excerpt":{"rendered":"<p>BOTANICAL NAME : <strong>Carapa procera<br \/>\nOrigine Mali.<\/strong><\/p>\n<ul>\n<li>Face, body, hair<\/li>\n<li>40ml<\/li>\n<li>100% pure et naturelle<\/li>\n<li>Cold pressure<\/li>\n<li>Qualit\u00e9 premium<\/li>\n<\/ul>","protected":false},"featured_media":431,"comment_status":"open","ping_status":"closed","template":"","meta":{"_acf_changed":false},"product_cat":[52,71],"product_tag":[60],"class_list":{"0":"post-563","1":"product","2":"type-product","3":"status-publish","4":"has-post-thumbnail","6":"product_cat-huiles","7":"product_cat-soin-visage-2","8":"product_tag-soin-visage","10":"first","11":"instock","12":"shipping-taxable","13":"purchasable","14":"product-type-simple","swatches":"rey-swatches","show_selected":""},"acf":[],"yoast_head":"<!-- This site is optimized with the Yoast SEO plugin v26.6 - https:\/\/yoast.com\/wordpress\/plugins\/seo\/ -->\n<title>Huile de Souchet - Afrika Bio<\/title>\n<meta name=\"robots\" content=\"index, follow, max-snippet:-1, max-image-preview:large, max-video-preview:-1\" \/>\n<link rel=\"canonical\" href=\"https:\/\/www.afrikabio.com\/en\/product\/huile-de-souchet\/\" \/>\n<meta property=\"og:locale\" content=\"en_GB\" \/>\n<meta property=\"og:type\" content=\"article\" \/>\n<meta property=\"og:title\" content=\"Huile de Souchet - Afrika Bio\" \/>\n<meta property=\"og:description\" content=\"NOM BOTANIQUE : Carapa procera Origine Mali.   Visage, corps, cheveux  40ml  100% pure et naturelle  Pression \u00e0 froid  Qualit\u00e9 premium\" \/>\n<meta property=\"og:url\" content=\"https:\/\/www.afrikabio.com\/en\/product\/huile-de-souchet\/\" \/>\n<meta property=\"og:site_name\" content=\"Afrika Bio\" \/>\n<meta property=\"article:publisher\" content=\"https:\/\/www.facebook.com\/profile.php?id=100090304284824\" \/>\n<meta property=\"article:modified_time\" content=\"2025-11-16T11:34:37+00:00\" \/>\n<meta property=\"og:image\" content=\"https:\/\/www.afrikabio.com\/wp-content\/uploads\/2024\/06\/huile-de-souchet.jpg\" \/>\n\t<meta property=\"og:image:width\" content=\"900\" \/>\n\t<meta property=\"og:image:height\" content=\"900\" \/>\n\t<meta property=\"og:image:type\" content=\"image\/jpeg\" \/>\n<meta name=\"twitter:card\" content=\"summary_large_image\" \/>\n<meta name=\"twitter:label1\" content=\"Estimated reading time\" \/>\n\t<meta name=\"twitter:data1\" content=\"4 minutes\" \/>\n<script type=\"application\/ld+json\" class=\"yoast-schema-graph\">{\"@context\":\"https:\/\/schema.org\",\"@graph\":[{\"@type\":\"WebPage\",\"@id\":\"https:\/\/www.afrikabio.com\/produit\/huile-de-souchet\/\",\"url\":\"https:\/\/www.afrikabio.com\/produit\/huile-de-souchet\/\",\"name\":\"Huile de Souchet - Afrika Bio\",\"isPartOf\":{\"@id\":\"https:\/\/www.afrikabio.com\/#website\"},\"primaryImageOfPage\":{\"@id\":\"https:\/\/www.afrikabio.com\/produit\/huile-de-souchet\/#primaryimage\"},\"image\":{\"@id\":\"https:\/\/www.afrikabio.com\/produit\/huile-de-souchet\/#primaryimage\"},\"thumbnailUrl\":\"https:\/\/www.afrikabio.com\/wp-content\/uploads\/2024\/06\/huile-de-souchet.jpg\",\"datePublished\":\"2024-06-15T03:21:35+00:00\",\"dateModified\":\"2025-11-16T11:34:37+00:00\",\"breadcrumb\":{\"@id\":\"https:\/\/www.afrikabio.com\/produit\/huile-de-souchet\/#breadcrumb\"},\"inLanguage\":\"en-GB\",\"potentialAction\":[{\"@type\":\"ReadAction\",\"target\":[\"https:\/\/www.afrikabio.com\/produit\/huile-de-souchet\/\"]}]},{\"@type\":\"ImageObject\",\"inLanguage\":\"en-GB\",\"@id\":\"https:\/\/www.afrikabio.com\/produit\/huile-de-souchet\/#primaryimage\",\"url\":\"https:\/\/www.afrikabio.com\/wp-content\/uploads\/2024\/06\/huile-de-souchet.jpg\",\"contentUrl\":\"https:\/\/www.afrikabio.com\/wp-content\/uploads\/2024\/06\/huile-de-souchet.jpg\",\"width\":900,\"height\":900},{\"@type\":\"BreadcrumbList\",\"@id\":\"https:\/\/www.afrikabio.com\/produit\/huile-de-souchet\/#breadcrumb\",\"itemListElement\":[{\"@type\":\"ListItem\",\"position\":1,\"name\":\"Accueil\",\"item\":\"https:\/\/www.afrikabio.com\/\"},{\"@type\":\"ListItem\",\"position\":2,\"name\":\"Produits\",\"item\":\"https:\/\/www.afrikabio.com\/shop\/\"},{\"@type\":\"ListItem\",\"position\":3,\"name\":\"Huile de Souchet\"}]},{\"@type\":\"WebSite\",\"@id\":\"https:\/\/www.afrikabio.com\/#website\",\"url\":\"https:\/\/www.afrikabio.com\/\",\"name\":\"Afrika Bio\",\"description\":\"Power of Nature\",\"publisher\":{\"@id\":\"https:\/\/www.afrikabio.com\/#organization\"},\"potentialAction\":[{\"@type\":\"SearchAction\",\"target\":{\"@type\":\"EntryPoint\",\"urlTemplate\":\"https:\/\/www.afrikabio.com\/?s={search_term_string}\"},\"query-input\":{\"@type\":\"PropertyValueSpecification\",\"valueRequired\":true,\"valueName\":\"search_term_string\"}}],\"inLanguage\":\"en-GB\"},{\"@type\":\"Organization\",\"@id\":\"https:\/\/www.afrikabio.com\/#organization\",\"name\":\"AfrikaBio\",\"url\":\"https:\/\/www.afrikabio.com\/\",\"logo\":{\"@type\":\"ImageObject\",\"inLanguage\":\"en-GB\",\"@id\":\"https:\/\/www.afrikabio.com\/#\/schema\/logo\/image\/\",\"url\":\"https:\/\/www.afrikabio.com\/wp-content\/uploads\/2024\/06\/cropped-cropped-logo-1.png\",\"contentUrl\":\"https:\/\/www.afrikabio.com\/wp-content\/uploads\/2024\/06\/cropped-cropped-logo-1.png\",\"width\":1420,\"height\":483,\"caption\":\"AfrikaBio\"},\"image\":{\"@id\":\"https:\/\/www.afrikabio.com\/#\/schema\/logo\/image\/\"},\"sameAs\":[\"https:\/\/www.facebook.com\/profile.php?id=100090304284824\"]}]}<\/script>\n<!-- \/ Yoast SEO plugin. -->","yoast_head_json":{"title":"Huile de Souchet - Afrika Bio","robots":{"index":"index","follow":"follow","max-snippet":"max-snippet:-1","max-image-preview":"max-image-preview:large","max-video-preview":"max-video-preview:-1"},"canonical":"https:\/\/www.afrikabio.com\/en\/product\/huile-de-souchet\/","og_locale":"en_GB","og_type":"article","og_title":"Huile de Souchet - Afrika Bio","og_description":"NOM BOTANIQUE : Carapa procera Origine Mali.   Visage, corps, cheveux  40ml  100% pure et naturelle  Pression \u00e0 froid  Qualit\u00e9 premium","og_url":"https:\/\/www.afrikabio.com\/en\/product\/huile-de-souchet\/","og_site_name":"Afrika Bio","article_publisher":"https:\/\/www.facebook.com\/profile.php?id=100090304284824","article_modified_time":"2025-11-16T11:34:37+00:00","og_image":[{"width":900,"height":900,"url":"https:\/\/www.afrikabio.com\/wp-content\/uploads\/2024\/06\/huile-de-souchet.jpg","type":"image\/jpeg"}],"twitter_card":"summary_large_image","twitter_misc":{"Estimated reading time":"4 minutes"},"schema":{"@context":"https:\/\/schema.org","@graph":[{"@type":"WebPage","@id":"https:\/\/www.afrikabio.com\/produit\/huile-de-souchet\/","url":"https:\/\/www.afrikabio.com\/produit\/huile-de-souchet\/","name":"Huile de Souchet - Afrika Bio","isPartOf":{"@id":"https:\/\/www.afrikabio.com\/#website"},"primaryImageOfPage":{"@id":"https:\/\/www.afrikabio.com\/produit\/huile-de-souchet\/#primaryimage"},"image":{"@id":"https:\/\/www.afrikabio.com\/produit\/huile-de-souchet\/#primaryimage"},"thumbnailUrl":"https:\/\/www.afrikabio.com\/wp-content\/uploads\/2024\/06\/huile-de-souchet.jpg","datePublished":"2024-06-15T03:21:35+00:00","dateModified":"2025-11-16T11:34:37+00:00","breadcrumb":{"@id":"https:\/\/www.afrikabio.com\/produit\/huile-de-souchet\/#breadcrumb"},"inLanguage":"en-GB","potentialAction":[{"@type":"ReadAction","target":["https:\/\/www.afrikabio.com\/produit\/huile-de-souchet\/"]}]},{"@type":"ImageObject","inLanguage":"en-GB","@id":"https:\/\/www.afrikabio.com\/produit\/huile-de-souchet\/#primaryimage","url":"https:\/\/www.afrikabio.com\/wp-content\/uploads\/2024\/06\/huile-de-souchet.jpg","contentUrl":"https:\/\/www.afrikabio.com\/wp-content\/uploads\/2024\/06\/huile-de-souchet.jpg","width":900,"height":900},{"@type":"BreadcrumbList","@id":"https:\/\/www.afrikabio.com\/produit\/huile-de-souchet\/#breadcrumb","itemListElement":[{"@type":"ListItem","position":1,"name":"Accueil","item":"https:\/\/www.afrikabio.com\/"},{"@type":"ListItem","position":2,"name":"Produits","item":"https:\/\/www.afrikabio.com\/shop\/"},{"@type":"ListItem","position":3,"name":"Huile de Souchet"}]},{"@type":"WebSite","@id":"https:\/\/www.afrikabio.com\/#website","url":"https:\/\/www.afrikabio.com\/","name":"Afrika Bio","description":"Power of Nature","publisher":{"@id":"https:\/\/www.afrikabio.com\/#organization"},"potentialAction":[{"@type":"SearchAction","target":{"@type":"EntryPoint","urlTemplate":"https:\/\/www.afrikabio.com\/?s={search_term_string}"},"query-input":{"@type":"PropertyValueSpecification","valueRequired":true,"valueName":"search_term_string"}}],"inLanguage":"en-GB"},{"@type":"Organization","@id":"https:\/\/www.afrikabio.com\/#organization","name":"AfrikaBio","url":"https:\/\/www.afrikabio.com\/","logo":{"@type":"ImageObject","inLanguage":"en-GB","@id":"https:\/\/www.afrikabio.com\/#\/schema\/logo\/image\/","url":"https:\/\/www.afrikabio.com\/wp-content\/uploads\/2024\/06\/cropped-cropped-logo-1.png","contentUrl":"https:\/\/www.afrikabio.com\/wp-content\/uploads\/2024\/06\/cropped-cropped-logo-1.png","width":1420,"height":483,"caption":"AfrikaBio"},"image":{"@id":"https:\/\/www.afrikabio.com\/#\/schema\/logo\/image\/"},"sameAs":["https:\/\/www.facebook.com\/profile.php?id=100090304284824"]}]}},"_links":{"self":[{"href":"https:\/\/www.afrikabio.com\/en\/wp-json\/wp\/v2\/product\/563","targetHints":{"allow":["GET"]}}],"collection":[{"href":"https:\/\/www.afrikabio.com\/en\/wp-json\/wp\/v2\/product"}],"about":[{"href":"https:\/\/www.afrikabio.com\/en\/wp-json\/wp\/v2\/types\/product"}],"replies":[{"embeddable":true,"href":"https:\/\/www.afrikabio.com\/en\/wp-json\/wp\/v2\/comments?post=563"}],"version-history":[{"count":1,"href":"https:\/\/www.afrikabio.com\/en\/wp-json\/wp\/v2\/product\/563\/revisions"}],"predecessor-version":[{"id":4223,"href":"https:\/\/www.afrikabio.com\/en\/wp-json\/wp\/v2\/product\/563\/revisions\/4223"}],"wp:featuredmedia":[{"embeddable":true,"href":"https:\/\/www.afrikabio.com\/en\/wp-json\/wp\/v2\/media\/431"}],"wp:attachment":[{"href":"https:\/\/www.afrikabio.com\/en\/wp-json\/wp\/v2\/media?parent=563"}],"wp:term":[{"taxonomy":"product_cat","embeddable":true,"href":"https:\/\/www.afrikabio.com\/en\/wp-json\/wp\/v2\/product_cat?post=563"},{"taxonomy":"product_tag","embeddable":true,"href":"https:\/\/www.afrikabio.com\/en\/wp-json\/wp\/v2\/product_tag?post=563"}],"curies":[{"name":"wp","href":"https:\/\/api.w.org\/{rel}","templated":true}]}}