{"id":562,"date":"2024-06-15T05:19:19","date_gmt":"2024-06-15T03:19:19","guid":{"rendered":"https:\/\/www.afrikabio.com\/?post_type=product&#038;p=562"},"modified":"2025-11-14T10:31:16","modified_gmt":"2025-11-14T09:31:16","slug":"huile-de-sezame","status":"publish","type":"product","link":"https:\/\/www.afrikabio.com\/en\/product\/huile-de-sezame\/","title":{"rendered":"Sesame oil"},"content":{"rendered":"<div data-elementor-type=\"wp-post\" data-elementor-id=\"562\" class=\"elementor elementor-562\" data-elementor-post-type=\"product\">\n\t\t\t\t\t\t<section class=\"elementor-section elementor-top-section elementor-element elementor-element-49ca7f1b rey-section-stretched elementor-section-boxed elementor-section-height-default elementor-section-height-default\" data-id=\"49ca7f1b\" data-element_type=\"section\" data-e-type=\"section\">\n\t\t\t\t\t\t<div class=\"elementor-container elementor-column-gap-default\">\n\t\t\t\t\t<div class=\"elementor-column elementor-col-100 elementor-top-column elementor-element elementor-element-1f93fa67\" data-id=\"1f93fa67\" data-element_type=\"column\" data-e-type=\"column\">\n\t\t\t<div class=\"elementor-column-wrap--1f93fa67 elementor-widget-wrap elementor-element-populated\">\n\t\t\t\t\t\t<div class=\"elementor-element elementor-element-11447d04 elementor-tabs-view-vertical elementor-widget elementor-widget-tabs\" data-id=\"11447d04\" data-element_type=\"widget\" data-e-type=\"widget\" data-widget_type=\"tabs.default\">\n\t\t\t\t\t\t\t<div class=\"elementor-tabs\">\n\t\t\t<div class=\"elementor-tabs-wrapper\" role=\"tablist\" >\n\t\t\t\t\t\t\t\t\t<div id=\"elementor-tab-title-2891\" class=\"elementor-tab-title elementor-tab-desktop-title\" aria-selected=\"true\" data-tab=\"1\" role=\"tab\" tabindex=\"0\" aria-controls=\"elementor-tab-content-2891\" aria-expanded=\"false\">CHARACTERISTICS<\/div>\n\t\t\t\t\t\t\t\t\t<div id=\"elementor-tab-title-2892\" class=\"elementor-tab-title elementor-tab-desktop-title\" aria-selected=\"false\" data-tab=\"2\" role=\"tab\" tabindex=\"-1\" aria-controls=\"elementor-tab-content-2892\" aria-expanded=\"false\">BENEFITS<\/div>\n\t\t\t\t\t\t\t\t\t<div id=\"elementor-tab-title-2893\" class=\"elementor-tab-title elementor-tab-desktop-title\" aria-selected=\"false\" data-tab=\"3\" role=\"tab\" tabindex=\"-1\" aria-controls=\"elementor-tab-content-2893\" aria-expanded=\"false\">USE<\/div>\n\t\t\t\t\t\t\t\t\t<div id=\"elementor-tab-title-2894\" class=\"elementor-tab-title elementor-tab-desktop-title\" aria-selected=\"false\" data-tab=\"4\" role=\"tab\" tabindex=\"-1\" aria-controls=\"elementor-tab-content-2894\" aria-expanded=\"false\">PACKAGING<\/div>\n\t\t\t\t\t\t\t\t\t<div id=\"elementor-tab-title-2895\" class=\"elementor-tab-title elementor-tab-desktop-title\" aria-selected=\"false\" data-tab=\"5\" role=\"tab\" tabindex=\"-1\" aria-controls=\"elementor-tab-content-2895\" aria-expanded=\"false\">HISTORY<\/div>\n\t\t\t\t\t\t\t\t\t<div id=\"elementor-tab-title-2896\" class=\"elementor-tab-title elementor-tab-desktop-title\" aria-selected=\"false\" data-tab=\"6\" role=\"tab\" tabindex=\"-1\" aria-controls=\"elementor-tab-content-2896\" aria-expanded=\"false\">COMPOSITION<\/div>\n\t\t\t\t\t\t\t\t\t<div id=\"elementor-tab-title-2897\" class=\"elementor-tab-title elementor-tab-desktop-title\" aria-selected=\"false\" data-tab=\"7\" role=\"tab\" tabindex=\"-1\" aria-controls=\"elementor-tab-content-2897\" aria-expanded=\"false\">CONTRAINDICATIONS<\/div>\n\t\t\t\t\t\t\t\t\t<div id=\"elementor-tab-title-2898\" class=\"elementor-tab-title elementor-tab-desktop-title\" aria-selected=\"false\" data-tab=\"8\" role=\"tab\" tabindex=\"-1\" aria-controls=\"elementor-tab-content-2898\" aria-expanded=\"false\">CONSERVATION<\/div>\n\t\t\t\t\t\t\t\t\t<div id=\"elementor-tab-title-2899\" class=\"elementor-tab-title elementor-tab-desktop-title\" aria-selected=\"false\" data-tab=\"9\" role=\"tab\" tabindex=\"-1\" aria-controls=\"elementor-tab-content-2899\" aria-expanded=\"false\">VIDEO DEMO<\/div>\n\t\t\t\t\t\t\t<\/div>\n\t\t\t<div class=\"elementor-tabs-content-wrapper\" role=\"tablist\" aria-orientation=\"vertical\">\n\t\t\t\t\t\t\t\t\t<div class=\"elementor-tab-title elementor-tab-mobile-title\" aria-selected=\"true\" data-tab=\"1\" role=\"tab\" tabindex=\"0\" aria-controls=\"elementor-tab-content-2891\" aria-expanded=\"false\">CHARACTERISTICS<\/div>\n\t\t\t\t\t<div id=\"elementor-tab-content-2891\" class=\"elementor-tab-content elementor-clearfix\" data-tab=\"1\" role=\"tabpanel\" aria-labelledby=\"elementor-tab-title-2891\" tabindex=\"0\" hidden=\"false\"><p class=\"p1\">\n<\/p><h2><span class=\"s1\">Features&nbsp;<\/span><\/h2>\n<p><\/p>\n<p class=\"p1\">\n<\/p><ul>\n<li>\n<p class=\"p1\"><span class=\"s1\">Botanical name<\/span><span class=\"s2\"> : <\/span><span class=\"s3\">Sesamum indicum<\/span><\/p>\n<\/li>\n<li>\n<p class=\"p1\"><span class=\"s1\">Family<\/span><span class=\"s2\"> Pedaliaceae<\/span><\/p>\n<\/li>\n<li>\n<p class=\"p1\"><span class=\"s1\">Part used<\/span><span class=\"s2\"> : seeds<\/span><\/p>\n<\/li>\n<li>\n<p class=\"p1\"><span class=\"s1\">Extraction method<\/span><span class=\"s2\"> Cold pressing of seeds<\/span><\/p>\n<\/li>\n<li>\n<p class=\"p1\"><span class=\"s1\">Aspect<\/span><span class=\"s2\"> fluid liquid, golden yellow colour, sweet, slightly nutty flavour<\/span><\/p>\n<\/li>\n<li>\n<p class=\"p1\"><span class=\"s1\">Main composition<\/span><span class=\"s2\"> :<\/span><\/p>\n<p class=\"p2\">\n<\/p><ul>\n<li>\n<p class=\"p1\"><span class=\"s1\">Essential fatty acids (omega-6, omega-9)<\/span><\/p>\n<\/li>\n<li>\n<p class=\"p1\"><span class=\"s1\">Natural antioxidants (sesamin, sesamolin)<\/span><\/p>\n<\/li>\n<li>\n<p class=\"p1\"><span class=\"s1\">Vitamin E<\/span><\/p>\n<\/li>\n<li>\n<p class=\"p1\"><span class=\"s1\">Minerals (calcium, magnesium, zinc)<\/span><\/p>\n<\/li>\n<\/ul>\n<\/li>\n<li>\n<p class=\"p1\"><span class=\"s1\">Properties<\/span><span class=\"s2\"> nourishing, antioxidant, protective, moisturising<\/span><\/p>\n<\/li>\n<li>\n<p class=\"p1\"><span class=\"s1\">Main uses<\/span><span class=\"s2\"> cooking, cosmetics, massages, skin and hair care<\/span><\/p>\n<\/li>\n<\/ul><\/div>\n\t\t\t\t\t\t\t\t\t<div class=\"elementor-tab-title elementor-tab-mobile-title\" aria-selected=\"false\" data-tab=\"2\" role=\"tab\" tabindex=\"-1\" aria-controls=\"elementor-tab-content-2892\" aria-expanded=\"false\">BENEFITS<\/div>\n\t\t\t\t\t<div id=\"elementor-tab-content-2892\" class=\"elementor-tab-content elementor-clearfix\" data-tab=\"2\" role=\"tabpanel\" aria-labelledby=\"elementor-tab-title-2892\" tabindex=\"0\" hidden=\"hidden\"><p class=\"p1\">\u00a0<\/p><h3><span class=\"s1\">Health benefits<\/span><\/h3><ul><li><p class=\"p1\"><span class=\"s1\">Supports cardiovascular health thanks to unsaturated fatty acids.<\/span><\/p><\/li><li><p class=\"p1\"><span class=\"s1\">Helps regulate cholesterol and protect the circulatory system.<\/span><\/p><\/li><li><p class=\"p1\"><span class=\"s1\">A natural source of energy and essential nutrients.<\/span><\/p><\/li><\/ul><p>\u00a0<\/p><ul><li><h3><span class=\"s1\">Beauty and cosmetic benefits<\/span><\/h3><p>\u00a0<\/p><p class=\"p2\">\u00a0<\/p><ul><li><p class=\"p1\"><span class=\"s1\">Moisturises and nourishes dry skin.<\/span><\/p><\/li><li><p class=\"p1\"><span class=\"s1\">Protects against skin ageing thanks to its antioxidants.<\/span><\/p><\/li><li><p class=\"p1\"><span class=\"s1\">Restores shine and strength to dull, dry hair.<\/span><\/p><\/li><li><p class=\"p1\"><span class=\"s1\">Used in massage, it softens the skin and soothes tension.<\/span><\/p><\/li><\/ul><p>\u00a0<\/p><\/li><\/ul><p>\u00a0<\/p><\/div>\n\t\t\t\t\t\t\t\t\t<div class=\"elementor-tab-title elementor-tab-mobile-title\" aria-selected=\"false\" data-tab=\"3\" role=\"tab\" tabindex=\"-1\" aria-controls=\"elementor-tab-content-2893\" aria-expanded=\"false\">USE<\/div>\n\t\t\t\t\t<div id=\"elementor-tab-content-2893\" class=\"elementor-tab-content elementor-clearfix\" data-tab=\"3\" role=\"tabpanel\" aria-labelledby=\"elementor-tab-title-2893\" tabindex=\"0\" hidden=\"hidden\"><p>\u00a0<\/p><h3><span class=\"s1\">Culinary uses<\/span><\/h3><ul><li><p class=\"p1\"><span class=\"s1\">Ideal for seasoning salads, vegetables and exotic dishes.<\/span><\/p><\/li><li><p class=\"p1\"><span class=\"s1\">Adds a fragrant note to sauces and marinades.<\/span><\/p><\/li><li><p class=\"p1\"><span class=\"s1\">Withstands gentle cooking well thanks to its high smoke point.<\/span><\/p><\/li><\/ul><\/div>\n\t\t\t\t\t\t\t\t\t<div class=\"elementor-tab-title elementor-tab-mobile-title\" aria-selected=\"false\" data-tab=\"4\" role=\"tab\" tabindex=\"-1\" aria-controls=\"elementor-tab-content-2894\" aria-expanded=\"false\">PACKAGING<\/div>\n\t\t\t\t\t<div id=\"elementor-tab-content-2894\" class=\"elementor-tab-content elementor-clearfix\" data-tab=\"4\" role=\"tabpanel\" aria-labelledby=\"elementor-tab-title-2894\" tabindex=\"0\" hidden=\"hidden\"><p class=\"p1\">\u00a0<\/p><h2><span class=\"s1\">Responsible packaging<\/span><\/h2><p class=\"p3\"><span class=\"s2\">At <\/span><span class=\"s3\">Afrika Bio<\/span><span class=\"s2\">, When it comes to packaging, we choose eco-responsible packaging. They protect the quality of the product while respecting the environment.<\/span><\/p><\/div>\n\t\t\t\t\t\t\t\t\t<div class=\"elementor-tab-title elementor-tab-mobile-title\" aria-selected=\"false\" data-tab=\"5\" role=\"tab\" tabindex=\"-1\" aria-controls=\"elementor-tab-content-2895\" aria-expanded=\"false\">HISTORY<\/div>\n\t\t\t\t\t<div id=\"elementor-tab-content-2895\" class=\"elementor-tab-content elementor-clearfix\" data-tab=\"5\" role=\"tabpanel\" aria-labelledby=\"elementor-tab-title-2895\" tabindex=\"0\" hidden=\"hidden\"><p class=\"p1\">\u00a0<\/p><h2><span class=\"s1\">History<\/span><\/h2><p>\u00a0<\/p><p class=\"p3\"><span class=\"s2\">Sesame oil is one of the oldest known vegetable oils. Used for over 5,000 years, it was prized in ancient Egypt for its dietary and medicinal qualities.<\/span><\/p><p class=\"p3\"><span class=\"s2\">In India, it is called\u201c<\/span><span class=\"s3\">til oil<\/span><span class=\"s2\">\u201dIt plays an important role in Ayurveda. It is still widely used in Asia and Africa, both in cooking and for body care.<\/span><\/p><p class=\"p3\"><span class=\"s2\">Today, the\u2019<\/span><span class=\"s3\">organic sesame oil<\/span><span class=\"s2\"> is recognised the world over for its versatility and benefits.<\/span><\/p><\/div>\n\t\t\t\t\t\t\t\t\t<div class=\"elementor-tab-title elementor-tab-mobile-title\" aria-selected=\"false\" data-tab=\"6\" role=\"tab\" tabindex=\"-1\" aria-controls=\"elementor-tab-content-2896\" aria-expanded=\"false\">COMPOSITION<\/div>\n\t\t\t\t\t<div id=\"elementor-tab-content-2896\" class=\"elementor-tab-content elementor-clearfix\" data-tab=\"6\" role=\"tabpanel\" aria-labelledby=\"elementor-tab-title-2896\" tabindex=\"0\" hidden=\"hidden\"><h2><b>Composition and properties<\/b><\/h2><p><b><\/b><\/p>\n<p>Sesame oil contains :<\/p>\n<p>-from <b>omega-6<\/b> and <b>omega-9<\/b>, good for the heart,<\/p>\n<p>-the <b>vitamin E<\/b>, which protects the cells,<\/p>\n<p>-from <b>antioxidants<\/b> such as sesamin and sesamolin.<\/p>\n<p>These elements act in synergy. They help to protect the body from oxidative stress and contribute to vitality.<\/p><\/div>\n\t\t\t\t\t\t\t\t\t<div class=\"elementor-tab-title elementor-tab-mobile-title\" aria-selected=\"false\" data-tab=\"7\" role=\"tab\" tabindex=\"-1\" aria-controls=\"elementor-tab-content-2897\" aria-expanded=\"false\">CONTRAINDICATIONS<\/div>\n\t\t\t\t\t<div id=\"elementor-tab-content-2897\" class=\"elementor-tab-content elementor-clearfix\" data-tab=\"7\" role=\"tabpanel\" aria-labelledby=\"elementor-tab-title-2897\" tabindex=\"0\" hidden=\"hidden\"><p class=\"p1\">\u00a0<\/p><h2><span class=\"s1\">Contraindications<\/span><\/h2><p>\u00a0<\/p><p class=\"p3\"><span class=\"s2\">Sesame oil is well tolerated. However, it can cause allergic reactions in people sensitive to sesame.<\/span><\/p><\/div>\n\t\t\t\t\t\t\t\t\t<div class=\"elementor-tab-title elementor-tab-mobile-title\" aria-selected=\"false\" data-tab=\"8\" role=\"tab\" tabindex=\"-1\" aria-controls=\"elementor-tab-content-2898\" aria-expanded=\"false\">CONSERVATION<\/div>\n\t\t\t\t\t<div id=\"elementor-tab-content-2898\" class=\"elementor-tab-content elementor-clearfix\" data-tab=\"8\" role=\"tabpanel\" aria-labelledby=\"elementor-tab-title-2898\" tabindex=\"0\" hidden=\"hidden\"><h2><b>Conservation<\/b><\/h2><p><b><\/b><\/p>\n<p>Store away from light, heat and moisture. Close tightly after each use to preserve its quality.<\/p><\/div>\n\t\t\t\t\t\t\t\t\t<div class=\"elementor-tab-title elementor-tab-mobile-title\" aria-selected=\"false\" data-tab=\"9\" role=\"tab\" tabindex=\"-1\" aria-controls=\"elementor-tab-content-2899\" aria-expanded=\"false\">VIDEO DEMO<\/div>\n\t\t\t\t\t<div id=\"elementor-tab-content-2899\" class=\"elementor-tab-content elementor-clearfix\" data-tab=\"9\" role=\"tabpanel\" aria-labelledby=\"elementor-tab-title-2899\" tabindex=\"0\" hidden=\"hidden\"><\/div>\n\t\t\t\t\t\t\t<\/div>\n\t\t<\/div>\n\t\t\t\t\t\t<\/div>\n\t\t\t\t\t<\/div>\n\t\t<\/div>\n\t\t\t\t\t<\/div>\n\t\t<\/section>\n\t\t\t\t<\/div>","protected":false},"excerpt":{"rendered":"<p>BOTANICAL NAME : <strong>Sesamum indicum<br \/>\nOrigin Senegal<\/strong><\/p>\n<ul>\n<li>\n<p class=\"p1\"><span class=\"s1\">Nutrition<\/span><\/p>\n<\/li>\n<li>\n<p class=\"p1\"><span class=\"s1\">Antioxidants<\/span><\/p>\n<\/li>\n<li>\n<p class=\"p1\"><span class=\"s1\">Beauty<\/span><\/p>\n<\/li>\n<li>\n<p class=\"p1\"><span class=\"s1\">Healthy cooking<\/span><\/p>\n<\/li>\n<li>\n<p class=\"p1\"><span class=\"s1\">Vitality<\/span><\/p>\n<\/li>\n<\/ul>\n<p>&nbsp;<\/p>","protected":false},"featured_media":430,"comment_status":"open","ping_status":"closed","template":"","meta":{"_acf_changed":false},"product_cat":[52],"product_tag":[],"class_list":{"0":"post-562","1":"product","2":"type-product","3":"status-publish","4":"has-post-thumbnail","6":"product_cat-huiles","8":"first","9":"instock","10":"shipping-taxable","11":"purchasable","12":"product-type-simple","swatches":"rey-swatches","show_selected":""},"acf":[],"yoast_head":"<!-- This site is optimized with the Yoast SEO plugin v26.6 - https:\/\/yoast.com\/wordpress\/plugins\/seo\/ -->\n<title>Huile de Sesame - Afrika Bio<\/title>\n<meta name=\"description\" content=\"D\u00e9couvrez l\u2019huile de s\u00e9same bio AFRIKA BIO : riche en antioxydants et vitamine E, id\u00e9ale pour la cuisine, la peau et les cheveux.\" \/>\n<meta name=\"robots\" content=\"index, follow, max-snippet:-1, max-image-preview:large, max-video-preview:-1\" \/>\n<link rel=\"canonical\" href=\"https:\/\/www.afrikabio.com\/en\/product\/huile-de-sezame\/\" \/>\n<meta property=\"og:locale\" content=\"en_GB\" \/>\n<meta property=\"og:type\" content=\"article\" \/>\n<meta property=\"og:title\" content=\"Huile de s\u00e9same bio pour une peau r\u00e9g\u00e9n\u00e9r\u00e9e\" \/>\n<meta property=\"og:description\" content=\"D\u00e9couvrez les bienfaits de l&#039;huile de s\u00e9same bio pour r\u00e9g\u00e9n\u00e9rer votre peau! Nourrissante et pure, elle ne vous d\u00e9cevra pas. \u2728\" \/>\n<meta property=\"og:url\" content=\"https:\/\/www.afrikabio.com\/en\/product\/huile-de-sezame\/\" \/>\n<meta property=\"og:site_name\" content=\"Afrika Bio\" \/>\n<meta property=\"article:publisher\" content=\"https:\/\/www.facebook.com\/profile.php?id=100090304284824\" \/>\n<meta property=\"article:modified_time\" content=\"2025-11-14T09:31:16+00:00\" \/>\n<meta property=\"og:image\" content=\"https:\/\/www.afrikabio.com\/wp-content\/uploads\/2024\/06\/huile-de-sesame.jpg\" \/>\n\t<meta property=\"og:image:width\" content=\"900\" \/>\n\t<meta property=\"og:image:height\" content=\"900\" \/>\n\t<meta property=\"og:image:type\" content=\"image\/jpeg\" \/>\n<meta name=\"twitter:card\" content=\"summary_large_image\" \/>\n<meta name=\"twitter:label1\" content=\"Estimated reading time\" \/>\n\t<meta name=\"twitter:data1\" content=\"3 minutes\" \/>\n<script type=\"application\/ld+json\" class=\"yoast-schema-graph\">{\"@context\":\"https:\/\/schema.org\",\"@graph\":[{\"@type\":\"WebPage\",\"@id\":\"https:\/\/www.afrikabio.com\/produit\/huile-de-sezame\/\",\"url\":\"https:\/\/www.afrikabio.com\/produit\/huile-de-sezame\/\",\"name\":\"Huile de Sesame - Afrika Bio\",\"isPartOf\":{\"@id\":\"https:\/\/www.afrikabio.com\/#website\"},\"primaryImageOfPage\":{\"@id\":\"https:\/\/www.afrikabio.com\/produit\/huile-de-sezame\/#primaryimage\"},\"image\":{\"@id\":\"https:\/\/www.afrikabio.com\/produit\/huile-de-sezame\/#primaryimage\"},\"thumbnailUrl\":\"https:\/\/www.afrikabio.com\/wp-content\/uploads\/2024\/06\/huile-de-sesame.jpg\",\"datePublished\":\"2024-06-15T03:19:19+00:00\",\"dateModified\":\"2025-11-14T09:31:16+00:00\",\"description\":\"D\u00e9couvrez l\u2019huile de s\u00e9same bio AFRIKA BIO : riche en antioxydants et vitamine E, id\u00e9ale pour la cuisine, la peau et les cheveux.\",\"breadcrumb\":{\"@id\":\"https:\/\/www.afrikabio.com\/produit\/huile-de-sezame\/#breadcrumb\"},\"inLanguage\":\"en-GB\",\"potentialAction\":[{\"@type\":\"ReadAction\",\"target\":[\"https:\/\/www.afrikabio.com\/produit\/huile-de-sezame\/\"]}]},{\"@type\":\"ImageObject\",\"inLanguage\":\"en-GB\",\"@id\":\"https:\/\/www.afrikabio.com\/produit\/huile-de-sezame\/#primaryimage\",\"url\":\"https:\/\/www.afrikabio.com\/wp-content\/uploads\/2024\/06\/huile-de-sesame.jpg\",\"contentUrl\":\"https:\/\/www.afrikabio.com\/wp-content\/uploads\/2024\/06\/huile-de-sesame.jpg\",\"width\":900,\"height\":900},{\"@type\":\"BreadcrumbList\",\"@id\":\"https:\/\/www.afrikabio.com\/produit\/huile-de-sezame\/#breadcrumb\",\"itemListElement\":[{\"@type\":\"ListItem\",\"position\":1,\"name\":\"Accueil\",\"item\":\"https:\/\/www.afrikabio.com\/\"},{\"@type\":\"ListItem\",\"position\":2,\"name\":\"Produits\",\"item\":\"https:\/\/www.afrikabio.com\/shop\/\"},{\"@type\":\"ListItem\",\"position\":3,\"name\":\"Huile de Sesame\"}]},{\"@type\":\"WebSite\",\"@id\":\"https:\/\/www.afrikabio.com\/#website\",\"url\":\"https:\/\/www.afrikabio.com\/\",\"name\":\"Afrika Bio\",\"description\":\"Power of Nature\",\"publisher\":{\"@id\":\"https:\/\/www.afrikabio.com\/#organization\"},\"potentialAction\":[{\"@type\":\"SearchAction\",\"target\":{\"@type\":\"EntryPoint\",\"urlTemplate\":\"https:\/\/www.afrikabio.com\/?s={search_term_string}\"},\"query-input\":{\"@type\":\"PropertyValueSpecification\",\"valueRequired\":true,\"valueName\":\"search_term_string\"}}],\"inLanguage\":\"en-GB\"},{\"@type\":\"Organization\",\"@id\":\"https:\/\/www.afrikabio.com\/#organization\",\"name\":\"AfrikaBio\",\"url\":\"https:\/\/www.afrikabio.com\/\",\"logo\":{\"@type\":\"ImageObject\",\"inLanguage\":\"en-GB\",\"@id\":\"https:\/\/www.afrikabio.com\/#\/schema\/logo\/image\/\",\"url\":\"https:\/\/www.afrikabio.com\/wp-content\/uploads\/2024\/06\/cropped-cropped-logo-1.png\",\"contentUrl\":\"https:\/\/www.afrikabio.com\/wp-content\/uploads\/2024\/06\/cropped-cropped-logo-1.png\",\"width\":1420,\"height\":483,\"caption\":\"AfrikaBio\"},\"image\":{\"@id\":\"https:\/\/www.afrikabio.com\/#\/schema\/logo\/image\/\"},\"sameAs\":[\"https:\/\/www.facebook.com\/profile.php?id=100090304284824\"]}]}<\/script>\n<!-- \/ Yoast SEO plugin. -->","yoast_head_json":{"title":"Huile de Sesame - Afrika Bio","description":"D\u00e9couvrez l\u2019huile de s\u00e9same bio AFRIKA BIO : riche en antioxydants et vitamine E, id\u00e9ale pour la cuisine, la peau et les cheveux.","robots":{"index":"index","follow":"follow","max-snippet":"max-snippet:-1","max-image-preview":"max-image-preview:large","max-video-preview":"max-video-preview:-1"},"canonical":"https:\/\/www.afrikabio.com\/en\/product\/huile-de-sezame\/","og_locale":"en_GB","og_type":"article","og_title":"Huile de s\u00e9same bio pour une peau r\u00e9g\u00e9n\u00e9r\u00e9e","og_description":"D\u00e9couvrez les bienfaits de l'huile de s\u00e9same bio pour r\u00e9g\u00e9n\u00e9rer votre peau! Nourrissante et pure, elle ne vous d\u00e9cevra pas. \u2728","og_url":"https:\/\/www.afrikabio.com\/en\/product\/huile-de-sezame\/","og_site_name":"Afrika Bio","article_publisher":"https:\/\/www.facebook.com\/profile.php?id=100090304284824","article_modified_time":"2025-11-14T09:31:16+00:00","og_image":[{"width":900,"height":900,"url":"https:\/\/www.afrikabio.com\/wp-content\/uploads\/2024\/06\/huile-de-sesame.jpg","type":"image\/jpeg"}],"twitter_card":"summary_large_image","twitter_misc":{"Estimated reading time":"3 minutes"},"schema":{"@context":"https:\/\/schema.org","@graph":[{"@type":"WebPage","@id":"https:\/\/www.afrikabio.com\/produit\/huile-de-sezame\/","url":"https:\/\/www.afrikabio.com\/produit\/huile-de-sezame\/","name":"Huile de Sesame - Afrika Bio","isPartOf":{"@id":"https:\/\/www.afrikabio.com\/#website"},"primaryImageOfPage":{"@id":"https:\/\/www.afrikabio.com\/produit\/huile-de-sezame\/#primaryimage"},"image":{"@id":"https:\/\/www.afrikabio.com\/produit\/huile-de-sezame\/#primaryimage"},"thumbnailUrl":"https:\/\/www.afrikabio.com\/wp-content\/uploads\/2024\/06\/huile-de-sesame.jpg","datePublished":"2024-06-15T03:19:19+00:00","dateModified":"2025-11-14T09:31:16+00:00","description":"D\u00e9couvrez l\u2019huile de s\u00e9same bio AFRIKA BIO : riche en antioxydants et vitamine E, id\u00e9ale pour la cuisine, la peau et les cheveux.","breadcrumb":{"@id":"https:\/\/www.afrikabio.com\/produit\/huile-de-sezame\/#breadcrumb"},"inLanguage":"en-GB","potentialAction":[{"@type":"ReadAction","target":["https:\/\/www.afrikabio.com\/produit\/huile-de-sezame\/"]}]},{"@type":"ImageObject","inLanguage":"en-GB","@id":"https:\/\/www.afrikabio.com\/produit\/huile-de-sezame\/#primaryimage","url":"https:\/\/www.afrikabio.com\/wp-content\/uploads\/2024\/06\/huile-de-sesame.jpg","contentUrl":"https:\/\/www.afrikabio.com\/wp-content\/uploads\/2024\/06\/huile-de-sesame.jpg","width":900,"height":900},{"@type":"BreadcrumbList","@id":"https:\/\/www.afrikabio.com\/produit\/huile-de-sezame\/#breadcrumb","itemListElement":[{"@type":"ListItem","position":1,"name":"Accueil","item":"https:\/\/www.afrikabio.com\/"},{"@type":"ListItem","position":2,"name":"Produits","item":"https:\/\/www.afrikabio.com\/shop\/"},{"@type":"ListItem","position":3,"name":"Huile de Sesame"}]},{"@type":"WebSite","@id":"https:\/\/www.afrikabio.com\/#website","url":"https:\/\/www.afrikabio.com\/","name":"Afrika Bio","description":"Power of Nature","publisher":{"@id":"https:\/\/www.afrikabio.com\/#organization"},"potentialAction":[{"@type":"SearchAction","target":{"@type":"EntryPoint","urlTemplate":"https:\/\/www.afrikabio.com\/?s={search_term_string}"},"query-input":{"@type":"PropertyValueSpecification","valueRequired":true,"valueName":"search_term_string"}}],"inLanguage":"en-GB"},{"@type":"Organization","@id":"https:\/\/www.afrikabio.com\/#organization","name":"AfrikaBio","url":"https:\/\/www.afrikabio.com\/","logo":{"@type":"ImageObject","inLanguage":"en-GB","@id":"https:\/\/www.afrikabio.com\/#\/schema\/logo\/image\/","url":"https:\/\/www.afrikabio.com\/wp-content\/uploads\/2024\/06\/cropped-cropped-logo-1.png","contentUrl":"https:\/\/www.afrikabio.com\/wp-content\/uploads\/2024\/06\/cropped-cropped-logo-1.png","width":1420,"height":483,"caption":"AfrikaBio"},"image":{"@id":"https:\/\/www.afrikabio.com\/#\/schema\/logo\/image\/"},"sameAs":["https:\/\/www.facebook.com\/profile.php?id=100090304284824"]}]}},"_links":{"self":[{"href":"https:\/\/www.afrikabio.com\/en\/wp-json\/wp\/v2\/product\/562","targetHints":{"allow":["GET"]}}],"collection":[{"href":"https:\/\/www.afrikabio.com\/en\/wp-json\/wp\/v2\/product"}],"about":[{"href":"https:\/\/www.afrikabio.com\/en\/wp-json\/wp\/v2\/types\/product"}],"replies":[{"embeddable":true,"href":"https:\/\/www.afrikabio.com\/en\/wp-json\/wp\/v2\/comments?post=562"}],"version-history":[{"count":1,"href":"https:\/\/www.afrikabio.com\/en\/wp-json\/wp\/v2\/product\/562\/revisions"}],"predecessor-version":[{"id":4224,"href":"https:\/\/www.afrikabio.com\/en\/wp-json\/wp\/v2\/product\/562\/revisions\/4224"}],"wp:featuredmedia":[{"embeddable":true,"href":"https:\/\/www.afrikabio.com\/en\/wp-json\/wp\/v2\/media\/430"}],"wp:attachment":[{"href":"https:\/\/www.afrikabio.com\/en\/wp-json\/wp\/v2\/media?parent=562"}],"wp:term":[{"taxonomy":"product_cat","embeddable":true,"href":"https:\/\/www.afrikabio.com\/en\/wp-json\/wp\/v2\/product_cat?post=562"},{"taxonomy":"product_tag","embeddable":true,"href":"https:\/\/www.afrikabio.com\/en\/wp-json\/wp\/v2\/product_tag?post=562"}],"curies":[{"name":"wp","href":"https:\/\/api.w.org\/{rel}","templated":true}]}}