{"id":500,"date":"2024-06-14T07:41:33","date_gmt":"2024-06-14T05:41:33","guid":{"rendered":"https:\/\/www.afrikabio.com\/?post_type=product&#038;p=500"},"modified":"2025-11-16T12:40:46","modified_gmt":"2025-11-16T11:40:46","slug":"huile-de-baobab","status":"publish","type":"product","link":"https:\/\/www.afrikabio.com\/en\/product\/huile-de-baobab\/","title":{"rendered":"Baobab oil"},"content":{"rendered":"<div data-elementor-type=\"wp-post\" data-elementor-id=\"500\" class=\"elementor elementor-500\" data-elementor-post-type=\"product\">\n\t\t\t\t\t\t<section class=\"elementor-section elementor-top-section elementor-element elementor-element-475e8185 rey-section-stretched elementor-section-boxed elementor-section-height-default elementor-section-height-default\" data-id=\"475e8185\" data-element_type=\"section\" data-e-type=\"section\">\n\t\t\t\t\t\t<div class=\"elementor-container elementor-column-gap-default\">\n\t\t\t\t\t<div class=\"elementor-column elementor-col-100 elementor-top-column elementor-element elementor-element-16139905\" data-id=\"16139905\" data-element_type=\"column\" data-e-type=\"column\">\n\t\t\t<div class=\"elementor-column-wrap--16139905 elementor-widget-wrap elementor-element-populated\">\n\t\t\t\t\t\t<div class=\"elementor-element elementor-element-5150146e elementor-tabs-view-horizontal elementor-widget elementor-widget-tabs\" data-id=\"5150146e\" data-element_type=\"widget\" data-e-type=\"widget\" data-widget_type=\"tabs.default\">\n\t\t\t\t\t\t\t<div class=\"elementor-tabs\">\n\t\t\t<div class=\"elementor-tabs-wrapper\" role=\"tablist\" >\n\t\t\t\t\t\t\t\t\t<div id=\"elementor-tab-title-1361\" class=\"elementor-tab-title elementor-tab-desktop-title\" aria-selected=\"true\" data-tab=\"1\" role=\"tab\" tabindex=\"0\" aria-controls=\"elementor-tab-content-1361\" aria-expanded=\"false\">CHARACTERISTICS<\/div>\n\t\t\t\t\t\t\t\t\t<div id=\"elementor-tab-title-1362\" class=\"elementor-tab-title elementor-tab-desktop-title\" aria-selected=\"false\" data-tab=\"2\" role=\"tab\" tabindex=\"-1\" aria-controls=\"elementor-tab-content-1362\" aria-expanded=\"false\">BENEFITS<\/div>\n\t\t\t\t\t\t\t\t\t<div id=\"elementor-tab-title-1363\" class=\"elementor-tab-title elementor-tab-desktop-title\" aria-selected=\"false\" data-tab=\"3\" role=\"tab\" tabindex=\"-1\" aria-controls=\"elementor-tab-content-1363\" aria-expanded=\"false\">USE<\/div>\n\t\t\t\t\t\t\t\t\t<div id=\"elementor-tab-title-1364\" class=\"elementor-tab-title elementor-tab-desktop-title\" aria-selected=\"false\" data-tab=\"4\" role=\"tab\" tabindex=\"-1\" aria-controls=\"elementor-tab-content-1364\" aria-expanded=\"false\">PACKAGING<\/div>\n\t\t\t\t\t\t\t\t\t<div id=\"elementor-tab-title-1365\" class=\"elementor-tab-title elementor-tab-desktop-title\" aria-selected=\"false\" data-tab=\"5\" role=\"tab\" tabindex=\"-1\" aria-controls=\"elementor-tab-content-1365\" aria-expanded=\"false\">HISTORY<\/div>\n\t\t\t\t\t\t\t\t\t<div id=\"elementor-tab-title-1366\" class=\"elementor-tab-title elementor-tab-desktop-title\" aria-selected=\"false\" data-tab=\"6\" role=\"tab\" tabindex=\"-1\" aria-controls=\"elementor-tab-content-1366\" aria-expanded=\"false\">COMPOSITION<\/div>\n\t\t\t\t\t\t\t\t\t<div id=\"elementor-tab-title-1367\" class=\"elementor-tab-title elementor-tab-desktop-title\" aria-selected=\"false\" data-tab=\"7\" role=\"tab\" tabindex=\"-1\" aria-controls=\"elementor-tab-content-1367\" aria-expanded=\"false\">CONTRAINDICATIONS<\/div>\n\t\t\t\t\t\t\t\t\t<div id=\"elementor-tab-title-1368\" class=\"elementor-tab-title elementor-tab-desktop-title\" aria-selected=\"false\" data-tab=\"8\" role=\"tab\" tabindex=\"-1\" aria-controls=\"elementor-tab-content-1368\" aria-expanded=\"false\">CONSERVATION<\/div>\n\t\t\t\t\t\t\t\t\t<div id=\"elementor-tab-title-1369\" class=\"elementor-tab-title elementor-tab-desktop-title\" aria-selected=\"false\" data-tab=\"9\" role=\"tab\" tabindex=\"-1\" aria-controls=\"elementor-tab-content-1369\" aria-expanded=\"false\">VIDEO DEMO<\/div>\n\t\t\t\t\t\t\t<\/div>\n\t\t\t<div class=\"elementor-tabs-content-wrapper\" role=\"tablist\" aria-orientation=\"vertical\">\n\t\t\t\t\t\t\t\t\t<div class=\"elementor-tab-title elementor-tab-mobile-title\" aria-selected=\"true\" data-tab=\"1\" role=\"tab\" tabindex=\"0\" aria-controls=\"elementor-tab-content-1361\" aria-expanded=\"false\">CHARACTERISTICS<\/div>\n\t\t\t\t\t<div id=\"elementor-tab-content-1361\" class=\"elementor-tab-content elementor-clearfix\" data-tab=\"1\" role=\"tabpanel\" aria-labelledby=\"elementor-tab-title-1361\" tabindex=\"0\" hidden=\"false\"><p>L\u2019huile de BAOBAB AFRIKA BIO est 100% pure et naturelle. Elle est obtenue par premi\u00e8re pression \u00e0 froid des graines du fruit. Son odeur est douce et ressemble tr\u00e8s l\u00e9g\u00e8rement \u00e0 celle dela noix et sa couleur est jaune.\u00a0<\/p><p><b>Indice de com\u00e9dog\u00e9nicit\u00e9 : 0 (=non com\u00e9dog\u00e8ne)<\/b><\/p><\/div>\n\t\t\t\t\t\t\t\t\t<div class=\"elementor-tab-title elementor-tab-mobile-title\" aria-selected=\"false\" data-tab=\"2\" role=\"tab\" tabindex=\"-1\" aria-controls=\"elementor-tab-content-1362\" aria-expanded=\"false\">BENEFITS<\/div>\n\t\t\t\t\t<div id=\"elementor-tab-content-1362\" class=\"elementor-tab-content elementor-clearfix\" data-tab=\"2\" role=\"tabpanel\" aria-labelledby=\"elementor-tab-title-1362\" tabindex=\"0\" hidden=\"hidden\"><p><strong>Am\u00e9liore l\u2019\u00e9lasticit\u00e9, la douceur et l\u2019apparence de la peau.<\/strong><\/p><p><b><br><\/b><strong>Action antioxydante et nourrissante sur les peaux matures.&nbsp;<\/strong><\/p>\n<p><strong><br><\/strong><\/p>\n<p><strong>Apaisante, aide \u00e0 soulager le psoriasis, l\u2019ecz\u00e9ma, \u2026.<\/strong><\/p><p><b><br><\/b><strong>R\u00e9g\u00e9n\u00e9rantes, elle favorise le renouvellement cellulaire.&nbsp;<\/strong><\/p><p><b><br><\/b><strong>Pr\u00e9vient l\u2019apparition des vergetures et r\u00e9duit leur apparence<\/strong><\/p><p><b><br><\/b><strong>Renforce et prot\u00e8ge les ongles.&nbsp;<\/strong><\/p><p><b><br><\/b><strong>Nourrit et prot\u00e8ge les cheveux secs, cr\u00e9pus et abim\u00e9s.&nbsp;<\/strong><\/p><p><b><br><\/b><strong>Donne de la brillance aux cheveux.<\/strong><\/p>\n<p><b>Antiallergique et Anti-inflammatoire dans la pharmacop\u00e9e traditionnelle&nbsp;l\u2019huile de baobab&nbsp;soulage les contractures et les douleurs musculaires, rhumatisme\u2026.<\/b><\/p>\n<p><strong>Antifongique :pour traiter les mycoses ongles et pieds mais aussi vaginale et buccale.<\/strong><\/p>\n<p><strong>Anti-poux<\/strong><\/p><p><strong><br>Stimule la circulation sanguine du cuir chevelu pour favoriser la pousse.<\/strong><\/p><p><strong><br>Combat les probl\u00e8mes de cuir chevelu tels que les d\u00e9mangeaisons et les inconforts<\/strong><\/p><\/div>\n\t\t\t\t\t\t\t\t\t<div class=\"elementor-tab-title elementor-tab-mobile-title\" aria-selected=\"false\" data-tab=\"3\" role=\"tab\" tabindex=\"-1\" aria-controls=\"elementor-tab-content-1363\" aria-expanded=\"false\">USE<\/div>\n\t\t\t\t\t<div id=\"elementor-tab-content-1363\" class=\"elementor-tab-content elementor-clearfix\" data-tab=\"3\" role=\"tabpanel\" aria-labelledby=\"elementor-tab-title-1363\" tabindex=\"0\" hidden=\"hidden\"><p><strong>Le visage:<br \/><\/strong>Elle est absorb\u00e9e rapidement par la peau et peut \u00eatre appliqu\u00e9e sous une cr\u00e8me de jour. Son action apaisante en fait une pr\u00e9cieuse alli\u00e9e \u00e9t\u00e9 comme hiver pour les coups de soleil, les br\u00fblures accidentelles, les agressions ext\u00e9rieures.\u00a0<br \/><strong>Le corps<\/strong> :<br \/>Apr\u00e8s la douche, le bain ou une \u00e9pilation par ses propri\u00e9t\u00e9s \u00e9mollientes et adoucissantes elle laisse votre peau souple apais\u00e9e et douce. Pour les femmes enceintes elle favorise l\u2019\u00e9lasticit\u00e9 et agit en pr\u00e9vention pour les vergetures. Pour les peaux br\u00fbl\u00e9es ou apr\u00e8s un coup de soleil.<br \/><strong>Les cheveux<\/strong> :<br \/>Particuli\u00e8rement adapt\u00e9 aux cheveux cassants, secs, cr\u00e9pus elle nourrit et sublime les cheveux. <br \/>Appliquer en masque capillaire avant shampoing les cheveux bien nourris et envelopp\u00e9s dans une serviette chaude. En application apr\u00e8s shampoing en massage des pointes.<\/p><p><strong>ALIMENTAIRE:<br \/><\/strong>Lutte contre l\u2019inflammation des gencives<br \/>Soulage les maux dentaires<\/p><\/div>\n\t\t\t\t\t\t\t\t\t<div class=\"elementor-tab-title elementor-tab-mobile-title\" aria-selected=\"false\" data-tab=\"4\" role=\"tab\" tabindex=\"-1\" aria-controls=\"elementor-tab-content-1364\" aria-expanded=\"false\">PACKAGING<\/div>\n\t\t\t\t\t<div id=\"elementor-tab-content-1364\" class=\"elementor-tab-content elementor-clearfix\" data-tab=\"4\" role=\"tabpanel\" aria-labelledby=\"elementor-tab-title-1364\" tabindex=\"0\" hidden=\"hidden\"><p>Le choix du bambou et du verre pour les emballages de bouteilles pr\u00e9sente des avantages \u00e9cologiques significatifs, tant sur le plan de la recyclabilit\u00e9 que de la r\u00e9duction des d\u00e9chets plastiques. Ils r\u00e9pondent \u00e0 la demande croissante pour des solutions d\u2019emballage plus respectueuses de l\u2019environnement, tout en offrant une esth\u00e9tique attrayante et un positionnement premium.<\/p><div>1. Avantages du verre :<\/div><div>\u2022Recyclabilit\u00e9 : Le verre est 100 % recyclable sans perte de qualit\u00e9. Cela en fait un choix durable par rapport au plastique, qui se d\u00e9grade au fil des cycles de recyclage.<\/div><div><p><\/p><div>2. Avantages du bambou :<\/div><div>\u2022Mat\u00e9riau renouvelable : Le bambou pousse tr\u00e8s rapidement (jusqu\u2019\u00e0 1 m\u00e8tre par jour pour certaines esp\u00e8ces), ce qui en fait une ressource renouvelable et durable.<\/div><div>\u2022Biodegradabilit\u00e9 : Contrairement au plastique, le bambou est biod\u00e9gradable, ce qui r\u00e9duit l\u2019impact environnemental en fin de vie du produit.<\/div><\/div><\/div>\n\t\t\t\t\t\t\t\t\t<div class=\"elementor-tab-title elementor-tab-mobile-title\" aria-selected=\"false\" data-tab=\"5\" role=\"tab\" tabindex=\"-1\" aria-controls=\"elementor-tab-content-1365\" aria-expanded=\"false\">HISTORY<\/div>\n\t\t\t\t\t<div id=\"elementor-tab-content-1365\" class=\"elementor-tab-content elementor-clearfix\" data-tab=\"5\" role=\"tabpanel\" aria-labelledby=\"elementor-tab-title-1365\" tabindex=\"0\" hidden=\"hidden\"><p>Originaire d\u2019Afrique, d\u2019Australie et de Madagascar, le <strong>BAOBAB<\/strong> est un arbre singulier, malheureusement tr\u00e8s menac\u00e9, notamment par le r\u00e9chauffement climatique. Sa singularit\u00e9 vient de sa capacit\u00e9 \u00e0 entreposer l\u2019eau, d\u2019o\u00f9 sa forme et son surnom d\u2019arbre bouteille. De ce fait, son bois est poreux et peu utile \u2013 les plus vieux arbres, creux, servent parfois d\u2019abris, de grenier ou m\u00eame de prison. Cependant son \u00e9corce est utilis\u00e9e pour les cordages, la chair de ses fruits (le pain de singe) pour son go\u00fbt et son extraordinaire richesse en vitamine C et l\u2019huile de ses graines en cuisine et en cosm\u00e9tiques. Mais cette derni\u00e8re fait \u00e9galement partie de la pharmacop\u00e9e traditionnelle africaine et malgache pour ses propri\u00e9t\u00e9s antiallergiques et apaisantes.<\/p><\/div>\n\t\t\t\t\t\t\t\t\t<div class=\"elementor-tab-title elementor-tab-mobile-title\" aria-selected=\"false\" data-tab=\"6\" role=\"tab\" tabindex=\"-1\" aria-controls=\"elementor-tab-content-1366\" aria-expanded=\"false\">COMPOSITION<\/div>\n\t\t\t\t\t<div id=\"elementor-tab-content-1366\" class=\"elementor-tab-content elementor-clearfix\" data-tab=\"6\" role=\"tabpanel\" aria-labelledby=\"elementor-tab-title-1366\" tabindex=\"0\" hidden=\"hidden\"><p>Riche en acides gras de type om\u00e9ga 6 et 9, vitamineA ,D, E (tocoph\u00e9rols, phytost\u00e9rols\u00a0), F vitamine B1, B2 et PP, vitamine C, D et D3 et en oligo-\u00e9l\u00e9ment.<\/p><\/div>\n\t\t\t\t\t\t\t\t\t<div class=\"elementor-tab-title elementor-tab-mobile-title\" aria-selected=\"false\" data-tab=\"7\" role=\"tab\" tabindex=\"-1\" aria-controls=\"elementor-tab-content-1367\" aria-expanded=\"false\">CONTRAINDICATIONS<\/div>\n\t\t\t\t\t<div id=\"elementor-tab-content-1367\" class=\"elementor-tab-content elementor-clearfix\" data-tab=\"7\" role=\"tabpanel\" aria-labelledby=\"elementor-tab-title-1367\" tabindex=\"0\" hidden=\"hidden\"><p><strong>Il est recommand\u00e9 de faire un test pr\u00e9alable \u00e0 l\u2019int\u00e9rieur du pli du coude pour s\u2019assurer de l\u2019absence de r\u00e9action cutan\u00e9e.<\/strong><\/p><\/div>\n\t\t\t\t\t\t\t\t\t<div class=\"elementor-tab-title elementor-tab-mobile-title\" aria-selected=\"false\" data-tab=\"8\" role=\"tab\" tabindex=\"-1\" aria-controls=\"elementor-tab-content-1368\" aria-expanded=\"false\">CONSERVATION<\/div>\n\t\t\t\t\t<div id=\"elementor-tab-content-1368\" class=\"elementor-tab-content elementor-clearfix\" data-tab=\"8\" role=\"tabpanel\" aria-labelledby=\"elementor-tab-title-1368\" tabindex=\"0\" hidden=\"hidden\"><p><span style=\"text-decoration: underline;\"><b>Conditions de conservation<\/b> :<\/span> Conserver \u00e0 l&rsquo;abris de la lumi\u00e8re, de la chaleur et de l\u2019humidit\u00e9.<\/p>\n<p>L\u2019huile peut se figer \u00e0 temp\u00e9rature ambiante, et peut alors \u00eatre difficile \u00e0 sortir de son flacon.<br>Pour la fluidifier il vous faut simplement placer le flacon ou le pot dans un bol d\u2019eau chaude pendant 2-3 minutes.<\/p><\/div>\n\t\t\t\t\t\t\t\t\t<div class=\"elementor-tab-title elementor-tab-mobile-title\" aria-selected=\"false\" data-tab=\"9\" role=\"tab\" tabindex=\"-1\" aria-controls=\"elementor-tab-content-1369\" aria-expanded=\"false\">VIDEO DEMO<\/div>\n\t\t\t\t\t<div id=\"elementor-tab-content-1369\" class=\"elementor-tab-content elementor-clearfix\" data-tab=\"9\" role=\"tabpanel\" aria-labelledby=\"elementor-tab-title-1369\" tabindex=\"0\" hidden=\"hidden\"><\/div>\n\t\t\t\t\t\t\t<\/div>\n\t\t<\/div>\n\t\t\t\t\t\t<\/div>\n\t\t\t\t\t<\/div>\n\t\t<\/div>\n\t\t\t\t\t<\/div>\n\t\t<\/section>\n\t\t\t\t<\/div>","protected":false},"excerpt":{"rendered":"<p>BOTANICAL NAME : <strong>Adansonia digitata<br \/>\nOrigine, S\u00e9n\u00e9gal\u00a0<\/strong><\/p>\n<ul>\n<li>Face, body, hair<\/li>\n<li>40ml<\/li>\n<li>100% pure et naturelle<\/li>\n<li>Cold pressure<\/li>\n<li>Qualit\u00e9 premium<\/li>\n<\/ul>","protected":false},"featured_media":426,"comment_status":"open","ping_status":"closed","template":"","meta":{"_acf_changed":false},"product_cat":[67,52],"product_tag":[],"class_list":{"0":"post-500","1":"product","2":"type-product","3":"status-publish","4":"has-post-thumbnail","6":"product_cat-baobab","7":"product_cat-huiles","9":"first","10":"instock","11":"shipping-taxable","12":"purchasable","13":"product-type-simple","swatches":"rey-swatches","show_selected":""},"acf":[],"yoast_head":"<!-- This site is optimized with the Yoast SEO plugin v26.6 - https:\/\/yoast.com\/wordpress\/plugins\/seo\/ -->\n<title>Huile de Baobab - Afrika Bio<\/title>\n<meta name=\"robots\" content=\"index, follow, max-snippet:-1, max-image-preview:large, max-video-preview:-1\" \/>\n<link rel=\"canonical\" href=\"https:\/\/www.afrikabio.com\/en\/product\/huile-de-baobab\/\" \/>\n<meta property=\"og:locale\" content=\"en_GB\" \/>\n<meta property=\"og:type\" content=\"article\" \/>\n<meta property=\"og:title\" content=\"Huile de Baobab - Afrika Bio\" \/>\n<meta property=\"og:description\" content=\"NOM BOTANIQUE : Adansonia digitata Origine, S\u00e9n\u00e9gal\u00a0   Visage, corps, cheveux  40ml  100% pure et naturelle  Pression \u00e0 froid  Qualit\u00e9 premium\" \/>\n<meta property=\"og:url\" content=\"https:\/\/www.afrikabio.com\/en\/product\/huile-de-baobab\/\" \/>\n<meta property=\"og:site_name\" content=\"Afrika Bio\" \/>\n<meta property=\"article:publisher\" content=\"https:\/\/www.facebook.com\/profile.php?id=100090304284824\" \/>\n<meta property=\"article:modified_time\" content=\"2025-11-16T11:40:46+00:00\" \/>\n<meta property=\"og:image\" content=\"https:\/\/www.afrikabio.com\/wp-content\/uploads\/2024\/06\/Huile-de-baobab-.jpg\" \/>\n\t<meta property=\"og:image:width\" content=\"900\" \/>\n\t<meta property=\"og:image:height\" content=\"900\" \/>\n\t<meta property=\"og:image:type\" content=\"image\/jpeg\" \/>\n<meta name=\"twitter:card\" content=\"summary_large_image\" \/>\n<meta name=\"twitter:label1\" content=\"Estimated reading time\" \/>\n\t<meta name=\"twitter:data1\" content=\"4 minutes\" \/>\n<script type=\"application\/ld+json\" class=\"yoast-schema-graph\">{\"@context\":\"https:\/\/schema.org\",\"@graph\":[{\"@type\":\"WebPage\",\"@id\":\"https:\/\/www.afrikabio.com\/produit\/huile-de-baobab\/\",\"url\":\"https:\/\/www.afrikabio.com\/produit\/huile-de-baobab\/\",\"name\":\"Huile de Baobab - Afrika Bio\",\"isPartOf\":{\"@id\":\"https:\/\/www.afrikabio.com\/#website\"},\"primaryImageOfPage\":{\"@id\":\"https:\/\/www.afrikabio.com\/produit\/huile-de-baobab\/#primaryimage\"},\"image\":{\"@id\":\"https:\/\/www.afrikabio.com\/produit\/huile-de-baobab\/#primaryimage\"},\"thumbnailUrl\":\"https:\/\/www.afrikabio.com\/wp-content\/uploads\/2024\/06\/Huile-de-baobab-.jpg\",\"datePublished\":\"2024-06-14T05:41:33+00:00\",\"dateModified\":\"2025-11-16T11:40:46+00:00\",\"breadcrumb\":{\"@id\":\"https:\/\/www.afrikabio.com\/produit\/huile-de-baobab\/#breadcrumb\"},\"inLanguage\":\"en-GB\",\"potentialAction\":[{\"@type\":\"ReadAction\",\"target\":[\"https:\/\/www.afrikabio.com\/produit\/huile-de-baobab\/\"]}]},{\"@type\":\"ImageObject\",\"inLanguage\":\"en-GB\",\"@id\":\"https:\/\/www.afrikabio.com\/produit\/huile-de-baobab\/#primaryimage\",\"url\":\"https:\/\/www.afrikabio.com\/wp-content\/uploads\/2024\/06\/Huile-de-baobab-.jpg\",\"contentUrl\":\"https:\/\/www.afrikabio.com\/wp-content\/uploads\/2024\/06\/Huile-de-baobab-.jpg\",\"width\":900,\"height\":900},{\"@type\":\"BreadcrumbList\",\"@id\":\"https:\/\/www.afrikabio.com\/produit\/huile-de-baobab\/#breadcrumb\",\"itemListElement\":[{\"@type\":\"ListItem\",\"position\":1,\"name\":\"Accueil\",\"item\":\"https:\/\/www.afrikabio.com\/\"},{\"@type\":\"ListItem\",\"position\":2,\"name\":\"Produits\",\"item\":\"https:\/\/www.afrikabio.com\/shop\/\"},{\"@type\":\"ListItem\",\"position\":3,\"name\":\"Huile de Baobab\"}]},{\"@type\":\"WebSite\",\"@id\":\"https:\/\/www.afrikabio.com\/#website\",\"url\":\"https:\/\/www.afrikabio.com\/\",\"name\":\"Afrika Bio\",\"description\":\"Power of Nature\",\"publisher\":{\"@id\":\"https:\/\/www.afrikabio.com\/#organization\"},\"potentialAction\":[{\"@type\":\"SearchAction\",\"target\":{\"@type\":\"EntryPoint\",\"urlTemplate\":\"https:\/\/www.afrikabio.com\/?s={search_term_string}\"},\"query-input\":{\"@type\":\"PropertyValueSpecification\",\"valueRequired\":true,\"valueName\":\"search_term_string\"}}],\"inLanguage\":\"en-GB\"},{\"@type\":\"Organization\",\"@id\":\"https:\/\/www.afrikabio.com\/#organization\",\"name\":\"AfrikaBio\",\"url\":\"https:\/\/www.afrikabio.com\/\",\"logo\":{\"@type\":\"ImageObject\",\"inLanguage\":\"en-GB\",\"@id\":\"https:\/\/www.afrikabio.com\/#\/schema\/logo\/image\/\",\"url\":\"https:\/\/www.afrikabio.com\/wp-content\/uploads\/2024\/06\/cropped-cropped-logo-1.png\",\"contentUrl\":\"https:\/\/www.afrikabio.com\/wp-content\/uploads\/2024\/06\/cropped-cropped-logo-1.png\",\"width\":1420,\"height\":483,\"caption\":\"AfrikaBio\"},\"image\":{\"@id\":\"https:\/\/www.afrikabio.com\/#\/schema\/logo\/image\/\"},\"sameAs\":[\"https:\/\/www.facebook.com\/profile.php?id=100090304284824\"]}]}<\/script>\n<!-- \/ Yoast SEO plugin. -->","yoast_head_json":{"title":"Huile de Baobab - Afrika Bio","robots":{"index":"index","follow":"follow","max-snippet":"max-snippet:-1","max-image-preview":"max-image-preview:large","max-video-preview":"max-video-preview:-1"},"canonical":"https:\/\/www.afrikabio.com\/en\/product\/huile-de-baobab\/","og_locale":"en_GB","og_type":"article","og_title":"Huile de Baobab - Afrika Bio","og_description":"NOM BOTANIQUE : Adansonia digitata Origine, S\u00e9n\u00e9gal\u00a0   Visage, corps, cheveux  40ml  100% pure et naturelle  Pression \u00e0 froid  Qualit\u00e9 premium","og_url":"https:\/\/www.afrikabio.com\/en\/product\/huile-de-baobab\/","og_site_name":"Afrika Bio","article_publisher":"https:\/\/www.facebook.com\/profile.php?id=100090304284824","article_modified_time":"2025-11-16T11:40:46+00:00","og_image":[{"width":900,"height":900,"url":"https:\/\/www.afrikabio.com\/wp-content\/uploads\/2024\/06\/Huile-de-baobab-.jpg","type":"image\/jpeg"}],"twitter_card":"summary_large_image","twitter_misc":{"Estimated reading time":"4 minutes"},"schema":{"@context":"https:\/\/schema.org","@graph":[{"@type":"WebPage","@id":"https:\/\/www.afrikabio.com\/produit\/huile-de-baobab\/","url":"https:\/\/www.afrikabio.com\/produit\/huile-de-baobab\/","name":"Huile de Baobab - Afrika Bio","isPartOf":{"@id":"https:\/\/www.afrikabio.com\/#website"},"primaryImageOfPage":{"@id":"https:\/\/www.afrikabio.com\/produit\/huile-de-baobab\/#primaryimage"},"image":{"@id":"https:\/\/www.afrikabio.com\/produit\/huile-de-baobab\/#primaryimage"},"thumbnailUrl":"https:\/\/www.afrikabio.com\/wp-content\/uploads\/2024\/06\/Huile-de-baobab-.jpg","datePublished":"2024-06-14T05:41:33+00:00","dateModified":"2025-11-16T11:40:46+00:00","breadcrumb":{"@id":"https:\/\/www.afrikabio.com\/produit\/huile-de-baobab\/#breadcrumb"},"inLanguage":"en-GB","potentialAction":[{"@type":"ReadAction","target":["https:\/\/www.afrikabio.com\/produit\/huile-de-baobab\/"]}]},{"@type":"ImageObject","inLanguage":"en-GB","@id":"https:\/\/www.afrikabio.com\/produit\/huile-de-baobab\/#primaryimage","url":"https:\/\/www.afrikabio.com\/wp-content\/uploads\/2024\/06\/Huile-de-baobab-.jpg","contentUrl":"https:\/\/www.afrikabio.com\/wp-content\/uploads\/2024\/06\/Huile-de-baobab-.jpg","width":900,"height":900},{"@type":"BreadcrumbList","@id":"https:\/\/www.afrikabio.com\/produit\/huile-de-baobab\/#breadcrumb","itemListElement":[{"@type":"ListItem","position":1,"name":"Accueil","item":"https:\/\/www.afrikabio.com\/"},{"@type":"ListItem","position":2,"name":"Produits","item":"https:\/\/www.afrikabio.com\/shop\/"},{"@type":"ListItem","position":3,"name":"Huile de Baobab"}]},{"@type":"WebSite","@id":"https:\/\/www.afrikabio.com\/#website","url":"https:\/\/www.afrikabio.com\/","name":"Afrika Bio","description":"Power of Nature","publisher":{"@id":"https:\/\/www.afrikabio.com\/#organization"},"potentialAction":[{"@type":"SearchAction","target":{"@type":"EntryPoint","urlTemplate":"https:\/\/www.afrikabio.com\/?s={search_term_string}"},"query-input":{"@type":"PropertyValueSpecification","valueRequired":true,"valueName":"search_term_string"}}],"inLanguage":"en-GB"},{"@type":"Organization","@id":"https:\/\/www.afrikabio.com\/#organization","name":"AfrikaBio","url":"https:\/\/www.afrikabio.com\/","logo":{"@type":"ImageObject","inLanguage":"en-GB","@id":"https:\/\/www.afrikabio.com\/#\/schema\/logo\/image\/","url":"https:\/\/www.afrikabio.com\/wp-content\/uploads\/2024\/06\/cropped-cropped-logo-1.png","contentUrl":"https:\/\/www.afrikabio.com\/wp-content\/uploads\/2024\/06\/cropped-cropped-logo-1.png","width":1420,"height":483,"caption":"AfrikaBio"},"image":{"@id":"https:\/\/www.afrikabio.com\/#\/schema\/logo\/image\/"},"sameAs":["https:\/\/www.facebook.com\/profile.php?id=100090304284824"]}]}},"_links":{"self":[{"href":"https:\/\/www.afrikabio.com\/en\/wp-json\/wp\/v2\/product\/500","targetHints":{"allow":["GET"]}}],"collection":[{"href":"https:\/\/www.afrikabio.com\/en\/wp-json\/wp\/v2\/product"}],"about":[{"href":"https:\/\/www.afrikabio.com\/en\/wp-json\/wp\/v2\/types\/product"}],"replies":[{"embeddable":true,"href":"https:\/\/www.afrikabio.com\/en\/wp-json\/wp\/v2\/comments?post=500"}],"version-history":[{"count":1,"href":"https:\/\/www.afrikabio.com\/en\/wp-json\/wp\/v2\/product\/500\/revisions"}],"predecessor-version":[{"id":4228,"href":"https:\/\/www.afrikabio.com\/en\/wp-json\/wp\/v2\/product\/500\/revisions\/4228"}],"wp:featuredmedia":[{"embeddable":true,"href":"https:\/\/www.afrikabio.com\/en\/wp-json\/wp\/v2\/media\/426"}],"wp:attachment":[{"href":"https:\/\/www.afrikabio.com\/en\/wp-json\/wp\/v2\/media?parent=500"}],"wp:term":[{"taxonomy":"product_cat","embeddable":true,"href":"https:\/\/www.afrikabio.com\/en\/wp-json\/wp\/v2\/product_cat?post=500"},{"taxonomy":"product_tag","embeddable":true,"href":"https:\/\/www.afrikabio.com\/en\/wp-json\/wp\/v2\/product_tag?post=500"}],"curies":[{"name":"wp","href":"https:\/\/api.w.org\/{rel}","templated":true}]}}