{"id":462,"date":"2024-06-12T13:33:37","date_gmt":"2024-06-12T11:33:37","guid":{"rendered":"https:\/\/www.afrikabio.com\/?post_type=product&#038;p=462"},"modified":"2025-10-27T10:46:54","modified_gmt":"2025-10-27T09:46:54","slug":"graines-de-kinkeliba","status":"publish","type":"product","link":"https:\/\/www.afrikabio.com\/en\/product\/graines-de-kinkeliba\/","title":{"rendered":"Kinkeliba seeds"},"content":{"rendered":"<div data-elementor-type=\"wp-post\" data-elementor-id=\"462\" class=\"elementor elementor-462\" data-elementor-post-type=\"product\">\n\t\t\t\t\t\t<section class=\"elementor-section elementor-top-section elementor-element elementor-element-269c3f01 rey-section-stretched elementor-section-boxed elementor-section-height-default elementor-section-height-default\" data-id=\"269c3f01\" data-element_type=\"section\" data-e-type=\"section\">\n\t\t\t\t\t\t<div class=\"elementor-container elementor-column-gap-default\">\n\t\t\t\t\t<div class=\"elementor-column elementor-col-100 elementor-top-column elementor-element elementor-element-69617511\" data-id=\"69617511\" data-element_type=\"column\" data-e-type=\"column\">\n\t\t\t<div class=\"elementor-column-wrap--69617511 elementor-widget-wrap elementor-element-populated\">\n\t\t\t\t\t\t<div class=\"elementor-element elementor-element-516763ed elementor-tabs-view-horizontal elementor-widget elementor-widget-tabs\" data-id=\"516763ed\" data-element_type=\"widget\" data-e-type=\"widget\" data-widget_type=\"tabs.default\">\n\t\t\t\t\t\t\t<div class=\"elementor-tabs\">\n\t\t\t<div class=\"elementor-tabs-wrapper\" role=\"tablist\" >\n\t\t\t\t\t\t\t\t\t<div id=\"elementor-tab-title-1361\" class=\"elementor-tab-title elementor-tab-desktop-title\" aria-selected=\"true\" data-tab=\"1\" role=\"tab\" tabindex=\"0\" aria-controls=\"elementor-tab-content-1361\" aria-expanded=\"false\">CHARACTERISTICS<\/div>\n\t\t\t\t\t\t\t\t\t<div id=\"elementor-tab-title-1362\" class=\"elementor-tab-title elementor-tab-desktop-title\" aria-selected=\"false\" data-tab=\"2\" role=\"tab\" tabindex=\"-1\" aria-controls=\"elementor-tab-content-1362\" aria-expanded=\"false\">BENEFITS<\/div>\n\t\t\t\t\t\t\t\t\t<div id=\"elementor-tab-title-1363\" class=\"elementor-tab-title elementor-tab-desktop-title\" aria-selected=\"false\" data-tab=\"3\" role=\"tab\" tabindex=\"-1\" aria-controls=\"elementor-tab-content-1363\" aria-expanded=\"false\">USE<\/div>\n\t\t\t\t\t\t\t\t\t<div id=\"elementor-tab-title-1364\" class=\"elementor-tab-title elementor-tab-desktop-title\" aria-selected=\"false\" data-tab=\"4\" role=\"tab\" tabindex=\"-1\" aria-controls=\"elementor-tab-content-1364\" aria-expanded=\"false\">PACKAGING<\/div>\n\t\t\t\t\t\t\t\t\t<div id=\"elementor-tab-title-1365\" class=\"elementor-tab-title elementor-tab-desktop-title\" aria-selected=\"false\" data-tab=\"5\" role=\"tab\" tabindex=\"-1\" aria-controls=\"elementor-tab-content-1365\" aria-expanded=\"false\">HISTORY<\/div>\n\t\t\t\t\t\t\t\t\t<div id=\"elementor-tab-title-1366\" class=\"elementor-tab-title elementor-tab-desktop-title\" aria-selected=\"false\" data-tab=\"6\" role=\"tab\" tabindex=\"-1\" aria-controls=\"elementor-tab-content-1366\" aria-expanded=\"false\">COMPOSITION<\/div>\n\t\t\t\t\t\t\t\t\t<div id=\"elementor-tab-title-1367\" class=\"elementor-tab-title elementor-tab-desktop-title\" aria-selected=\"false\" data-tab=\"7\" role=\"tab\" tabindex=\"-1\" aria-controls=\"elementor-tab-content-1367\" aria-expanded=\"false\">CONTRAINDICATIONS<\/div>\n\t\t\t\t\t\t\t\t\t<div id=\"elementor-tab-title-1368\" class=\"elementor-tab-title elementor-tab-desktop-title\" aria-selected=\"false\" data-tab=\"8\" role=\"tab\" tabindex=\"-1\" aria-controls=\"elementor-tab-content-1368\" aria-expanded=\"false\">CONSERVATION<\/div>\n\t\t\t\t\t\t\t\t\t<div id=\"elementor-tab-title-1369\" class=\"elementor-tab-title elementor-tab-desktop-title\" aria-selected=\"false\" data-tab=\"9\" role=\"tab\" tabindex=\"-1\" aria-controls=\"elementor-tab-content-1369\" aria-expanded=\"false\">VIDEO DEMO<\/div>\n\t\t\t\t\t\t\t<\/div>\n\t\t\t<div class=\"elementor-tabs-content-wrapper\" role=\"tablist\" aria-orientation=\"vertical\">\n\t\t\t\t\t\t\t\t\t<div class=\"elementor-tab-title elementor-tab-mobile-title\" aria-selected=\"true\" data-tab=\"1\" role=\"tab\" tabindex=\"0\" aria-controls=\"elementor-tab-content-1361\" aria-expanded=\"false\">CHARACTERISTICS<\/div>\n\t\t\t\t\t<div id=\"elementor-tab-content-1361\" class=\"elementor-tab-content elementor-clearfix\" data-tab=\"1\" role=\"tabpanel\" aria-labelledby=\"elementor-tab-title-1361\" tabindex=\"0\" hidden=\"false\"><p>Le<strong> KINK\u00c9LIBA AFRIKA BIO<\/strong> est 100% pure et naturelle. Nos graines du fruit (Samare) de KINK\u00c9LIBA sont r\u00e9colt\u00e9es au Togo, puis torr\u00e9fi\u00e9es de fa\u00e7on artisanale selon une tradition ancienne qui lui donne une saveur particuli\u00e8re, \u00e0 la main pour en conserver toutes les effluves, saveurs et vertus. Pour tous les amateurs de caf\u00e9, vous trouverez ici un substitut au caf\u00e9 id\u00e9al. L\u2019infusion des graines de KINK\u00c9LIBA a un l\u00e9ger arri\u00e8re-go\u00fbt d\u2019amertume une fois aval\u00e9e, vite dissip\u00e9 par son go\u00fbt typique d\u2019un son go\u00fbt typique d\u2019un caf\u00e9 cors\u00e9.\u00a0Leurs vertus sont encore plus nombreuses que celles des feuilles de la plante dont elles proviennent.<\/p><\/div>\n\t\t\t\t\t\t\t\t\t<div class=\"elementor-tab-title elementor-tab-mobile-title\" aria-selected=\"false\" data-tab=\"2\" role=\"tab\" tabindex=\"-1\" aria-controls=\"elementor-tab-content-1362\" aria-expanded=\"false\">BENEFITS<\/div>\n\t\t\t\t\t<div id=\"elementor-tab-content-1362\" class=\"elementor-tab-content elementor-clearfix\" data-tab=\"2\" role=\"tabpanel\" aria-labelledby=\"elementor-tab-title-1362\" tabindex=\"0\" hidden=\"hidden\"><p><strong>Digestion\u00a0<\/strong>: Les graines de kink\u00e9liba sont traditionnellement utilis\u00e9es pour am\u00e9liorer la digestion et soulager les troubles digestifs tels que la constipation, la diarrh\u00e9e et les ballonnements. Ils contiennent des tanins et des saponines, qui ont des propri\u00e9t\u00e9s anti-inflammatoires et antispasmodiques.<\/p><p><strong>Foie\u00a0:<\/strong> Les graines de kink\u00e9liba sont \u00e9galement bonnes pour le foie. Elles aident \u00e0 d\u00e9toxifier le foie et \u00e0 prot\u00e9ger contre les dommages caus\u00e9s par les toxines. Ils contiennent \u00e9galement des antioxydants qui aident \u00e0 pr\u00e9venir les dommages aux cellules du foie.<\/p><p><strong>Reins<\/strong>\u00a0: Les graines de kink\u00e9liba sont \u00e9galement b\u00e9n\u00e9fiques pour les reins. Elles aident \u00e0 nettoyer les reins et \u00e0 pr\u00e9venir la formation de calculs r\u00e9naux. . Ils sont \u00e9galement diur\u00e9tiques, ce qui signifie qu&rsquo;ils aident \u00e0 augmenter la production d&rsquo;urine, ce qui peut aider \u00e0 \u00e9liminer leas toxines du corps.<\/p><p><strong>Paludisme<\/strong>\u00a0: Les graines de kink\u00e9liba sont traditionnellement utilis\u00e9es pour traiter le paludisme. Elles contiennent de la quinine, un compos\u00e9 qui est efficace contre le parasite du paludisme.<\/p><p><strong>Autres bienfaits<\/strong> : Les graines de kink\u00e9liba ont \u00e9galement \u00e9t\u00e9 utilis\u00e9es pour traiter d&rsquo;autres affections telles que l&rsquo;arthrite, la fi\u00e8vre et les infections.<\/p><p><strong>Propri\u00e9t\u00e9s anti-inflammatoires<\/strong> : Les graines de Kink\u00e9liba contiennent des compos\u00e9s qui peuvent aider \u00e0 r\u00e9duire l&rsquo;inflammation dans le corps, ce qui peut \u00eatre b\u00e9n\u00e9fique pour les personnes souffrant de douleurs articulaires, de maladies inflammatoires ou de maladies auto-immunes.<\/p><p><strong>Effet antioxydant<\/strong> : Les graines de Kink\u00e9liba sont riches en antioxydants, des compos\u00e9s qui peuvent aider \u00e0 prot\u00e9ger les cellules du corps contre les dommages caus\u00e9s par les radicaux libres. Cela peut \u00eatre b\u00e9n\u00e9fique pour r\u00e9duire le risque de maladies chroniques telles que le cancer, les maladies cardiaques et le vieillissement pr\u00e9matur\u00e9.<\/p><p><strong>Propri\u00e9t\u00e9s antidiab\u00e9tiques<\/strong> : Des \u00e9tudes ont sugg\u00e9r\u00e9 que les graines de Kink\u00e9liba pourraient aider \u00e0 r\u00e9guler la glyc\u00e9mie chez les personnes atteintes de diab\u00e8te, en abaissant les niveaux de sucre dans le sang.<\/p><p><strong>Effet antiviral et antibact\u00e9rien\u00a0<\/strong>: Agit sur les souches virales de l\u2019herp\u00e8s HSV-1 et HSV-2<\/p><p><br \/><b>Agit sur les souches bact\u00e9riennes<\/b> : telle que le staphylocoque aureus, E. Coli, Pseudomonas aeruginoa, Proteus mirabilis, Bacillus cereus, Salmonella typhi, Bacillus subtilis.<\/p><p><b>Troubles urinaires<\/b> : favorise l&rsquo;excr\u00e9tion urinaire.<\/p><p><b>Perte de poids et lutte contre l\u2019ob\u00e9sit\u00e9\u00a0:<span class=\"Apple-converted-space\">\u00a0<\/span><\/b><span style=\"font-family: var(--body-font-family); font-size: var(--body-font-size);\">Les propri\u00e9t\u00e9s digestives, diur\u00e9tiques, anti-cholest\u00e9rol, anti-inflammatoire et hypoglyc\u00e9miantes sont tr\u00e8s int\u00e9ressantes pour aider \u00e0 perdre du poids et lutter contre l\u2019ob\u00e9sit\u00e9.<\/span><span style=\"font-family: var(--body-font-family); font-size: var(--body-font-size);\">\u00a0De plus, les antioxydants tel que les flavono\u00efdes jouent un r\u00f4le important dans la perte de poids et sa stabilisation. Boire la tisane de Kinkeliba combin\u00e9e \u00e0 un r\u00e9gime amaigrissant, aide \u00e0 lutter contre l\u2019ob\u00e9sit\u00e9, et \u00e0 pr\u00e9venir\u00a0 les risques cardiovasculaires qui en d\u00e9coulent. De plus la plante agit comme un coupe faim et procure de la sati\u00e9t\u00e9, ce qui facilite les p\u00e9riodes de di\u00e8te ou de jeune.<\/span><\/p><p><b>R\u00e9duit la tension art\u00e9rielle :<span class=\"Apple-converted-space\">\u00a0<\/span><\/b><\/p><p>Ce tr\u00e9sor africain regorge de vertus. Il est tr\u00e8s riche en cat\u00e9chine et en tanin. Ces deux substances ont des propri\u00e9t\u00e9s hypotensives qui permettent de r\u00e9duire la tension art\u00e9rielle.<\/p><p>Enfin, on leur pr\u00eate \u00e9galement une efficacit\u00e9 sans pareil dans le traitement des h\u00e9morro\u00efdes internes.<\/p><\/div>\n\t\t\t\t\t\t\t\t\t<div class=\"elementor-tab-title elementor-tab-mobile-title\" aria-selected=\"false\" data-tab=\"3\" role=\"tab\" tabindex=\"-1\" aria-controls=\"elementor-tab-content-1363\" aria-expanded=\"false\">USE<\/div>\n\t\t\t\t\t<div id=\"elementor-tab-content-1363\" class=\"elementor-tab-content elementor-clearfix\" data-tab=\"3\" role=\"tabpanel\" aria-labelledby=\"elementor-tab-title-1363\" tabindex=\"0\" hidden=\"hidden\"><p>Les graines de kink\u00e9liba peuvent \u00eatre utilis\u00e9es de diff\u00e9rentes mani\u00e8res. Elles peuvent \u00eatre m\u00e2ch\u00e9es crues, torr\u00e9fi\u00e9es et moulues en caf\u00e9, ou infus\u00e9es en tisane.<\/p><p>Vous pouvez l&rsquo;utiliser dans une machine \u00e0 caf\u00e9 \u00e0 grain, ou mettre 200 ml d&rsquo;eau avec une cuill\u00e8re \u00e0 caf\u00e9 de graines dans une casserole, porter \u00e0 \u00e9bullition, puis r\u00e9duire le feu et laisser mijoter 10 minutes. puis laisser infuser 10 min. Ajouter une cuill\u00e8re de miel.<\/p><\/div>\n\t\t\t\t\t\t\t\t\t<div class=\"elementor-tab-title elementor-tab-mobile-title\" aria-selected=\"false\" data-tab=\"4\" role=\"tab\" tabindex=\"-1\" aria-controls=\"elementor-tab-content-1364\" aria-expanded=\"false\">PACKAGING<\/div>\n\t\t\t\t\t<div id=\"elementor-tab-content-1364\" class=\"elementor-tab-content elementor-clearfix\" data-tab=\"4\" role=\"tabpanel\" aria-labelledby=\"elementor-tab-title-1364\" tabindex=\"0\" hidden=\"hidden\">Dans le cadre d&rsquo;une d\u00e9marche responsable, nos pots sont livr\u00e9s sans \u00e9tui suppl\u00e9mentaire. Nos pots en kraft biod\u00e9gradables sont recyclables ou r\u00e9utilisables.&nbsp;<br><\/div>\n\t\t\t\t\t\t\t\t\t<div class=\"elementor-tab-title elementor-tab-mobile-title\" aria-selected=\"false\" data-tab=\"5\" role=\"tab\" tabindex=\"-1\" aria-controls=\"elementor-tab-content-1365\" aria-expanded=\"false\">HISTORY<\/div>\n\t\t\t\t\t<div id=\"elementor-tab-content-1365\" class=\"elementor-tab-content elementor-clearfix\" data-tab=\"5\" role=\"tabpanel\" aria-labelledby=\"elementor-tab-title-1365\" tabindex=\"0\" hidden=\"hidden\"><p>Le KINKELIBA est une plante originaire d\u2019Afrique de la famille des Combr\u00e9tac\u00e9es. Connu en m\u00e9decine traditionnelle, cet arbrisseau touffu pousse en terre aride et peut mesurer de 2 \u00e0 5 m\u00e8tres, souvent r\u00e9uni en buissons. Les feuilles vert fonc\u00e9 sont coriaces, les petites fleurs blanches sont dispos\u00e9es en \u00e9pi et le fruit est un samare. Nos graines du fruit (Samare) de KINK\u00c9LIBA sont r\u00e9colt\u00e9es au Togo. Le KINKELIBA poss\u00e8de des vertus pour notre sant\u00e9, l\u2019infusion des feuilles est r\u00e9put\u00e9e soigner divers maux en Afrique.<\/p><\/div>\n\t\t\t\t\t\t\t\t\t<div class=\"elementor-tab-title elementor-tab-mobile-title\" aria-selected=\"false\" data-tab=\"6\" role=\"tab\" tabindex=\"-1\" aria-controls=\"elementor-tab-content-1366\" aria-expanded=\"false\">COMPOSITION<\/div>\n\t\t\t\t\t<div id=\"elementor-tab-content-1366\" class=\"elementor-tab-content elementor-clearfix\" data-tab=\"6\" role=\"tabpanel\" aria-labelledby=\"elementor-tab-title-1366\" tabindex=\"0\" hidden=\"hidden\"><p>Les graines de Kink\u00e9liba sont riches en tanins cat\u00e9chiques ; des flavono\u00efdes ;un alcalo\u00efde (la combretine) ; des acides amin\u00e9s, de l\u2019acide gallique ; des proanthocyanidols ; de la b\u00e9ta\u00efne, de la choline, du nitrate de potasse ; des polyph\u00e9nols (sorbitol et inositol) et des h\u00e9t\u00e9rosides ; des triterp\u00e8nes.<\/p><\/div>\n\t\t\t\t\t\t\t\t\t<div class=\"elementor-tab-title elementor-tab-mobile-title\" aria-selected=\"false\" data-tab=\"7\" role=\"tab\" tabindex=\"-1\" aria-controls=\"elementor-tab-content-1367\" aria-expanded=\"false\">CONTRAINDICATIONS<\/div>\n\t\t\t\t\t<div id=\"elementor-tab-content-1367\" class=\"elementor-tab-content elementor-clearfix\" data-tab=\"7\" role=\"tabpanel\" aria-labelledby=\"elementor-tab-title-1367\" tabindex=\"0\" hidden=\"hidden\"><p>\u26a0 D\u00e9conseill\u00e9 aux femmes enceintes et allaitantes\ud83e\udd30et \u00e0 l\u2019enfant de moins de 6 ans.\u00a0<\/p><\/div>\n\t\t\t\t\t\t\t\t\t<div class=\"elementor-tab-title elementor-tab-mobile-title\" aria-selected=\"false\" data-tab=\"8\" role=\"tab\" tabindex=\"-1\" aria-controls=\"elementor-tab-content-1368\" aria-expanded=\"false\">CONSERVATION<\/div>\n\t\t\t\t\t<div id=\"elementor-tab-content-1368\" class=\"elementor-tab-content elementor-clearfix\" data-tab=\"8\" role=\"tabpanel\" aria-labelledby=\"elementor-tab-title-1368\" tabindex=\"0\" hidden=\"hidden\"><p>Conditions de conservation : Conserver \u00e0 l&rsquo;abris de la lumi\u00e8re, de la chaleur et de l\u2019humidit\u00e9.<\/p><\/div>\n\t\t\t\t\t\t\t\t\t<div class=\"elementor-tab-title elementor-tab-mobile-title\" aria-selected=\"false\" data-tab=\"9\" role=\"tab\" tabindex=\"-1\" aria-controls=\"elementor-tab-content-1369\" aria-expanded=\"false\">VIDEO DEMO<\/div>\n\t\t\t\t\t<div id=\"elementor-tab-content-1369\" class=\"elementor-tab-content elementor-clearfix\" data-tab=\"9\" role=\"tabpanel\" aria-labelledby=\"elementor-tab-title-1369\" tabindex=\"0\" hidden=\"hidden\"><\/div>\n\t\t\t\t\t\t\t<\/div>\n\t\t<\/div>\n\t\t\t\t\t\t<\/div>\n\t\t\t\t\t<\/div>\n\t\t<\/div>\n\t\t\t\t\t<\/div>\n\t\t<\/section>\n\t\t\t\t<\/div>","protected":false},"excerpt":{"rendered":"<p>BOTANICAL NAME : <strong>Combretum micranthum<br \/>\nOrigine, Togo<\/strong><\/p>\n<ul>\n<li>Health and well-being<\/li>\n<li>100g<\/li>\n<li>100% pure et naturelle<\/li>\n<li>Qualit\u00e9 premium<\/li>\n<\/ul>","protected":false},"featured_media":466,"comment_status":"open","ping_status":"closed","template":"","meta":{"_acf_changed":false},"product_cat":[54],"product_tag":[],"class_list":{"0":"post-462","1":"product","2":"type-product","3":"status-publish","4":"has-post-thumbnail","6":"product_cat-graines","8":"first","9":"instock","10":"shipping-taxable","11":"purchasable","12":"product-type-simple","swatches":"rey-swatches","show_selected":""},"acf":[],"yoast_head":"<!-- This site is optimized with the Yoast SEO plugin v26.6 - https:\/\/yoast.com\/wordpress\/plugins\/seo\/ -->\n<title>Graines de Kinkeliba - Afrika Bio<\/title>\n<meta name=\"robots\" content=\"index, follow, max-snippet:-1, max-image-preview:large, max-video-preview:-1\" \/>\n<link rel=\"canonical\" href=\"https:\/\/www.afrikabio.com\/en\/product\/graines-de-kinkeliba\/\" \/>\n<meta property=\"og:locale\" content=\"en_GB\" \/>\n<meta property=\"og:type\" content=\"article\" \/>\n<meta property=\"og:title\" content=\"Graines de Kinkeliba - Afrika Bio\" \/>\n<meta property=\"og:description\" content=\"NOM BOTANIQUE : Combretum micranthum Origine, Togo   Bien-\u00eatre et sant\u00e9  100g  100% pure et naturelle  Qualit\u00e9 premium\" \/>\n<meta property=\"og:url\" content=\"https:\/\/www.afrikabio.com\/en\/product\/graines-de-kinkeliba\/\" \/>\n<meta property=\"og:site_name\" content=\"Afrika Bio\" \/>\n<meta property=\"article:publisher\" content=\"https:\/\/www.facebook.com\/profile.php?id=100090304284824\" \/>\n<meta property=\"article:modified_time\" content=\"2025-10-27T09:46:54+00:00\" \/>\n<meta property=\"og:image\" content=\"https:\/\/www.afrikabio.com\/wp-content\/uploads\/2024\/06\/Graine-de-kinkeliba-boite.jpg\" \/>\n\t<meta property=\"og:image:width\" content=\"900\" \/>\n\t<meta property=\"og:image:height\" content=\"900\" \/>\n\t<meta property=\"og:image:type\" content=\"image\/jpeg\" \/>\n<meta name=\"twitter:card\" content=\"summary_large_image\" \/>\n<meta name=\"twitter:label1\" content=\"Estimated reading time\" \/>\n\t<meta name=\"twitter:data1\" content=\"5 minutes\" \/>\n<script type=\"application\/ld+json\" class=\"yoast-schema-graph\">{\"@context\":\"https:\/\/schema.org\",\"@graph\":[{\"@type\":\"WebPage\",\"@id\":\"https:\/\/www.afrikabio.com\/produit\/graines-de-kinkeliba\/\",\"url\":\"https:\/\/www.afrikabio.com\/produit\/graines-de-kinkeliba\/\",\"name\":\"Graines de Kinkeliba - Afrika Bio\",\"isPartOf\":{\"@id\":\"https:\/\/www.afrikabio.com\/#website\"},\"primaryImageOfPage\":{\"@id\":\"https:\/\/www.afrikabio.com\/produit\/graines-de-kinkeliba\/#primaryimage\"},\"image\":{\"@id\":\"https:\/\/www.afrikabio.com\/produit\/graines-de-kinkeliba\/#primaryimage\"},\"thumbnailUrl\":\"https:\/\/www.afrikabio.com\/wp-content\/uploads\/2024\/06\/Graine-de-kinkeliba-boite.jpg\",\"datePublished\":\"2024-06-12T11:33:37+00:00\",\"dateModified\":\"2025-10-27T09:46:54+00:00\",\"breadcrumb\":{\"@id\":\"https:\/\/www.afrikabio.com\/produit\/graines-de-kinkeliba\/#breadcrumb\"},\"inLanguage\":\"en-GB\",\"potentialAction\":[{\"@type\":\"ReadAction\",\"target\":[\"https:\/\/www.afrikabio.com\/produit\/graines-de-kinkeliba\/\"]}]},{\"@type\":\"ImageObject\",\"inLanguage\":\"en-GB\",\"@id\":\"https:\/\/www.afrikabio.com\/produit\/graines-de-kinkeliba\/#primaryimage\",\"url\":\"https:\/\/www.afrikabio.com\/wp-content\/uploads\/2024\/06\/Graine-de-kinkeliba-boite.jpg\",\"contentUrl\":\"https:\/\/www.afrikabio.com\/wp-content\/uploads\/2024\/06\/Graine-de-kinkeliba-boite.jpg\",\"width\":900,\"height\":900},{\"@type\":\"BreadcrumbList\",\"@id\":\"https:\/\/www.afrikabio.com\/produit\/graines-de-kinkeliba\/#breadcrumb\",\"itemListElement\":[{\"@type\":\"ListItem\",\"position\":1,\"name\":\"Accueil\",\"item\":\"https:\/\/www.afrikabio.com\/\"},{\"@type\":\"ListItem\",\"position\":2,\"name\":\"Produits\",\"item\":\"https:\/\/www.afrikabio.com\/shop\/\"},{\"@type\":\"ListItem\",\"position\":3,\"name\":\"Graines de Kinkeliba\"}]},{\"@type\":\"WebSite\",\"@id\":\"https:\/\/www.afrikabio.com\/#website\",\"url\":\"https:\/\/www.afrikabio.com\/\",\"name\":\"Afrika Bio\",\"description\":\"Power of Nature\",\"publisher\":{\"@id\":\"https:\/\/www.afrikabio.com\/#organization\"},\"potentialAction\":[{\"@type\":\"SearchAction\",\"target\":{\"@type\":\"EntryPoint\",\"urlTemplate\":\"https:\/\/www.afrikabio.com\/?s={search_term_string}\"},\"query-input\":{\"@type\":\"PropertyValueSpecification\",\"valueRequired\":true,\"valueName\":\"search_term_string\"}}],\"inLanguage\":\"en-GB\"},{\"@type\":\"Organization\",\"@id\":\"https:\/\/www.afrikabio.com\/#organization\",\"name\":\"AfrikaBio\",\"url\":\"https:\/\/www.afrikabio.com\/\",\"logo\":{\"@type\":\"ImageObject\",\"inLanguage\":\"en-GB\",\"@id\":\"https:\/\/www.afrikabio.com\/#\/schema\/logo\/image\/\",\"url\":\"https:\/\/www.afrikabio.com\/wp-content\/uploads\/2024\/06\/cropped-cropped-logo-1.png\",\"contentUrl\":\"https:\/\/www.afrikabio.com\/wp-content\/uploads\/2024\/06\/cropped-cropped-logo-1.png\",\"width\":1420,\"height\":483,\"caption\":\"AfrikaBio\"},\"image\":{\"@id\":\"https:\/\/www.afrikabio.com\/#\/schema\/logo\/image\/\"},\"sameAs\":[\"https:\/\/www.facebook.com\/profile.php?id=100090304284824\"]}]}<\/script>\n<!-- \/ Yoast SEO plugin. -->","yoast_head_json":{"title":"Graines de Kinkeliba - Afrika Bio","robots":{"index":"index","follow":"follow","max-snippet":"max-snippet:-1","max-image-preview":"max-image-preview:large","max-video-preview":"max-video-preview:-1"},"canonical":"https:\/\/www.afrikabio.com\/en\/product\/graines-de-kinkeliba\/","og_locale":"en_GB","og_type":"article","og_title":"Graines de Kinkeliba - Afrika Bio","og_description":"NOM BOTANIQUE : Combretum micranthum Origine, Togo   Bien-\u00eatre et sant\u00e9  100g  100% pure et naturelle  Qualit\u00e9 premium","og_url":"https:\/\/www.afrikabio.com\/en\/product\/graines-de-kinkeliba\/","og_site_name":"Afrika Bio","article_publisher":"https:\/\/www.facebook.com\/profile.php?id=100090304284824","article_modified_time":"2025-10-27T09:46:54+00:00","og_image":[{"width":900,"height":900,"url":"https:\/\/www.afrikabio.com\/wp-content\/uploads\/2024\/06\/Graine-de-kinkeliba-boite.jpg","type":"image\/jpeg"}],"twitter_card":"summary_large_image","twitter_misc":{"Estimated reading time":"5 minutes"},"schema":{"@context":"https:\/\/schema.org","@graph":[{"@type":"WebPage","@id":"https:\/\/www.afrikabio.com\/produit\/graines-de-kinkeliba\/","url":"https:\/\/www.afrikabio.com\/produit\/graines-de-kinkeliba\/","name":"Graines de Kinkeliba - Afrika Bio","isPartOf":{"@id":"https:\/\/www.afrikabio.com\/#website"},"primaryImageOfPage":{"@id":"https:\/\/www.afrikabio.com\/produit\/graines-de-kinkeliba\/#primaryimage"},"image":{"@id":"https:\/\/www.afrikabio.com\/produit\/graines-de-kinkeliba\/#primaryimage"},"thumbnailUrl":"https:\/\/www.afrikabio.com\/wp-content\/uploads\/2024\/06\/Graine-de-kinkeliba-boite.jpg","datePublished":"2024-06-12T11:33:37+00:00","dateModified":"2025-10-27T09:46:54+00:00","breadcrumb":{"@id":"https:\/\/www.afrikabio.com\/produit\/graines-de-kinkeliba\/#breadcrumb"},"inLanguage":"en-GB","potentialAction":[{"@type":"ReadAction","target":["https:\/\/www.afrikabio.com\/produit\/graines-de-kinkeliba\/"]}]},{"@type":"ImageObject","inLanguage":"en-GB","@id":"https:\/\/www.afrikabio.com\/produit\/graines-de-kinkeliba\/#primaryimage","url":"https:\/\/www.afrikabio.com\/wp-content\/uploads\/2024\/06\/Graine-de-kinkeliba-boite.jpg","contentUrl":"https:\/\/www.afrikabio.com\/wp-content\/uploads\/2024\/06\/Graine-de-kinkeliba-boite.jpg","width":900,"height":900},{"@type":"BreadcrumbList","@id":"https:\/\/www.afrikabio.com\/produit\/graines-de-kinkeliba\/#breadcrumb","itemListElement":[{"@type":"ListItem","position":1,"name":"Accueil","item":"https:\/\/www.afrikabio.com\/"},{"@type":"ListItem","position":2,"name":"Produits","item":"https:\/\/www.afrikabio.com\/shop\/"},{"@type":"ListItem","position":3,"name":"Graines de Kinkeliba"}]},{"@type":"WebSite","@id":"https:\/\/www.afrikabio.com\/#website","url":"https:\/\/www.afrikabio.com\/","name":"Afrika Bio","description":"Power of Nature","publisher":{"@id":"https:\/\/www.afrikabio.com\/#organization"},"potentialAction":[{"@type":"SearchAction","target":{"@type":"EntryPoint","urlTemplate":"https:\/\/www.afrikabio.com\/?s={search_term_string}"},"query-input":{"@type":"PropertyValueSpecification","valueRequired":true,"valueName":"search_term_string"}}],"inLanguage":"en-GB"},{"@type":"Organization","@id":"https:\/\/www.afrikabio.com\/#organization","name":"AfrikaBio","url":"https:\/\/www.afrikabio.com\/","logo":{"@type":"ImageObject","inLanguage":"en-GB","@id":"https:\/\/www.afrikabio.com\/#\/schema\/logo\/image\/","url":"https:\/\/www.afrikabio.com\/wp-content\/uploads\/2024\/06\/cropped-cropped-logo-1.png","contentUrl":"https:\/\/www.afrikabio.com\/wp-content\/uploads\/2024\/06\/cropped-cropped-logo-1.png","width":1420,"height":483,"caption":"AfrikaBio"},"image":{"@id":"https:\/\/www.afrikabio.com\/#\/schema\/logo\/image\/"},"sameAs":["https:\/\/www.facebook.com\/profile.php?id=100090304284824"]}]}},"_links":{"self":[{"href":"https:\/\/www.afrikabio.com\/en\/wp-json\/wp\/v2\/product\/462","targetHints":{"allow":["GET"]}}],"collection":[{"href":"https:\/\/www.afrikabio.com\/en\/wp-json\/wp\/v2\/product"}],"about":[{"href":"https:\/\/www.afrikabio.com\/en\/wp-json\/wp\/v2\/types\/product"}],"replies":[{"embeddable":true,"href":"https:\/\/www.afrikabio.com\/en\/wp-json\/wp\/v2\/comments?post=462"}],"version-history":[{"count":1,"href":"https:\/\/www.afrikabio.com\/en\/wp-json\/wp\/v2\/product\/462\/revisions"}],"predecessor-version":[{"id":4120,"href":"https:\/\/www.afrikabio.com\/en\/wp-json\/wp\/v2\/product\/462\/revisions\/4120"}],"wp:featuredmedia":[{"embeddable":true,"href":"https:\/\/www.afrikabio.com\/en\/wp-json\/wp\/v2\/media\/466"}],"wp:attachment":[{"href":"https:\/\/www.afrikabio.com\/en\/wp-json\/wp\/v2\/media?parent=462"}],"wp:term":[{"taxonomy":"product_cat","embeddable":true,"href":"https:\/\/www.afrikabio.com\/en\/wp-json\/wp\/v2\/product_cat?post=462"},{"taxonomy":"product_tag","embeddable":true,"href":"https:\/\/www.afrikabio.com\/en\/wp-json\/wp\/v2\/product_tag?post=462"}],"curies":[{"name":"wp","href":"https:\/\/api.w.org\/{rel}","templated":true}]}}