{"id":378,"date":"2024-06-10T21:03:22","date_gmt":"2024-06-10T19:03:22","guid":{"rendered":"https:\/\/www.afrikabio.com\/?post_type=product&#038;p=378"},"modified":"2025-11-14T10:46:07","modified_gmt":"2025-11-14T09:46:07","slug":"poudre-de-nep-nep","status":"publish","type":"product","link":"https:\/\/www.afrikabio.com\/en\/product\/poudre-de-nep-nep\/","title":{"rendered":"Poudre de Nep Nep"},"content":{"rendered":"<div data-elementor-type=\"wp-post\" data-elementor-id=\"378\" class=\"elementor elementor-378\" data-elementor-post-type=\"product\">\n\t\t\t\t\t\t<section class=\"elementor-section elementor-top-section elementor-element elementor-element-2000a20f rey-section-stretched elementor-section-boxed elementor-section-height-default elementor-section-height-default\" data-id=\"2000a20f\" data-element_type=\"section\" data-e-type=\"section\">\n\t\t\t\t\t\t<div class=\"elementor-container elementor-column-gap-custom\">\n\t\t\t\t\t<div class=\"elementor-column elementor-col-100 elementor-top-column elementor-element elementor-element-6993903c\" data-id=\"6993903c\" data-element_type=\"column\" data-e-type=\"column\">\n\t\t\t<div class=\"elementor-column-wrap--6993903c elementor-widget-wrap elementor-element-populated\">\n\t\t\t\t\t\t<div class=\"elementor-element elementor-element-17c1b638 elementor-tabs-view-horizontal elementor-widget elementor-widget-tabs\" data-id=\"17c1b638\" data-element_type=\"widget\" data-e-type=\"widget\" data-widget_type=\"tabs.default\">\n\t\t\t\t\t\t\t<div class=\"elementor-tabs\">\n\t\t\t<div class=\"elementor-tabs-wrapper\" role=\"tablist\" >\n\t\t\t\t\t\t\t\t\t<div id=\"elementor-tab-title-3981\" class=\"elementor-tab-title elementor-tab-desktop-title\" aria-selected=\"true\" data-tab=\"1\" role=\"tab\" tabindex=\"0\" aria-controls=\"elementor-tab-content-3981\" aria-expanded=\"false\">CHARACTERISTICS<\/div>\n\t\t\t\t\t\t\t\t\t<div id=\"elementor-tab-title-3982\" class=\"elementor-tab-title elementor-tab-desktop-title\" aria-selected=\"false\" data-tab=\"2\" role=\"tab\" tabindex=\"-1\" aria-controls=\"elementor-tab-content-3982\" aria-expanded=\"false\">BENEFITS<\/div>\n\t\t\t\t\t\t\t\t\t<div id=\"elementor-tab-title-3983\" class=\"elementor-tab-title elementor-tab-desktop-title\" aria-selected=\"false\" data-tab=\"3\" role=\"tab\" tabindex=\"-1\" aria-controls=\"elementor-tab-content-3983\" aria-expanded=\"false\">USE<\/div>\n\t\t\t\t\t\t\t\t\t<div id=\"elementor-tab-title-3984\" class=\"elementor-tab-title elementor-tab-desktop-title\" aria-selected=\"false\" data-tab=\"4\" role=\"tab\" tabindex=\"-1\" aria-controls=\"elementor-tab-content-3984\" aria-expanded=\"false\">PACKAGING<\/div>\n\t\t\t\t\t\t\t\t\t<div id=\"elementor-tab-title-3985\" class=\"elementor-tab-title elementor-tab-desktop-title\" aria-selected=\"false\" data-tab=\"5\" role=\"tab\" tabindex=\"-1\" aria-controls=\"elementor-tab-content-3985\" aria-expanded=\"false\">HISTORY<\/div>\n\t\t\t\t\t\t\t\t\t<div id=\"elementor-tab-title-3986\" class=\"elementor-tab-title elementor-tab-desktop-title\" aria-selected=\"false\" data-tab=\"6\" role=\"tab\" tabindex=\"-1\" aria-controls=\"elementor-tab-content-3986\" aria-expanded=\"false\">COMPOSITION<\/div>\n\t\t\t\t\t\t\t\t\t<div id=\"elementor-tab-title-3987\" class=\"elementor-tab-title elementor-tab-desktop-title\" aria-selected=\"false\" data-tab=\"7\" role=\"tab\" tabindex=\"-1\" aria-controls=\"elementor-tab-content-3987\" aria-expanded=\"false\">CONTRAINDICATIONS<\/div>\n\t\t\t\t\t\t\t\t\t<div id=\"elementor-tab-title-3988\" class=\"elementor-tab-title elementor-tab-desktop-title\" aria-selected=\"false\" data-tab=\"8\" role=\"tab\" tabindex=\"-1\" aria-controls=\"elementor-tab-content-3988\" aria-expanded=\"false\">CONSERVATION<\/div>\n\t\t\t\t\t\t\t\t\t<div id=\"elementor-tab-title-3989\" class=\"elementor-tab-title elementor-tab-desktop-title\" aria-selected=\"false\" data-tab=\"9\" role=\"tab\" tabindex=\"-1\" aria-controls=\"elementor-tab-content-3989\" aria-expanded=\"false\">VIDEO DEMO<\/div>\n\t\t\t\t\t\t\t<\/div>\n\t\t\t<div class=\"elementor-tabs-content-wrapper\" role=\"tablist\" aria-orientation=\"vertical\">\n\t\t\t\t\t\t\t\t\t<div class=\"elementor-tab-title elementor-tab-mobile-title\" aria-selected=\"true\" data-tab=\"1\" role=\"tab\" tabindex=\"0\" aria-controls=\"elementor-tab-content-3981\" aria-expanded=\"false\">CHARACTERISTICS<\/div>\n\t\t\t\t\t<div id=\"elementor-tab-content-3981\" class=\"elementor-tab-content elementor-clearfix\" data-tab=\"1\" role=\"tabpanel\" aria-labelledby=\"elementor-tab-title-3981\" tabindex=\"0\" hidden=\"false\"><p><strong>La POUDRE DE NEP NEP AFRIKA BIO<\/strong> est est 100% pure et naturelle est une v\u00e9ritable merveille de la nature africaine. Elle est cultiv\u00e9e sans pesticides ni d&rsquo;engrais chimiques, garantissant un produit 100% biologique et respectueux de l&rsquo;environnement. Extraite des graines de l&rsquo;Acacia nilotica, cette poudre pr\u00e9cieuse incarne l&rsquo;essence m\u00eame du bien-\u00eatre et de la tradition. Renfermant un concentr\u00e9 unique de propri\u00e9t\u00e9s th\u00e9rapeutiques, elle est pris\u00e9e depuis des si\u00e8cles pour ses vertus apaisantes et revitalisantes. Il faut dire que cette plante tropicale est quasiment enti\u00e8rement exploitable : Ses racines sont excellentes pour les maladies des yeux, notamment contre la cataracte. Ses branches peuvent \u00eatre utilis\u00e9es contre les caries dentaires. Son \u00e9corce est traditionnellement employ\u00e9e contre les aphtes, la gingivite ainsi que contre les caries. Mais aussi contre la diarrh\u00e9e, les stomatites, l\u2019otite et les douleurs gastro-intestinales. Mais ce sont principalement ses fruits qui nous int\u00e9ressent ici. Ils ressemblent \u00e0 des gousses de taille allong\u00e9e, oblongue et aplatie. Celles-ci contiennent des petites graines qui poss\u00e8dent de grandes vertus.<\/p><\/div>\n\t\t\t\t\t\t\t\t\t<div class=\"elementor-tab-title elementor-tab-mobile-title\" aria-selected=\"false\" data-tab=\"2\" role=\"tab\" tabindex=\"-1\" aria-controls=\"elementor-tab-content-3982\" aria-expanded=\"false\">BENEFITS<\/div>\n\t\t\t\t\t<div id=\"elementor-tab-content-3982\" class=\"elementor-tab-content elementor-clearfix\" data-tab=\"2\" role=\"tabpanel\" aria-labelledby=\"elementor-tab-title-3982\" tabindex=\"0\" hidden=\"hidden\"><p><strong>Tonifie les muscles vaginaux apr\u00e8s l&rsquo;accouchement.<\/strong><\/p>\n<p><strong>Traite les infections intimes et soulage les h\u00e9morro\u00efdes.<\/strong><\/p>\n<p><strong>Apaise les d\u00e9sagr\u00e9ments tels que les pertes blanches et les d\u00e9mangeaisons.<\/strong><\/p>\n<p><b>Les odeurs vaginales<\/b><\/p>\n<p>Gr\u00e2ce \u00e0 ses vertus anti-inflammatoires et antibiotiques, on pourra aussi l\u2019appliquer sur les plaies ou les aphtes, les gingivites. Il facilitera ainsi leur cicatrisation. L\u2019Acacia nilotica pourra en m\u00eame temps rafra\u00eechir l\u2019haleine tout comme le siwak.<\/p>\n<p>L\u2019acacia nicolita peut aussi \u00eatre consomm\u00e9 en boisson contre l\u2019angine, les ulc\u00e8res \u00e0 l\u2019estomac.<\/p>\n<p><span style=\"text-decoration: underline;\"><strong>Am\u00e9lioration de la digestion<\/strong> <\/span>:&nbsp;gr\u00e2ce \u00e0 sa teneur \u00e9lev\u00e9e en fibres, la poudre de Nep Nep favorise un bon transit intestinal et pr\u00e9vient la constipation. Elle aide \u00e9galement \u00e0 lutter contre les probl\u00e8mes de ballonnements et de flatulences.<\/p>\n<p><strong><u>Source d&rsquo;\u00e9nergie<\/u> :<\/strong>&nbsp;la poudre est riche en vitamines B, qui sont essentielles pour convertir les aliments en \u00e9nergie. Elle vous aidera donc \u00e0 combattre la fatigue et \u00e0 rester dynamique tout au long de la journ\u00e9e.<\/p>\n<p><strong><u>Pr\u00e9vention des carences nutritionnelles<\/u> :&nbsp;<\/strong>outre les fibres et les vitamines B, la poudre de Nep Nep contient \u00e9galement des min\u00e9raux tels que le fer, le magn\u00e9sium et le zinc. Ces \u00e9l\u00e9ments sont indispensables pour renforcer le syst\u00e8me immunitaire, la sant\u00e9 des os et maintenir un bon niveau d&rsquo;\u00e9nergie.<\/p><\/div>\n\t\t\t\t\t\t\t\t\t<div class=\"elementor-tab-title elementor-tab-mobile-title\" aria-selected=\"false\" data-tab=\"3\" role=\"tab\" tabindex=\"-1\" aria-controls=\"elementor-tab-content-3983\" aria-expanded=\"false\">USE<\/div>\n\t\t\t\t\t<div id=\"elementor-tab-content-3983\" class=\"elementor-tab-content elementor-clearfix\" data-tab=\"3\" role=\"tabpanel\" aria-labelledby=\"elementor-tab-title-3983\" tabindex=\"0\" hidden=\"hidden\"><p><b><span style=\"color: rgb(255, 0, 0);\">Il est conseill\u00e9 de ne pas utiliser d\u2019ustensiles en m\u00e9tal quand vous faites des pr\u00e9parations avec des plantes naturelles.<\/span>.<br><\/b><\/p>\n<p><strong>M\u00e9langez la poudre de NEP NEP avec de l&rsquo;eau ti\u00e8de pour votre toilette intime.<\/strong><\/p>\n<p>Ce m\u00e9lange d&rsquo;eau ti\u00e8de &nbsp;et de poudre de nep nep peut \u00e9galement \u00eatre consomm\u00e9 pour soulager d&rsquo;autres maux en passant par l&rsquo;estomac. Cette boisson pourra \u00eatre consomm\u00e9e chaque matin, de pr\u00e9f\u00e9rence \u00e0 jeun, puis au coucher, apr\u00e8s votre dernier repas. Associ\u00e9 au Khamare (V\u00e9tivier) les bienfaits sont d\u00e9cupl\u00e9s.<\/p>\n<p><strong>Vous pouvez ajouter la poudre de NEP NEP dans vos smoothies, yaourts ou c\u00e9r\u00e9ales.<\/strong><\/p>\n<p><strong>Fabrication d&rsquo;ovules \u00e0 ins\u00e9rer dans le vagin: <\/strong>C\u2019est-\u00e0-dire qu\u2019on fa\u00e7onne des boules de forme ovale en m\u00e9langeant de la poudre de nep-nep avec du beurre de karit\u00e9. Puis on les filme et on place cela au cong\u00e9lateur. Aussi, pour un r\u00e9sultat optimal, ce traitement est \u00e0 appliquer pendant 3 jours au coucher.<\/p>\n<p><strong>L\u2019une des utilisations les plus populaires de la poudre de Nep Nep concerne ses effets sur le raffermissement et le&nbsp;resserrement du vagin. En effet, cette poudre poss\u00e8de des propri\u00e9t\u00e9s astringentes qui permettent de tonifier et renforcer les muscles vaginaux, favorisant ainsi une meilleure tonicit\u00e9 et \u00e9lasticit\u00e9 de cette zone intime. Voici quelques conseils pour profiter pleinement de ces bienfaits :<\/strong><\/p>\n<p>&#8211; M\u00e9langez une cuill\u00e8re \u00e0 caf\u00e9 de poudre nilotica avec un peu d\u2019eau pour obtenir une p\u00e2te.<\/p>\n<p>&#8211; Appliquez cette pr\u00e9paration directement sur les parois vaginales en effectuant un l\u00e9ger massage circulaire.<\/p>\n<p>&#8211; Laissez agir pendant quelques minutes avant de rincer \u00e0 l\u2019eau claire.<\/p>\n<p>Il est recommand\u00e9 de r\u00e9p\u00e9ter ce traitement r\u00e9guli\u00e8rement, id\u00e9alement tous les deux jours, pour obtenir des r\u00e9sultats visibles et durables. Toutefois, il convient de noter que chaque femme est unique et que les r\u00e9sultats peuvent varier d\u2019une personne \u00e0 l\u2019autre.<\/p>\n<p><strong>Cr\u00e9ez un masque facial revitalisant \u00e0 base de poudre de Nep Nep pour une peau \u00e9clatante. Voici comment proc\u00e9der :<\/strong><\/p>\n<p><strong>&#8211;<\/strong> M\u00e9langez 1 cuill\u00e8re \u00e0 soupe de poudre de Nep Nep avec de l\u2019eau ou du yaourt pour obtenir une p\u00e2te onctueuse.<\/p>\n<p>&#8211; Appliquez le masque sur votre visage en \u00e9vitant le contour des yeux.<\/p>\n<p>&#8211; Laissez agir 10 \u00e0 15 minutes avant de rincer.<\/p>\n<p>Ce masque purifie la peau, la tonifie et lui redonne de l\u2019\u00e9clat.<\/p><\/div>\n\t\t\t\t\t\t\t\t\t<div class=\"elementor-tab-title elementor-tab-mobile-title\" aria-selected=\"false\" data-tab=\"4\" role=\"tab\" tabindex=\"-1\" aria-controls=\"elementor-tab-content-3984\" aria-expanded=\"false\">PACKAGING<\/div>\n\t\t\t\t\t<div id=\"elementor-tab-content-3984\" class=\"elementor-tab-content elementor-clearfix\" data-tab=\"4\" role=\"tabpanel\" aria-labelledby=\"elementor-tab-title-3984\" tabindex=\"0\" hidden=\"hidden\"><p>Dans le cadre d&rsquo;une d\u00e9marche responsable, nos pots sont livr\u00e9s sans \u00e9tui suppl\u00e9mentaire. Nos pots en kraft biod\u00e9gradables sont recyclables ou r\u00e9utilisables.&nbsp;<\/p><\/div>\n\t\t\t\t\t\t\t\t\t<div class=\"elementor-tab-title elementor-tab-mobile-title\" aria-selected=\"false\" data-tab=\"5\" role=\"tab\" tabindex=\"-1\" aria-controls=\"elementor-tab-content-3985\" aria-expanded=\"false\">HISTORY<\/div>\n\t\t\t\t\t<div id=\"elementor-tab-content-3985\" class=\"elementor-tab-content elementor-clearfix\" data-tab=\"5\" role=\"tabpanel\" aria-labelledby=\"elementor-tab-title-3985\" tabindex=\"0\" hidden=\"hidden\"><p>Le <strong>NEP NEP<\/strong> est une plante africaine, connue sous le nom botanique \u00ab\u00a0acacia nilotica\u00a0\u00bb, aussi appel\u00e9e \u00ab\u00a0gommier rouge\u00a0\u00bb, \u00ab\u00a0acacia \u00e0 gomme\u00a0\u00bb ou encore \u00ab\u00a0acacia du Nil\u00a0\u00bb. Sa r\u00e9sine a une teinte rouge, tandis que ses tiges et branches sont noires. Cette r\u00e9sine rouge\u00e2tre est comestible et entre m\u00eame dans la composition de confiseries. Originaire d&rsquo;Afrique de l&rsquo;Ouest, notamment c\u00e9l\u00e8bre au S\u00e9n\u00e9gal, cette plante est utilis\u00e9e comme rem\u00e8de naturel.\u00a0 Originaire d&rsquo;Afrique de l&rsquo;Ouest, notamment c\u00e9l\u00e8bre au S\u00e9n\u00e9gal, cette plante est utilis\u00e9e comme rem\u00e8de naturel. Ce sont les graines des fruits de cette plante, r\u00e9duites en poudre ou consomm\u00e9s en graines.<\/p><\/div>\n\t\t\t\t\t\t\t\t\t<div class=\"elementor-tab-title elementor-tab-mobile-title\" aria-selected=\"false\" data-tab=\"6\" role=\"tab\" tabindex=\"-1\" aria-controls=\"elementor-tab-content-3986\" aria-expanded=\"false\">COMPOSITION<\/div>\n\t\t\t\t\t<div id=\"elementor-tab-content-3986\" class=\"elementor-tab-content elementor-clearfix\" data-tab=\"6\" role=\"tabpanel\" aria-labelledby=\"elementor-tab-title-3986\" tabindex=\"0\" hidden=\"hidden\"><p>Les compos\u00e9s actifs pr\u00e9sents dans l\u2019Acacia nilotica, tels que les tanins et les flavono\u00efdes, conf\u00e8rent \u00e0 ce fruit ses puissantes propri\u00e9t\u00e9s curatives.<\/p><p>Les tanins sont connus pour leurs effets astringents et cicatrisants, tandis que les flavono\u00efdes poss\u00e8dent des propri\u00e9t\u00e9s anti-inflammatoires et antioxydantes. La poudre de Nep Nep est \u00e9galement une source remarquable de min\u00e9raux essentiels tels que le calcium, le fer, le magn\u00e9sium, le sodium et le potassium.<\/p><\/div>\n\t\t\t\t\t\t\t\t\t<div class=\"elementor-tab-title elementor-tab-mobile-title\" aria-selected=\"false\" data-tab=\"7\" role=\"tab\" tabindex=\"-1\" aria-controls=\"elementor-tab-content-3987\" aria-expanded=\"false\">CONTRAINDICATIONS<\/div>\n\t\t\t\t\t<div id=\"elementor-tab-content-3987\" class=\"elementor-tab-content elementor-clearfix\" data-tab=\"7\" role=\"tabpanel\" aria-labelledby=\"elementor-tab-title-3987\" tabindex=\"0\" hidden=\"hidden\"><p>Bien qu\u2019elle soit naturelle et g\u00e9n\u00e9ralement bien tol\u00e9r\u00e9e, la poudre de Nep Nep peut pr\u00e9senter certaines contre-indications. Il est ainsi d\u00e9conseill\u00e9 de l\u2019utiliser en cas :<\/p><p>D\u2019allergie ou d\u2019intol\u00e9rance \u00e0 l\u2019un des composants de la poudre<\/p><p>De grossesse ou d\u2019allaitement<\/p><p>De plaies ou de l\u00e9sions au niveau des muqueuses g\u00e9nitales<\/p><p>De plus, il est important de respecter les dosages et la fr\u00e9quence d\u2019utilisation recommand\u00e9s pour \u00e9viter tout risque d\u2019effets ind\u00e9sirables. En cas de doute, n\u2019h\u00e9sitez pas \u00e0 consulter un professionnel de sant\u00e9 avant d\u2019entamer un traitement \u00e0 base de poudre de Nep Nep.<\/p><\/div>\n\t\t\t\t\t\t\t\t\t<div class=\"elementor-tab-title elementor-tab-mobile-title\" aria-selected=\"false\" data-tab=\"8\" role=\"tab\" tabindex=\"-1\" aria-controls=\"elementor-tab-content-3988\" aria-expanded=\"false\">CONSERVATION<\/div>\n\t\t\t\t\t<div id=\"elementor-tab-content-3988\" class=\"elementor-tab-content elementor-clearfix\" data-tab=\"8\" role=\"tabpanel\" aria-labelledby=\"elementor-tab-title-3988\" tabindex=\"0\" hidden=\"hidden\"><p>Conditions de conservation : Conserver \u00e0 l&rsquo;abris de la lumi\u00e8re, de la chaleur et de l\u2019humidit\u00e9.<\/p><\/div>\n\t\t\t\t\t\t\t\t\t<div class=\"elementor-tab-title elementor-tab-mobile-title\" aria-selected=\"false\" data-tab=\"9\" role=\"tab\" tabindex=\"-1\" aria-controls=\"elementor-tab-content-3989\" aria-expanded=\"false\">VIDEO DEMO<\/div>\n\t\t\t\t\t<div id=\"elementor-tab-content-3989\" class=\"elementor-tab-content elementor-clearfix\" data-tab=\"9\" role=\"tabpanel\" aria-labelledby=\"elementor-tab-title-3989\" tabindex=\"0\" hidden=\"hidden\"><\/div>\n\t\t\t\t\t\t\t<\/div>\n\t\t<\/div>\n\t\t\t\t\t\t<\/div>\n\t\t\t\t\t<\/div>\n\t\t<\/div>\n\t\t\t\t\t<\/div>\n\t\t<\/section>\n\t\t\t\t<\/div>","protected":false},"excerpt":{"rendered":"<p>BOTANICAL NAME : <strong>Acacia nilotica<\/strong><\/p>\n<ul>\n<li>Health and well-being<\/li>\n<li>100g<\/li>\n<li>100% pure et naturelle<\/li>\n<li>Qualit\u00e9 premium<\/li>\n<\/ul>","protected":false},"featured_media":666,"comment_status":"open","ping_status":"closed","template":"","meta":{"_acf_changed":false},"product_cat":[53],"product_tag":[],"class_list":{"0":"post-378","1":"product","2":"type-product","3":"status-publish","4":"has-post-thumbnail","6":"product_cat-poudres","8":"first","9":"instock","10":"shipping-taxable","11":"purchasable","12":"product-type-simple","swatches":"rey-swatches","show_selected":""},"acf":[],"yoast_head":"<!-- This site is optimized with the Yoast SEO plugin v26.6 - https:\/\/yoast.com\/wordpress\/plugins\/seo\/ -->\n<title>Poudre de Nep Nep - Afrika Bio<\/title>\n<meta name=\"robots\" content=\"index, follow, max-snippet:-1, max-image-preview:large, max-video-preview:-1\" \/>\n<link rel=\"canonical\" href=\"https:\/\/www.afrikabio.com\/en\/product\/poudre-de-nep-nep\/\" \/>\n<meta property=\"og:locale\" content=\"en_GB\" \/>\n<meta property=\"og:type\" content=\"article\" \/>\n<meta property=\"og:title\" content=\"Poudre de Nep Nep - Afrika Bio\" \/>\n<meta property=\"og:description\" content=\"NOM BOTANIQUE : Acacia nilotica   Bien-\u00eatre et sant\u00e9  100g  100% pure et naturelle  Qualit\u00e9 premium\" \/>\n<meta property=\"og:url\" content=\"https:\/\/www.afrikabio.com\/en\/product\/poudre-de-nep-nep\/\" \/>\n<meta property=\"og:site_name\" content=\"Afrika Bio\" \/>\n<meta property=\"article:publisher\" content=\"https:\/\/www.facebook.com\/profile.php?id=100090304284824\" \/>\n<meta property=\"article:modified_time\" content=\"2025-11-14T09:46:07+00:00\" \/>\n<meta property=\"og:image\" content=\"https:\/\/www.afrikabio.com\/wp-content\/uploads\/2024\/06\/poudre-de-NepNep-.jpg\" \/>\n\t<meta property=\"og:image:width\" content=\"900\" \/>\n\t<meta property=\"og:image:height\" content=\"900\" \/>\n\t<meta property=\"og:image:type\" content=\"image\/jpeg\" \/>\n<meta name=\"twitter:card\" content=\"summary_large_image\" \/>\n<meta name=\"twitter:label1\" content=\"Estimated reading time\" \/>\n\t<meta name=\"twitter:data1\" content=\"6 minutes\" \/>\n<script type=\"application\/ld+json\" class=\"yoast-schema-graph\">{\"@context\":\"https:\/\/schema.org\",\"@graph\":[{\"@type\":\"WebPage\",\"@id\":\"https:\/\/www.afrikabio.com\/produit\/poudre-de-nep-nep\/\",\"url\":\"https:\/\/www.afrikabio.com\/produit\/poudre-de-nep-nep\/\",\"name\":\"Poudre de Nep Nep - Afrika Bio\",\"isPartOf\":{\"@id\":\"https:\/\/www.afrikabio.com\/#website\"},\"primaryImageOfPage\":{\"@id\":\"https:\/\/www.afrikabio.com\/produit\/poudre-de-nep-nep\/#primaryimage\"},\"image\":{\"@id\":\"https:\/\/www.afrikabio.com\/produit\/poudre-de-nep-nep\/#primaryimage\"},\"thumbnailUrl\":\"https:\/\/www.afrikabio.com\/wp-content\/uploads\/2024\/06\/poudre-de-NepNep-.jpg\",\"datePublished\":\"2024-06-10T19:03:22+00:00\",\"dateModified\":\"2025-11-14T09:46:07+00:00\",\"breadcrumb\":{\"@id\":\"https:\/\/www.afrikabio.com\/produit\/poudre-de-nep-nep\/#breadcrumb\"},\"inLanguage\":\"en-GB\",\"potentialAction\":[{\"@type\":\"ReadAction\",\"target\":[\"https:\/\/www.afrikabio.com\/produit\/poudre-de-nep-nep\/\"]}]},{\"@type\":\"ImageObject\",\"inLanguage\":\"en-GB\",\"@id\":\"https:\/\/www.afrikabio.com\/produit\/poudre-de-nep-nep\/#primaryimage\",\"url\":\"https:\/\/www.afrikabio.com\/wp-content\/uploads\/2024\/06\/poudre-de-NepNep-.jpg\",\"contentUrl\":\"https:\/\/www.afrikabio.com\/wp-content\/uploads\/2024\/06\/poudre-de-NepNep-.jpg\",\"width\":900,\"height\":900},{\"@type\":\"BreadcrumbList\",\"@id\":\"https:\/\/www.afrikabio.com\/produit\/poudre-de-nep-nep\/#breadcrumb\",\"itemListElement\":[{\"@type\":\"ListItem\",\"position\":1,\"name\":\"Accueil\",\"item\":\"https:\/\/www.afrikabio.com\/\"},{\"@type\":\"ListItem\",\"position\":2,\"name\":\"Produits\",\"item\":\"https:\/\/www.afrikabio.com\/shop\/\"},{\"@type\":\"ListItem\",\"position\":3,\"name\":\"Poudre de Nep Nep\"}]},{\"@type\":\"WebSite\",\"@id\":\"https:\/\/www.afrikabio.com\/#website\",\"url\":\"https:\/\/www.afrikabio.com\/\",\"name\":\"Afrika Bio\",\"description\":\"Power of Nature\",\"publisher\":{\"@id\":\"https:\/\/www.afrikabio.com\/#organization\"},\"potentialAction\":[{\"@type\":\"SearchAction\",\"target\":{\"@type\":\"EntryPoint\",\"urlTemplate\":\"https:\/\/www.afrikabio.com\/?s={search_term_string}\"},\"query-input\":{\"@type\":\"PropertyValueSpecification\",\"valueRequired\":true,\"valueName\":\"search_term_string\"}}],\"inLanguage\":\"en-GB\"},{\"@type\":\"Organization\",\"@id\":\"https:\/\/www.afrikabio.com\/#organization\",\"name\":\"AfrikaBio\",\"url\":\"https:\/\/www.afrikabio.com\/\",\"logo\":{\"@type\":\"ImageObject\",\"inLanguage\":\"en-GB\",\"@id\":\"https:\/\/www.afrikabio.com\/#\/schema\/logo\/image\/\",\"url\":\"https:\/\/www.afrikabio.com\/wp-content\/uploads\/2024\/06\/cropped-cropped-logo-1.png\",\"contentUrl\":\"https:\/\/www.afrikabio.com\/wp-content\/uploads\/2024\/06\/cropped-cropped-logo-1.png\",\"width\":1420,\"height\":483,\"caption\":\"AfrikaBio\"},\"image\":{\"@id\":\"https:\/\/www.afrikabio.com\/#\/schema\/logo\/image\/\"},\"sameAs\":[\"https:\/\/www.facebook.com\/profile.php?id=100090304284824\"]}]}<\/script>\n<!-- \/ Yoast SEO plugin. -->","yoast_head_json":{"title":"Poudre de Nep Nep - Afrika Bio","robots":{"index":"index","follow":"follow","max-snippet":"max-snippet:-1","max-image-preview":"max-image-preview:large","max-video-preview":"max-video-preview:-1"},"canonical":"https:\/\/www.afrikabio.com\/en\/product\/poudre-de-nep-nep\/","og_locale":"en_GB","og_type":"article","og_title":"Poudre de Nep Nep - Afrika Bio","og_description":"NOM BOTANIQUE : Acacia nilotica   Bien-\u00eatre et sant\u00e9  100g  100% pure et naturelle  Qualit\u00e9 premium","og_url":"https:\/\/www.afrikabio.com\/en\/product\/poudre-de-nep-nep\/","og_site_name":"Afrika Bio","article_publisher":"https:\/\/www.facebook.com\/profile.php?id=100090304284824","article_modified_time":"2025-11-14T09:46:07+00:00","og_image":[{"width":900,"height":900,"url":"https:\/\/www.afrikabio.com\/wp-content\/uploads\/2024\/06\/poudre-de-NepNep-.jpg","type":"image\/jpeg"}],"twitter_card":"summary_large_image","twitter_misc":{"Estimated reading time":"6 minutes"},"schema":{"@context":"https:\/\/schema.org","@graph":[{"@type":"WebPage","@id":"https:\/\/www.afrikabio.com\/produit\/poudre-de-nep-nep\/","url":"https:\/\/www.afrikabio.com\/produit\/poudre-de-nep-nep\/","name":"Poudre de Nep Nep - Afrika Bio","isPartOf":{"@id":"https:\/\/www.afrikabio.com\/#website"},"primaryImageOfPage":{"@id":"https:\/\/www.afrikabio.com\/produit\/poudre-de-nep-nep\/#primaryimage"},"image":{"@id":"https:\/\/www.afrikabio.com\/produit\/poudre-de-nep-nep\/#primaryimage"},"thumbnailUrl":"https:\/\/www.afrikabio.com\/wp-content\/uploads\/2024\/06\/poudre-de-NepNep-.jpg","datePublished":"2024-06-10T19:03:22+00:00","dateModified":"2025-11-14T09:46:07+00:00","breadcrumb":{"@id":"https:\/\/www.afrikabio.com\/produit\/poudre-de-nep-nep\/#breadcrumb"},"inLanguage":"en-GB","potentialAction":[{"@type":"ReadAction","target":["https:\/\/www.afrikabio.com\/produit\/poudre-de-nep-nep\/"]}]},{"@type":"ImageObject","inLanguage":"en-GB","@id":"https:\/\/www.afrikabio.com\/produit\/poudre-de-nep-nep\/#primaryimage","url":"https:\/\/www.afrikabio.com\/wp-content\/uploads\/2024\/06\/poudre-de-NepNep-.jpg","contentUrl":"https:\/\/www.afrikabio.com\/wp-content\/uploads\/2024\/06\/poudre-de-NepNep-.jpg","width":900,"height":900},{"@type":"BreadcrumbList","@id":"https:\/\/www.afrikabio.com\/produit\/poudre-de-nep-nep\/#breadcrumb","itemListElement":[{"@type":"ListItem","position":1,"name":"Accueil","item":"https:\/\/www.afrikabio.com\/"},{"@type":"ListItem","position":2,"name":"Produits","item":"https:\/\/www.afrikabio.com\/shop\/"},{"@type":"ListItem","position":3,"name":"Poudre de Nep Nep"}]},{"@type":"WebSite","@id":"https:\/\/www.afrikabio.com\/#website","url":"https:\/\/www.afrikabio.com\/","name":"Afrika Bio","description":"Power of Nature","publisher":{"@id":"https:\/\/www.afrikabio.com\/#organization"},"potentialAction":[{"@type":"SearchAction","target":{"@type":"EntryPoint","urlTemplate":"https:\/\/www.afrikabio.com\/?s={search_term_string}"},"query-input":{"@type":"PropertyValueSpecification","valueRequired":true,"valueName":"search_term_string"}}],"inLanguage":"en-GB"},{"@type":"Organization","@id":"https:\/\/www.afrikabio.com\/#organization","name":"AfrikaBio","url":"https:\/\/www.afrikabio.com\/","logo":{"@type":"ImageObject","inLanguage":"en-GB","@id":"https:\/\/www.afrikabio.com\/#\/schema\/logo\/image\/","url":"https:\/\/www.afrikabio.com\/wp-content\/uploads\/2024\/06\/cropped-cropped-logo-1.png","contentUrl":"https:\/\/www.afrikabio.com\/wp-content\/uploads\/2024\/06\/cropped-cropped-logo-1.png","width":1420,"height":483,"caption":"AfrikaBio"},"image":{"@id":"https:\/\/www.afrikabio.com\/#\/schema\/logo\/image\/"},"sameAs":["https:\/\/www.facebook.com\/profile.php?id=100090304284824"]}]}},"_links":{"self":[{"href":"https:\/\/www.afrikabio.com\/en\/wp-json\/wp\/v2\/product\/378","targetHints":{"allow":["GET"]}}],"collection":[{"href":"https:\/\/www.afrikabio.com\/en\/wp-json\/wp\/v2\/product"}],"about":[{"href":"https:\/\/www.afrikabio.com\/en\/wp-json\/wp\/v2\/types\/product"}],"replies":[{"embeddable":true,"href":"https:\/\/www.afrikabio.com\/en\/wp-json\/wp\/v2\/comments?post=378"}],"version-history":[{"count":1,"href":"https:\/\/www.afrikabio.com\/en\/wp-json\/wp\/v2\/product\/378\/revisions"}],"predecessor-version":[{"id":4230,"href":"https:\/\/www.afrikabio.com\/en\/wp-json\/wp\/v2\/product\/378\/revisions\/4230"}],"wp:featuredmedia":[{"embeddable":true,"href":"https:\/\/www.afrikabio.com\/en\/wp-json\/wp\/v2\/media\/666"}],"wp:attachment":[{"href":"https:\/\/www.afrikabio.com\/en\/wp-json\/wp\/v2\/media?parent=378"}],"wp:term":[{"taxonomy":"product_cat","embeddable":true,"href":"https:\/\/www.afrikabio.com\/en\/wp-json\/wp\/v2\/product_cat?post=378"},{"taxonomy":"product_tag","embeddable":true,"href":"https:\/\/www.afrikabio.com\/en\/wp-json\/wp\/v2\/product_tag?post=378"}],"curies":[{"name":"wp","href":"https:\/\/api.w.org\/{rel}","templated":true}]}}