{"id":3523,"date":"2025-09-02T19:48:26","date_gmt":"2025-09-02T17:48:26","guid":{"rendered":"https:\/\/www.afrikabio.com\/?page_id=3523"},"modified":"2025-09-16T10:57:47","modified_gmt":"2025-09-16T08:57:47","slug":"naturel","status":"publish","type":"page","link":"https:\/\/www.afrikabio.com\/en\/naturel\/","title":{"rendered":"Naturel"},"content":{"rendered":"<div data-elementor-type=\"wp-page\" data-elementor-id=\"3523\" class=\"elementor elementor-3523\" data-elementor-post-type=\"page\">\n\t\t\t\t\t\t<section class=\"elementor-section elementor-top-section elementor-element elementor-element-5658ebb8 rey-section-stretched elementor-section-full_width elementor-section-height-default elementor-section-height-default\" data-id=\"5658ebb8\" data-element_type=\"section\" data-e-type=\"section\">\n\t\t\t\t\t\t<div class=\"elementor-container elementor-column-gap-default\">\n\t\t\t\t\t<div class=\"elementor-column elementor-col-100 elementor-top-column elementor-element elementor-element-6b7e845f\" data-id=\"6b7e845f\" data-element_type=\"column\" data-e-type=\"column\">\n\t\t\t<div class=\"elementor-column-wrap--6b7e845f elementor-widget-wrap elementor-element-populated\">\n\t\t\t\t\t\t<div class=\"elementor-element elementor-element-78c53697 elementor-widget elementor-widget-reycore-basic-slider\" data-id=\"78c53697\" data-element_type=\"widget\" data-e-type=\"widget\" data-widget_type=\"reycore-basic-slider.default\">\n\t\t\t\t<div class=\"elementor-widget-container\">\n\t\t\t\t\t\n\t\t<div class=\"splide rey-bSlider --source-custom\">\n\t\t\n\t\t<div class=\"splide__track\">\n\t\t\t<div class=\"splide__list __slides\">\n\n\t\t\t\t<div class=\"splide__slide __slide elementor-repeater-item-472b6f9\" ><img fetchpriority=\"high\" decoding=\"async\" width=\"1344\" height=\"768\" src=\"https:\/\/www.afrikabio.com\/wp-content\/uploads\/2025\/09\/freepik__the-style-is-candid-image-photography-with-natural__19579.jpeg\" class=\"__media\" alt=\"\" srcset=\"https:\/\/www.afrikabio.com\/wp-content\/uploads\/2025\/09\/freepik__the-style-is-candid-image-photography-with-natural__19579.jpeg 1344w, https:\/\/www.afrikabio.com\/wp-content\/uploads\/2025\/09\/freepik__the-style-is-candid-image-photography-with-natural__19579-300x171.jpeg 300w, https:\/\/www.afrikabio.com\/wp-content\/uploads\/2025\/09\/freepik__the-style-is-candid-image-photography-with-natural__19579-1024x585.jpeg 1024w, https:\/\/www.afrikabio.com\/wp-content\/uploads\/2025\/09\/freepik__the-style-is-candid-image-photography-with-natural__19579-150x86.jpeg 150w, https:\/\/www.afrikabio.com\/wp-content\/uploads\/2025\/09\/freepik__the-style-is-candid-image-photography-with-natural__19579-768x439.jpeg 768w, https:\/\/www.afrikabio.com\/wp-content\/uploads\/2025\/09\/freepik__the-style-is-candid-image-photography-with-natural__19579-360x206.jpeg 360w, https:\/\/www.afrikabio.com\/wp-content\/uploads\/2025\/09\/freepik__the-style-is-candid-image-photography-with-natural__19579-600x343.jpeg 600w\" sizes=\"(max-width: 1344px) 100vw, 1344px\" \/><div class=\"__caption\"><\/div><\/div>\n\t\t\t<\/div>\n\t\t<\/div>\n\t\t<\/div>\t\t\t\t<\/div>\n\t\t\t\t<\/div>\n\t\t\t\t\t<\/div>\n\t\t<\/div>\n\t\t\t\t\t<\/div>\n\t\t<\/section>\n\t\t<div class=\"e-con-top elementor-element elementor-element-216428e e-flex e-con-boxed e-con e-parent\" data-id=\"216428e\" data-element_type=\"container\" data-e-type=\"container\">\n\t\t\t\t\t<div class=\"e-con-inner\">\n\t\t\t\t<div class=\"elementor-element elementor-element-18ad6b7 elementor-widget elementor-widget-heading\" data-id=\"18ad6b7\" data-element_type=\"widget\" data-e-type=\"widget\" data-widget_type=\"heading.default\">\n\t\t\t\t\t<h2 class=\"elementor-heading-title elementor-size-default\">\u00abBeauty begins naturally. Discover how Afrikabio enhances your authenticity, day after day.\u00bb<\/h2>\t\t\t\t<\/div>\n\t\t\t\t\t<\/div>\n\t\t\t\t<\/div>\n\t\t<div class=\"e-con-top elementor-element elementor-element-329003a e-flex e-con-boxed e-con e-parent\" data-id=\"329003a\" data-element_type=\"container\" data-e-type=\"container\">\n\t\t\t\t\t<div class=\"e-con-inner\">\n\t\t\t\t<div class=\"elementor-element elementor-element-61ba751 elementor-widget elementor-widget-spacer\" data-id=\"61ba751\" data-element_type=\"widget\" data-e-type=\"widget\" data-widget_type=\"spacer.default\">\n\t\t\t\t\t\t\t<div class=\"elementor-spacer\">\n\t\t\t<div class=\"elementor-spacer-inner\"><\/div>\n\t\t<\/div>\n\t\t\t\t\t\t<\/div>\n\t\t\t\t\t<\/div>\n\t\t\t\t<\/div>\n\t\t<div class=\"e-con-top elementor-element elementor-element-810b8f9 e-flex e-con-boxed e-con e-parent\" data-id=\"810b8f9\" data-element_type=\"container\" data-e-type=\"container\">\n\t\t\t\t\t<div class=\"e-con-inner\">\n\t\t\t\t<div class=\"elementor-element elementor-element-af09a02 elementor-widget elementor-widget-heading\" data-id=\"af09a02\" data-element_type=\"widget\" data-e-type=\"widget\" data-widget_type=\"heading.default\">\n\t\t\t\t\t<h2 class=\"elementor-heading-title elementor-size-default\">POWER OF NATURE<\/h2>\t\t\t\t<\/div>\n\t\t\t\t\t<\/div>\n\t\t\t\t<\/div>\n\t\t\t\t<section class=\"elementor-section elementor-top-section elementor-element elementor-element-7894c7dc elementor-section-content-top rey-flexWrap elementor-section-boxed elementor-section-height-default elementor-section-height-default\" data-id=\"7894c7dc\" data-element_type=\"section\" data-e-type=\"section\">\n\t\t\t\t\t\t<div class=\"elementor-container elementor-column-gap-default\">\n\t\t\t\t\t<div class=\"elementor-column elementor-col-33 elementor-top-column elementor-element elementor-element-73c0f140\" data-id=\"73c0f140\" data-element_type=\"column\" data-e-type=\"column\">\n\t\t\t<div class=\"elementor-column-wrap--73c0f140 elementor-widget-wrap elementor-element-populated\">\n\t\t\t\t\t\t<div class=\"elementor-element elementor-element-3edb9236 elementor-widget elementor-widget-image\" data-id=\"3edb9236\" data-element_type=\"widget\" data-e-type=\"widget\" data-widget_type=\"image.default\">\n\t\t\t\t\t\t\t\t\t\t\t\t\t\t\t<img decoding=\"async\" width=\"1024\" height=\"568\" src=\"https:\/\/www.afrikabio.com\/wp-content\/uploads\/2024\/09\/Poudre-de-moringa-1024x568.jpg\" class=\"attachment-large size-large wp-image-1112\" alt=\"\" srcset=\"https:\/\/www.afrikabio.com\/wp-content\/uploads\/2024\/09\/Poudre-de-moringa-1024x568.jpg 1024w, https:\/\/www.afrikabio.com\/wp-content\/uploads\/2024\/09\/Poudre-de-moringa-scaled-360x200.jpg 360w, https:\/\/www.afrikabio.com\/wp-content\/uploads\/2024\/09\/Poudre-de-moringa-scaled-600x333.jpg 600w, https:\/\/www.afrikabio.com\/wp-content\/uploads\/2024\/09\/Poudre-de-moringa-300x166.jpg 300w, https:\/\/www.afrikabio.com\/wp-content\/uploads\/2024\/09\/Poudre-de-moringa-150x83.jpg 150w, https:\/\/www.afrikabio.com\/wp-content\/uploads\/2024\/09\/Poudre-de-moringa-768x426.jpg 768w, https:\/\/www.afrikabio.com\/wp-content\/uploads\/2024\/09\/Poudre-de-moringa-1536x852.jpg 1536w, https:\/\/www.afrikabio.com\/wp-content\/uploads\/2024\/09\/Poudre-de-moringa-2048x1135.jpg 2048w\" sizes=\"(max-width: 1024px) 100vw, 1024px\" \/>\t\t\t\t\t\t\t\t\t\t\t\t\t\t\t<\/div>\n\t\t\t\t\t<\/div>\n\t\t<\/div>\n\t\t\t\t<div class=\"elementor-column elementor-col-33 elementor-top-column elementor-element elementor-element-3971c49d rey-colbg--classic\" data-id=\"3971c49d\" data-element_type=\"column\" data-e-type=\"column\" data-settings=\"{&quot;background_background&quot;:&quot;classic&quot;}\">\n\t\t\t<div class=\"elementor-column-wrap--3971c49d elementor-widget-wrap elementor-element-populated\">\n\t\t\t\t\t\t<div class=\"elementor-element elementor-element-6a581f06 elementor-widget__width-initial elementor-widget elementor-widget-text-editor\" data-id=\"6a581f06\" data-element_type=\"widget\" data-e-type=\"widget\" data-widget_type=\"text-editor.default\">\n\t\t\t\t\t\t\t\t\t<p class=\"p1\">\u00a0<\/p><p class=\"p1\"><span class=\"s1\">At Afrikabio, we believe in pure, unadulterated beauty. Our products are derived from nature, to nourish, protect and reveal the natural radiance of your skin, hair and more.<\/span><\/p>\t\t\t\t\t\t\t\t<\/div>\n\t\t\t\t\t<\/div>\n\t\t<\/div>\n\t\t\t\t<div class=\"elementor-column elementor-col-33 elementor-top-column elementor-element elementor-element-2ad4266b\" data-id=\"2ad4266b\" data-element_type=\"column\" data-e-type=\"column\">\n\t\t\t<div class=\"elementor-column-wrap--2ad4266b elementor-widget-wrap elementor-element-populated\">\n\t\t\t\t\t\t<div class=\"elementor-element elementor-element-6945499 elementor-widget elementor-widget-heading\" data-id=\"6945499\" data-element_type=\"widget\" data-e-type=\"widget\" data-widget_type=\"heading.default\">\n\t\t\t\t\t<h2 class=\"elementor-heading-title elementor-size-default\">Pure Baobab powder<\/h2>\t\t\t\t<\/div>\n\t\t\t\t<div class=\"elementor-element elementor-element-1628f0cd elementor-widget elementor-widget-image\" data-id=\"1628f0cd\" data-element_type=\"widget\" data-e-type=\"widget\" data-widget_type=\"image.default\">\n\t\t\t\t\t\t\t\t\t\t\t\t\t\t\t<img decoding=\"async\" width=\"1024\" height=\"975\" src=\"https:\/\/www.afrikabio.com\/wp-content\/uploads\/2025\/09\/POUDRE-BAOBAB-PUR-1024x975.jpg\" class=\"attachment-large size-large wp-image-3542\" alt=\"\" srcset=\"https:\/\/www.afrikabio.com\/wp-content\/uploads\/2025\/09\/POUDRE-BAOBAB-PUR-1024x975.jpg 1024w, https:\/\/www.afrikabio.com\/wp-content\/uploads\/2025\/09\/POUDRE-BAOBAB-PUR-300x286.jpg 300w, https:\/\/www.afrikabio.com\/wp-content\/uploads\/2025\/09\/POUDRE-BAOBAB-PUR-150x143.jpg 150w, https:\/\/www.afrikabio.com\/wp-content\/uploads\/2025\/09\/POUDRE-BAOBAB-PUR-768x731.jpg 768w, https:\/\/www.afrikabio.com\/wp-content\/uploads\/2025\/09\/POUDRE-BAOBAB-PUR-1536x1463.jpg 1536w, https:\/\/www.afrikabio.com\/wp-content\/uploads\/2025\/09\/POUDRE-BAOBAB-PUR-2048x1950.jpg 2048w, https:\/\/www.afrikabio.com\/wp-content\/uploads\/2025\/09\/POUDRE-BAOBAB-PUR-360x343.jpg 360w, https:\/\/www.afrikabio.com\/wp-content\/uploads\/2025\/09\/POUDRE-BAOBAB-PUR-600x571.jpg 600w\" sizes=\"(max-width: 1024px) 100vw, 1024px\" \/>\t\t\t\t\t\t\t\t\t\t\t\t\t\t\t<\/div>\n\t\t\t\t\t<\/div>\n\t\t<\/div>\n\t\t\t\t\t<\/div>\n\t\t<\/section>\n\t\t<div class=\"e-con-top elementor-element elementor-element-7c431e3 rey-section-stretched e-flex e-con-boxed e-con e-parent\" data-id=\"7c431e3\" data-element_type=\"container\" data-e-type=\"container\">\n\t\t\t\t\t<div class=\"e-con-inner\">\n\t\t\t\t<div class=\"elementor-element elementor-element-0c21ffa elementor-widget elementor-widget-spacer\" data-id=\"0c21ffa\" data-element_type=\"widget\" data-e-type=\"widget\" data-widget_type=\"spacer.default\">\n\t\t\t\t\t\t\t<div class=\"elementor-spacer\">\n\t\t\t<div class=\"elementor-spacer-inner\"><\/div>\n\t\t<\/div>\n\t\t\t\t\t\t<\/div>\n\t\t\t\t\t<\/div>\n\t\t\t\t<\/div>\n\t\t<div class=\"e-con-top elementor-element elementor-element-f214d61 elementor-hidden-desktop elementor-hidden-tablet e-flex e-con-boxed e-con e-parent\" data-id=\"f214d61\" data-element_type=\"container\" data-e-type=\"container\">\n\t\t\t\t\t<div class=\"e-con-inner\">\n\t\t\t\t<div class=\"elementor-element elementor-element-8c111ad elementor-hidden-desktop elementor-hidden-tablet elementor-widget elementor-widget-heading\" data-id=\"8c111ad\" data-element_type=\"widget\" data-e-type=\"widget\" data-widget_type=\"heading.default\">\n\t\t\t\t\t<h2 class=\"elementor-heading-title elementor-size-default\">AfrikaBio Wellness Essentials<\/h2>\t\t\t\t<\/div>\n\t\t\t\t<div class=\"elementor-element elementor-element-d6eb0d0 elementor-mobile-align-left elementor-hidden-desktop elementor-hidden-tablet elementor-widget elementor-widget-button\" data-id=\"d6eb0d0\" data-element_type=\"widget\" data-e-type=\"widget\" data-widget_type=\"button.default\">\n\t\t\t\t\t\t\t\t\t\t<a class=\"elementor-button elementor-button-link elementor-size-sm\" href=\"#\">\n\t\t\t\t\t\t<span class=\"elementor-button-content-wrapper\">\n\t\t\t\t\t\t\t\t\t<span class=\"elementor-button-text\">Buy<\/span>\n\t\t\t\t\t<\/span>\n\t\t\t\t\t<\/a>\n\t\t\t\t\t\t\t\t<\/div>\n\t\t\t\t\t<\/div>\n\t\t\t\t<\/div>\n\t\t<div class=\"e-con-top elementor-element elementor-element-eb2f4c2 rey-section-stretched elementor-hidden-mobile e-flex e-con-boxed e-con e-parent\" data-id=\"eb2f4c2\" data-element_type=\"container\" data-e-type=\"container\">\n\t\t\t\t\t<div class=\"e-con-inner\">\n\t\t\t\t<div class=\"elementor-element elementor-element-12863d6 elementor-widget elementor-widget-heading\" data-id=\"12863d6\" data-element_type=\"widget\" data-e-type=\"widget\" data-widget_type=\"heading.default\">\n\t\t\t\t\t<h2 class=\"elementor-heading-title elementor-size-default\">AfrikaBio Wellness Essentials<\/h2>\t\t\t\t<\/div>\n\t\t\t\t<div class=\"elementor-element elementor-element-fbe6f4a elementor-align-left elementor-hidden-mobile elementor-widget elementor-widget-button\" data-id=\"fbe6f4a\" data-element_type=\"widget\" data-e-type=\"widget\" data-widget_type=\"button.default\">\n\t\t\t\t\t\t\t\t\t\t<a class=\"elementor-button elementor-button-link elementor-size-sm\" href=\"#\">\n\t\t\t\t\t\t<span class=\"elementor-button-content-wrapper\">\n\t\t\t\t\t\t\t\t\t<span class=\"elementor-button-text\">Buy<\/span>\n\t\t\t\t\t<\/span>\n\t\t\t\t\t<\/a>\n\t\t\t\t\t\t\t\t<\/div>\n\t\t\t\t\t<\/div>\n\t\t\t\t<\/div>\n\t\t\t\t<\/div>","protected":false},"excerpt":{"rendered":"<p>\u00ab La beaut\u00e9 commence par le naturel. D\u00e9couvrez comment Afrikabio sublime votre authenticit\u00e9, jour apr\u00e8s jour. \u00bb POWER OF NATURE \u00a0 Chez Afrikabio, nous croyons en une beaut\u00e9 pure et sans artifices. Nos produits sont issus de la nature, pour nourrir, prot\u00e9ger et r\u00e9v\u00e9ler l\u2019\u00e9clat naturel de votre peau, de vos cheveux et autre. Poudre [&hellip;]<\/p>","protected":false},"author":2,"featured_media":0,"parent":0,"menu_order":0,"comment_status":"closed","ping_status":"closed","template":"template-builder.php","meta":{"_acf_changed":false,"footnotes":""},"class_list":["post-3523","page","type-page","status-publish","hentry"],"acf":[],"yoast_head":"<!-- This site is optimized with the Yoast SEO plugin v26.6 - https:\/\/yoast.com\/wordpress\/plugins\/seo\/ -->\n<title>Naturel - Afrika Bio<\/title>\n<meta name=\"robots\" content=\"index, follow, max-snippet:-1, max-image-preview:large, max-video-preview:-1\" \/>\n<link rel=\"canonical\" href=\"https:\/\/www.afrikabio.com\/en\/naturel\/\" \/>\n<meta property=\"og:locale\" content=\"en_GB\" \/>\n<meta property=\"og:type\" content=\"article\" \/>\n<meta property=\"og:title\" content=\"Naturel - Afrika Bio\" \/>\n<meta property=\"og:description\" content=\"\u00ab La beaut\u00e9 commence par le naturel. D\u00e9couvrez comment Afrikabio sublime votre authenticit\u00e9, jour apr\u00e8s jour. \u00bb POWER OF NATURE \u00a0 Chez Afrikabio, nous croyons en une beaut\u00e9 pure et sans artifices. Nos produits sont issus de la nature, pour nourrir, prot\u00e9ger et r\u00e9v\u00e9ler l\u2019\u00e9clat naturel de votre peau, de vos cheveux et autre. Poudre [&hellip;]\" \/>\n<meta property=\"og:url\" content=\"https:\/\/www.afrikabio.com\/en\/naturel\/\" \/>\n<meta property=\"og:site_name\" content=\"Afrika Bio\" \/>\n<meta property=\"article:publisher\" content=\"https:\/\/www.facebook.com\/profile.php?id=100090304284824\" \/>\n<meta property=\"article:modified_time\" content=\"2025-09-16T08:57:47+00:00\" \/>\n<meta property=\"og:image\" content=\"https:\/\/www.afrikabio.com\/wp-content\/uploads\/2025\/09\/freepik__the-style-is-candid-image-photography-with-natural__19579.jpeg\" \/>\n<meta name=\"twitter:card\" content=\"summary_large_image\" \/>\n<meta name=\"twitter:label1\" content=\"Estimated reading time\" \/>\n\t<meta name=\"twitter:data1\" content=\"1 minute\" \/>\n<script type=\"application\/ld+json\" class=\"yoast-schema-graph\">{\"@context\":\"https:\/\/schema.org\",\"@graph\":[{\"@type\":\"WebPage\",\"@id\":\"https:\/\/www.afrikabio.com\/naturel\/\",\"url\":\"https:\/\/www.afrikabio.com\/naturel\/\",\"name\":\"Naturel - Afrika Bio\",\"isPartOf\":{\"@id\":\"https:\/\/www.afrikabio.com\/#website\"},\"primaryImageOfPage\":{\"@id\":\"https:\/\/www.afrikabio.com\/naturel\/#primaryimage\"},\"image\":{\"@id\":\"https:\/\/www.afrikabio.com\/naturel\/#primaryimage\"},\"thumbnailUrl\":\"https:\/\/www.afrikabio.com\/wp-content\/uploads\/2025\/09\/freepik__the-style-is-candid-image-photography-with-natural__19579.jpeg\",\"datePublished\":\"2025-09-02T17:48:26+00:00\",\"dateModified\":\"2025-09-16T08:57:47+00:00\",\"breadcrumb\":{\"@id\":\"https:\/\/www.afrikabio.com\/naturel\/#breadcrumb\"},\"inLanguage\":\"en-GB\",\"potentialAction\":[{\"@type\":\"ReadAction\",\"target\":[\"https:\/\/www.afrikabio.com\/naturel\/\"]}]},{\"@type\":\"ImageObject\",\"inLanguage\":\"en-GB\",\"@id\":\"https:\/\/www.afrikabio.com\/naturel\/#primaryimage\",\"url\":\"https:\/\/www.afrikabio.com\/wp-content\/uploads\/2025\/09\/freepik__the-style-is-candid-image-photography-with-natural__19579.jpeg\",\"contentUrl\":\"https:\/\/www.afrikabio.com\/wp-content\/uploads\/2025\/09\/freepik__the-style-is-candid-image-photography-with-natural__19579.jpeg\"},{\"@type\":\"BreadcrumbList\",\"@id\":\"https:\/\/www.afrikabio.com\/naturel\/#breadcrumb\",\"itemListElement\":[{\"@type\":\"ListItem\",\"position\":1,\"name\":\"Accueil\",\"item\":\"https:\/\/www.afrikabio.com\/\"},{\"@type\":\"ListItem\",\"position\":2,\"name\":\"Naturel\"}]},{\"@type\":\"WebSite\",\"@id\":\"https:\/\/www.afrikabio.com\/#website\",\"url\":\"https:\/\/www.afrikabio.com\/\",\"name\":\"Afrika Bio\",\"description\":\"Power of Nature\",\"publisher\":{\"@id\":\"https:\/\/www.afrikabio.com\/#organization\"},\"potentialAction\":[{\"@type\":\"SearchAction\",\"target\":{\"@type\":\"EntryPoint\",\"urlTemplate\":\"https:\/\/www.afrikabio.com\/?s={search_term_string}\"},\"query-input\":{\"@type\":\"PropertyValueSpecification\",\"valueRequired\":true,\"valueName\":\"search_term_string\"}}],\"inLanguage\":\"en-GB\"},{\"@type\":\"Organization\",\"@id\":\"https:\/\/www.afrikabio.com\/#organization\",\"name\":\"AfrikaBio\",\"url\":\"https:\/\/www.afrikabio.com\/\",\"logo\":{\"@type\":\"ImageObject\",\"inLanguage\":\"en-GB\",\"@id\":\"https:\/\/www.afrikabio.com\/#\/schema\/logo\/image\/\",\"url\":\"https:\/\/www.afrikabio.com\/wp-content\/uploads\/2024\/06\/cropped-cropped-logo-1.png\",\"contentUrl\":\"https:\/\/www.afrikabio.com\/wp-content\/uploads\/2024\/06\/cropped-cropped-logo-1.png\",\"width\":1420,\"height\":483,\"caption\":\"AfrikaBio\"},\"image\":{\"@id\":\"https:\/\/www.afrikabio.com\/#\/schema\/logo\/image\/\"},\"sameAs\":[\"https:\/\/www.facebook.com\/profile.php?id=100090304284824\"]}]}<\/script>\n<!-- \/ Yoast SEO plugin. -->","yoast_head_json":{"title":"Naturel - Afrika Bio","robots":{"index":"index","follow":"follow","max-snippet":"max-snippet:-1","max-image-preview":"max-image-preview:large","max-video-preview":"max-video-preview:-1"},"canonical":"https:\/\/www.afrikabio.com\/en\/naturel\/","og_locale":"en_GB","og_type":"article","og_title":"Naturel - Afrika Bio","og_description":"\u00ab La beaut\u00e9 commence par le naturel. D\u00e9couvrez comment Afrikabio sublime votre authenticit\u00e9, jour apr\u00e8s jour. \u00bb POWER OF NATURE \u00a0 Chez Afrikabio, nous croyons en une beaut\u00e9 pure et sans artifices. Nos produits sont issus de la nature, pour nourrir, prot\u00e9ger et r\u00e9v\u00e9ler l\u2019\u00e9clat naturel de votre peau, de vos cheveux et autre. Poudre [&hellip;]","og_url":"https:\/\/www.afrikabio.com\/en\/naturel\/","og_site_name":"Afrika Bio","article_publisher":"https:\/\/www.facebook.com\/profile.php?id=100090304284824","article_modified_time":"2025-09-16T08:57:47+00:00","og_image":[{"url":"https:\/\/www.afrikabio.com\/wp-content\/uploads\/2025\/09\/freepik__the-style-is-candid-image-photography-with-natural__19579.jpeg","type":"","width":"","height":""}],"twitter_card":"summary_large_image","twitter_misc":{"Estimated reading time":"1 minute"},"schema":{"@context":"https:\/\/schema.org","@graph":[{"@type":"WebPage","@id":"https:\/\/www.afrikabio.com\/naturel\/","url":"https:\/\/www.afrikabio.com\/naturel\/","name":"Naturel - Afrika Bio","isPartOf":{"@id":"https:\/\/www.afrikabio.com\/#website"},"primaryImageOfPage":{"@id":"https:\/\/www.afrikabio.com\/naturel\/#primaryimage"},"image":{"@id":"https:\/\/www.afrikabio.com\/naturel\/#primaryimage"},"thumbnailUrl":"https:\/\/www.afrikabio.com\/wp-content\/uploads\/2025\/09\/freepik__the-style-is-candid-image-photography-with-natural__19579.jpeg","datePublished":"2025-09-02T17:48:26+00:00","dateModified":"2025-09-16T08:57:47+00:00","breadcrumb":{"@id":"https:\/\/www.afrikabio.com\/naturel\/#breadcrumb"},"inLanguage":"en-GB","potentialAction":[{"@type":"ReadAction","target":["https:\/\/www.afrikabio.com\/naturel\/"]}]},{"@type":"ImageObject","inLanguage":"en-GB","@id":"https:\/\/www.afrikabio.com\/naturel\/#primaryimage","url":"https:\/\/www.afrikabio.com\/wp-content\/uploads\/2025\/09\/freepik__the-style-is-candid-image-photography-with-natural__19579.jpeg","contentUrl":"https:\/\/www.afrikabio.com\/wp-content\/uploads\/2025\/09\/freepik__the-style-is-candid-image-photography-with-natural__19579.jpeg"},{"@type":"BreadcrumbList","@id":"https:\/\/www.afrikabio.com\/naturel\/#breadcrumb","itemListElement":[{"@type":"ListItem","position":1,"name":"Accueil","item":"https:\/\/www.afrikabio.com\/"},{"@type":"ListItem","position":2,"name":"Naturel"}]},{"@type":"WebSite","@id":"https:\/\/www.afrikabio.com\/#website","url":"https:\/\/www.afrikabio.com\/","name":"Afrika Bio","description":"Power of Nature","publisher":{"@id":"https:\/\/www.afrikabio.com\/#organization"},"potentialAction":[{"@type":"SearchAction","target":{"@type":"EntryPoint","urlTemplate":"https:\/\/www.afrikabio.com\/?s={search_term_string}"},"query-input":{"@type":"PropertyValueSpecification","valueRequired":true,"valueName":"search_term_string"}}],"inLanguage":"en-GB"},{"@type":"Organization","@id":"https:\/\/www.afrikabio.com\/#organization","name":"AfrikaBio","url":"https:\/\/www.afrikabio.com\/","logo":{"@type":"ImageObject","inLanguage":"en-GB","@id":"https:\/\/www.afrikabio.com\/#\/schema\/logo\/image\/","url":"https:\/\/www.afrikabio.com\/wp-content\/uploads\/2024\/06\/cropped-cropped-logo-1.png","contentUrl":"https:\/\/www.afrikabio.com\/wp-content\/uploads\/2024\/06\/cropped-cropped-logo-1.png","width":1420,"height":483,"caption":"AfrikaBio"},"image":{"@id":"https:\/\/www.afrikabio.com\/#\/schema\/logo\/image\/"},"sameAs":["https:\/\/www.facebook.com\/profile.php?id=100090304284824"]}]}},"_links":{"self":[{"href":"https:\/\/www.afrikabio.com\/en\/wp-json\/wp\/v2\/pages\/3523","targetHints":{"allow":["GET"]}}],"collection":[{"href":"https:\/\/www.afrikabio.com\/en\/wp-json\/wp\/v2\/pages"}],"about":[{"href":"https:\/\/www.afrikabio.com\/en\/wp-json\/wp\/v2\/types\/page"}],"author":[{"embeddable":true,"href":"https:\/\/www.afrikabio.com\/en\/wp-json\/wp\/v2\/users\/2"}],"replies":[{"embeddable":true,"href":"https:\/\/www.afrikabio.com\/en\/wp-json\/wp\/v2\/comments?post=3523"}],"version-history":[{"count":0,"href":"https:\/\/www.afrikabio.com\/en\/wp-json\/wp\/v2\/pages\/3523\/revisions"}],"wp:attachment":[{"href":"https:\/\/www.afrikabio.com\/en\/wp-json\/wp\/v2\/media?parent=3523"}],"curies":[{"name":"wp","href":"https:\/\/api.w.org\/{rel}","templated":true}]}}