{"id":173,"date":"2024-06-05T18:17:08","date_gmt":"2024-06-05T16:17:08","guid":{"rendered":"https:\/\/www.afrikabio.com\/terms-conditions\/"},"modified":"2024-09-16T11:14:50","modified_gmt":"2024-09-16T09:14:50","slug":"terms-conditions","status":"publish","type":"page","link":"https:\/\/www.afrikabio.com\/en\/terms-conditions\/","title":{"rendered":"Terms &amp; Conditions"},"content":{"rendered":"<div data-elementor-type=\"wp-page\" data-elementor-id=\"173\" class=\"elementor elementor-173\" data-elementor-post-type=\"page\">\n\t\t\t\t\t\t<section class=\"elementor-section elementor-top-section elementor-element elementor-element-5b21311 elementor-section-boxed elementor-section-height-default elementor-section-height-default\" data-id=\"5b21311\" data-element_type=\"section\" data-e-type=\"section\">\n\t\t\t\t\t\t<div class=\"elementor-container elementor-column-gap-default\">\n\t\t\t\t\t<div class=\"elementor-column elementor-col-100 elementor-top-column elementor-element elementor-element-06c0976\" data-id=\"06c0976\" data-element_type=\"column\" data-e-type=\"column\">\n\t\t\t<div class=\"elementor-column-wrap--06c0976 elementor-widget-wrap elementor-element-populated\">\n\t\t\t\t\t\t<div class=\"elementor-element elementor-element-80f7fd0 elementor-widget elementor-widget-text-editor\" data-id=\"80f7fd0\" data-element_type=\"widget\" data-e-type=\"widget\" data-widget_type=\"text-editor.default\">\n\t\t\t\t\t\t\t\t\t<div><b>Preamble to the general terms and conditions of sale :<\/b><\/div><div>Any order placed on the www.afrikabio.com website implies prior acceptance of these general terms and conditions of sale.<\/div><div>\u00a0<\/div><div><b>Article 1<\/b> Scope of application<\/div><div>These general terms and conditions of sale apply to all transactions carried out via the www.afrikabio.com website.<\/div><div>\u00a0<\/div><div><b>Article 2: Ordering<\/b><\/div><div>\u00a0<\/div><div>-We undertake to accept your order subject to compliance with these general terms and conditions of sale as soon as your payment has been validated and accepted.<\/div><div>-The processing of your order is subject to the availability of products in stock or from our suppliers. When you place your order, we will inform you of the availability of the products you require.<\/div><div>-In the event of temporary unavailability (out of stock, reissue, etc.) after validation of your order, you will be informed by e-mail and you will be able to choose between a refund, a credit note or the return of the products concerned. In the event of permanent unavailability (out of stock, products not reissued), your order will be automatically cancelled and you will be informed by e-mail.<\/div><div>-By validating your order, you acknowledge that you fully accept these general terms and conditions of sale, which are available on the site. You hereby waive the right to invoke any contradictory document, including your own general terms and conditions of purchase. The order confirmation, together with all recorded data, will constitute proof of the transaction.<\/div><div>Pre-ordered items are also available at www.afrikabio.com and will be dispatched as soon as possible. We cannot be held responsible for any delay in their release.<\/div><div>\u00a0<\/div><div><b>Packaging:<\/b><\/div><div>Product packaging (jars, bottles, sachets, etc.) may vary depending on availability from our suppliers. No discount or refund will be given for the type of packaging delivered. Product photos are non-contractual. The net weight of honey may fluctuate by a few grams (+\/- 3 or 4 grams), depending on the density of the honey or measurement tolerances.<\/div><div>\u00a0<\/div><div><b>Article 3: Prices<\/b><\/div><div>Prices are given in euros, inclusive of tax and exclusive of delivery charges. Prices in foreign currencies are given for information only. Prices are subject to change without notice, but items will be invoiced on the basis in force when the order is placed. All orders are payable in euros. Customs duties or local taxes for deliveries outside mainland France are payable by the customer.<\/div><div>\u00a0<\/div><div><b>Article 4: Payment<\/b><\/div><div>Payments can be made by :<\/div><div>\u00a0<\/div><div>-Credit card (Carte Bleue, Visa, Eurocard\/Mastercard) via a secure platform (Stripe)<\/div><div>-PayPal<\/div><div>\u00a0<\/div><div>The order will be dispatched once payment has been received. If payment is deferred, the order will not be dispatched until this has been confirmed.<\/div><div>\u00a0<\/div><div><b>Article 5: Delivery<\/b><\/div><div>\u00a0<\/div><div>-Packages are sent via Chronopost or Colissimo.<\/div><div>-www.afrikabio.com declines all responsibility in the event of loss, theft, breakage, missing products or late delivery. You can track the status of your parcel via the link provided in the order confirmation e-mail.<\/div><div>-You are responsible for tracking your parcel. If an unclaimed parcel is returned, we are no longer responsible if it is lost or damaged. If the parcel is returned to us, we may offer you a credit note or resend the parcel subject to new delivery charges.<\/div><div>-In the event of an error in the details provided when the order is placed, you will be responsible for the cost of returning the goods.<\/div><div>-If a parcel is received in poor condition, refuse it and make a reservation so that you can claim compensation from the carrier.<\/div><div>-If an item is missing, send us a photo of the inside of the parcel with the products visible. We will offer you a refund, a credit note or a return, depending on our possibilities.<\/div><div>-In the event of extraordinary events (strikes, natural disasters, attacks, pandemics, etc.) delaying delivery, we will not be held responsible and no refund will be made.<\/div><div>\u00a0<\/div><div><b>Article 6: Right of withdrawal and refund<\/b><\/div><div>Customers have 15 days from receipt of the order to exercise their right of withdrawal. This right may result in the creation of a credit note, but not necessarily a refund. To exercise this right, products must be returned at your expense, in their original condition, unopened and with their packaging intact.<\/div><div>The refund or credit note will be issued by PayPal, credit card or bank transfer. No refund will be made if the parcel is blocked (see Article 5).<\/div>\t\t\t\t\t\t\t\t<\/div>\n\t\t\t\t\t<\/div>\n\t\t<\/div>\n\t\t\t\t\t<\/div>\n\t\t<\/section>\n\t\t\t\t<section class=\"elementor-section elementor-top-section elementor-element elementor-element-17f3027 elementor-section-boxed elementor-section-height-default elementor-section-height-default\" data-id=\"17f3027\" data-element_type=\"section\" data-e-type=\"section\">\n\t\t\t\t\t\t<div class=\"elementor-container elementor-column-gap-default\">\n\t\t\t\t\t<div class=\"elementor-column elementor-col-100 elementor-top-column elementor-element elementor-element-5212660\" data-id=\"5212660\" data-element_type=\"column\" data-e-type=\"column\">\n\t\t\t<div class=\"elementor-column-wrap--5212660 elementor-widget-wrap elementor-element-populated\">\n\t\t\t\t\t\t<div class=\"elementor-element elementor-element-df9085c elementor-widget elementor-widget-spacer\" data-id=\"df9085c\" data-element_type=\"widget\" data-e-type=\"widget\" data-widget_type=\"spacer.default\">\n\t\t\t\t\t\t\t<div class=\"elementor-spacer\">\n\t\t\t<div class=\"elementor-spacer-inner\"><\/div>\n\t\t<\/div>\n\t\t\t\t\t\t<\/div>\n\t\t\t\t\t<\/div>\n\t\t<\/div>\n\t\t\t\t\t<\/div>\n\t\t<\/section>\n\t\t\t\t<\/div>","protected":false},"excerpt":{"rendered":"<p>Pr\u00e9ambule des conditions g\u00e9n\u00e9rales de vente :Toute commande effectu\u00e9e sur le site marchand www.afrikabio.com implique l\u2019acceptation pr\u00e9alable des pr\u00e9sentes conditions g\u00e9n\u00e9rales de vente.\u00a0Article 1 : Champ d\u2019applicationLes pr\u00e9sentes conditions g\u00e9n\u00e9rales de vente s\u2019appliquent \u00e0 l\u2019ensemble des transactions r\u00e9alis\u00e9es via le site www.afrikabio.com.\u00a0Article 2 : Commande\u00a0\u2022Nous nous engageons \u00e0 accepter votre commande sous r\u00e9serve du respect [&hellip;]<\/p>","protected":false},"author":1,"featured_media":0,"parent":0,"menu_order":0,"comment_status":"closed","ping_status":"closed","template":"template-multi-cols.php","meta":{"_acf_changed":false,"footnotes":""},"class_list":["post-173","page","type-page","status-publish","hentry"],"acf":[],"yoast_head":"<!-- This site is optimized with the Yoast SEO plugin v26.6 - https:\/\/yoast.com\/wordpress\/plugins\/seo\/ -->\n<title>Terms &amp; Conditions - Afrika Bio<\/title>\n<meta name=\"robots\" content=\"index, follow, max-snippet:-1, max-image-preview:large, max-video-preview:-1\" \/>\n<link rel=\"canonical\" href=\"https:\/\/www.afrikabio.com\/en\/terms-conditions\/\" \/>\n<meta property=\"og:locale\" content=\"en_GB\" \/>\n<meta property=\"og:type\" content=\"article\" \/>\n<meta property=\"og:title\" content=\"Terms &amp; Conditions - Afrika Bio\" \/>\n<meta property=\"og:description\" content=\"Pr\u00e9ambule des conditions g\u00e9n\u00e9rales de vente :Toute commande effectu\u00e9e sur le site marchand www.afrikabio.com implique l\u2019acceptation pr\u00e9alable des pr\u00e9sentes conditions g\u00e9n\u00e9rales de vente.\u00a0Article 1 : Champ d\u2019applicationLes pr\u00e9sentes conditions g\u00e9n\u00e9rales de vente s\u2019appliquent \u00e0 l\u2019ensemble des transactions r\u00e9alis\u00e9es via le site www.afrikabio.com.\u00a0Article 2 : Commande\u00a0\u2022Nous nous engageons \u00e0 accepter votre commande sous r\u00e9serve du respect [&hellip;]\" \/>\n<meta property=\"og:url\" content=\"https:\/\/www.afrikabio.com\/en\/terms-conditions\/\" \/>\n<meta property=\"og:site_name\" content=\"Afrika Bio\" \/>\n<meta property=\"article:publisher\" content=\"https:\/\/www.facebook.com\/profile.php?id=100090304284824\" \/>\n<meta property=\"article:modified_time\" content=\"2024-09-16T09:14:50+00:00\" \/>\n<meta name=\"twitter:card\" content=\"summary_large_image\" \/>\n<meta name=\"twitter:label1\" content=\"Estimated reading time\" \/>\n\t<meta name=\"twitter:data1\" content=\"4 minutes\" \/>\n<script type=\"application\/ld+json\" class=\"yoast-schema-graph\">{\"@context\":\"https:\/\/schema.org\",\"@graph\":[{\"@type\":\"WebPage\",\"@id\":\"https:\/\/www.afrikabio.com\/terms-conditions\/\",\"url\":\"https:\/\/www.afrikabio.com\/terms-conditions\/\",\"name\":\"Terms &amp; Conditions - Afrika Bio\",\"isPartOf\":{\"@id\":\"https:\/\/www.afrikabio.com\/#website\"},\"datePublished\":\"2024-06-05T16:17:08+00:00\",\"dateModified\":\"2024-09-16T09:14:50+00:00\",\"breadcrumb\":{\"@id\":\"https:\/\/www.afrikabio.com\/terms-conditions\/#breadcrumb\"},\"inLanguage\":\"en-GB\",\"potentialAction\":[{\"@type\":\"ReadAction\",\"target\":[\"https:\/\/www.afrikabio.com\/terms-conditions\/\"]}]},{\"@type\":\"BreadcrumbList\",\"@id\":\"https:\/\/www.afrikabio.com\/terms-conditions\/#breadcrumb\",\"itemListElement\":[{\"@type\":\"ListItem\",\"position\":1,\"name\":\"Accueil\",\"item\":\"https:\/\/www.afrikabio.com\/\"},{\"@type\":\"ListItem\",\"position\":2,\"name\":\"Terms &amp; Conditions\"}]},{\"@type\":\"WebSite\",\"@id\":\"https:\/\/www.afrikabio.com\/#website\",\"url\":\"https:\/\/www.afrikabio.com\/\",\"name\":\"Afrika Bio\",\"description\":\"Power of Nature\",\"publisher\":{\"@id\":\"https:\/\/www.afrikabio.com\/#organization\"},\"potentialAction\":[{\"@type\":\"SearchAction\",\"target\":{\"@type\":\"EntryPoint\",\"urlTemplate\":\"https:\/\/www.afrikabio.com\/?s={search_term_string}\"},\"query-input\":{\"@type\":\"PropertyValueSpecification\",\"valueRequired\":true,\"valueName\":\"search_term_string\"}}],\"inLanguage\":\"en-GB\"},{\"@type\":\"Organization\",\"@id\":\"https:\/\/www.afrikabio.com\/#organization\",\"name\":\"AfrikaBio\",\"url\":\"https:\/\/www.afrikabio.com\/\",\"logo\":{\"@type\":\"ImageObject\",\"inLanguage\":\"en-GB\",\"@id\":\"https:\/\/www.afrikabio.com\/#\/schema\/logo\/image\/\",\"url\":\"https:\/\/www.afrikabio.com\/wp-content\/uploads\/2024\/06\/cropped-cropped-logo-1.png\",\"contentUrl\":\"https:\/\/www.afrikabio.com\/wp-content\/uploads\/2024\/06\/cropped-cropped-logo-1.png\",\"width\":1420,\"height\":483,\"caption\":\"AfrikaBio\"},\"image\":{\"@id\":\"https:\/\/www.afrikabio.com\/#\/schema\/logo\/image\/\"},\"sameAs\":[\"https:\/\/www.facebook.com\/profile.php?id=100090304284824\"]}]}<\/script>\n<!-- \/ Yoast SEO plugin. -->","yoast_head_json":{"title":"Terms &amp; Conditions - Afrika Bio","robots":{"index":"index","follow":"follow","max-snippet":"max-snippet:-1","max-image-preview":"max-image-preview:large","max-video-preview":"max-video-preview:-1"},"canonical":"https:\/\/www.afrikabio.com\/en\/terms-conditions\/","og_locale":"en_GB","og_type":"article","og_title":"Terms &amp; Conditions - Afrika Bio","og_description":"Pr\u00e9ambule des conditions g\u00e9n\u00e9rales de vente :Toute commande effectu\u00e9e sur le site marchand www.afrikabio.com implique l\u2019acceptation pr\u00e9alable des pr\u00e9sentes conditions g\u00e9n\u00e9rales de vente.\u00a0Article 1 : Champ d\u2019applicationLes pr\u00e9sentes conditions g\u00e9n\u00e9rales de vente s\u2019appliquent \u00e0 l\u2019ensemble des transactions r\u00e9alis\u00e9es via le site www.afrikabio.com.\u00a0Article 2 : Commande\u00a0\u2022Nous nous engageons \u00e0 accepter votre commande sous r\u00e9serve du respect [&hellip;]","og_url":"https:\/\/www.afrikabio.com\/en\/terms-conditions\/","og_site_name":"Afrika Bio","article_publisher":"https:\/\/www.facebook.com\/profile.php?id=100090304284824","article_modified_time":"2024-09-16T09:14:50+00:00","twitter_card":"summary_large_image","twitter_misc":{"Estimated reading time":"4 minutes"},"schema":{"@context":"https:\/\/schema.org","@graph":[{"@type":"WebPage","@id":"https:\/\/www.afrikabio.com\/terms-conditions\/","url":"https:\/\/www.afrikabio.com\/terms-conditions\/","name":"Terms &amp; Conditions - Afrika Bio","isPartOf":{"@id":"https:\/\/www.afrikabio.com\/#website"},"datePublished":"2024-06-05T16:17:08+00:00","dateModified":"2024-09-16T09:14:50+00:00","breadcrumb":{"@id":"https:\/\/www.afrikabio.com\/terms-conditions\/#breadcrumb"},"inLanguage":"en-GB","potentialAction":[{"@type":"ReadAction","target":["https:\/\/www.afrikabio.com\/terms-conditions\/"]}]},{"@type":"BreadcrumbList","@id":"https:\/\/www.afrikabio.com\/terms-conditions\/#breadcrumb","itemListElement":[{"@type":"ListItem","position":1,"name":"Accueil","item":"https:\/\/www.afrikabio.com\/"},{"@type":"ListItem","position":2,"name":"Terms &amp; Conditions"}]},{"@type":"WebSite","@id":"https:\/\/www.afrikabio.com\/#website","url":"https:\/\/www.afrikabio.com\/","name":"Afrika Bio","description":"Power of Nature","publisher":{"@id":"https:\/\/www.afrikabio.com\/#organization"},"potentialAction":[{"@type":"SearchAction","target":{"@type":"EntryPoint","urlTemplate":"https:\/\/www.afrikabio.com\/?s={search_term_string}"},"query-input":{"@type":"PropertyValueSpecification","valueRequired":true,"valueName":"search_term_string"}}],"inLanguage":"en-GB"},{"@type":"Organization","@id":"https:\/\/www.afrikabio.com\/#organization","name":"AfrikaBio","url":"https:\/\/www.afrikabio.com\/","logo":{"@type":"ImageObject","inLanguage":"en-GB","@id":"https:\/\/www.afrikabio.com\/#\/schema\/logo\/image\/","url":"https:\/\/www.afrikabio.com\/wp-content\/uploads\/2024\/06\/cropped-cropped-logo-1.png","contentUrl":"https:\/\/www.afrikabio.com\/wp-content\/uploads\/2024\/06\/cropped-cropped-logo-1.png","width":1420,"height":483,"caption":"AfrikaBio"},"image":{"@id":"https:\/\/www.afrikabio.com\/#\/schema\/logo\/image\/"},"sameAs":["https:\/\/www.facebook.com\/profile.php?id=100090304284824"]}]}},"_links":{"self":[{"href":"https:\/\/www.afrikabio.com\/en\/wp-json\/wp\/v2\/pages\/173","targetHints":{"allow":["GET"]}}],"collection":[{"href":"https:\/\/www.afrikabio.com\/en\/wp-json\/wp\/v2\/pages"}],"about":[{"href":"https:\/\/www.afrikabio.com\/en\/wp-json\/wp\/v2\/types\/page"}],"author":[{"embeddable":true,"href":"https:\/\/www.afrikabio.com\/en\/wp-json\/wp\/v2\/users\/1"}],"replies":[{"embeddable":true,"href":"https:\/\/www.afrikabio.com\/en\/wp-json\/wp\/v2\/comments?post=173"}],"version-history":[{"count":0,"href":"https:\/\/www.afrikabio.com\/en\/wp-json\/wp\/v2\/pages\/173\/revisions"}],"wp:attachment":[{"href":"https:\/\/www.afrikabio.com\/en\/wp-json\/wp\/v2\/media?parent=173"}],"curies":[{"name":"wp","href":"https:\/\/api.w.org\/{rel}","templated":true}]}}