{"id":582,"date":"2024-06-15T07:22:41","date_gmt":"2024-06-15T05:22:41","guid":{"rendered":"https:\/\/www.afrikabio.com\/?post_type=product&#038;p=582"},"modified":"2025-09-04T18:20:25","modified_gmt":"2025-09-04T16:20:25","slug":"tapioca","status":"publish","type":"product","link":"https:\/\/www.afrikabio.com\/de\/produkt\/tapioca\/","title":{"rendered":"Tapioka"},"content":{"rendered":"<div data-elementor-type=\"wp-post\" data-elementor-id=\"582\" class=\"elementor elementor-582\" data-elementor-post-type=\"product\">\n\t\t\t\t\t\t<section class=\"elementor-section elementor-top-section elementor-element elementor-element-12502454 rey-section-stretched elementor-section-boxed elementor-section-height-default elementor-section-height-default\" data-id=\"12502454\" data-element_type=\"section\" data-e-type=\"section\">\n\t\t\t\t\t\t<div class=\"elementor-container elementor-column-gap-default\">\n\t\t\t\t\t<div class=\"elementor-column elementor-col-100 elementor-top-column elementor-element elementor-element-d4db129\" data-id=\"d4db129\" data-element_type=\"column\" data-e-type=\"column\">\n\t\t\t<div class=\"elementor-column-wrap--d4db129 elementor-widget-wrap elementor-element-populated\">\n\t\t\t\t\t\t<div class=\"elementor-element elementor-element-32b0e382 elementor-tabs-view-horizontal elementor-widget elementor-widget-tabs\" data-id=\"32b0e382\" data-element_type=\"widget\" data-e-type=\"widget\" data-widget_type=\"tabs.default\">\n\t\t\t\t\t\t\t<div class=\"elementor-tabs\">\n\t\t\t<div class=\"elementor-tabs-wrapper\" role=\"tablist\" >\n\t\t\t\t\t\t\t\t\t<div id=\"elementor-tab-title-8501\" class=\"elementor-tab-title elementor-tab-desktop-title\" aria-selected=\"true\" data-tab=\"1\" role=\"tab\" tabindex=\"0\" aria-controls=\"elementor-tab-content-8501\" aria-expanded=\"false\">CARACTERISTIQUES<\/div>\n\t\t\t\t\t\t\t\t\t<div id=\"elementor-tab-title-8502\" class=\"elementor-tab-title elementor-tab-desktop-title\" aria-selected=\"false\" data-tab=\"2\" role=\"tab\" tabindex=\"-1\" aria-controls=\"elementor-tab-content-8502\" aria-expanded=\"false\">BIENFAITS<\/div>\n\t\t\t\t\t\t\t\t\t<div id=\"elementor-tab-title-8503\" class=\"elementor-tab-title elementor-tab-desktop-title\" aria-selected=\"false\" data-tab=\"3\" role=\"tab\" tabindex=\"-1\" aria-controls=\"elementor-tab-content-8503\" aria-expanded=\"false\">UTILISATION<\/div>\n\t\t\t\t\t\t\t\t\t<div id=\"elementor-tab-title-8504\" class=\"elementor-tab-title elementor-tab-desktop-title\" aria-selected=\"false\" data-tab=\"4\" role=\"tab\" tabindex=\"-1\" aria-controls=\"elementor-tab-content-8504\" aria-expanded=\"false\">EMBALLAGE<\/div>\n\t\t\t\t\t\t\t\t\t<div id=\"elementor-tab-title-8505\" class=\"elementor-tab-title elementor-tab-desktop-title\" aria-selected=\"false\" data-tab=\"5\" role=\"tab\" tabindex=\"-1\" aria-controls=\"elementor-tab-content-8505\" aria-expanded=\"false\">HISTOIRE<\/div>\n\t\t\t\t\t\t\t\t\t<div id=\"elementor-tab-title-8506\" class=\"elementor-tab-title elementor-tab-desktop-title\" aria-selected=\"false\" data-tab=\"6\" role=\"tab\" tabindex=\"-1\" aria-controls=\"elementor-tab-content-8506\" aria-expanded=\"false\">COMPOSITION<\/div>\n\t\t\t\t\t\t\t\t\t<div id=\"elementor-tab-title-8507\" class=\"elementor-tab-title elementor-tab-desktop-title\" aria-selected=\"false\" data-tab=\"7\" role=\"tab\" tabindex=\"-1\" aria-controls=\"elementor-tab-content-8507\" aria-expanded=\"false\">CONTRE-INDICATIONS<\/div>\n\t\t\t\t\t\t\t\t\t<div id=\"elementor-tab-title-8508\" class=\"elementor-tab-title elementor-tab-desktop-title\" aria-selected=\"false\" data-tab=\"8\" role=\"tab\" tabindex=\"-1\" aria-controls=\"elementor-tab-content-8508\" aria-expanded=\"false\">CONSERVATION<\/div>\n\t\t\t\t\t\t\t\t\t<div id=\"elementor-tab-title-8509\" class=\"elementor-tab-title elementor-tab-desktop-title\" aria-selected=\"false\" data-tab=\"9\" role=\"tab\" tabindex=\"-1\" aria-controls=\"elementor-tab-content-8509\" aria-expanded=\"false\">VIDEO DEMO<\/div>\n\t\t\t\t\t\t\t<\/div>\n\t\t\t<div class=\"elementor-tabs-content-wrapper\" role=\"tablist\" aria-orientation=\"vertical\">\n\t\t\t\t\t\t\t\t\t<div class=\"elementor-tab-title elementor-tab-mobile-title\" aria-selected=\"true\" data-tab=\"1\" role=\"tab\" tabindex=\"0\" aria-controls=\"elementor-tab-content-8501\" aria-expanded=\"false\">CARACTERISTIQUES<\/div>\n\t\t\t\t\t<div id=\"elementor-tab-content-8501\" class=\"elementor-tab-content elementor-clearfix\" data-tab=\"1\" role=\"tabpanel\" aria-labelledby=\"elementor-tab-title-8501\" tabindex=\"0\" hidden=\"false\"><p>Le TAPIOCA AFRIKA BIO est 100% pure et naturelle. tr\u00e8s nutritive et sans gluten, la farine de tapioca est un substitut int\u00e9ressant du bl\u00e9. De la racine de manioc, on extrait de la f\u00e9cule. Celle-ci, pr\u00e9cuite, s\u00e9ch\u00e9e, broy\u00e9e et blut\u00e9e, devient alors<br>du TAPIOCA, petits granul\u00e9s blanc nacr\u00e9 de l\u2019apparence du sucre semoule. D\u2019une saveur neutre, le tapioca est utilis\u00e9 en cuisine pour remplacer le riz ou pour pr\u00e9parer des plats sucr\u00e9s que sal\u00e9s. Au petit d\u00e9jeuner, il se mange tr\u00e8s bien avec du lait. On trouve \u00e9galement du tapioca dans des recettes de cocktails, de pouding ou de tapioca dessert comme le crumble de tapioca au lait de coco. D\u00e9licieux, le tapioca est aussi b\u00e9n\u00e9fique pour la sant\u00e9. D\u00e9couvrez ses vertus.<\/p><\/div>\n\t\t\t\t\t\t\t\t\t<div class=\"elementor-tab-title elementor-tab-mobile-title\" aria-selected=\"false\" data-tab=\"2\" role=\"tab\" tabindex=\"-1\" aria-controls=\"elementor-tab-content-8502\" aria-expanded=\"false\">BIENFAITS<\/div>\n\t\t\t\t\t<div id=\"elementor-tab-content-8502\" class=\"elementor-tab-content elementor-clearfix\" data-tab=\"2\" role=\"tabpanel\" aria-labelledby=\"elementor-tab-title-8502\" tabindex=\"0\" hidden=\"hidden\"><p><b><u>Substitut sans gluten <\/u><\/b>: La farine tapioca a l\u2019avantage d\u2019\u00eatre d\u00e9pourvue de gluten. Elle est largement utilis\u00e9e par les intol\u00e9rants au gluten dans les recettes de cuisine et de p\u00e2tisserie. Le tapioca est facile \u00e0 dig\u00e9rer. Sa forte teneur en glucides permet une prise de poids saine et rapide. Les personnes qui souhaitent gagner du poids peuvent se fier \u00e0 une recette \u00e0 base de tapioca pour faire impasse sur les graisses satur\u00e9es.<\/p>\n<p><b><u>Favorise un bon transit intestinal <\/u><\/b>: L\u2019amidon de tapioca est aussi appr\u00e9ci\u00e9 pour ses propri\u00e9t\u00e9s astringentes, digestives et \u00e9mollientes. Il est particuli\u00e8rement recommand\u00e9 en cas de mauvaise digestion ou de probl\u00e8mes intestinaux. Sa richesse en fibres permet de r\u00e9guler le transit intestinal, d\u2019\u00e9viter la constipation et de calmer les ballonnements.<\/p>\n<p><b><u>Source de fer<\/u><\/b> : En fournissant \u00e0 l\u2019organisme une quantit\u00e9 suffisante de fer, elle stimule la cr\u00e9ation de globules rouges dans le sang maintenant ainsi les cellules en bonne sant\u00e9. Contenant du potassium qui est vasodilatateur, elle am\u00e9liore la circulation sanguine en r\u00e9duisant la pression art\u00e9rielle, \u00e9vitant la formation de caillots sanguins. La teneur en fer du tapioca peut \u00eatre int\u00e9ressante pour compl\u00e9ter des apports alimentaires vari\u00e9s (\u00e9pinards, l\u00e9gumineuses, etc.) et ainsi lutter contre les risques d&rsquo;an\u00e9mie.<\/p>\n<p><b><u>Renforce l\u2019ossature<\/u><\/b> : V\u00e9ritable source de vitamine K, de fer et de calcium, la f\u00e9cule de tapioca est excellente pour les enfants en p\u00e9riode de croissance. En consommer aide \u00e0 renforcer les os et \u00e0 assurer leur d\u00e9veloppement. Cet aliment est aussi conseill\u00e9 aux personnes \u00e2g\u00e9es puisqu\u2019il permet de garder les os en bonne masse. En effet, la vitamine K qu\u2019il renferme stimule les voies neurales actives et engag\u00e9es.<\/p><\/div>\n\t\t\t\t\t\t\t\t\t<div class=\"elementor-tab-title elementor-tab-mobile-title\" aria-selected=\"false\" data-tab=\"3\" role=\"tab\" tabindex=\"-1\" aria-controls=\"elementor-tab-content-8503\" aria-expanded=\"false\">UTILISATION<\/div>\n\t\t\t\t\t<div id=\"elementor-tab-content-8503\" class=\"elementor-tab-content elementor-clearfix\" data-tab=\"3\" role=\"tabpanel\" aria-labelledby=\"elementor-tab-title-8503\" tabindex=\"0\" hidden=\"hidden\"><p>Le tapioca est surtout utilis\u00e9 en farine comme\u00a0agent liant\u00a0dans les p\u00e2tes par exemple. Il sert aussi d\u2019\u00e9paississant pour les soupes et les sauces. C\u2019est un excellent substitut pour la farine de bl\u00e9 dans les recettes de pain.<\/p><p>Les\u00a0perles de tapioca\u00a0peuvent \u00eatre appr\u00e9ci\u00e9es dans des pr\u00e9parations sucr\u00e9es. Pour la cuisson, le tapioca se cuit pendant 7 minutes dans un grand volume d\u2019eau. Il est cuit lorsque les billes deviennent translucides. Il est possible de remplacer l\u2019eau par du lait pour faire du tapioca au lait ou une cr\u00e8me dessert.<\/p><\/div>\n\t\t\t\t\t\t\t\t\t<div class=\"elementor-tab-title elementor-tab-mobile-title\" aria-selected=\"false\" data-tab=\"4\" role=\"tab\" tabindex=\"-1\" aria-controls=\"elementor-tab-content-8504\" aria-expanded=\"false\">EMBALLAGE<\/div>\n\t\t\t\t\t<div id=\"elementor-tab-content-8504\" class=\"elementor-tab-content elementor-clearfix\" data-tab=\"4\" role=\"tabpanel\" aria-labelledby=\"elementor-tab-title-8504\" tabindex=\"0\" hidden=\"hidden\"><p>Dans le cadre d&rsquo;une d\u00e9marche responsable, nos pots sont livr\u00e9s sans \u00e9tui suppl\u00e9mentaire. Nos pots en kraft biod\u00e9gradables sont recyclables ou r\u00e9utilisables.&nbsp;<\/p><\/div>\n\t\t\t\t\t\t\t\t\t<div class=\"elementor-tab-title elementor-tab-mobile-title\" aria-selected=\"false\" data-tab=\"5\" role=\"tab\" tabindex=\"-1\" aria-controls=\"elementor-tab-content-8505\" aria-expanded=\"false\">HISTOIRE<\/div>\n\t\t\t\t\t<div id=\"elementor-tab-content-8505\" class=\"elementor-tab-content elementor-clearfix\" data-tab=\"5\" role=\"tabpanel\" aria-labelledby=\"elementor-tab-title-8505\" tabindex=\"0\" hidden=\"hidden\"><p>Le tapioca est une f\u00e9cule fabriqu\u00e9e \u00e0 partir de l&rsquo;amidon extrait des tubercules du manioc (Voir Manioc) qui est un arbrisseau des r\u00e9gions tropicales (famille des Euphorbiac\u00e9es).<\/p><\/div>\n\t\t\t\t\t\t\t\t\t<div class=\"elementor-tab-title elementor-tab-mobile-title\" aria-selected=\"false\" data-tab=\"6\" role=\"tab\" tabindex=\"-1\" aria-controls=\"elementor-tab-content-8506\" aria-expanded=\"false\">COMPOSITION<\/div>\n\t\t\t\t\t<div id=\"elementor-tab-content-8506\" class=\"elementor-tab-content elementor-clearfix\" data-tab=\"6\" role=\"tabpanel\" aria-labelledby=\"elementor-tab-title-8506\" tabindex=\"0\" hidden=\"hidden\"><p>Le TAPIOCA est riche en Vitamine C, B et B9 Fer, Potassium, Magn\u00e9sium, Calcium, Fibres, Glucides.<\/p><\/div>\n\t\t\t\t\t\t\t\t\t<div class=\"elementor-tab-title elementor-tab-mobile-title\" aria-selected=\"false\" data-tab=\"7\" role=\"tab\" tabindex=\"-1\" aria-controls=\"elementor-tab-content-8507\" aria-expanded=\"false\">CONTRE-INDICATIONS<\/div>\n\t\t\t\t\t<div id=\"elementor-tab-content-8507\" class=\"elementor-tab-content elementor-clearfix\" data-tab=\"7\" role=\"tabpanel\" aria-labelledby=\"elementor-tab-title-8507\" tabindex=\"0\" hidden=\"hidden\"><p>AUCUNES<\/p><\/div>\n\t\t\t\t\t\t\t\t\t<div class=\"elementor-tab-title elementor-tab-mobile-title\" aria-selected=\"false\" data-tab=\"8\" role=\"tab\" tabindex=\"-1\" aria-controls=\"elementor-tab-content-8508\" aria-expanded=\"false\">CONSERVATION<\/div>\n\t\t\t\t\t<div id=\"elementor-tab-content-8508\" class=\"elementor-tab-content elementor-clearfix\" data-tab=\"8\" role=\"tabpanel\" aria-labelledby=\"elementor-tab-title-8508\" tabindex=\"0\" hidden=\"hidden\"><p>Conditions de conservation : Conserver \u00e0 l&rsquo;abris de la lumi\u00e8re, de la chaleur et de l\u2019humidit\u00e9.<\/p><\/div>\n\t\t\t\t\t\t\t\t\t<div class=\"elementor-tab-title elementor-tab-mobile-title\" aria-selected=\"false\" data-tab=\"9\" role=\"tab\" tabindex=\"-1\" aria-controls=\"elementor-tab-content-8509\" aria-expanded=\"false\">VIDEO DEMO<\/div>\n\t\t\t\t\t<div id=\"elementor-tab-content-8509\" class=\"elementor-tab-content elementor-clearfix\" data-tab=\"9\" role=\"tabpanel\" aria-labelledby=\"elementor-tab-title-8509\" tabindex=\"0\" hidden=\"hidden\"><\/div>\n\t\t\t\t\t\t\t<\/div>\n\t\t<\/div>\n\t\t\t\t\t\t<\/div>\n\t\t\t\t\t<\/div>\n\t\t<\/div>\n\t\t\t\t\t<\/div>\n\t\t<\/section>\n\t\t\t\t<\/div>","protected":false},"excerpt":{"rendered":"<p>NOM BOTANIQUE : <strong>Manihot esculenta<br \/>\nOrigine Togo<\/strong><\/p>\n<ul>\n<li>Bien-\u00eatre et sant\u00e9<\/li>\n<li>100g<\/li>\n<li>100% pure et naturelle<\/li>\n<li>Sans gluten<\/li>\n<li>Qualit\u00e9 premium<\/li>\n<\/ul>","protected":false},"featured_media":584,"comment_status":"open","ping_status":"closed","template":"","meta":{"_acf_changed":false},"product_cat":[57,54],"product_tag":[],"class_list":{"0":"post-582","1":"product","2":"type-product","3":"status-publish","4":"has-post-thumbnail","6":"product_cat-autres","7":"product_cat-graines","9":"first","10":"instock","11":"shipping-taxable","12":"purchasable","13":"product-type-simple","swatches":"rey-swatches","show_selected":""},"acf":[],"yoast_head":"<!-- This site is optimized with the Yoast SEO plugin v26.6 - https:\/\/yoast.com\/wordpress\/plugins\/seo\/ -->\n<title>Tapioca - Afrika Bio<\/title>\n<meta name=\"robots\" content=\"index, follow, max-snippet:-1, max-image-preview:large, max-video-preview:-1\" \/>\n<link rel=\"canonical\" href=\"https:\/\/www.afrikabio.com\/de\/produkt\/tapioca\/\" \/>\n<meta property=\"og:locale\" content=\"de_DE\" \/>\n<meta property=\"og:type\" content=\"article\" \/>\n<meta property=\"og:title\" content=\"Tapioca - Afrika Bio\" \/>\n<meta property=\"og:description\" content=\"NOM BOTANIQUE : Manihot esculenta Origine Togo   Bien-\u00eatre et sant\u00e9  100g  100% pure et naturelle  Sans gluten  Qualit\u00e9 premium\" \/>\n<meta property=\"og:url\" content=\"https:\/\/www.afrikabio.com\/de\/produkt\/tapioca\/\" \/>\n<meta property=\"og:site_name\" content=\"Afrika Bio\" \/>\n<meta property=\"article:publisher\" content=\"https:\/\/www.facebook.com\/profile.php?id=100090304284824\" \/>\n<meta property=\"article:modified_time\" content=\"2025-09-04T16:20:25+00:00\" \/>\n<meta property=\"og:image\" content=\"https:\/\/www.afrikabio.com\/wp-content\/uploads\/2024\/06\/Tapioca.jpg\" \/>\n\t<meta property=\"og:image:width\" content=\"900\" \/>\n\t<meta property=\"og:image:height\" content=\"900\" \/>\n\t<meta property=\"og:image:type\" content=\"image\/jpeg\" \/>\n<meta name=\"twitter:card\" content=\"summary_large_image\" \/>\n<meta name=\"twitter:label1\" content=\"Gesch\u00e4tzte Lesezeit\" \/>\n\t<meta name=\"twitter:data1\" content=\"4\u00a0Minuten\" \/>\n<script type=\"application\/ld+json\" class=\"yoast-schema-graph\">{\"@context\":\"https:\/\/schema.org\",\"@graph\":[{\"@type\":\"WebPage\",\"@id\":\"https:\/\/www.afrikabio.com\/produit\/tapioca\/\",\"url\":\"https:\/\/www.afrikabio.com\/produit\/tapioca\/\",\"name\":\"Tapioca - Afrika Bio\",\"isPartOf\":{\"@id\":\"https:\/\/www.afrikabio.com\/#website\"},\"primaryImageOfPage\":{\"@id\":\"https:\/\/www.afrikabio.com\/produit\/tapioca\/#primaryimage\"},\"image\":{\"@id\":\"https:\/\/www.afrikabio.com\/produit\/tapioca\/#primaryimage\"},\"thumbnailUrl\":\"https:\/\/www.afrikabio.com\/wp-content\/uploads\/2024\/06\/Tapioca.jpg\",\"datePublished\":\"2024-06-15T05:22:41+00:00\",\"dateModified\":\"2025-09-04T16:20:25+00:00\",\"breadcrumb\":{\"@id\":\"https:\/\/www.afrikabio.com\/produit\/tapioca\/#breadcrumb\"},\"inLanguage\":\"de\",\"potentialAction\":[{\"@type\":\"ReadAction\",\"target\":[\"https:\/\/www.afrikabio.com\/produit\/tapioca\/\"]}]},{\"@type\":\"ImageObject\",\"inLanguage\":\"de\",\"@id\":\"https:\/\/www.afrikabio.com\/produit\/tapioca\/#primaryimage\",\"url\":\"https:\/\/www.afrikabio.com\/wp-content\/uploads\/2024\/06\/Tapioca.jpg\",\"contentUrl\":\"https:\/\/www.afrikabio.com\/wp-content\/uploads\/2024\/06\/Tapioca.jpg\",\"width\":900,\"height\":900},{\"@type\":\"BreadcrumbList\",\"@id\":\"https:\/\/www.afrikabio.com\/produit\/tapioca\/#breadcrumb\",\"itemListElement\":[{\"@type\":\"ListItem\",\"position\":1,\"name\":\"Accueil\",\"item\":\"https:\/\/www.afrikabio.com\/\"},{\"@type\":\"ListItem\",\"position\":2,\"name\":\"Produits\",\"item\":\"https:\/\/www.afrikabio.com\/shop\/\"},{\"@type\":\"ListItem\",\"position\":3,\"name\":\"Tapioca\"}]},{\"@type\":\"WebSite\",\"@id\":\"https:\/\/www.afrikabio.com\/#website\",\"url\":\"https:\/\/www.afrikabio.com\/\",\"name\":\"Afrika Bio\",\"description\":\"Power of Nature\",\"publisher\":{\"@id\":\"https:\/\/www.afrikabio.com\/#organization\"},\"potentialAction\":[{\"@type\":\"SearchAction\",\"target\":{\"@type\":\"EntryPoint\",\"urlTemplate\":\"https:\/\/www.afrikabio.com\/?s={search_term_string}\"},\"query-input\":{\"@type\":\"PropertyValueSpecification\",\"valueRequired\":true,\"valueName\":\"search_term_string\"}}],\"inLanguage\":\"de\"},{\"@type\":\"Organization\",\"@id\":\"https:\/\/www.afrikabio.com\/#organization\",\"name\":\"AfrikaBio\",\"url\":\"https:\/\/www.afrikabio.com\/\",\"logo\":{\"@type\":\"ImageObject\",\"inLanguage\":\"de\",\"@id\":\"https:\/\/www.afrikabio.com\/#\/schema\/logo\/image\/\",\"url\":\"https:\/\/www.afrikabio.com\/wp-content\/uploads\/2024\/06\/cropped-cropped-logo-1.png\",\"contentUrl\":\"https:\/\/www.afrikabio.com\/wp-content\/uploads\/2024\/06\/cropped-cropped-logo-1.png\",\"width\":1420,\"height\":483,\"caption\":\"AfrikaBio\"},\"image\":{\"@id\":\"https:\/\/www.afrikabio.com\/#\/schema\/logo\/image\/\"},\"sameAs\":[\"https:\/\/www.facebook.com\/profile.php?id=100090304284824\"]}]}<\/script>\n<!-- \/ Yoast SEO plugin. -->","yoast_head_json":{"title":"Tapioca - Afrika Bio","robots":{"index":"index","follow":"follow","max-snippet":"max-snippet:-1","max-image-preview":"max-image-preview:large","max-video-preview":"max-video-preview:-1"},"canonical":"https:\/\/www.afrikabio.com\/de\/produkt\/tapioca\/","og_locale":"de_DE","og_type":"article","og_title":"Tapioca - Afrika Bio","og_description":"NOM BOTANIQUE : Manihot esculenta Origine Togo   Bien-\u00eatre et sant\u00e9  100g  100% pure et naturelle  Sans gluten  Qualit\u00e9 premium","og_url":"https:\/\/www.afrikabio.com\/de\/produkt\/tapioca\/","og_site_name":"Afrika Bio","article_publisher":"https:\/\/www.facebook.com\/profile.php?id=100090304284824","article_modified_time":"2025-09-04T16:20:25+00:00","og_image":[{"width":900,"height":900,"url":"https:\/\/www.afrikabio.com\/wp-content\/uploads\/2024\/06\/Tapioca.jpg","type":"image\/jpeg"}],"twitter_card":"summary_large_image","twitter_misc":{"Gesch\u00e4tzte Lesezeit":"4\u00a0Minuten"},"schema":{"@context":"https:\/\/schema.org","@graph":[{"@type":"WebPage","@id":"https:\/\/www.afrikabio.com\/produit\/tapioca\/","url":"https:\/\/www.afrikabio.com\/produit\/tapioca\/","name":"Tapioca - Afrika Bio","isPartOf":{"@id":"https:\/\/www.afrikabio.com\/#website"},"primaryImageOfPage":{"@id":"https:\/\/www.afrikabio.com\/produit\/tapioca\/#primaryimage"},"image":{"@id":"https:\/\/www.afrikabio.com\/produit\/tapioca\/#primaryimage"},"thumbnailUrl":"https:\/\/www.afrikabio.com\/wp-content\/uploads\/2024\/06\/Tapioca.jpg","datePublished":"2024-06-15T05:22:41+00:00","dateModified":"2025-09-04T16:20:25+00:00","breadcrumb":{"@id":"https:\/\/www.afrikabio.com\/produit\/tapioca\/#breadcrumb"},"inLanguage":"de","potentialAction":[{"@type":"ReadAction","target":["https:\/\/www.afrikabio.com\/produit\/tapioca\/"]}]},{"@type":"ImageObject","inLanguage":"de","@id":"https:\/\/www.afrikabio.com\/produit\/tapioca\/#primaryimage","url":"https:\/\/www.afrikabio.com\/wp-content\/uploads\/2024\/06\/Tapioca.jpg","contentUrl":"https:\/\/www.afrikabio.com\/wp-content\/uploads\/2024\/06\/Tapioca.jpg","width":900,"height":900},{"@type":"BreadcrumbList","@id":"https:\/\/www.afrikabio.com\/produit\/tapioca\/#breadcrumb","itemListElement":[{"@type":"ListItem","position":1,"name":"Accueil","item":"https:\/\/www.afrikabio.com\/"},{"@type":"ListItem","position":2,"name":"Produits","item":"https:\/\/www.afrikabio.com\/shop\/"},{"@type":"ListItem","position":3,"name":"Tapioca"}]},{"@type":"WebSite","@id":"https:\/\/www.afrikabio.com\/#website","url":"https:\/\/www.afrikabio.com\/","name":"Afrika Bio","description":"Power of Nature","publisher":{"@id":"https:\/\/www.afrikabio.com\/#organization"},"potentialAction":[{"@type":"SearchAction","target":{"@type":"EntryPoint","urlTemplate":"https:\/\/www.afrikabio.com\/?s={search_term_string}"},"query-input":{"@type":"PropertyValueSpecification","valueRequired":true,"valueName":"search_term_string"}}],"inLanguage":"de"},{"@type":"Organization","@id":"https:\/\/www.afrikabio.com\/#organization","name":"AfrikaBio","url":"https:\/\/www.afrikabio.com\/","logo":{"@type":"ImageObject","inLanguage":"de","@id":"https:\/\/www.afrikabio.com\/#\/schema\/logo\/image\/","url":"https:\/\/www.afrikabio.com\/wp-content\/uploads\/2024\/06\/cropped-cropped-logo-1.png","contentUrl":"https:\/\/www.afrikabio.com\/wp-content\/uploads\/2024\/06\/cropped-cropped-logo-1.png","width":1420,"height":483,"caption":"AfrikaBio"},"image":{"@id":"https:\/\/www.afrikabio.com\/#\/schema\/logo\/image\/"},"sameAs":["https:\/\/www.facebook.com\/profile.php?id=100090304284824"]}]}},"_links":{"self":[{"href":"https:\/\/www.afrikabio.com\/de\/wp-json\/wp\/v2\/product\/582","targetHints":{"allow":["GET"]}}],"collection":[{"href":"https:\/\/www.afrikabio.com\/de\/wp-json\/wp\/v2\/product"}],"about":[{"href":"https:\/\/www.afrikabio.com\/de\/wp-json\/wp\/v2\/types\/product"}],"replies":[{"embeddable":true,"href":"https:\/\/www.afrikabio.com\/de\/wp-json\/wp\/v2\/comments?post=582"}],"version-history":[{"count":0,"href":"https:\/\/www.afrikabio.com\/de\/wp-json\/wp\/v2\/product\/582\/revisions"}],"wp:featuredmedia":[{"embeddable":true,"href":"https:\/\/www.afrikabio.com\/de\/wp-json\/wp\/v2\/media\/584"}],"wp:attachment":[{"href":"https:\/\/www.afrikabio.com\/de\/wp-json\/wp\/v2\/media?parent=582"}],"wp:term":[{"taxonomy":"product_cat","embeddable":true,"href":"https:\/\/www.afrikabio.com\/de\/wp-json\/wp\/v2\/product_cat?post=582"},{"taxonomy":"product_tag","embeddable":true,"href":"https:\/\/www.afrikabio.com\/de\/wp-json\/wp\/v2\/product_tag?post=582"}],"curies":[{"name":"wp","href":"https:\/\/api.w.org\/{rel}","templated":true}]}}