{"id":381,"date":"2024-06-10T21:04:46","date_gmt":"2024-06-10T19:04:46","guid":{"rendered":"https:\/\/www.afrikabio.com\/?post_type=product&#038;p=381"},"modified":"2025-11-14T10:45:24","modified_gmt":"2025-11-14T09:45:24","slug":"huile-de-neem-bio","status":"publish","type":"product","link":"https:\/\/www.afrikabio.com\/de\/produkt\/huile-de-neem-bio\/","title":{"rendered":"Neem\u00f6l"},"content":{"rendered":"<div data-elementor-type=\"wp-post\" data-elementor-id=\"381\" class=\"elementor elementor-381\" data-elementor-post-type=\"product\">\n\t\t\t\t\t\t<section class=\"elementor-section elementor-top-section elementor-element elementor-element-3c1c5f76 rey-section-stretched elementor-section-boxed elementor-section-height-default elementor-section-height-default\" data-id=\"3c1c5f76\" data-element_type=\"section\" data-e-type=\"section\">\n\t\t\t\t\t\t<div class=\"elementor-container elementor-column-gap-default\">\n\t\t\t\t\t<div class=\"elementor-column elementor-col-100 elementor-top-column elementor-element elementor-element-934abde\" data-id=\"934abde\" data-element_type=\"column\" data-e-type=\"column\">\n\t\t\t<div class=\"elementor-column-wrap--934abde elementor-widget-wrap elementor-element-populated\">\n\t\t\t\t\t\t<div class=\"elementor-element elementor-element-5baee1c6 elementor-tabs-view-horizontal elementor-widget elementor-widget-tabs\" data-id=\"5baee1c6\" data-element_type=\"widget\" data-e-type=\"widget\" data-widget_type=\"tabs.default\">\n\t\t\t\t\t\t\t<div class=\"elementor-tabs\">\n\t\t\t<div class=\"elementor-tabs-wrapper\" role=\"tablist\" >\n\t\t\t\t\t\t\t\t\t<div id=\"elementor-tab-title-1531\" class=\"elementor-tab-title elementor-tab-desktop-title\" aria-selected=\"true\" data-tab=\"1\" role=\"tab\" tabindex=\"0\" aria-controls=\"elementor-tab-content-1531\" aria-expanded=\"false\">CARACTERISTIQUES<\/div>\n\t\t\t\t\t\t\t\t\t<div id=\"elementor-tab-title-1532\" class=\"elementor-tab-title elementor-tab-desktop-title\" aria-selected=\"false\" data-tab=\"2\" role=\"tab\" tabindex=\"-1\" aria-controls=\"elementor-tab-content-1532\" aria-expanded=\"false\">BIENFAITS<\/div>\n\t\t\t\t\t\t\t\t\t<div id=\"elementor-tab-title-1533\" class=\"elementor-tab-title elementor-tab-desktop-title\" aria-selected=\"false\" data-tab=\"3\" role=\"tab\" tabindex=\"-1\" aria-controls=\"elementor-tab-content-1533\" aria-expanded=\"false\">UTILISATION<\/div>\n\t\t\t\t\t\t\t\t\t<div id=\"elementor-tab-title-1534\" class=\"elementor-tab-title elementor-tab-desktop-title\" aria-selected=\"false\" data-tab=\"4\" role=\"tab\" tabindex=\"-1\" aria-controls=\"elementor-tab-content-1534\" aria-expanded=\"false\">EMBALLAGE<\/div>\n\t\t\t\t\t\t\t\t\t<div id=\"elementor-tab-title-1535\" class=\"elementor-tab-title elementor-tab-desktop-title\" aria-selected=\"false\" data-tab=\"5\" role=\"tab\" tabindex=\"-1\" aria-controls=\"elementor-tab-content-1535\" aria-expanded=\"false\">HISTOIRE<\/div>\n\t\t\t\t\t\t\t\t\t<div id=\"elementor-tab-title-1536\" class=\"elementor-tab-title elementor-tab-desktop-title\" aria-selected=\"false\" data-tab=\"6\" role=\"tab\" tabindex=\"-1\" aria-controls=\"elementor-tab-content-1536\" aria-expanded=\"false\">COMPOSITION<\/div>\n\t\t\t\t\t\t\t\t\t<div id=\"elementor-tab-title-1537\" class=\"elementor-tab-title elementor-tab-desktop-title\" aria-selected=\"false\" data-tab=\"7\" role=\"tab\" tabindex=\"-1\" aria-controls=\"elementor-tab-content-1537\" aria-expanded=\"false\">CONTRE-INDICATIONS<\/div>\n\t\t\t\t\t\t\t\t\t<div id=\"elementor-tab-title-1538\" class=\"elementor-tab-title elementor-tab-desktop-title\" aria-selected=\"false\" data-tab=\"8\" role=\"tab\" tabindex=\"-1\" aria-controls=\"elementor-tab-content-1538\" aria-expanded=\"false\">CONSERVATION<\/div>\n\t\t\t\t\t\t\t\t\t<div id=\"elementor-tab-title-1539\" class=\"elementor-tab-title elementor-tab-desktop-title\" aria-selected=\"false\" data-tab=\"9\" role=\"tab\" tabindex=\"-1\" aria-controls=\"elementor-tab-content-1539\" aria-expanded=\"false\">VIDEO DEMO<\/div>\n\t\t\t\t\t\t\t<\/div>\n\t\t\t<div class=\"elementor-tabs-content-wrapper\" role=\"tablist\" aria-orientation=\"vertical\">\n\t\t\t\t\t\t\t\t\t<div class=\"elementor-tab-title elementor-tab-mobile-title\" aria-selected=\"true\" data-tab=\"1\" role=\"tab\" tabindex=\"0\" aria-controls=\"elementor-tab-content-1531\" aria-expanded=\"false\">CARACTERISTIQUES<\/div>\n\t\t\t\t\t<div id=\"elementor-tab-content-1531\" class=\"elementor-tab-content elementor-clearfix\" data-tab=\"1\" role=\"tabpanel\" aria-labelledby=\"elementor-tab-title-1531\" tabindex=\"0\" hidden=\"false\"><p><strong>L&rsquo;huile de NEEM<\/strong> AFRIKA BIO est 100 % pure et naturelle. Elle est press\u00e9e \u00e0 froid puis filtr\u00e9e par des toiles pour conserver toutes ses qualit\u00e9s. Son odeur est tr\u00e8s forte et sa couleur Vert-marron.<\/p><p><b>\u00a0Indice de com\u00e9dog\u00e9nicit\u00e9 : 1 (=peu com\u00e9dog\u00e8ne)<\/b><\/p><\/div>\n\t\t\t\t\t\t\t\t\t<div class=\"elementor-tab-title elementor-tab-mobile-title\" aria-selected=\"false\" data-tab=\"2\" role=\"tab\" tabindex=\"-1\" aria-controls=\"elementor-tab-content-1532\" aria-expanded=\"false\">BIENFAITS<\/div>\n\t\t\t\t\t<div id=\"elementor-tab-content-1532\" class=\"elementor-tab-content elementor-clearfix\" data-tab=\"2\" role=\"tabpanel\" aria-labelledby=\"elementor-tab-title-1532\" tabindex=\"0\" hidden=\"hidden\"><p><strong><u>Anti-bact\u00e9rienne<\/u><\/strong> : Cette huile v\u00e9g\u00e9tale de Neem est reconnue pour agir contre grand nombre de bact\u00e9ries dont Staphylococcus aureus, Escherichia coli, Pseudomonas aeruginosa<\/p><p><u><strong>Assainissante<\/strong> <\/u>: Efficace pour lutter contre les parasites.<\/p><p><strong><u>Emolliente<\/u><\/strong> : Hydrate la peau pour la pr\u00e9server du dess\u00e8chement.<\/p><p><strong><u>Purifiante<\/u><\/strong> : imperfections, acn\u00e9<\/p><p><strong><u>Nourrissante<\/u><\/strong> : Gr\u00e2ce \u00e0 sa riche composition en acides gras, l&rsquo;huile de Neem poss\u00e8de des propri\u00e9t\u00e9s nourrissantes et apaisantes pour les peaux sensibilis\u00e9es et ass\u00e9ch\u00e9es.<\/p><p><strong><u>Adoucissante<\/u><\/strong><\/p><p><strong><u>Anti-poux<\/u><\/strong><\/p><p><u><strong>Insecticide<\/strong> <\/u>: L&rsquo;huile v\u00e9g\u00e9tale de Neem est reconnue comme \u00e9tant un bon r\u00e9pulsif contre les insectes, parasites et acariens, que ce soit chez l&rsquo;Homme, l&rsquo;animal ou chez les v\u00e9g\u00e9taux (moustiques, moucherons, poux, sarcopte (gale), puces, tiques, cochenilles, pucerons, chenilles, etc.). On sait \u00e9galement que l&rsquo;huile v\u00e9g\u00e9tale de Neem va plus loin en bloquant la m\u00e9tamorphose des larves. Cette derni\u00e8re va perturber le mode d&rsquo;alimentation des larves, et la reproduction des parasites emp\u00eachant ainsi leur d\u00e9veloppement.<\/p><p><strong><u>Antifongique<\/u><\/strong> : L&rsquo;huile v\u00e9g\u00e9tale de Neem semble b\u00e9n\u00e9ficier d&rsquo;une activit\u00e9 antifongique lui permettant de lutter contre les champignons.<\/p><\/div>\n\t\t\t\t\t\t\t\t\t<div class=\"elementor-tab-title elementor-tab-mobile-title\" aria-selected=\"false\" data-tab=\"3\" role=\"tab\" tabindex=\"-1\" aria-controls=\"elementor-tab-content-1533\" aria-expanded=\"false\">UTILISATION<\/div>\n\t\t\t\t\t<div id=\"elementor-tab-content-1533\" class=\"elementor-tab-content elementor-clearfix\" data-tab=\"3\" role=\"tabpanel\" aria-labelledby=\"elementor-tab-title-1533\" tabindex=\"0\" hidden=\"hidden\"><p><b><u>Le visage Pour assainir les imperfections <\/u><\/b>:<br>Utiliser en application localis\u00e9e sur un bouton et laisser le surplus s\u00e9cher en patch. Rincer par la suite. Privil\u00e9gier une application le soir (l&rsquo;huile de Neem poss\u00e8de une forte odeur).<\/p>\n<p><b><u>Pour apaiser les peaux sensibles et r\u00e9actives aux d\u00e9mangeaisons, tiraillements et rougeurs<\/u><\/b> :<br>Masser d\u00e9licatement les zones \u00e0 probl\u00e8mes avec quelques gouttes.<\/p>\n<p><u><b>Le corps<\/b><\/u> : Diluer l\u2019huile de neem avec de l\u2019huile v\u00e9g\u00e9tale. Appliquer sur une peau propre et s\u00e8che quotidiennement, pour une peau saine et hydrat\u00e9e. L\u2019huile de neem favorise activement la re-formation des tissus cutan\u00e9s, elle est tr\u00e8s efficace pour les cicatrices et m\u00eame les plaies superficielles.<span style=\"font-family: var(--body-font-family); font-size: var(--body-font-size);\">D\u00e9sinfecter la zone et appliquer localement sur une plaie superficielle, ou la cicatrice.<\/span><span style=\"font-family: var(--body-font-family); font-size: var(--body-font-size);\">\u26a0Il est pr\u00e9f\u00e9rable de diluer l&rsquo;huile v\u00e9g\u00e9tale de Neem dans une autre huile v\u00e9g\u00e9tale pour une application cutan\u00e9e, particuli\u00e8rement sur une zone \u00e9tendue.&nbsp;<\/span><\/p>\n<p><b>Les cheveux, en m\u00e9lange avec le shampooing<\/b> habituel pour \u00e9liminer les parasites et les insectes (poux, acariens, tiques) et \u00e9liminer les pellicules. L\u2019huile de Neem contre les poux :<\/p>\n<p>M\u00e9langez 100 ml d\u2019Huile de Neem et 60 gouttes d\u2019huile essentielle de Lavande vraie.<br>Appliquer l\u2019\u00e9lixir sur les cheveux et laisser poser pendant au moins une heure. <br>(Poser de la cellophane sur la t\u00eate de l\u2019enfant afin qu\u2019il puisse bouger et jouer pendant le temps de pause.)<br>Peigner au peigne fin les cheveux pour retirer les poux et les lentes. Laver les cheveux et rincer. <br>Pour une efficacit\u00e9 optimale, nous vous conseillons de r\u00e9p\u00e9ter l\u2019op\u00e9ration 3 \u00e0 4 fois par semaine durant 2 semaines.<\/p>\n<p><b><u>Agriculture <\/u><\/b>: Elle est traditionnellement connue pour prot\u00e9ger les v\u00e9g\u00e9taux contre les insectes et parasites (pr\u00e9ventif et curatif comme inhibiteur reproductif) : chenilles, larves de col\u00e9opt\u00e8res, sauterelles, araign\u00e9es rouges, cochenilles.. L\u2019huile v\u00e9g\u00e9tale de Neem est prometteuse pour l\u2019agriculture, car elle constitue une des meilleures alternatives dans la fabrication de pesticides biologiques contre les insectes nuisibles. Comment faire ? Diluez une petite quantit\u00e9 d\u2019huile de Neem dans une grande quantit\u00e9 d\u2019eau, agitez et pulv\u00e9risez le v\u00e9g\u00e9tal une fois par semaine en p\u00e9riode d\u00e9licate. Pour cela, comptez 20 \u00e0 30 ml d\u2019huile de Neem par litre d\u2019eau.<\/p>\n<p>Le petit + : Vous pouvez m\u00eame vaporiser la pr\u00e9paration sur le sol du potager pour \u00e9loigner les limaces et les escargots.&nbsp;<\/p><p>NB : L\u2019azadirachtine \u00e9tant tr\u00e8s sensible aux rayons ultraviolets, il est donc conseill\u00e9 d\u2019effectuer les pulv\u00e9risations dans la soir\u00e9e ; elles seront plus efficaces.<\/p>\n<p><\/p><\/div>\n\t\t\t\t\t\t\t\t\t<div class=\"elementor-tab-title elementor-tab-mobile-title\" aria-selected=\"false\" data-tab=\"4\" role=\"tab\" tabindex=\"-1\" aria-controls=\"elementor-tab-content-1534\" aria-expanded=\"false\">EMBALLAGE<\/div>\n\t\t\t\t\t<div id=\"elementor-tab-content-1534\" class=\"elementor-tab-content elementor-clearfix\" data-tab=\"4\" role=\"tabpanel\" aria-labelledby=\"elementor-tab-title-1534\" tabindex=\"0\" hidden=\"hidden\"><p>Le choix du bambou et du verre pour les emballages de bouteilles pr\u00e9sente des avantages \u00e9cologiques significatifs, tant sur le plan de la recyclabilit\u00e9 que de la r\u00e9duction des d\u00e9chets plastiques. Ils r\u00e9pondent \u00e0 la demande croissante pour des solutions d\u2019emballage plus respectueuses de l\u2019environnement, tout en offrant une esth\u00e9tique attrayante et un positionnement premium.<\/p><div>1. Avantages du verre :<\/div><div>\u2022Recyclabilit\u00e9 : Le verre est 100 % recyclable sans perte de qualit\u00e9. Cela en fait un choix durable par rapport au plastique, qui se d\u00e9grade au fil des cycles de recyclage.<\/div><div><p>\u00a0<\/p><div>2. Avantages du bambou :<\/div><div>\u2022Mat\u00e9riau renouvelable : Le bambou pousse tr\u00e8s rapidement (jusqu\u2019\u00e0 1 m\u00e8tre par jour pour certaines esp\u00e8ces), ce qui en fait une ressource renouvelable et durable.<\/div><div>\u2022Biodegradabilit\u00e9 : Contrairement au plastique, le bambou est biod\u00e9gradable, ce qui r\u00e9duit l\u2019impact environnemental en fin de vie du produit.<\/div><\/div><\/div>\n\t\t\t\t\t\t\t\t\t<div class=\"elementor-tab-title elementor-tab-mobile-title\" aria-selected=\"false\" data-tab=\"5\" role=\"tab\" tabindex=\"-1\" aria-controls=\"elementor-tab-content-1535\" aria-expanded=\"false\">HISTOIRE<\/div>\n\t\t\t\t\t<div id=\"elementor-tab-content-1535\" class=\"elementor-tab-content elementor-clearfix\" data-tab=\"5\" role=\"tabpanel\" aria-labelledby=\"elementor-tab-title-1535\" tabindex=\"0\" hidden=\"hidden\"><p>Au S\u00e9n\u00e9gal le NEEM, il ne d\u00e9passe pas 10 \u00e0 12 m. Les petites fleurs blanches sont en grappes et tr\u00e8s odorantes. Le fruit est une drupe jaune lorsqu\u2019il est m\u00fbr et contient une seule graine. Les programmes de reboisement l&rsquo;ont \u00e9galement utilis\u00e9 dans certaines localit\u00e9s. La graine et les feuilles sont utilis\u00e9es pour prot\u00e9ger les cultures.<\/p><\/div>\n\t\t\t\t\t\t\t\t\t<div class=\"elementor-tab-title elementor-tab-mobile-title\" aria-selected=\"false\" data-tab=\"6\" role=\"tab\" tabindex=\"-1\" aria-controls=\"elementor-tab-content-1536\" aria-expanded=\"false\">COMPOSITION<\/div>\n\t\t\t\t\t<div id=\"elementor-tab-content-1536\" class=\"elementor-tab-content elementor-clearfix\" data-tab=\"6\" role=\"tabpanel\" aria-labelledby=\"elementor-tab-title-1536\" tabindex=\"0\" hidden=\"hidden\"><p>L&rsquo;huile de Neem est en vitamine E (propri\u00e9t\u00e9s antioxydantes, conserve d\u2019\u00e9lasticit\u00e9, et apporte douceur, \u00e9clat et jeunesse). Om\u00e9ga 9 (donne protection cutan\u00e9e, la souplesse et l\u2019\u00e9lasticit\u00e9 de la peau, lutte contre la d\u00e9shydratation, et revitalise les peaux ternes). Azadirachtine (purifiant puissant).<\/p><\/div>\n\t\t\t\t\t\t\t\t\t<div class=\"elementor-tab-title elementor-tab-mobile-title\" aria-selected=\"false\" data-tab=\"7\" role=\"tab\" tabindex=\"-1\" aria-controls=\"elementor-tab-content-1537\" aria-expanded=\"false\">CONTRE-INDICATIONS<\/div>\n\t\t\t\t\t<div id=\"elementor-tab-content-1537\" class=\"elementor-tab-content elementor-clearfix\" data-tab=\"7\" role=\"tabpanel\" aria-labelledby=\"elementor-tab-title-1537\" tabindex=\"0\" hidden=\"hidden\"><p><b>\u26a0D\u00e9conseill\u00e9 aux femmes enceintes et allaitantes ainsi qu&rsquo;aux enfants de moins de 3 ans.<\/b><\/p><p><b>\u26a0Il est pr\u00e9f\u00e9rable de diluer l&rsquo;huile v\u00e9g\u00e9tale de Neem dans une autre huile v\u00e9g\u00e9tale pour une application cutan\u00e9e, particuli\u00e8rement sur une zone \u00e9tendue.\u00a0<\/b><\/p><p><b>\u26a0L&rsquo;huile de Neem ne s&rsquo;utilise pas par voie orale car Elle peut pr\u00e9senter un risque de toxicit\u00e9 pour le foie, les reins, le tube digestif, le coeur en quantit\u00e9 importante et sur le long terme.<\/b><\/p><p><b>Il est recommand\u00e9 de faire un test pr\u00e9alable \u00e0 l\u2019int\u00e9rieur du pli du coude pour s\u2019assurer de l\u2019absence de r\u00e9action cutan\u00e9e.<\/b><\/p><p>\u00a0<\/p><\/div>\n\t\t\t\t\t\t\t\t\t<div class=\"elementor-tab-title elementor-tab-mobile-title\" aria-selected=\"false\" data-tab=\"8\" role=\"tab\" tabindex=\"-1\" aria-controls=\"elementor-tab-content-1538\" aria-expanded=\"false\">CONSERVATION<\/div>\n\t\t\t\t\t<div id=\"elementor-tab-content-1538\" class=\"elementor-tab-content elementor-clearfix\" data-tab=\"8\" role=\"tabpanel\" aria-labelledby=\"elementor-tab-title-1538\" tabindex=\"0\" hidden=\"hidden\"><p><span style=\"text-decoration: underline;\">Conditions de conservation<\/span> : Conserver \u00e0 l&rsquo;abris de la lumi\u00e8re, de la chaleur et de l\u2019humidit\u00e9.<\/p><p>L&rsquo;huile de Neem se solidifie \u00e0 moins de 14\u00b0C. Pas de panique si l&rsquo;huile est fig\u00e9e dans la bouteille \u00e0 la r\u00e9ception.<\/p><p>dans ce cas placer le flacon dans une pi\u00e8ce chauff\u00e9e\u00a0ou sur une source de chaleur (radiateur).<\/p><\/div>\n\t\t\t\t\t\t\t\t\t<div class=\"elementor-tab-title elementor-tab-mobile-title\" aria-selected=\"false\" data-tab=\"9\" role=\"tab\" tabindex=\"-1\" aria-controls=\"elementor-tab-content-1539\" aria-expanded=\"false\">VIDEO DEMO<\/div>\n\t\t\t\t\t<div id=\"elementor-tab-content-1539\" class=\"elementor-tab-content elementor-clearfix\" data-tab=\"9\" role=\"tabpanel\" aria-labelledby=\"elementor-tab-title-1539\" tabindex=\"0\" hidden=\"hidden\"><\/div>\n\t\t\t\t\t\t\t<\/div>\n\t\t<\/div>\n\t\t\t\t\t\t<\/div>\n\t\t\t\t\t<\/div>\n\t\t<\/div>\n\t\t\t\t\t<\/div>\n\t\t<\/section>\n\t\t\t\t<\/div>","protected":false},"excerpt":{"rendered":"<p>NOM BOTANIQUE : <strong>Azadirachta indica\u00a0<\/strong><br \/>\n<strong>Origine, S\u00e9n\u00e9gal<\/strong><\/p>\n<ul>\n<li>Visage, corps, cheveux<\/li>\n<li>40ml<\/li>\n<li>100% pure et naturelle<\/li>\n<li>Kaltpressung<\/li>\n<li>Qualit\u00e9 premium<\/li>\n<\/ul>","protected":false},"featured_media":429,"comment_status":"open","ping_status":"closed","template":"","meta":{"_acf_changed":false},"product_cat":[52],"product_tag":[],"class_list":{"0":"post-381","1":"product","2":"type-product","3":"status-publish","4":"has-post-thumbnail","6":"product_cat-huiles","8":"first","9":"instock","10":"shipping-taxable","11":"purchasable","12":"product-type-simple","swatches":"rey-swatches","show_selected":""},"acf":[],"yoast_head":"<!-- This site is optimized with the Yoast SEO plugin v26.6 - https:\/\/yoast.com\/wordpress\/plugins\/seo\/ -->\n<title>Huile de Neem - Afrika Bio<\/title>\n<meta name=\"robots\" content=\"index, follow, max-snippet:-1, max-image-preview:large, max-video-preview:-1\" \/>\n<link rel=\"canonical\" href=\"https:\/\/www.afrikabio.com\/de\/produkt\/huile-de-neem-bio\/\" \/>\n<meta property=\"og:locale\" content=\"de_DE\" \/>\n<meta property=\"og:type\" content=\"article\" \/>\n<meta property=\"og:title\" content=\"Huile de Neem - Afrika Bio\" \/>\n<meta property=\"og:description\" content=\"NOM BOTANIQUE : Azadirachta indica\u00a0 Origine, S\u00e9n\u00e9gal   Visage, corps, cheveux  40ml  100% pure et naturelle  Pression \u00e0 froid  Qualit\u00e9 premium\" \/>\n<meta property=\"og:url\" content=\"https:\/\/www.afrikabio.com\/de\/produkt\/huile-de-neem-bio\/\" \/>\n<meta property=\"og:site_name\" content=\"Afrika Bio\" \/>\n<meta property=\"article:publisher\" content=\"https:\/\/www.facebook.com\/profile.php?id=100090304284824\" \/>\n<meta property=\"article:modified_time\" content=\"2025-11-14T09:45:24+00:00\" \/>\n<meta property=\"og:image\" content=\"https:\/\/www.afrikabio.com\/wp-content\/uploads\/2024\/06\/huile-de-neem-1.jpg\" \/>\n\t<meta property=\"og:image:width\" content=\"900\" \/>\n\t<meta property=\"og:image:height\" content=\"900\" \/>\n\t<meta property=\"og:image:type\" content=\"image\/jpeg\" \/>\n<meta name=\"twitter:card\" content=\"summary_large_image\" \/>\n<meta name=\"twitter:label1\" content=\"Gesch\u00e4tzte Lesezeit\" \/>\n\t<meta name=\"twitter:data1\" content=\"6\u00a0Minuten\" \/>\n<script type=\"application\/ld+json\" class=\"yoast-schema-graph\">{\"@context\":\"https:\/\/schema.org\",\"@graph\":[{\"@type\":\"WebPage\",\"@id\":\"https:\/\/www.afrikabio.com\/produit\/huile-de-neem-bio\/\",\"url\":\"https:\/\/www.afrikabio.com\/produit\/huile-de-neem-bio\/\",\"name\":\"Huile de Neem - Afrika Bio\",\"isPartOf\":{\"@id\":\"https:\/\/www.afrikabio.com\/#website\"},\"primaryImageOfPage\":{\"@id\":\"https:\/\/www.afrikabio.com\/produit\/huile-de-neem-bio\/#primaryimage\"},\"image\":{\"@id\":\"https:\/\/www.afrikabio.com\/produit\/huile-de-neem-bio\/#primaryimage\"},\"thumbnailUrl\":\"https:\/\/www.afrikabio.com\/wp-content\/uploads\/2024\/06\/huile-de-neem-1.jpg\",\"datePublished\":\"2024-06-10T19:04:46+00:00\",\"dateModified\":\"2025-11-14T09:45:24+00:00\",\"breadcrumb\":{\"@id\":\"https:\/\/www.afrikabio.com\/produit\/huile-de-neem-bio\/#breadcrumb\"},\"inLanguage\":\"de\",\"potentialAction\":[{\"@type\":\"ReadAction\",\"target\":[\"https:\/\/www.afrikabio.com\/produit\/huile-de-neem-bio\/\"]}]},{\"@type\":\"ImageObject\",\"inLanguage\":\"de\",\"@id\":\"https:\/\/www.afrikabio.com\/produit\/huile-de-neem-bio\/#primaryimage\",\"url\":\"https:\/\/www.afrikabio.com\/wp-content\/uploads\/2024\/06\/huile-de-neem-1.jpg\",\"contentUrl\":\"https:\/\/www.afrikabio.com\/wp-content\/uploads\/2024\/06\/huile-de-neem-1.jpg\",\"width\":900,\"height\":900},{\"@type\":\"BreadcrumbList\",\"@id\":\"https:\/\/www.afrikabio.com\/produit\/huile-de-neem-bio\/#breadcrumb\",\"itemListElement\":[{\"@type\":\"ListItem\",\"position\":1,\"name\":\"Accueil\",\"item\":\"https:\/\/www.afrikabio.com\/\"},{\"@type\":\"ListItem\",\"position\":2,\"name\":\"Produits\",\"item\":\"https:\/\/www.afrikabio.com\/shop\/\"},{\"@type\":\"ListItem\",\"position\":3,\"name\":\"Huile de Neem\"}]},{\"@type\":\"WebSite\",\"@id\":\"https:\/\/www.afrikabio.com\/#website\",\"url\":\"https:\/\/www.afrikabio.com\/\",\"name\":\"Afrika Bio\",\"description\":\"Power of Nature\",\"publisher\":{\"@id\":\"https:\/\/www.afrikabio.com\/#organization\"},\"potentialAction\":[{\"@type\":\"SearchAction\",\"target\":{\"@type\":\"EntryPoint\",\"urlTemplate\":\"https:\/\/www.afrikabio.com\/?s={search_term_string}\"},\"query-input\":{\"@type\":\"PropertyValueSpecification\",\"valueRequired\":true,\"valueName\":\"search_term_string\"}}],\"inLanguage\":\"de\"},{\"@type\":\"Organization\",\"@id\":\"https:\/\/www.afrikabio.com\/#organization\",\"name\":\"AfrikaBio\",\"url\":\"https:\/\/www.afrikabio.com\/\",\"logo\":{\"@type\":\"ImageObject\",\"inLanguage\":\"de\",\"@id\":\"https:\/\/www.afrikabio.com\/#\/schema\/logo\/image\/\",\"url\":\"https:\/\/www.afrikabio.com\/wp-content\/uploads\/2024\/06\/cropped-cropped-logo-1.png\",\"contentUrl\":\"https:\/\/www.afrikabio.com\/wp-content\/uploads\/2024\/06\/cropped-cropped-logo-1.png\",\"width\":1420,\"height\":483,\"caption\":\"AfrikaBio\"},\"image\":{\"@id\":\"https:\/\/www.afrikabio.com\/#\/schema\/logo\/image\/\"},\"sameAs\":[\"https:\/\/www.facebook.com\/profile.php?id=100090304284824\"]}]}<\/script>\n<!-- \/ Yoast SEO plugin. -->","yoast_head_json":{"title":"Huile de Neem - Afrika Bio","robots":{"index":"index","follow":"follow","max-snippet":"max-snippet:-1","max-image-preview":"max-image-preview:large","max-video-preview":"max-video-preview:-1"},"canonical":"https:\/\/www.afrikabio.com\/de\/produkt\/huile-de-neem-bio\/","og_locale":"de_DE","og_type":"article","og_title":"Huile de Neem - Afrika Bio","og_description":"NOM BOTANIQUE : Azadirachta indica\u00a0 Origine, S\u00e9n\u00e9gal   Visage, corps, cheveux  40ml  100% pure et naturelle  Pression \u00e0 froid  Qualit\u00e9 premium","og_url":"https:\/\/www.afrikabio.com\/de\/produkt\/huile-de-neem-bio\/","og_site_name":"Afrika Bio","article_publisher":"https:\/\/www.facebook.com\/profile.php?id=100090304284824","article_modified_time":"2025-11-14T09:45:24+00:00","og_image":[{"width":900,"height":900,"url":"https:\/\/www.afrikabio.com\/wp-content\/uploads\/2024\/06\/huile-de-neem-1.jpg","type":"image\/jpeg"}],"twitter_card":"summary_large_image","twitter_misc":{"Gesch\u00e4tzte Lesezeit":"6\u00a0Minuten"},"schema":{"@context":"https:\/\/schema.org","@graph":[{"@type":"WebPage","@id":"https:\/\/www.afrikabio.com\/produit\/huile-de-neem-bio\/","url":"https:\/\/www.afrikabio.com\/produit\/huile-de-neem-bio\/","name":"Huile de Neem - Afrika Bio","isPartOf":{"@id":"https:\/\/www.afrikabio.com\/#website"},"primaryImageOfPage":{"@id":"https:\/\/www.afrikabio.com\/produit\/huile-de-neem-bio\/#primaryimage"},"image":{"@id":"https:\/\/www.afrikabio.com\/produit\/huile-de-neem-bio\/#primaryimage"},"thumbnailUrl":"https:\/\/www.afrikabio.com\/wp-content\/uploads\/2024\/06\/huile-de-neem-1.jpg","datePublished":"2024-06-10T19:04:46+00:00","dateModified":"2025-11-14T09:45:24+00:00","breadcrumb":{"@id":"https:\/\/www.afrikabio.com\/produit\/huile-de-neem-bio\/#breadcrumb"},"inLanguage":"de","potentialAction":[{"@type":"ReadAction","target":["https:\/\/www.afrikabio.com\/produit\/huile-de-neem-bio\/"]}]},{"@type":"ImageObject","inLanguage":"de","@id":"https:\/\/www.afrikabio.com\/produit\/huile-de-neem-bio\/#primaryimage","url":"https:\/\/www.afrikabio.com\/wp-content\/uploads\/2024\/06\/huile-de-neem-1.jpg","contentUrl":"https:\/\/www.afrikabio.com\/wp-content\/uploads\/2024\/06\/huile-de-neem-1.jpg","width":900,"height":900},{"@type":"BreadcrumbList","@id":"https:\/\/www.afrikabio.com\/produit\/huile-de-neem-bio\/#breadcrumb","itemListElement":[{"@type":"ListItem","position":1,"name":"Accueil","item":"https:\/\/www.afrikabio.com\/"},{"@type":"ListItem","position":2,"name":"Produits","item":"https:\/\/www.afrikabio.com\/shop\/"},{"@type":"ListItem","position":3,"name":"Huile de Neem"}]},{"@type":"WebSite","@id":"https:\/\/www.afrikabio.com\/#website","url":"https:\/\/www.afrikabio.com\/","name":"Afrika Bio","description":"Power of Nature","publisher":{"@id":"https:\/\/www.afrikabio.com\/#organization"},"potentialAction":[{"@type":"SearchAction","target":{"@type":"EntryPoint","urlTemplate":"https:\/\/www.afrikabio.com\/?s={search_term_string}"},"query-input":{"@type":"PropertyValueSpecification","valueRequired":true,"valueName":"search_term_string"}}],"inLanguage":"de"},{"@type":"Organization","@id":"https:\/\/www.afrikabio.com\/#organization","name":"AfrikaBio","url":"https:\/\/www.afrikabio.com\/","logo":{"@type":"ImageObject","inLanguage":"de","@id":"https:\/\/www.afrikabio.com\/#\/schema\/logo\/image\/","url":"https:\/\/www.afrikabio.com\/wp-content\/uploads\/2024\/06\/cropped-cropped-logo-1.png","contentUrl":"https:\/\/www.afrikabio.com\/wp-content\/uploads\/2024\/06\/cropped-cropped-logo-1.png","width":1420,"height":483,"caption":"AfrikaBio"},"image":{"@id":"https:\/\/www.afrikabio.com\/#\/schema\/logo\/image\/"},"sameAs":["https:\/\/www.facebook.com\/profile.php?id=100090304284824"]}]}},"_links":{"self":[{"href":"https:\/\/www.afrikabio.com\/de\/wp-json\/wp\/v2\/product\/381","targetHints":{"allow":["GET"]}}],"collection":[{"href":"https:\/\/www.afrikabio.com\/de\/wp-json\/wp\/v2\/product"}],"about":[{"href":"https:\/\/www.afrikabio.com\/de\/wp-json\/wp\/v2\/types\/product"}],"replies":[{"embeddable":true,"href":"https:\/\/www.afrikabio.com\/de\/wp-json\/wp\/v2\/comments?post=381"}],"version-history":[{"count":1,"href":"https:\/\/www.afrikabio.com\/de\/wp-json\/wp\/v2\/product\/381\/revisions"}],"predecessor-version":[{"id":4229,"href":"https:\/\/www.afrikabio.com\/de\/wp-json\/wp\/v2\/product\/381\/revisions\/4229"}],"wp:featuredmedia":[{"embeddable":true,"href":"https:\/\/www.afrikabio.com\/de\/wp-json\/wp\/v2\/media\/429"}],"wp:attachment":[{"href":"https:\/\/www.afrikabio.com\/de\/wp-json\/wp\/v2\/media?parent=381"}],"wp:term":[{"taxonomy":"product_cat","embeddable":true,"href":"https:\/\/www.afrikabio.com\/de\/wp-json\/wp\/v2\/product_cat?post=381"},{"taxonomy":"product_tag","embeddable":true,"href":"https:\/\/www.afrikabio.com\/de\/wp-json\/wp\/v2\/product_tag?post=381"}],"curies":[{"name":"wp","href":"https:\/\/api.w.org\/{rel}","templated":true}]}}