{"id":272,"date":"2024-06-05T21:10:29","date_gmt":"2024-06-05T19:10:29","guid":{"rendered":"https:\/\/www.afrikabio.com\/?post_type=product&#038;p=272"},"modified":"2025-11-16T12:41:48","modified_gmt":"2025-11-16T11:41:48","slug":"huile-de-moringa","status":"publish","type":"product","link":"https:\/\/www.afrikabio.com\/de\/produkt\/huile-de-moringa\/","title":{"rendered":"Huile de Moringa"},"content":{"rendered":"<div data-elementor-type=\"wp-post\" data-elementor-id=\"272\" class=\"elementor elementor-272\" data-elementor-post-type=\"product\">\n\t\t\t\t\t\t<section class=\"elementor-section elementor-top-section elementor-element elementor-element-57247ca2 rey-section-stretched elementor-section-boxed elementor-section-height-default elementor-section-height-default\" data-id=\"57247ca2\" data-element_type=\"section\" data-e-type=\"section\">\n\t\t\t\t\t\t<div class=\"elementor-container elementor-column-gap-default\">\n\t\t\t\t\t<div class=\"elementor-column elementor-col-100 elementor-top-column elementor-element elementor-element-7e9ed65f\" data-id=\"7e9ed65f\" data-element_type=\"column\" data-e-type=\"column\">\n\t\t\t<div class=\"elementor-column-wrap--7e9ed65f elementor-widget-wrap elementor-element-populated\">\n\t\t\t\t\t\t<div class=\"elementor-element elementor-element-3b733ec9 elementor-tabs-view-horizontal elementor-widget elementor-widget-tabs\" data-id=\"3b733ec9\" data-element_type=\"widget\" data-e-type=\"widget\" data-widget_type=\"tabs.default\">\n\t\t\t\t\t\t\t<div class=\"elementor-tabs\">\n\t\t\t<div class=\"elementor-tabs-wrapper\" role=\"tablist\" >\n\t\t\t\t\t\t\t\t\t<div id=\"elementor-tab-title-9971\" class=\"elementor-tab-title elementor-tab-desktop-title\" aria-selected=\"true\" data-tab=\"1\" role=\"tab\" tabindex=\"0\" aria-controls=\"elementor-tab-content-9971\" aria-expanded=\"false\">CARACTERISTIQUES<\/div>\n\t\t\t\t\t\t\t\t\t<div id=\"elementor-tab-title-9972\" class=\"elementor-tab-title elementor-tab-desktop-title\" aria-selected=\"false\" data-tab=\"2\" role=\"tab\" tabindex=\"-1\" aria-controls=\"elementor-tab-content-9972\" aria-expanded=\"false\">BIENFAITS<\/div>\n\t\t\t\t\t\t\t\t\t<div id=\"elementor-tab-title-9973\" class=\"elementor-tab-title elementor-tab-desktop-title\" aria-selected=\"false\" data-tab=\"3\" role=\"tab\" tabindex=\"-1\" aria-controls=\"elementor-tab-content-9973\" aria-expanded=\"false\">UTILISATION<\/div>\n\t\t\t\t\t\t\t\t\t<div id=\"elementor-tab-title-9974\" class=\"elementor-tab-title elementor-tab-desktop-title\" aria-selected=\"false\" data-tab=\"4\" role=\"tab\" tabindex=\"-1\" aria-controls=\"elementor-tab-content-9974\" aria-expanded=\"false\">EMBALLAGE<\/div>\n\t\t\t\t\t\t\t\t\t<div id=\"elementor-tab-title-9975\" class=\"elementor-tab-title elementor-tab-desktop-title\" aria-selected=\"false\" data-tab=\"5\" role=\"tab\" tabindex=\"-1\" aria-controls=\"elementor-tab-content-9975\" aria-expanded=\"false\">HISTOIRE<\/div>\n\t\t\t\t\t\t\t\t\t<div id=\"elementor-tab-title-9976\" class=\"elementor-tab-title elementor-tab-desktop-title\" aria-selected=\"false\" data-tab=\"6\" role=\"tab\" tabindex=\"-1\" aria-controls=\"elementor-tab-content-9976\" aria-expanded=\"false\">COMPOSITION<\/div>\n\t\t\t\t\t\t\t\t\t<div id=\"elementor-tab-title-9977\" class=\"elementor-tab-title elementor-tab-desktop-title\" aria-selected=\"false\" data-tab=\"7\" role=\"tab\" tabindex=\"-1\" aria-controls=\"elementor-tab-content-9977\" aria-expanded=\"false\">CONTRE-INDICATIONS<\/div>\n\t\t\t\t\t\t\t\t\t<div id=\"elementor-tab-title-9978\" class=\"elementor-tab-title elementor-tab-desktop-title\" aria-selected=\"false\" data-tab=\"8\" role=\"tab\" tabindex=\"-1\" aria-controls=\"elementor-tab-content-9978\" aria-expanded=\"false\">CONSERVATION<\/div>\n\t\t\t\t\t\t\t\t\t<div id=\"elementor-tab-title-9979\" class=\"elementor-tab-title elementor-tab-desktop-title\" aria-selected=\"false\" data-tab=\"9\" role=\"tab\" tabindex=\"-1\" aria-controls=\"elementor-tab-content-9979\" aria-expanded=\"false\">VIDEO DEMO<\/div>\n\t\t\t\t\t\t\t<\/div>\n\t\t\t<div class=\"elementor-tabs-content-wrapper\" role=\"tablist\" aria-orientation=\"vertical\">\n\t\t\t\t\t\t\t\t\t<div class=\"elementor-tab-title elementor-tab-mobile-title\" aria-selected=\"true\" data-tab=\"1\" role=\"tab\" tabindex=\"0\" aria-controls=\"elementor-tab-content-9971\" aria-expanded=\"false\">CARACTERISTIQUES<\/div>\n\t\t\t\t\t<div id=\"elementor-tab-content-9971\" class=\"elementor-tab-content elementor-clearfix\" data-tab=\"1\" role=\"tabpanel\" aria-labelledby=\"elementor-tab-title-9971\" tabindex=\"0\" hidden=\"false\"><p>L\u2019huile de <strong>MORINGA AFRIKA BIO<\/strong> est obtenue par premi\u00e8re pression \u00e0 froid des graines. Elle est pure et sans additifs. Son odeur est proche de celui de la noix et sa couleur est jaune.<\/p><p><b>&nbsp;Indice de com\u00e9dog\u00e9nicit\u00e9 : 2 (=peu com\u00e9dog\u00e8ne)<\/b><\/p><\/div>\n\t\t\t\t\t\t\t\t\t<div class=\"elementor-tab-title elementor-tab-mobile-title\" aria-selected=\"false\" data-tab=\"2\" role=\"tab\" tabindex=\"-1\" aria-controls=\"elementor-tab-content-9972\" aria-expanded=\"false\">BIENFAITS<\/div>\n\t\t\t\t\t<div id=\"elementor-tab-content-9972\" class=\"elementor-tab-content elementor-clearfix\" data-tab=\"2\" role=\"tabpanel\" aria-labelledby=\"elementor-tab-title-9972\" tabindex=\"0\" hidden=\"hidden\"><p><b><u>Nourrissante et Assouplissante et Revitalisante<\/u><\/b> : Am\u00e9liore l\u2019hydratation, la douceur et la douceur (Vitamine E).<\/p>\n<p><u><b>Protecteur cardio-vasculaire<\/b><\/u> : l&rsquo;acide ol\u00e9ique, un acide gras monoinsatur\u00e9 (om\u00e9ga 9), dont l&rsquo;huile de Moringa est riche, est reconnu pour pr\u00e9venir l&rsquo;apparition des maladies cardio-vasculaires.<\/p>\n<p><b><u>R\u00e9paratrice et cicatrisante<\/u><\/b> : \u2019une application sur la peau d&rsquo;acide ol\u00e9ique acc\u00e9l\u00e8re significativement le processus de cicatrisation et ce de fa\u00e7on plus efficace que les acides \u03b1-linol\u00e9iques (om\u00e9ga-3) et les acides linol\u00e9iques (om\u00e9ga-6).<\/p>\n<p><u><b>Purifiante<\/b><\/u> : C\u2019est la chlorophylle, pr\u00e9sente en tr\u00e8s grande quantit\u00e9 dans le moringa qui lui conf\u00e8re cette action purifiante. Ce pigment, responsable de la couleur verte des feuilles de moringa favorise la d\u00e9toxification des cellules de l\u2019organisme. Elle est \u00e9galement b\u00e9n\u00e9fique \u00e0 la sant\u00e9 de la flore intestinale et permet de lutter contre les ballonnements et la prolif\u00e9ration bact\u00e9rienne.<\/p>\n<p><b><u>Antiseptique et Anti-inflammatoire<\/u><\/b> : ce qui la rend utile pour r\u00e9duire les rougeurs, les irritations et les inflammations. <\/p>\n<p><b><u>Antibact\u00e9rienne et Antifongique<\/u><\/b> : ce qui la rend tr\u00e8s efficace contre les d\u00e9r\u00e8glements cutan\u00e9s. <\/p>\n<p><b><u>Renforce les racines des cheveux<\/u><\/b> : Les prot\u00e9ines contenues dans l&rsquo;huile de Moringa aident \u00e0 renforcer la structure des cheveux, r\u00e9duisant ainsi la casse et la chute.<\/p>\n<p><b><u>Stimule la croissance du cheveux :<\/u><\/b> L&rsquo;huile de Moringa contient des min\u00e9raux essentiels tels que le Zinc, cet oligo-\u00e9l\u00e9ment vital pour maintenir la sant\u00e9 des follicules pileux et stimuler la croissance des cheveux.<\/p>\n<p><b><u>Stimule la croissance des cheveux <\/u><\/b>: L&rsquo;huile de Moringa contient des min\u00e9raux essentiels tels que le Zinc, cet oligo-\u00e9l\u00e9ment vital pour maintenir la sant\u00e9 des follicules pileux et stimuler la croissance des cheveux.<\/p>\n<p><\/p><\/div>\n\t\t\t\t\t\t\t\t\t<div class=\"elementor-tab-title elementor-tab-mobile-title\" aria-selected=\"false\" data-tab=\"3\" role=\"tab\" tabindex=\"-1\" aria-controls=\"elementor-tab-content-9973\" aria-expanded=\"false\">UTILISATION<\/div>\n\t\t\t\t\t<div id=\"elementor-tab-content-9973\" class=\"elementor-tab-content elementor-clearfix\" data-tab=\"3\" role=\"tabpanel\" aria-labelledby=\"elementor-tab-title-9973\" tabindex=\"0\" hidden=\"hidden\"><p><span style=\"text-decoration: underline;\"><strong>Le visage :<\/strong><\/span>&nbsp;Appliquez quelques gouttes d\u2019Huile de Moringa une \u00e0 deux fois par jour en massage sur le visage.<\/p>\n<p><span style=\"text-decoration: underline;\"><strong>Le corps<\/strong><\/span>&nbsp;: En application quotidienne, les cosm\u00e9tiques naturels \u00e0 base d\u2019huile de moringa r\u00e9pondent parfaitement aux exigences des peaux s\u00e8ches. Ces derni\u00e8res sont r\u00e9hydrat\u00e9es, adoucies, assouplies et le PH retrouve son \u00e9quilibre favorisant ainsi le bon fonctionnement des cellules cutan\u00e9es.&nbsp;Les tiraillements et d\u00e9mangeaisons sont att\u00e9nu\u00e9s et la peau retrouve petit \u00e0 petit son \u00e9clat. Les pathologies qui occasionnent ces m\u00eames sympt\u00f4mes, comme l\u2019ecz\u00e9ma par exemple, se voient \u00e9galement soulag\u00e9es par cette huile v\u00e9g\u00e9tale.<\/p>\n<p><span style=\"text-decoration: underline;\"><strong>Les cheveux<\/strong>&nbsp;:&nbsp;<\/span>Appliquer l&rsquo;huile v\u00e9g\u00e9tale de moringa sur le cuir chevelu en massage de haut en bas le long de la longueur des cheveux. Laisser poser 30 minutes et rincer. Disposez quelques gouttes d&rsquo;huile dans le creux de vos mains puis appliquer sur vos cheveux l\u00e9g\u00e8rement humides.<\/p>\n<p><\/p><\/div>\n\t\t\t\t\t\t\t\t\t<div class=\"elementor-tab-title elementor-tab-mobile-title\" aria-selected=\"false\" data-tab=\"4\" role=\"tab\" tabindex=\"-1\" aria-controls=\"elementor-tab-content-9974\" aria-expanded=\"false\">EMBALLAGE<\/div>\n\t\t\t\t\t<div id=\"elementor-tab-content-9974\" class=\"elementor-tab-content elementor-clearfix\" data-tab=\"4\" role=\"tabpanel\" aria-labelledby=\"elementor-tab-title-9974\" tabindex=\"0\" hidden=\"hidden\"><p>Le choix du bambou et du verre pour les emballages de bouteilles pr\u00e9sente des avantages \u00e9cologiques significatifs, tant sur le plan de la recyclabilit\u00e9 que de la r\u00e9duction des d\u00e9chets plastiques. Ils r\u00e9pondent \u00e0 la demande croissante pour des solutions d\u2019emballage plus respectueuses de l\u2019environnement, tout en offrant une esth\u00e9tique attrayante et un positionnement premium.<\/p><div>1. Avantages du verre :<\/div><div>\u2022Recyclabilit\u00e9 : Le verre est 100 % recyclable sans perte de qualit\u00e9. Cela en fait un choix durable par rapport au plastique, qui se d\u00e9grade au fil des cycles de recyclage.<\/div><div><div>2. Avantages du bambou :<\/div><div>\u2022<b>Mat\u00e9riau renouvelable<\/b>&nbsp;: Le bambou pousse tr\u00e8s rapidement (jusqu\u2019\u00e0 1 m\u00e8tre par jour pour certaines esp\u00e8ces), ce qui en fait une ressource renouvelable et durable.<\/div><div><b>\u2022Biodegradabilit\u00e9&nbsp;<\/b>: Contrairement au plastique, le bambou est biod\u00e9gradable, ce qui r\u00e9duit l\u2019impact environnemental en fin de vie du produit.<\/div><\/div><\/div>\n\t\t\t\t\t\t\t\t\t<div class=\"elementor-tab-title elementor-tab-mobile-title\" aria-selected=\"false\" data-tab=\"5\" role=\"tab\" tabindex=\"-1\" aria-controls=\"elementor-tab-content-9975\" aria-expanded=\"false\">HISTOIRE<\/div>\n\t\t\t\t\t<div id=\"elementor-tab-content-9975\" class=\"elementor-tab-content elementor-clearfix\" data-tab=\"5\" role=\"tabpanel\" aria-labelledby=\"elementor-tab-title-9975\" tabindex=\"0\" hidden=\"hidden\"><p>Le\u00a0MORINGA oleifera\u00a0est une plante surprenante, originaire d&rsquo;Inde, qui commence \u00e0 se faire une place dans le monde de la sant\u00e9 et du bien-\u00eatre. Consid\u00e9r\u00e9 comme un super-aliment, le MORINGA est une source incroyable de nutriments essentiels tels que les vitamines, les min\u00e9raux et les antioxydants. Les diff\u00e9rentes parties de la plante, comme les feuilles, les graines et les racines, sont utilis\u00e9es depuis des si\u00e8cles dans la m\u00e9decine traditionnelle pour Le MORINGA oleifera est une plante surprenante, originaire d&rsquo;Inde, qui commence \u00e0 se faire une place dans le monde de la sant\u00e9 et du bien-\u00eatre. Consid\u00e9r\u00e9 comme un super-aliment, le MORINGA est une source incroyable de nutriments essentiels tels que les vitamines, les min\u00e9raux et les antioxydants. Les diff\u00e9rentes parties de la plante, comme les feuilles, les graines et les racines, sont utilis\u00e9es depuis des si\u00e8cles dans la m\u00e9decine traditionnelle pour traiter divers maux. Gr\u00e2ce \u00e0 sa richesse en nutriments, le moringa est \u00e9galement utilis\u00e9 pour renforcer notre peau et am\u00e9liorer certaines g\u00eanes articulaires. Le MORINGA est une plante polyvalente et surprenante qui continue de fasciner les scientifiques et les chercheurs \u00e0 travers le monde, et dont les bienfaits pour la sant\u00e9 sont de plus en plus reconnus.<\/p><\/div>\n\t\t\t\t\t\t\t\t\t<div class=\"elementor-tab-title elementor-tab-mobile-title\" aria-selected=\"false\" data-tab=\"6\" role=\"tab\" tabindex=\"-1\" aria-controls=\"elementor-tab-content-9976\" aria-expanded=\"false\">COMPOSITION<\/div>\n\t\t\t\t\t<div id=\"elementor-tab-content-9976\" class=\"elementor-tab-content elementor-clearfix\" data-tab=\"6\" role=\"tabpanel\" aria-labelledby=\"elementor-tab-title-9976\" tabindex=\"0\" hidden=\"hidden\"><p>Riche en acides gras mono-insatur\u00e9s de type om\u00e9ga 9, et acide gras satur\u00e9s, vitamine A, B, C et E.<\/p><\/div>\n\t\t\t\t\t\t\t\t\t<div class=\"elementor-tab-title elementor-tab-mobile-title\" aria-selected=\"false\" data-tab=\"7\" role=\"tab\" tabindex=\"-1\" aria-controls=\"elementor-tab-content-9977\" aria-expanded=\"false\">CONTRE-INDICATIONS<\/div>\n\t\t\t\t\t<div id=\"elementor-tab-content-9977\" class=\"elementor-tab-content elementor-clearfix\" data-tab=\"7\" role=\"tabpanel\" aria-labelledby=\"elementor-tab-title-9977\" tabindex=\"0\" hidden=\"hidden\"><p>Il est recommand\u00e9 de faire un test pr\u00e9alable \u00e0 l\u2019int\u00e9rieur du pli du coude pour s\u2019assurer de l\u2019absence de r\u00e9action cutan\u00e9e.<\/p><\/div>\n\t\t\t\t\t\t\t\t\t<div class=\"elementor-tab-title elementor-tab-mobile-title\" aria-selected=\"false\" data-tab=\"8\" role=\"tab\" tabindex=\"-1\" aria-controls=\"elementor-tab-content-9978\" aria-expanded=\"false\">CONSERVATION<\/div>\n\t\t\t\t\t<div id=\"elementor-tab-content-9978\" class=\"elementor-tab-content elementor-clearfix\" data-tab=\"8\" role=\"tabpanel\" aria-labelledby=\"elementor-tab-title-9978\" tabindex=\"0\" hidden=\"hidden\"><p>Conditions de conservation : Conserver \u00e0 l&rsquo;abris de la lumi\u00e8re, de la chaleur et de l\u2019humidit\u00e9.<\/p><p>A une temp\u00e9rature inf\u00e9rieure \u00e0 10\u00b0, il y a un risque de cristallisation de l\u2019huile v\u00e9g\u00e9tale. Afin d\u2019\u00e9viter ce ph\u00e9nom\u00e8ne et de conserver efficacement votre huile v\u00e9g\u00e9tale, rangez-la dans un endroit frais, sec et sans lumi\u00e8re. N\u2019oubliez pas de bien refermer votre huile apr\u00e8s l\u2019avoir utilis\u00e9e pour \u00e9viter qu\u2019elle ne s\u2019oxyde.<\/p><\/div>\n\t\t\t\t\t\t\t\t\t<div class=\"elementor-tab-title elementor-tab-mobile-title\" aria-selected=\"false\" data-tab=\"9\" role=\"tab\" tabindex=\"-1\" aria-controls=\"elementor-tab-content-9979\" aria-expanded=\"false\">VIDEO DEMO<\/div>\n\t\t\t\t\t<div id=\"elementor-tab-content-9979\" class=\"elementor-tab-content elementor-clearfix\" data-tab=\"9\" role=\"tabpanel\" aria-labelledby=\"elementor-tab-title-9979\" tabindex=\"0\" hidden=\"hidden\"><\/div>\n\t\t\t\t\t\t\t<\/div>\n\t\t<\/div>\n\t\t\t\t\t\t<\/div>\n\t\t\t\t\t<\/div>\n\t\t<\/div>\n\t\t\t\t\t<\/div>\n\t\t<\/section>\n\t\t\t\t<\/div>","protected":false},"excerpt":{"rendered":"<p>NOM BOTANIQUE : <strong>Moringa Oleifer<br \/>\nOrigine S\u00e9n\u00e9gal<\/strong><\/p>\n<ul>\n<li>Visage, corps, cheveux<\/li>\n<li>40ml<\/li>\n<li>100% pure et naturelle<\/li>\n<li>Kaltpressung<\/li>\n<li>Qualit\u00e9 premium<\/li>\n<\/ul>","protected":false},"featured_media":428,"comment_status":"open","ping_status":"closed","template":"","meta":{"_acf_changed":false},"product_cat":[52],"product_tag":[],"class_list":{"0":"post-272","1":"product","2":"type-product","3":"status-publish","4":"has-post-thumbnail","6":"product_cat-huiles","8":"first","9":"instock","10":"shipping-taxable","11":"purchasable","12":"product-type-simple","swatches":"rey-swatches","show_selected":""},"acf":[],"yoast_head":"<!-- This site is optimized with the Yoast SEO plugin v26.6 - https:\/\/yoast.com\/wordpress\/plugins\/seo\/ -->\n<title>Huile de Moringa - Afrika Bio<\/title>\n<meta name=\"robots\" content=\"index, follow, max-snippet:-1, max-image-preview:large, max-video-preview:-1\" \/>\n<link rel=\"canonical\" href=\"https:\/\/www.afrikabio.com\/de\/produkt\/huile-de-moringa\/\" \/>\n<meta property=\"og:locale\" content=\"de_DE\" \/>\n<meta property=\"og:type\" content=\"article\" \/>\n<meta property=\"og:title\" content=\"Huile de Moringa - Afrika Bio\" \/>\n<meta property=\"og:description\" content=\"NOM BOTANIQUE : Moringa Oleifer Origine S\u00e9n\u00e9gal   Visage, corps, cheveux  40ml  100% pure et naturelle  Pression \u00e0 froid  Qualit\u00e9 premium\" \/>\n<meta property=\"og:url\" content=\"https:\/\/www.afrikabio.com\/de\/produkt\/huile-de-moringa\/\" \/>\n<meta property=\"og:site_name\" content=\"Afrika Bio\" \/>\n<meta property=\"article:publisher\" content=\"https:\/\/www.facebook.com\/profile.php?id=100090304284824\" \/>\n<meta property=\"article:modified_time\" content=\"2025-11-16T11:41:48+00:00\" \/>\n<meta property=\"og:image\" content=\"https:\/\/www.afrikabio.com\/wp-content\/uploads\/2024\/06\/huile-de-moringa-1.jpg\" \/>\n\t<meta property=\"og:image:width\" content=\"900\" \/>\n\t<meta property=\"og:image:height\" content=\"900\" \/>\n\t<meta property=\"og:image:type\" content=\"image\/jpeg\" \/>\n<meta name=\"twitter:card\" content=\"summary_large_image\" \/>\n<meta name=\"twitter:label1\" content=\"Gesch\u00e4tzte Lesezeit\" \/>\n\t<meta name=\"twitter:data1\" content=\"5\u00a0Minuten\" \/>\n<script type=\"application\/ld+json\" class=\"yoast-schema-graph\">{\"@context\":\"https:\/\/schema.org\",\"@graph\":[{\"@type\":\"WebPage\",\"@id\":\"https:\/\/www.afrikabio.com\/produit\/huile-de-moringa\/\",\"url\":\"https:\/\/www.afrikabio.com\/produit\/huile-de-moringa\/\",\"name\":\"Huile de Moringa - Afrika Bio\",\"isPartOf\":{\"@id\":\"https:\/\/www.afrikabio.com\/#website\"},\"primaryImageOfPage\":{\"@id\":\"https:\/\/www.afrikabio.com\/produit\/huile-de-moringa\/#primaryimage\"},\"image\":{\"@id\":\"https:\/\/www.afrikabio.com\/produit\/huile-de-moringa\/#primaryimage\"},\"thumbnailUrl\":\"https:\/\/www.afrikabio.com\/wp-content\/uploads\/2024\/06\/huile-de-moringa-1.jpg\",\"datePublished\":\"2024-06-05T19:10:29+00:00\",\"dateModified\":\"2025-11-16T11:41:48+00:00\",\"breadcrumb\":{\"@id\":\"https:\/\/www.afrikabio.com\/produit\/huile-de-moringa\/#breadcrumb\"},\"inLanguage\":\"de\",\"potentialAction\":[{\"@type\":\"ReadAction\",\"target\":[\"https:\/\/www.afrikabio.com\/produit\/huile-de-moringa\/\"]}]},{\"@type\":\"ImageObject\",\"inLanguage\":\"de\",\"@id\":\"https:\/\/www.afrikabio.com\/produit\/huile-de-moringa\/#primaryimage\",\"url\":\"https:\/\/www.afrikabio.com\/wp-content\/uploads\/2024\/06\/huile-de-moringa-1.jpg\",\"contentUrl\":\"https:\/\/www.afrikabio.com\/wp-content\/uploads\/2024\/06\/huile-de-moringa-1.jpg\",\"width\":900,\"height\":900},{\"@type\":\"BreadcrumbList\",\"@id\":\"https:\/\/www.afrikabio.com\/produit\/huile-de-moringa\/#breadcrumb\",\"itemListElement\":[{\"@type\":\"ListItem\",\"position\":1,\"name\":\"Accueil\",\"item\":\"https:\/\/www.afrikabio.com\/\"},{\"@type\":\"ListItem\",\"position\":2,\"name\":\"Produits\",\"item\":\"https:\/\/www.afrikabio.com\/shop\/\"},{\"@type\":\"ListItem\",\"position\":3,\"name\":\"Huile de Moringa\"}]},{\"@type\":\"WebSite\",\"@id\":\"https:\/\/www.afrikabio.com\/#website\",\"url\":\"https:\/\/www.afrikabio.com\/\",\"name\":\"Afrika Bio\",\"description\":\"Power of Nature\",\"publisher\":{\"@id\":\"https:\/\/www.afrikabio.com\/#organization\"},\"potentialAction\":[{\"@type\":\"SearchAction\",\"target\":{\"@type\":\"EntryPoint\",\"urlTemplate\":\"https:\/\/www.afrikabio.com\/?s={search_term_string}\"},\"query-input\":{\"@type\":\"PropertyValueSpecification\",\"valueRequired\":true,\"valueName\":\"search_term_string\"}}],\"inLanguage\":\"de\"},{\"@type\":\"Organization\",\"@id\":\"https:\/\/www.afrikabio.com\/#organization\",\"name\":\"AfrikaBio\",\"url\":\"https:\/\/www.afrikabio.com\/\",\"logo\":{\"@type\":\"ImageObject\",\"inLanguage\":\"de\",\"@id\":\"https:\/\/www.afrikabio.com\/#\/schema\/logo\/image\/\",\"url\":\"https:\/\/www.afrikabio.com\/wp-content\/uploads\/2024\/06\/cropped-cropped-logo-1.png\",\"contentUrl\":\"https:\/\/www.afrikabio.com\/wp-content\/uploads\/2024\/06\/cropped-cropped-logo-1.png\",\"width\":1420,\"height\":483,\"caption\":\"AfrikaBio\"},\"image\":{\"@id\":\"https:\/\/www.afrikabio.com\/#\/schema\/logo\/image\/\"},\"sameAs\":[\"https:\/\/www.facebook.com\/profile.php?id=100090304284824\"]}]}<\/script>\n<!-- \/ Yoast SEO plugin. -->","yoast_head_json":{"title":"Huile de Moringa - Afrika Bio","robots":{"index":"index","follow":"follow","max-snippet":"max-snippet:-1","max-image-preview":"max-image-preview:large","max-video-preview":"max-video-preview:-1"},"canonical":"https:\/\/www.afrikabio.com\/de\/produkt\/huile-de-moringa\/","og_locale":"de_DE","og_type":"article","og_title":"Huile de Moringa - Afrika Bio","og_description":"NOM BOTANIQUE : Moringa Oleifer Origine S\u00e9n\u00e9gal   Visage, corps, cheveux  40ml  100% pure et naturelle  Pression \u00e0 froid  Qualit\u00e9 premium","og_url":"https:\/\/www.afrikabio.com\/de\/produkt\/huile-de-moringa\/","og_site_name":"Afrika Bio","article_publisher":"https:\/\/www.facebook.com\/profile.php?id=100090304284824","article_modified_time":"2025-11-16T11:41:48+00:00","og_image":[{"width":900,"height":900,"url":"https:\/\/www.afrikabio.com\/wp-content\/uploads\/2024\/06\/huile-de-moringa-1.jpg","type":"image\/jpeg"}],"twitter_card":"summary_large_image","twitter_misc":{"Gesch\u00e4tzte Lesezeit":"5\u00a0Minuten"},"schema":{"@context":"https:\/\/schema.org","@graph":[{"@type":"WebPage","@id":"https:\/\/www.afrikabio.com\/produit\/huile-de-moringa\/","url":"https:\/\/www.afrikabio.com\/produit\/huile-de-moringa\/","name":"Huile de Moringa - Afrika Bio","isPartOf":{"@id":"https:\/\/www.afrikabio.com\/#website"},"primaryImageOfPage":{"@id":"https:\/\/www.afrikabio.com\/produit\/huile-de-moringa\/#primaryimage"},"image":{"@id":"https:\/\/www.afrikabio.com\/produit\/huile-de-moringa\/#primaryimage"},"thumbnailUrl":"https:\/\/www.afrikabio.com\/wp-content\/uploads\/2024\/06\/huile-de-moringa-1.jpg","datePublished":"2024-06-05T19:10:29+00:00","dateModified":"2025-11-16T11:41:48+00:00","breadcrumb":{"@id":"https:\/\/www.afrikabio.com\/produit\/huile-de-moringa\/#breadcrumb"},"inLanguage":"de","potentialAction":[{"@type":"ReadAction","target":["https:\/\/www.afrikabio.com\/produit\/huile-de-moringa\/"]}]},{"@type":"ImageObject","inLanguage":"de","@id":"https:\/\/www.afrikabio.com\/produit\/huile-de-moringa\/#primaryimage","url":"https:\/\/www.afrikabio.com\/wp-content\/uploads\/2024\/06\/huile-de-moringa-1.jpg","contentUrl":"https:\/\/www.afrikabio.com\/wp-content\/uploads\/2024\/06\/huile-de-moringa-1.jpg","width":900,"height":900},{"@type":"BreadcrumbList","@id":"https:\/\/www.afrikabio.com\/produit\/huile-de-moringa\/#breadcrumb","itemListElement":[{"@type":"ListItem","position":1,"name":"Accueil","item":"https:\/\/www.afrikabio.com\/"},{"@type":"ListItem","position":2,"name":"Produits","item":"https:\/\/www.afrikabio.com\/shop\/"},{"@type":"ListItem","position":3,"name":"Huile de Moringa"}]},{"@type":"WebSite","@id":"https:\/\/www.afrikabio.com\/#website","url":"https:\/\/www.afrikabio.com\/","name":"Afrika Bio","description":"Power of Nature","publisher":{"@id":"https:\/\/www.afrikabio.com\/#organization"},"potentialAction":[{"@type":"SearchAction","target":{"@type":"EntryPoint","urlTemplate":"https:\/\/www.afrikabio.com\/?s={search_term_string}"},"query-input":{"@type":"PropertyValueSpecification","valueRequired":true,"valueName":"search_term_string"}}],"inLanguage":"de"},{"@type":"Organization","@id":"https:\/\/www.afrikabio.com\/#organization","name":"AfrikaBio","url":"https:\/\/www.afrikabio.com\/","logo":{"@type":"ImageObject","inLanguage":"de","@id":"https:\/\/www.afrikabio.com\/#\/schema\/logo\/image\/","url":"https:\/\/www.afrikabio.com\/wp-content\/uploads\/2024\/06\/cropped-cropped-logo-1.png","contentUrl":"https:\/\/www.afrikabio.com\/wp-content\/uploads\/2024\/06\/cropped-cropped-logo-1.png","width":1420,"height":483,"caption":"AfrikaBio"},"image":{"@id":"https:\/\/www.afrikabio.com\/#\/schema\/logo\/image\/"},"sameAs":["https:\/\/www.facebook.com\/profile.php?id=100090304284824"]}]}},"_links":{"self":[{"href":"https:\/\/www.afrikabio.com\/de\/wp-json\/wp\/v2\/product\/272","targetHints":{"allow":["GET"]}}],"collection":[{"href":"https:\/\/www.afrikabio.com\/de\/wp-json\/wp\/v2\/product"}],"about":[{"href":"https:\/\/www.afrikabio.com\/de\/wp-json\/wp\/v2\/types\/product"}],"replies":[{"embeddable":true,"href":"https:\/\/www.afrikabio.com\/de\/wp-json\/wp\/v2\/comments?post=272"}],"version-history":[{"count":3,"href":"https:\/\/www.afrikabio.com\/de\/wp-json\/wp\/v2\/product\/272\/revisions"}],"predecessor-version":[{"id":4235,"href":"https:\/\/www.afrikabio.com\/de\/wp-json\/wp\/v2\/product\/272\/revisions\/4235"}],"wp:featuredmedia":[{"embeddable":true,"href":"https:\/\/www.afrikabio.com\/de\/wp-json\/wp\/v2\/media\/428"}],"wp:attachment":[{"href":"https:\/\/www.afrikabio.com\/de\/wp-json\/wp\/v2\/media?parent=272"}],"wp:term":[{"taxonomy":"product_cat","embeddable":true,"href":"https:\/\/www.afrikabio.com\/de\/wp-json\/wp\/v2\/product_cat?post=272"},{"taxonomy":"product_tag","embeddable":true,"href":"https:\/\/www.afrikabio.com\/de\/wp-json\/wp\/v2\/product_tag?post=272"}],"curies":[{"name":"wp","href":"https:\/\/api.w.org\/{rel}","templated":true}]}}