{"id":173,"date":"2024-06-05T18:17:08","date_gmt":"2024-06-05T16:17:08","guid":{"rendered":"https:\/\/www.afrikabio.com\/terms-conditions\/"},"modified":"2024-09-16T11:14:50","modified_gmt":"2024-09-16T09:14:50","slug":"terms-conditions","status":"publish","type":"page","link":"https:\/\/www.afrikabio.com\/de\/terms-conditions\/","title":{"rendered":"Bedingungen &amp; Konditionen"},"content":{"rendered":"<div data-elementor-type=\"wp-page\" data-elementor-id=\"173\" class=\"elementor elementor-173\" data-elementor-post-type=\"page\">\n\t\t\t\t\t\t<section class=\"elementor-section elementor-top-section elementor-element elementor-element-5b21311 elementor-section-boxed elementor-section-height-default elementor-section-height-default\" data-id=\"5b21311\" data-element_type=\"section\" data-e-type=\"section\">\n\t\t\t\t\t\t<div class=\"elementor-container elementor-column-gap-default\">\n\t\t\t\t\t<div class=\"elementor-column elementor-col-100 elementor-top-column elementor-element elementor-element-06c0976\" data-id=\"06c0976\" data-element_type=\"column\" data-e-type=\"column\">\n\t\t\t<div class=\"elementor-column-wrap--06c0976 elementor-widget-wrap elementor-element-populated\">\n\t\t\t\t\t\t<div class=\"elementor-element elementor-element-80f7fd0 elementor-widget elementor-widget-text-editor\" data-id=\"80f7fd0\" data-element_type=\"widget\" data-e-type=\"widget\" data-widget_type=\"text-editor.default\">\n\t\t\t\t\t\t\t\t\t<div><b>Pr\u00e4ambel der Allgemeinen Gesch\u00e4ftsbedingungen :<\/b><\/div><div>Jede Bestellung, die \u00fcber den Online-Shop www.afrikabio.com get\u00e4tigt wird, setzt die vorherige Annahme der vorliegenden Allgemeinen Gesch\u00e4ftsbedingungen voraus.<\/div><div>\u00a0<\/div><div><b>Artikel 1<\/b> : Anwendungsbereich<\/div><div>Die vorliegenden Allgemeinen Gesch\u00e4ftsbedingungen gelten f\u00fcr alle Transaktionen, die \u00fcber die Website www.afrikabio.com abgewickelt werden.<\/div><div>\u00a0<\/div><div><b>Artikel 2: Bestellung<\/b><\/div><div>\u00a0<\/div><div>-Wir verpflichten uns, Ihre Bestellung vorbehaltlich der Einhaltung der vorliegenden Allgemeinen Gesch\u00e4ftsbedingungen anzunehmen, sobald Ihre Zahlung best\u00e4tigt und akzeptiert wurde.<\/div><div>-Die Bearbeitung Ihrer Bestellung h\u00e4ngt davon ab, ob die Produkte auf Lager oder bei unseren Lieferanten verf\u00fcgbar sind. Wir informieren Sie zum Zeitpunkt der Bestellung \u00fcber die Verf\u00fcgbarkeit der gew\u00fcnschten Produkte.<\/div><div>-Im Falle einer vor\u00fcbergehenden Nichtverf\u00fcgbarkeit (ausverkauft, Neuauflage usw.) nach Best\u00e4tigung Ihrer Bestellung werden Sie per E-Mail informiert und k\u00f6nnen zwischen einer R\u00fcckerstattung, einer Gutschrift oder einer R\u00fccksendung der betreffenden Produkte w\u00e4hlen. Im Falle einer endg\u00fcltigen Nichtverf\u00fcgbarkeit (Ersch\u00f6pfung des Lagerbestands, nicht neu aufgelegte Produkte) wird Ihre Bestellung automatisch storniert, und Sie werden per E-Mail dar\u00fcber informiert.<\/div><div>-Mit der Best\u00e4tigung Ihrer Bestellung best\u00e4tigen Sie, dass Sie die vorliegenden Allgemeinen Gesch\u00e4ftsbedingungen, die auf der Website verf\u00fcgbar sind, vollst\u00e4ndig akzeptieren. Sie verzichten damit auf die Berufung auf jedes widerspr\u00fcchliche Dokument, einschlie\u00dflich Ihrer eigenen Allgemeinen Einkaufsbedingungen. Die Auftragsbest\u00e4tigung sowie alle gespeicherten Daten gelten als Beweis f\u00fcr die Transaktion.<\/div><div>-Vorbestellbare Artikel werden auch auf der Website www.afrikabio.com angeboten und so bald wie m\u00f6glich versandt. Wir k\u00f6nnen nicht f\u00fcr eventuelle Verz\u00f6gerungen bei der Vermarktung verantwortlich gemacht werden.<\/div><div>\u00a0<\/div><div><b>Verpackung :<\/b><\/div><div>Die Verpackung der Produkte (Gl\u00e4ser, Flaschen, Beutel usw.) kann je nach Verf\u00fcgbarkeit bei unseren Lieferanten variieren. Je nach Art der gelieferten Verpackung werden keine Rabatte oder R\u00fcckerstattungen gew\u00e4hrt. Die Produktfotos sind nicht vertraglich bindend. Das Nettogewicht des Honigs kann um einige Gramm (+\/- 3 oder 4 Gramm) schwanken, abh\u00e4ngig von der Dichte des Honigs oder von Messtoleranzen.<\/div><div>\u00a0<\/div><div><b>Artikel 3: Preis<\/b><\/div><div>Die angegebenen Preise sind in Euro, inklusive Mehrwertsteuer und ohne Versandkosten. Preise in Fremdw\u00e4hrungen dienen lediglich der Orientierung. Die Preise k\u00f6nnen ohne Vorank\u00fcndigung ge\u00e4ndert werden, die Artikel werden jedoch auf der Grundlage berechnet, die zum Zeitpunkt der Registrierung der Bestellung g\u00fcltig war. Alle Bestellungen sind in Euro zahlbar. Zollgeb\u00fchren oder lokale Steuern f\u00fcr Lieferungen au\u00dferhalb des franz\u00f6sischen Mutterlandes gehen zu Lasten des Kunden.<\/div><div>\u00a0<\/div><div><b>Artikel 4: Zahlung<\/b><\/div><div>Zahlungen k\u00f6nnen geleistet werden durch :<\/div><div>\u00a0<\/div><div>-Kreditkarte (Carte Bleue, Visa, Eurocard\/Mastercard) \u00fcber eine sichere Plattform (Stripe)<\/div><div>-PayPal<\/div><div>\u00a0<\/div><div>Die Bestellung wird versendet, sobald die Zahlung eingegangen ist. Wenn die Zahlung zu einem sp\u00e4teren Zeitpunkt erfolgt, wird die Bestellung erst nach Best\u00e4tigung der Zahlung versendet.<\/div><div>\u00a0<\/div><div><b>Artikel 5: Lieferung<\/b><\/div><div>\u00a0<\/div><div>-Die Pakete werden \u00fcber Chronopost oder Colissimo verschickt.<\/div><div>-www.afrikabio.com \u00fcbernimmt keine Verantwortung f\u00fcr Verlust, Diebstahl, Bruch, fehlende Produkte oder Lieferverz\u00f6gerungen. Sie k\u00f6nnen den Status Ihres Pakets \u00fcber den in der E-Mail mit der Bestellbest\u00e4tigung bereitgestellten Link verfolgen.<\/div><div>-Sie sind daf\u00fcr verantwortlich, den Weg Ihres Pakets zu verfolgen. Bei der R\u00fccksendung eines nicht abgeholten Pakets sind wir nicht mehr verantwortlich, wenn es verloren gegangen oder besch\u00e4digt ist. Wenn das Paket an uns zur\u00fcckgeschickt wird, k\u00f6nnen wir Ihnen eine Gutschrift anbieten oder das Paket unter Vorbehalt neuer Versandkosten zur\u00fcckschicken.<\/div><div>-Im Falle eines Fehlers in den bei der Bestellung angegebenen Kontaktdaten gehen die Kosten f\u00fcr den erneuten Versand zu Ihren Lasten.<\/div><div>-Wenn ein Paket in schlechtem Zustand empfangen wird, lehnen Sie es ab und machen Sie einen Vorbehalt, damit Sie vom Spediteur eine Entsch\u00e4digung verlangen k\u00f6nnen.<\/div><div>-Wenn ein Artikel fehlt, schicken Sie uns bitte ein Foto vom Inneren des Pakets mit den sichtbaren Produkten. Wir werden Ihnen je nach unseren M\u00f6glichkeiten eine R\u00fcckerstattung, eine Gutschrift oder eine R\u00fccksendung anbieten.<\/div><div>-Im Falle au\u00dfergew\u00f6hnlicher Ereignisse (Streiks, Naturkatastrophen, Attentate, Pandemien usw.), die die Lieferung verz\u00f6gern, sind wir nicht haftbar und es erfolgt keine R\u00fcckerstattung.<\/div><div>\u00a0<\/div><div><b>Artikel 6: Widerrufsrecht und R\u00fcckerstattung<\/b><\/div><div>Der Kunde kann innerhalb von 15 Tagen nach Erhalt der Bestellung von seinem Widerrufsrecht Gebrauch machen. Dieses Recht kann zur Erstellung einer Gutschrift f\u00fchren, muss aber nicht unbedingt eine R\u00fcckerstattung zur Folge haben. Um dieses Recht auszu\u00fcben, m\u00fcssen die Produkte auf Ihre Kosten in ihrem Originalzustand, unge\u00f6ffnet und mit einer intakten Verpackung zur\u00fcckgeschickt werden.<\/div><div>Die R\u00fcckerstattung oder die Ausstellung einer Gutschrift erfolgt per PayPal, Kreditkarte oder \u00dcberweisung. Im Falle einer Sperrung des Pakets (siehe Artikel 5) erfolgt keine R\u00fcckerstattung.<\/div>\t\t\t\t\t\t\t\t<\/div>\n\t\t\t\t\t<\/div>\n\t\t<\/div>\n\t\t\t\t\t<\/div>\n\t\t<\/section>\n\t\t\t\t<section class=\"elementor-section elementor-top-section elementor-element elementor-element-17f3027 elementor-section-boxed elementor-section-height-default elementor-section-height-default\" data-id=\"17f3027\" data-element_type=\"section\" data-e-type=\"section\">\n\t\t\t\t\t\t<div class=\"elementor-container elementor-column-gap-default\">\n\t\t\t\t\t<div class=\"elementor-column elementor-col-100 elementor-top-column elementor-element elementor-element-5212660\" data-id=\"5212660\" data-element_type=\"column\" data-e-type=\"column\">\n\t\t\t<div class=\"elementor-column-wrap--5212660 elementor-widget-wrap elementor-element-populated\">\n\t\t\t\t\t\t<div class=\"elementor-element elementor-element-df9085c elementor-widget elementor-widget-spacer\" data-id=\"df9085c\" data-element_type=\"widget\" data-e-type=\"widget\" data-widget_type=\"spacer.default\">\n\t\t\t\t\t\t\t<div class=\"elementor-spacer\">\n\t\t\t<div class=\"elementor-spacer-inner\"><\/div>\n\t\t<\/div>\n\t\t\t\t\t\t<\/div>\n\t\t\t\t\t<\/div>\n\t\t<\/div>\n\t\t\t\t\t<\/div>\n\t\t<\/section>\n\t\t\t\t<\/div>","protected":false},"excerpt":{"rendered":"<p>Pr\u00e9ambule des conditions g\u00e9n\u00e9rales de vente :Toute commande effectu\u00e9e sur le site marchand www.afrikabio.com implique l\u2019acceptation pr\u00e9alable des pr\u00e9sentes conditions g\u00e9n\u00e9rales de vente.\u00a0Article 1 : Champ d\u2019applicationLes pr\u00e9sentes conditions g\u00e9n\u00e9rales de vente s\u2019appliquent \u00e0 l\u2019ensemble des transactions r\u00e9alis\u00e9es via le site www.afrikabio.com.\u00a0Article 2 : Commande\u00a0\u2022Nous nous engageons \u00e0 accepter votre commande sous r\u00e9serve du respect [&hellip;]<\/p>","protected":false},"author":1,"featured_media":0,"parent":0,"menu_order":0,"comment_status":"closed","ping_status":"closed","template":"template-multi-cols.php","meta":{"_acf_changed":false,"footnotes":""},"class_list":["post-173","page","type-page","status-publish","hentry"],"acf":[],"yoast_head":"<!-- This site is optimized with the Yoast SEO plugin v26.6 - https:\/\/yoast.com\/wordpress\/plugins\/seo\/ -->\n<title>Terms &amp; Conditions - Afrika Bio<\/title>\n<meta name=\"robots\" content=\"index, follow, max-snippet:-1, max-image-preview:large, max-video-preview:-1\" \/>\n<link rel=\"canonical\" href=\"https:\/\/www.afrikabio.com\/de\/terms-conditions\/\" \/>\n<meta property=\"og:locale\" content=\"de_DE\" \/>\n<meta property=\"og:type\" content=\"article\" \/>\n<meta property=\"og:title\" content=\"Terms &amp; Conditions - Afrika Bio\" \/>\n<meta property=\"og:description\" content=\"Pr\u00e9ambule des conditions g\u00e9n\u00e9rales de vente :Toute commande effectu\u00e9e sur le site marchand www.afrikabio.com implique l\u2019acceptation pr\u00e9alable des pr\u00e9sentes conditions g\u00e9n\u00e9rales de vente.\u00a0Article 1 : Champ d\u2019applicationLes pr\u00e9sentes conditions g\u00e9n\u00e9rales de vente s\u2019appliquent \u00e0 l\u2019ensemble des transactions r\u00e9alis\u00e9es via le site www.afrikabio.com.\u00a0Article 2 : Commande\u00a0\u2022Nous nous engageons \u00e0 accepter votre commande sous r\u00e9serve du respect [&hellip;]\" \/>\n<meta property=\"og:url\" content=\"https:\/\/www.afrikabio.com\/de\/terms-conditions\/\" \/>\n<meta property=\"og:site_name\" content=\"Afrika Bio\" \/>\n<meta property=\"article:publisher\" content=\"https:\/\/www.facebook.com\/profile.php?id=100090304284824\" \/>\n<meta property=\"article:modified_time\" content=\"2024-09-16T09:14:50+00:00\" \/>\n<meta name=\"twitter:card\" content=\"summary_large_image\" \/>\n<meta name=\"twitter:label1\" content=\"Gesch\u00e4tzte Lesezeit\" \/>\n\t<meta name=\"twitter:data1\" content=\"4\u00a0Minuten\" \/>\n<script type=\"application\/ld+json\" class=\"yoast-schema-graph\">{\"@context\":\"https:\/\/schema.org\",\"@graph\":[{\"@type\":\"WebPage\",\"@id\":\"https:\/\/www.afrikabio.com\/terms-conditions\/\",\"url\":\"https:\/\/www.afrikabio.com\/terms-conditions\/\",\"name\":\"Terms &amp; Conditions - Afrika Bio\",\"isPartOf\":{\"@id\":\"https:\/\/www.afrikabio.com\/#website\"},\"datePublished\":\"2024-06-05T16:17:08+00:00\",\"dateModified\":\"2024-09-16T09:14:50+00:00\",\"breadcrumb\":{\"@id\":\"https:\/\/www.afrikabio.com\/terms-conditions\/#breadcrumb\"},\"inLanguage\":\"de\",\"potentialAction\":[{\"@type\":\"ReadAction\",\"target\":[\"https:\/\/www.afrikabio.com\/terms-conditions\/\"]}]},{\"@type\":\"BreadcrumbList\",\"@id\":\"https:\/\/www.afrikabio.com\/terms-conditions\/#breadcrumb\",\"itemListElement\":[{\"@type\":\"ListItem\",\"position\":1,\"name\":\"Accueil\",\"item\":\"https:\/\/www.afrikabio.com\/\"},{\"@type\":\"ListItem\",\"position\":2,\"name\":\"Terms &amp; Conditions\"}]},{\"@type\":\"WebSite\",\"@id\":\"https:\/\/www.afrikabio.com\/#website\",\"url\":\"https:\/\/www.afrikabio.com\/\",\"name\":\"Afrika Bio\",\"description\":\"Power of Nature\",\"publisher\":{\"@id\":\"https:\/\/www.afrikabio.com\/#organization\"},\"potentialAction\":[{\"@type\":\"SearchAction\",\"target\":{\"@type\":\"EntryPoint\",\"urlTemplate\":\"https:\/\/www.afrikabio.com\/?s={search_term_string}\"},\"query-input\":{\"@type\":\"PropertyValueSpecification\",\"valueRequired\":true,\"valueName\":\"search_term_string\"}}],\"inLanguage\":\"de\"},{\"@type\":\"Organization\",\"@id\":\"https:\/\/www.afrikabio.com\/#organization\",\"name\":\"AfrikaBio\",\"url\":\"https:\/\/www.afrikabio.com\/\",\"logo\":{\"@type\":\"ImageObject\",\"inLanguage\":\"de\",\"@id\":\"https:\/\/www.afrikabio.com\/#\/schema\/logo\/image\/\",\"url\":\"https:\/\/www.afrikabio.com\/wp-content\/uploads\/2024\/06\/cropped-cropped-logo-1.png\",\"contentUrl\":\"https:\/\/www.afrikabio.com\/wp-content\/uploads\/2024\/06\/cropped-cropped-logo-1.png\",\"width\":1420,\"height\":483,\"caption\":\"AfrikaBio\"},\"image\":{\"@id\":\"https:\/\/www.afrikabio.com\/#\/schema\/logo\/image\/\"},\"sameAs\":[\"https:\/\/www.facebook.com\/profile.php?id=100090304284824\"]}]}<\/script>\n<!-- \/ Yoast SEO plugin. -->","yoast_head_json":{"title":"Terms &amp; Conditions - Afrika Bio","robots":{"index":"index","follow":"follow","max-snippet":"max-snippet:-1","max-image-preview":"max-image-preview:large","max-video-preview":"max-video-preview:-1"},"canonical":"https:\/\/www.afrikabio.com\/de\/terms-conditions\/","og_locale":"de_DE","og_type":"article","og_title":"Terms &amp; Conditions - Afrika Bio","og_description":"Pr\u00e9ambule des conditions g\u00e9n\u00e9rales de vente :Toute commande effectu\u00e9e sur le site marchand www.afrikabio.com implique l\u2019acceptation pr\u00e9alable des pr\u00e9sentes conditions g\u00e9n\u00e9rales de vente.\u00a0Article 1 : Champ d\u2019applicationLes pr\u00e9sentes conditions g\u00e9n\u00e9rales de vente s\u2019appliquent \u00e0 l\u2019ensemble des transactions r\u00e9alis\u00e9es via le site www.afrikabio.com.\u00a0Article 2 : Commande\u00a0\u2022Nous nous engageons \u00e0 accepter votre commande sous r\u00e9serve du respect [&hellip;]","og_url":"https:\/\/www.afrikabio.com\/de\/terms-conditions\/","og_site_name":"Afrika Bio","article_publisher":"https:\/\/www.facebook.com\/profile.php?id=100090304284824","article_modified_time":"2024-09-16T09:14:50+00:00","twitter_card":"summary_large_image","twitter_misc":{"Gesch\u00e4tzte Lesezeit":"4\u00a0Minuten"},"schema":{"@context":"https:\/\/schema.org","@graph":[{"@type":"WebPage","@id":"https:\/\/www.afrikabio.com\/terms-conditions\/","url":"https:\/\/www.afrikabio.com\/terms-conditions\/","name":"Terms &amp; Conditions - Afrika Bio","isPartOf":{"@id":"https:\/\/www.afrikabio.com\/#website"},"datePublished":"2024-06-05T16:17:08+00:00","dateModified":"2024-09-16T09:14:50+00:00","breadcrumb":{"@id":"https:\/\/www.afrikabio.com\/terms-conditions\/#breadcrumb"},"inLanguage":"de","potentialAction":[{"@type":"ReadAction","target":["https:\/\/www.afrikabio.com\/terms-conditions\/"]}]},{"@type":"BreadcrumbList","@id":"https:\/\/www.afrikabio.com\/terms-conditions\/#breadcrumb","itemListElement":[{"@type":"ListItem","position":1,"name":"Accueil","item":"https:\/\/www.afrikabio.com\/"},{"@type":"ListItem","position":2,"name":"Terms &amp; Conditions"}]},{"@type":"WebSite","@id":"https:\/\/www.afrikabio.com\/#website","url":"https:\/\/www.afrikabio.com\/","name":"Afrika Bio","description":"Power of Nature","publisher":{"@id":"https:\/\/www.afrikabio.com\/#organization"},"potentialAction":[{"@type":"SearchAction","target":{"@type":"EntryPoint","urlTemplate":"https:\/\/www.afrikabio.com\/?s={search_term_string}"},"query-input":{"@type":"PropertyValueSpecification","valueRequired":true,"valueName":"search_term_string"}}],"inLanguage":"de"},{"@type":"Organization","@id":"https:\/\/www.afrikabio.com\/#organization","name":"AfrikaBio","url":"https:\/\/www.afrikabio.com\/","logo":{"@type":"ImageObject","inLanguage":"de","@id":"https:\/\/www.afrikabio.com\/#\/schema\/logo\/image\/","url":"https:\/\/www.afrikabio.com\/wp-content\/uploads\/2024\/06\/cropped-cropped-logo-1.png","contentUrl":"https:\/\/www.afrikabio.com\/wp-content\/uploads\/2024\/06\/cropped-cropped-logo-1.png","width":1420,"height":483,"caption":"AfrikaBio"},"image":{"@id":"https:\/\/www.afrikabio.com\/#\/schema\/logo\/image\/"},"sameAs":["https:\/\/www.facebook.com\/profile.php?id=100090304284824"]}]}},"_links":{"self":[{"href":"https:\/\/www.afrikabio.com\/de\/wp-json\/wp\/v2\/pages\/173","targetHints":{"allow":["GET"]}}],"collection":[{"href":"https:\/\/www.afrikabio.com\/de\/wp-json\/wp\/v2\/pages"}],"about":[{"href":"https:\/\/www.afrikabio.com\/de\/wp-json\/wp\/v2\/types\/page"}],"author":[{"embeddable":true,"href":"https:\/\/www.afrikabio.com\/de\/wp-json\/wp\/v2\/users\/1"}],"replies":[{"embeddable":true,"href":"https:\/\/www.afrikabio.com\/de\/wp-json\/wp\/v2\/comments?post=173"}],"version-history":[{"count":0,"href":"https:\/\/www.afrikabio.com\/de\/wp-json\/wp\/v2\/pages\/173\/revisions"}],"wp:attachment":[{"href":"https:\/\/www.afrikabio.com\/de\/wp-json\/wp\/v2\/media?parent=173"}],"curies":[{"name":"wp","href":"https:\/\/api.w.org\/{rel}","templated":true}]}}