{"id":562,"date":"2024-06-15T05:19:19","date_gmt":"2024-06-15T03:19:19","guid":{"rendered":"https:\/\/www.afrikabio.com\/?post_type=product&#038;p=562"},"modified":"2025-11-14T10:31:16","modified_gmt":"2025-11-14T09:31:16","slug":"huile-de-sezame","status":"publish","type":"product","link":"https:\/\/www.afrikabio.com\/ar\/product\/huile-de-sezame\/","title":{"rendered":"\u0632\u064a\u062a \u0627\u0644\u0633\u0645\u0633\u0645"},"content":{"rendered":"<div data-elementor-type=\"wp-post\" data-elementor-id=\"562\" class=\"elementor elementor-562\" data-elementor-post-type=\"product\">\n\t\t\t\t\t\t<section class=\"elementor-section elementor-top-section elementor-element elementor-element-49ca7f1b rey-section-stretched elementor-section-boxed elementor-section-height-default elementor-section-height-default\" data-id=\"49ca7f1b\" data-element_type=\"section\" data-e-type=\"section\">\n\t\t\t\t\t\t<div class=\"elementor-container elementor-column-gap-default\">\n\t\t\t\t\t<div class=\"elementor-column elementor-col-100 elementor-top-column elementor-element elementor-element-1f93fa67\" data-id=\"1f93fa67\" data-element_type=\"column\" data-e-type=\"column\">\n\t\t\t<div class=\"elementor-column-wrap--1f93fa67 elementor-widget-wrap elementor-element-populated\">\n\t\t\t\t\t\t<div class=\"elementor-element elementor-element-11447d04 elementor-tabs-view-vertical elementor-widget elementor-widget-tabs\" data-id=\"11447d04\" data-element_type=\"widget\" data-e-type=\"widget\" data-widget_type=\"tabs.default\">\n\t\t\t\t\t\t\t<div class=\"elementor-tabs\">\n\t\t\t<div class=\"elementor-tabs-wrapper\" role=\"tablist\" >\n\t\t\t\t\t\t\t\t\t<div id=\"elementor-tab-title-2891\" class=\"elementor-tab-title elementor-tab-desktop-title\" aria-selected=\"true\" data-tab=\"1\" role=\"tab\" tabindex=\"0\" aria-controls=\"elementor-tab-content-2891\" aria-expanded=\"false\">CARACTERISTIQUES<\/div>\n\t\t\t\t\t\t\t\t\t<div id=\"elementor-tab-title-2892\" class=\"elementor-tab-title elementor-tab-desktop-title\" aria-selected=\"false\" data-tab=\"2\" role=\"tab\" tabindex=\"-1\" aria-controls=\"elementor-tab-content-2892\" aria-expanded=\"false\">BIENFAITS<\/div>\n\t\t\t\t\t\t\t\t\t<div id=\"elementor-tab-title-2893\" class=\"elementor-tab-title elementor-tab-desktop-title\" aria-selected=\"false\" data-tab=\"3\" role=\"tab\" tabindex=\"-1\" aria-controls=\"elementor-tab-content-2893\" aria-expanded=\"false\">UTILISATION<\/div>\n\t\t\t\t\t\t\t\t\t<div id=\"elementor-tab-title-2894\" class=\"elementor-tab-title elementor-tab-desktop-title\" aria-selected=\"false\" data-tab=\"4\" role=\"tab\" tabindex=\"-1\" aria-controls=\"elementor-tab-content-2894\" aria-expanded=\"false\">EMBALLAGE<\/div>\n\t\t\t\t\t\t\t\t\t<div id=\"elementor-tab-title-2895\" class=\"elementor-tab-title elementor-tab-desktop-title\" aria-selected=\"false\" data-tab=\"5\" role=\"tab\" tabindex=\"-1\" aria-controls=\"elementor-tab-content-2895\" aria-expanded=\"false\">HISTOIRE<\/div>\n\t\t\t\t\t\t\t\t\t<div id=\"elementor-tab-title-2896\" class=\"elementor-tab-title elementor-tab-desktop-title\" aria-selected=\"false\" data-tab=\"6\" role=\"tab\" tabindex=\"-1\" aria-controls=\"elementor-tab-content-2896\" aria-expanded=\"false\">COMPOSITION<\/div>\n\t\t\t\t\t\t\t\t\t<div id=\"elementor-tab-title-2897\" class=\"elementor-tab-title elementor-tab-desktop-title\" aria-selected=\"false\" data-tab=\"7\" role=\"tab\" tabindex=\"-1\" aria-controls=\"elementor-tab-content-2897\" aria-expanded=\"false\">CONTRE-INDICATIONS<\/div>\n\t\t\t\t\t\t\t\t\t<div id=\"elementor-tab-title-2898\" class=\"elementor-tab-title elementor-tab-desktop-title\" aria-selected=\"false\" data-tab=\"8\" role=\"tab\" tabindex=\"-1\" aria-controls=\"elementor-tab-content-2898\" aria-expanded=\"false\">CONSERVATION<\/div>\n\t\t\t\t\t\t\t\t\t<div id=\"elementor-tab-title-2899\" class=\"elementor-tab-title elementor-tab-desktop-title\" aria-selected=\"false\" data-tab=\"9\" role=\"tab\" tabindex=\"-1\" aria-controls=\"elementor-tab-content-2899\" aria-expanded=\"false\">VIDEO DEMO<\/div>\n\t\t\t\t\t\t\t<\/div>\n\t\t\t<div class=\"elementor-tabs-content-wrapper\" role=\"tablist\" aria-orientation=\"vertical\">\n\t\t\t\t\t\t\t\t\t<div class=\"elementor-tab-title elementor-tab-mobile-title\" aria-selected=\"true\" data-tab=\"1\" role=\"tab\" tabindex=\"0\" aria-controls=\"elementor-tab-content-2891\" aria-expanded=\"false\">CARACTERISTIQUES<\/div>\n\t\t\t\t\t<div id=\"elementor-tab-content-2891\" class=\"elementor-tab-content elementor-clearfix\" data-tab=\"1\" role=\"tabpanel\" aria-labelledby=\"elementor-tab-title-2891\" tabindex=\"0\" hidden=\"false\"><p class=\"p1\">\n<\/p><h2><span class=\"s1\">Caract\u00e9ristiques&nbsp;<\/span><\/h2>\n<p><\/p>\n<p class=\"p1\">\n<\/p><ul>\n<li>\n<p class=\"p1\"><span class=\"s1\">Nom botanique<\/span><span class=\"s2\"> : <\/span><span class=\"s3\">Sesamum indicum<\/span><\/p>\n<\/li>\n<li>\n<p class=\"p1\"><span class=\"s1\">Famille<\/span><span class=\"s2\"> : P\u00e9daliac\u00e9es<\/span><\/p>\n<\/li>\n<li>\n<p class=\"p1\"><span class=\"s1\">Partie utilis\u00e9e<\/span><span class=\"s2\"> : graines<\/span><\/p>\n<\/li>\n<li>\n<p class=\"p1\"><span class=\"s1\">M\u00e9thode d\u2019extraction<\/span><span class=\"s2\"> : pression \u00e0 froid des graines<\/span><\/p>\n<\/li>\n<li>\n<p class=\"p1\"><span class=\"s1\">Aspect<\/span><span class=\"s2\"> : liquide fluide, couleur jaune dor\u00e9e, saveur douce et l\u00e9g\u00e8rement noisett\u00e9e<\/span><\/p>\n<\/li>\n<li>\n<p class=\"p1\"><span class=\"s1\">Composition principale<\/span><span class=\"s2\"> :<\/span><\/p>\n<p class=\"p2\">\n<\/p><ul>\n<li>\n<p class=\"p1\"><span class=\"s1\">Acides gras essentiels (om\u00e9ga-6, om\u00e9ga-9)<\/span><\/p>\n<\/li>\n<li>\n<p class=\"p1\"><span class=\"s1\">Antioxydants naturels (s\u00e9samine, s\u00e9samoline)<\/span><\/p>\n<\/li>\n<li>\n<p class=\"p1\"><span class=\"s1\">Vitamine E<\/span><\/p>\n<\/li>\n<li>\n<p class=\"p1\"><span class=\"s1\">Min\u00e9raux (calcium, magn\u00e9sium, zinc)<\/span><\/p>\n<\/li>\n<\/ul>\n<\/li>\n<li>\n<p class=\"p1\"><span class=\"s1\">Propri\u00e9t\u00e9s<\/span><span class=\"s2\"> : nourrissante, antioxydante, protectrice, hydratante<\/span><\/p>\n<\/li>\n<li>\n<p class=\"p1\"><span class=\"s1\">Usages principaux<\/span><span class=\"s2\"> : cuisine, cosm\u00e9tique, massages, soins de la peau et des cheveux<\/span><\/p>\n<\/li>\n<\/ul><\/div>\n\t\t\t\t\t\t\t\t\t<div class=\"elementor-tab-title elementor-tab-mobile-title\" aria-selected=\"false\" data-tab=\"2\" role=\"tab\" tabindex=\"-1\" aria-controls=\"elementor-tab-content-2892\" aria-expanded=\"false\">BIENFAITS<\/div>\n\t\t\t\t\t<div id=\"elementor-tab-content-2892\" class=\"elementor-tab-content elementor-clearfix\" data-tab=\"2\" role=\"tabpanel\" aria-labelledby=\"elementor-tab-title-2892\" tabindex=\"0\" hidden=\"hidden\"><p class=\"p1\">\u00a0<\/p><h3><span class=\"s1\">Bienfaits sant\u00e9<\/span><\/h3><ul><li><p class=\"p1\"><span class=\"s1\">Soutient la sant\u00e9 cardiovasculaire gr\u00e2ce aux acides gras insatur\u00e9s.<\/span><\/p><\/li><li><p class=\"p1\"><span class=\"s1\">Aide \u00e0 r\u00e9guler le cholest\u00e9rol et \u00e0 prot\u00e9ger le syst\u00e8me circulatoire.<\/span><\/p><\/li><li><p class=\"p1\"><span class=\"s1\">Source naturelle d\u2019\u00e9nergie et de nutriments essentiels.<\/span><\/p><\/li><\/ul><p>\u00a0<\/p><ul><li><h3><span class=\"s1\">Bienfaits beaut\u00e9 et cosm\u00e9tique<\/span><\/h3><p>\u00a0<\/p><p class=\"p2\">\u00a0<\/p><ul><li><p class=\"p1\"><span class=\"s1\">Hydrate et nourrit les peaux s\u00e8ches.<\/span><\/p><\/li><li><p class=\"p1\"><span class=\"s1\">Prot\u00e8ge contre le vieillissement cutan\u00e9 gr\u00e2ce \u00e0 ses antioxydants.<\/span><\/p><\/li><li><p class=\"p1\"><span class=\"s1\">Redonne \u00e9clat et force aux cheveux ternes et secs.<\/span><\/p><\/li><li><p class=\"p1\"><span class=\"s1\">Utilis\u00e9e en massage, elle assouplit la peau et apaise les tensions.<\/span><\/p><\/li><\/ul><p>\u00a0<\/p><\/li><\/ul><p>\u00a0<\/p><\/div>\n\t\t\t\t\t\t\t\t\t<div class=\"elementor-tab-title elementor-tab-mobile-title\" aria-selected=\"false\" data-tab=\"3\" role=\"tab\" tabindex=\"-1\" aria-controls=\"elementor-tab-content-2893\" aria-expanded=\"false\">UTILISATION<\/div>\n\t\t\t\t\t<div id=\"elementor-tab-content-2893\" class=\"elementor-tab-content elementor-clearfix\" data-tab=\"3\" role=\"tabpanel\" aria-labelledby=\"elementor-tab-title-2893\" tabindex=\"0\" hidden=\"hidden\"><p>\u00a0<\/p><h3><span class=\"s1\">Usages culinaires<\/span><\/h3><ul><li><p class=\"p1\"><span class=\"s1\">Id\u00e9ale pour assaisonner salades, l\u00e9gumes et plats exotiques.<\/span><\/p><\/li><li><p class=\"p1\"><span class=\"s1\">Apporte une note parfum\u00e9e aux sauces et marinades.<\/span><\/p><\/li><li><p class=\"p1\"><span class=\"s1\">R\u00e9siste bien \u00e0 la cuisson douce gr\u00e2ce \u00e0 son point de fum\u00e9e \u00e9lev\u00e9.<\/span><\/p><\/li><\/ul><\/div>\n\t\t\t\t\t\t\t\t\t<div class=\"elementor-tab-title elementor-tab-mobile-title\" aria-selected=\"false\" data-tab=\"4\" role=\"tab\" tabindex=\"-1\" aria-controls=\"elementor-tab-content-2894\" aria-expanded=\"false\">EMBALLAGE<\/div>\n\t\t\t\t\t<div id=\"elementor-tab-content-2894\" class=\"elementor-tab-content elementor-clearfix\" data-tab=\"4\" role=\"tabpanel\" aria-labelledby=\"elementor-tab-title-2894\" tabindex=\"0\" hidden=\"hidden\"><p class=\"p1\">\u00a0<\/p><h2><span class=\"s1\">Emballage responsable<\/span><\/h2><p class=\"p3\"><span class=\"s2\">Chez <\/span><span class=\"s3\">Afrika Bio<\/span><span class=\"s2\">, nous choisissons des emballages \u00e9co-responsables. Ils prot\u00e8gent la qualit\u00e9 du produit tout en respectant l\u2019environnement.<\/span><\/p><\/div>\n\t\t\t\t\t\t\t\t\t<div class=\"elementor-tab-title elementor-tab-mobile-title\" aria-selected=\"false\" data-tab=\"5\" role=\"tab\" tabindex=\"-1\" aria-controls=\"elementor-tab-content-2895\" aria-expanded=\"false\">HISTOIRE<\/div>\n\t\t\t\t\t<div id=\"elementor-tab-content-2895\" class=\"elementor-tab-content elementor-clearfix\" data-tab=\"5\" role=\"tabpanel\" aria-labelledby=\"elementor-tab-title-2895\" tabindex=\"0\" hidden=\"hidden\"><p class=\"p1\">\u00a0<\/p><h2><span class=\"s1\">Histoire<\/span><\/h2><p>\u00a0<\/p><p class=\"p3\"><span class=\"s2\">L\u2019huile de s\u00e9same est l\u2019une des plus anciennes huiles v\u00e9g\u00e9tales connues. Utilis\u00e9e depuis plus de 5 000 ans, elle \u00e9tait d\u00e9j\u00e0 pris\u00e9e en \u00c9gypte antique pour ses qualit\u00e9s alimentaires et m\u00e9dicinales.<\/span><\/p><p class=\"p3\"><span class=\"s2\">En Inde, elle est appel\u00e9e \u201c<\/span><span class=\"s3\">til oil<\/span><span class=\"s2\">\u201d et occupe une place importante dans l\u2019ayurv\u00e9da. Par ailleurs, elle reste tr\u00e8s utilis\u00e9e en Asie et en Afrique, aussi bien pour la cuisine que pour les soins du corps.<\/span><\/p><p class=\"p3\"><span class=\"s2\">Aujourd\u2019hui, l\u2019<\/span><span class=\"s3\">huile de s\u00e9same bio<\/span><span class=\"s2\"> est reconnue dans le monde entier pour sa polyvalence et ses bienfaits.<\/span><\/p><\/div>\n\t\t\t\t\t\t\t\t\t<div class=\"elementor-tab-title elementor-tab-mobile-title\" aria-selected=\"false\" data-tab=\"6\" role=\"tab\" tabindex=\"-1\" aria-controls=\"elementor-tab-content-2896\" aria-expanded=\"false\">COMPOSITION<\/div>\n\t\t\t\t\t<div id=\"elementor-tab-content-2896\" class=\"elementor-tab-content elementor-clearfix\" data-tab=\"6\" role=\"tabpanel\" aria-labelledby=\"elementor-tab-title-2896\" tabindex=\"0\" hidden=\"hidden\"><h2><b>Composition et propri\u00e9t\u00e9s<\/b><\/h2><p><b><\/b><\/p>\n<p>L\u2019huile de s\u00e9same contient :<\/p>\n<p>\u2022des <b>om\u00e9ga-6<\/b> et <b>om\u00e9ga-9<\/b>, bons pour le c\u0153ur,<\/p>\n<p>\u2022de la <b>vitamine E<\/b>, qui prot\u00e8ge les cellules,<\/p>\n<p>\u2022des <b>antioxydants<\/b> comme la s\u00e9samine et la s\u00e9samoline.<\/p>\n<p>Ces \u00e9l\u00e9ments agissent en synergie. En effet, ils aident \u00e0 prot\u00e9ger l\u2019organisme du stress oxydatif et contribuent \u00e0 la vitalit\u00e9.<\/p><\/div>\n\t\t\t\t\t\t\t\t\t<div class=\"elementor-tab-title elementor-tab-mobile-title\" aria-selected=\"false\" data-tab=\"7\" role=\"tab\" tabindex=\"-1\" aria-controls=\"elementor-tab-content-2897\" aria-expanded=\"false\">CONTRE-INDICATIONS<\/div>\n\t\t\t\t\t<div id=\"elementor-tab-content-2897\" class=\"elementor-tab-content elementor-clearfix\" data-tab=\"7\" role=\"tabpanel\" aria-labelledby=\"elementor-tab-title-2897\" tabindex=\"0\" hidden=\"hidden\"><p class=\"p1\">\u00a0<\/p><h2><span class=\"s1\">Contre-indications<\/span><\/h2><p>\u00a0<\/p><p class=\"p3\"><span class=\"s2\">L\u2019huile de s\u00e9same est bien tol\u00e9r\u00e9e. Cependant, elle peut provoquer des r\u00e9actions allergiques chez les personnes sensibles au s\u00e9same.<\/span><\/p><\/div>\n\t\t\t\t\t\t\t\t\t<div class=\"elementor-tab-title elementor-tab-mobile-title\" aria-selected=\"false\" data-tab=\"8\" role=\"tab\" tabindex=\"-1\" aria-controls=\"elementor-tab-content-2898\" aria-expanded=\"false\">CONSERVATION<\/div>\n\t\t\t\t\t<div id=\"elementor-tab-content-2898\" class=\"elementor-tab-content elementor-clearfix\" data-tab=\"8\" role=\"tabpanel\" aria-labelledby=\"elementor-tab-title-2898\" tabindex=\"0\" hidden=\"hidden\"><h2><b>Conservation<\/b><\/h2><p><b><\/b><\/p>\n<p>Conserver l\u2019huile \u00e0 l\u2019abri de la lumi\u00e8re, de la chaleur et de l\u2019humidit\u00e9. Bien refermer apr\u00e8s chaque usage afin de pr\u00e9server sa qualit\u00e9.<\/p><\/div>\n\t\t\t\t\t\t\t\t\t<div class=\"elementor-tab-title elementor-tab-mobile-title\" aria-selected=\"false\" data-tab=\"9\" role=\"tab\" tabindex=\"-1\" aria-controls=\"elementor-tab-content-2899\" aria-expanded=\"false\">VIDEO DEMO<\/div>\n\t\t\t\t\t<div id=\"elementor-tab-content-2899\" class=\"elementor-tab-content elementor-clearfix\" data-tab=\"9\" role=\"tabpanel\" aria-labelledby=\"elementor-tab-title-2899\" tabindex=\"0\" hidden=\"hidden\"><\/div>\n\t\t\t\t\t\t\t<\/div>\n\t\t<\/div>\n\t\t\t\t\t\t<\/div>\n\t\t\t\t\t<\/div>\n\t\t<\/div>\n\t\t\t\t\t<\/div>\n\t\t<\/section>\n\t\t\t\t<\/div>","protected":false},"excerpt":{"rendered":"<p>NOM BOTANIQUE : <strong>Sesamum indicum<br \/>\nOrigine S\u00e9n\u00e9gal<\/strong><\/p>\n<ul>\n<li>\n<p class=\"p1\"><span class=\"s1\">Nutrition<\/span><\/p>\n<\/li>\n<li>\n<p class=\"p1\"><span class=\"s1\">Antioxydants<\/span><\/p>\n<\/li>\n<li>\n<p class=\"p1\"><span class=\"s1\">Beaut\u00e9<\/span><\/p>\n<\/li>\n<li>\n<p class=\"p1\"><span class=\"s1\">Cuisine saine<\/span><\/p>\n<\/li>\n<li>\n<p class=\"p1\"><span class=\"s1\">Vitalit\u00e9<\/span><\/p>\n<\/li>\n<\/ul>\n<p>&nbsp;<\/p>","protected":false},"featured_media":430,"comment_status":"open","ping_status":"closed","template":"","meta":{"_acf_changed":false},"product_cat":[52],"product_tag":[],"class_list":{"0":"post-562","1":"product","2":"type-product","3":"status-publish","4":"has-post-thumbnail","6":"product_cat-huiles","8":"first","9":"instock","10":"shipping-taxable","11":"purchasable","12":"product-type-simple","swatches":"rey-swatches","show_selected":""},"acf":[],"yoast_head":"<!-- This site is optimized with the Yoast SEO plugin v26.6 - https:\/\/yoast.com\/wordpress\/plugins\/seo\/ -->\n<title>Huile de Sesame - Afrika Bio<\/title>\n<meta name=\"description\" content=\"D\u00e9couvrez l\u2019huile de s\u00e9same bio AFRIKA BIO : riche en antioxydants et vitamine E, id\u00e9ale pour la cuisine, la peau et les cheveux.\" \/>\n<meta name=\"robots\" content=\"index, follow, max-snippet:-1, max-image-preview:large, max-video-preview:-1\" \/>\n<link rel=\"canonical\" href=\"https:\/\/www.afrikabio.com\/ar\/product\/huile-de-sezame\/\" \/>\n<meta property=\"og:locale\" content=\"ar_AR\" \/>\n<meta property=\"og:type\" content=\"article\" \/>\n<meta property=\"og:title\" content=\"Huile de s\u00e9same bio pour une peau r\u00e9g\u00e9n\u00e9r\u00e9e\" \/>\n<meta property=\"og:description\" content=\"D\u00e9couvrez les bienfaits de l&#039;huile de s\u00e9same bio pour r\u00e9g\u00e9n\u00e9rer votre peau! Nourrissante et pure, elle ne vous d\u00e9cevra pas. \u2728\" \/>\n<meta property=\"og:url\" content=\"https:\/\/www.afrikabio.com\/ar\/product\/huile-de-sezame\/\" \/>\n<meta property=\"og:site_name\" content=\"Afrika Bio\" \/>\n<meta property=\"article:publisher\" content=\"https:\/\/www.facebook.com\/profile.php?id=100090304284824\" \/>\n<meta property=\"article:modified_time\" content=\"2025-11-14T09:31:16+00:00\" \/>\n<meta property=\"og:image\" content=\"https:\/\/www.afrikabio.com\/wp-content\/uploads\/2024\/06\/huile-de-sesame.jpg\" \/>\n\t<meta property=\"og:image:width\" content=\"900\" \/>\n\t<meta property=\"og:image:height\" content=\"900\" \/>\n\t<meta property=\"og:image:type\" content=\"image\/jpeg\" \/>\n<meta name=\"twitter:card\" content=\"summary_large_image\" \/>\n<meta name=\"twitter:label1\" content=\"\u0648\u0642\u062a \u0627\u0644\u0642\u0631\u0627\u0621\u0629 \u0627\u0644\u0645\u064f\u0642\u062f\u0651\u0631\" \/>\n\t<meta name=\"twitter:data1\" content=\"3 \u062f\u0642\u0627\u0626\u0642\" \/>\n<script type=\"application\/ld+json\" class=\"yoast-schema-graph\">{\"@context\":\"https:\/\/schema.org\",\"@graph\":[{\"@type\":\"WebPage\",\"@id\":\"https:\/\/www.afrikabio.com\/produit\/huile-de-sezame\/\",\"url\":\"https:\/\/www.afrikabio.com\/produit\/huile-de-sezame\/\",\"name\":\"Huile de Sesame - Afrika Bio\",\"isPartOf\":{\"@id\":\"https:\/\/www.afrikabio.com\/#website\"},\"primaryImageOfPage\":{\"@id\":\"https:\/\/www.afrikabio.com\/produit\/huile-de-sezame\/#primaryimage\"},\"image\":{\"@id\":\"https:\/\/www.afrikabio.com\/produit\/huile-de-sezame\/#primaryimage\"},\"thumbnailUrl\":\"https:\/\/www.afrikabio.com\/wp-content\/uploads\/2024\/06\/huile-de-sesame.jpg\",\"datePublished\":\"2024-06-15T03:19:19+00:00\",\"dateModified\":\"2025-11-14T09:31:16+00:00\",\"description\":\"D\u00e9couvrez l\u2019huile de s\u00e9same bio AFRIKA BIO : riche en antioxydants et vitamine E, id\u00e9ale pour la cuisine, la peau et les cheveux.\",\"breadcrumb\":{\"@id\":\"https:\/\/www.afrikabio.com\/produit\/huile-de-sezame\/#breadcrumb\"},\"inLanguage\":\"ar\",\"potentialAction\":[{\"@type\":\"ReadAction\",\"target\":[\"https:\/\/www.afrikabio.com\/produit\/huile-de-sezame\/\"]}]},{\"@type\":\"ImageObject\",\"inLanguage\":\"ar\",\"@id\":\"https:\/\/www.afrikabio.com\/produit\/huile-de-sezame\/#primaryimage\",\"url\":\"https:\/\/www.afrikabio.com\/wp-content\/uploads\/2024\/06\/huile-de-sesame.jpg\",\"contentUrl\":\"https:\/\/www.afrikabio.com\/wp-content\/uploads\/2024\/06\/huile-de-sesame.jpg\",\"width\":900,\"height\":900},{\"@type\":\"BreadcrumbList\",\"@id\":\"https:\/\/www.afrikabio.com\/produit\/huile-de-sezame\/#breadcrumb\",\"itemListElement\":[{\"@type\":\"ListItem\",\"position\":1,\"name\":\"Accueil\",\"item\":\"https:\/\/www.afrikabio.com\/\"},{\"@type\":\"ListItem\",\"position\":2,\"name\":\"Produits\",\"item\":\"https:\/\/www.afrikabio.com\/shop\/\"},{\"@type\":\"ListItem\",\"position\":3,\"name\":\"Huile de Sesame\"}]},{\"@type\":\"WebSite\",\"@id\":\"https:\/\/www.afrikabio.com\/#website\",\"url\":\"https:\/\/www.afrikabio.com\/\",\"name\":\"Afrika Bio\",\"description\":\"Power of Nature\",\"publisher\":{\"@id\":\"https:\/\/www.afrikabio.com\/#organization\"},\"potentialAction\":[{\"@type\":\"SearchAction\",\"target\":{\"@type\":\"EntryPoint\",\"urlTemplate\":\"https:\/\/www.afrikabio.com\/?s={search_term_string}\"},\"query-input\":{\"@type\":\"PropertyValueSpecification\",\"valueRequired\":true,\"valueName\":\"search_term_string\"}}],\"inLanguage\":\"ar\"},{\"@type\":\"Organization\",\"@id\":\"https:\/\/www.afrikabio.com\/#organization\",\"name\":\"AfrikaBio\",\"url\":\"https:\/\/www.afrikabio.com\/\",\"logo\":{\"@type\":\"ImageObject\",\"inLanguage\":\"ar\",\"@id\":\"https:\/\/www.afrikabio.com\/#\/schema\/logo\/image\/\",\"url\":\"https:\/\/www.afrikabio.com\/wp-content\/uploads\/2024\/06\/cropped-cropped-logo-1.png\",\"contentUrl\":\"https:\/\/www.afrikabio.com\/wp-content\/uploads\/2024\/06\/cropped-cropped-logo-1.png\",\"width\":1420,\"height\":483,\"caption\":\"AfrikaBio\"},\"image\":{\"@id\":\"https:\/\/www.afrikabio.com\/#\/schema\/logo\/image\/\"},\"sameAs\":[\"https:\/\/www.facebook.com\/profile.php?id=100090304284824\"]}]}<\/script>\n<!-- \/ Yoast SEO plugin. -->","yoast_head_json":{"title":"Huile de Sesame - Afrika Bio","description":"D\u00e9couvrez l\u2019huile de s\u00e9same bio AFRIKA BIO : riche en antioxydants et vitamine E, id\u00e9ale pour la cuisine, la peau et les cheveux.","robots":{"index":"index","follow":"follow","max-snippet":"max-snippet:-1","max-image-preview":"max-image-preview:large","max-video-preview":"max-video-preview:-1"},"canonical":"https:\/\/www.afrikabio.com\/ar\/product\/huile-de-sezame\/","og_locale":"ar_AR","og_type":"article","og_title":"Huile de s\u00e9same bio pour une peau r\u00e9g\u00e9n\u00e9r\u00e9e","og_description":"D\u00e9couvrez les bienfaits de l'huile de s\u00e9same bio pour r\u00e9g\u00e9n\u00e9rer votre peau! Nourrissante et pure, elle ne vous d\u00e9cevra pas. \u2728","og_url":"https:\/\/www.afrikabio.com\/ar\/product\/huile-de-sezame\/","og_site_name":"Afrika Bio","article_publisher":"https:\/\/www.facebook.com\/profile.php?id=100090304284824","article_modified_time":"2025-11-14T09:31:16+00:00","og_image":[{"width":900,"height":900,"url":"https:\/\/www.afrikabio.com\/wp-content\/uploads\/2024\/06\/huile-de-sesame.jpg","type":"image\/jpeg"}],"twitter_card":"summary_large_image","twitter_misc":{"\u0648\u0642\u062a \u0627\u0644\u0642\u0631\u0627\u0621\u0629 \u0627\u0644\u0645\u064f\u0642\u062f\u0651\u0631":"3 \u062f\u0642\u0627\u0626\u0642"},"schema":{"@context":"https:\/\/schema.org","@graph":[{"@type":"WebPage","@id":"https:\/\/www.afrikabio.com\/produit\/huile-de-sezame\/","url":"https:\/\/www.afrikabio.com\/produit\/huile-de-sezame\/","name":"Huile de Sesame - Afrika Bio","isPartOf":{"@id":"https:\/\/www.afrikabio.com\/#website"},"primaryImageOfPage":{"@id":"https:\/\/www.afrikabio.com\/produit\/huile-de-sezame\/#primaryimage"},"image":{"@id":"https:\/\/www.afrikabio.com\/produit\/huile-de-sezame\/#primaryimage"},"thumbnailUrl":"https:\/\/www.afrikabio.com\/wp-content\/uploads\/2024\/06\/huile-de-sesame.jpg","datePublished":"2024-06-15T03:19:19+00:00","dateModified":"2025-11-14T09:31:16+00:00","description":"D\u00e9couvrez l\u2019huile de s\u00e9same bio AFRIKA BIO : riche en antioxydants et vitamine E, id\u00e9ale pour la cuisine, la peau et les cheveux.","breadcrumb":{"@id":"https:\/\/www.afrikabio.com\/produit\/huile-de-sezame\/#breadcrumb"},"inLanguage":"ar","potentialAction":[{"@type":"ReadAction","target":["https:\/\/www.afrikabio.com\/produit\/huile-de-sezame\/"]}]},{"@type":"ImageObject","inLanguage":"ar","@id":"https:\/\/www.afrikabio.com\/produit\/huile-de-sezame\/#primaryimage","url":"https:\/\/www.afrikabio.com\/wp-content\/uploads\/2024\/06\/huile-de-sesame.jpg","contentUrl":"https:\/\/www.afrikabio.com\/wp-content\/uploads\/2024\/06\/huile-de-sesame.jpg","width":900,"height":900},{"@type":"BreadcrumbList","@id":"https:\/\/www.afrikabio.com\/produit\/huile-de-sezame\/#breadcrumb","itemListElement":[{"@type":"ListItem","position":1,"name":"Accueil","item":"https:\/\/www.afrikabio.com\/"},{"@type":"ListItem","position":2,"name":"Produits","item":"https:\/\/www.afrikabio.com\/shop\/"},{"@type":"ListItem","position":3,"name":"Huile de Sesame"}]},{"@type":"WebSite","@id":"https:\/\/www.afrikabio.com\/#website","url":"https:\/\/www.afrikabio.com\/","name":"Afrika Bio","description":"Power of Nature","publisher":{"@id":"https:\/\/www.afrikabio.com\/#organization"},"potentialAction":[{"@type":"SearchAction","target":{"@type":"EntryPoint","urlTemplate":"https:\/\/www.afrikabio.com\/?s={search_term_string}"},"query-input":{"@type":"PropertyValueSpecification","valueRequired":true,"valueName":"search_term_string"}}],"inLanguage":"ar"},{"@type":"Organization","@id":"https:\/\/www.afrikabio.com\/#organization","name":"AfrikaBio","url":"https:\/\/www.afrikabio.com\/","logo":{"@type":"ImageObject","inLanguage":"ar","@id":"https:\/\/www.afrikabio.com\/#\/schema\/logo\/image\/","url":"https:\/\/www.afrikabio.com\/wp-content\/uploads\/2024\/06\/cropped-cropped-logo-1.png","contentUrl":"https:\/\/www.afrikabio.com\/wp-content\/uploads\/2024\/06\/cropped-cropped-logo-1.png","width":1420,"height":483,"caption":"AfrikaBio"},"image":{"@id":"https:\/\/www.afrikabio.com\/#\/schema\/logo\/image\/"},"sameAs":["https:\/\/www.facebook.com\/profile.php?id=100090304284824"]}]}},"_links":{"self":[{"href":"https:\/\/www.afrikabio.com\/ar\/wp-json\/wp\/v2\/product\/562","targetHints":{"allow":["GET"]}}],"collection":[{"href":"https:\/\/www.afrikabio.com\/ar\/wp-json\/wp\/v2\/product"}],"about":[{"href":"https:\/\/www.afrikabio.com\/ar\/wp-json\/wp\/v2\/types\/product"}],"replies":[{"embeddable":true,"href":"https:\/\/www.afrikabio.com\/ar\/wp-json\/wp\/v2\/comments?post=562"}],"version-history":[{"count":1,"href":"https:\/\/www.afrikabio.com\/ar\/wp-json\/wp\/v2\/product\/562\/revisions"}],"predecessor-version":[{"id":4224,"href":"https:\/\/www.afrikabio.com\/ar\/wp-json\/wp\/v2\/product\/562\/revisions\/4224"}],"wp:featuredmedia":[{"embeddable":true,"href":"https:\/\/www.afrikabio.com\/ar\/wp-json\/wp\/v2\/media\/430"}],"wp:attachment":[{"href":"https:\/\/www.afrikabio.com\/ar\/wp-json\/wp\/v2\/media?parent=562"}],"wp:term":[{"taxonomy":"product_cat","embeddable":true,"href":"https:\/\/www.afrikabio.com\/ar\/wp-json\/wp\/v2\/product_cat?post=562"},{"taxonomy":"product_tag","embeddable":true,"href":"https:\/\/www.afrikabio.com\/ar\/wp-json\/wp\/v2\/product_tag?post=562"}],"curies":[{"name":"wp","href":"https:\/\/api.w.org\/{rel}","templated":true}]}}