{"id":561,"date":"2024-06-15T05:15:59","date_gmt":"2024-06-15T03:15:59","guid":{"rendered":"https:\/\/www.afrikabio.com\/?post_type=product&#038;p=561"},"modified":"2025-11-16T12:39:50","modified_gmt":"2025-11-16T11:39:50","slug":"huile-de-dattier-du-desert","status":"publish","type":"product","link":"https:\/\/www.afrikabio.com\/ar\/product\/huile-de-dattier-du-desert\/","title":{"rendered":"\u0632\u064a\u062a \u0646\u062e\u064a\u0644 \u0627\u0644\u062a\u0645\u0631 \u0627\u0644\u0635\u062d\u0631\u0627\u0648\u064a"},"content":{"rendered":"<div data-elementor-type=\"wp-post\" data-elementor-id=\"561\" class=\"elementor elementor-561\" data-elementor-post-type=\"product\">\n\t\t\t\t\t\t<section class=\"elementor-section elementor-top-section elementor-element elementor-element-74a2ba34 rey-section-stretched elementor-section-boxed elementor-section-height-default elementor-section-height-default\" data-id=\"74a2ba34\" data-element_type=\"section\" data-e-type=\"section\">\n\t\t\t\t\t\t<div class=\"elementor-container elementor-column-gap-default\">\n\t\t\t\t\t<div class=\"elementor-column elementor-col-100 elementor-top-column elementor-element elementor-element-2790a25c\" data-id=\"2790a25c\" data-element_type=\"column\" data-e-type=\"column\">\n\t\t\t<div class=\"elementor-column-wrap--2790a25c elementor-widget-wrap elementor-element-populated\">\n\t\t\t\t\t\t<div class=\"elementor-element elementor-element-1f46fa2b elementor-tabs-view-vertical elementor-widget elementor-widget-tabs\" data-id=\"1f46fa2b\" data-element_type=\"widget\" data-e-type=\"widget\" data-widget_type=\"tabs.default\">\n\t\t\t\t\t\t\t<div class=\"elementor-tabs\">\n\t\t\t<div class=\"elementor-tabs-wrapper\" role=\"tablist\" >\n\t\t\t\t\t\t\t\t\t<div id=\"elementor-tab-title-5241\" class=\"elementor-tab-title elementor-tab-desktop-title\" aria-selected=\"true\" data-tab=\"1\" role=\"tab\" tabindex=\"0\" aria-controls=\"elementor-tab-content-5241\" aria-expanded=\"false\">CARACTERISTIQUES<\/div>\n\t\t\t\t\t\t\t\t\t<div id=\"elementor-tab-title-5242\" class=\"elementor-tab-title elementor-tab-desktop-title\" aria-selected=\"false\" data-tab=\"2\" role=\"tab\" tabindex=\"-1\" aria-controls=\"elementor-tab-content-5242\" aria-expanded=\"false\">BIENFAITS<\/div>\n\t\t\t\t\t\t\t\t\t<div id=\"elementor-tab-title-5243\" class=\"elementor-tab-title elementor-tab-desktop-title\" aria-selected=\"false\" data-tab=\"3\" role=\"tab\" tabindex=\"-1\" aria-controls=\"elementor-tab-content-5243\" aria-expanded=\"false\">UTILISATION<\/div>\n\t\t\t\t\t\t\t\t\t<div id=\"elementor-tab-title-5244\" class=\"elementor-tab-title elementor-tab-desktop-title\" aria-selected=\"false\" data-tab=\"4\" role=\"tab\" tabindex=\"-1\" aria-controls=\"elementor-tab-content-5244\" aria-expanded=\"false\">EMBALLAGE<\/div>\n\t\t\t\t\t\t\t\t\t<div id=\"elementor-tab-title-5245\" class=\"elementor-tab-title elementor-tab-desktop-title\" aria-selected=\"false\" data-tab=\"5\" role=\"tab\" tabindex=\"-1\" aria-controls=\"elementor-tab-content-5245\" aria-expanded=\"false\">HISTOIRE<\/div>\n\t\t\t\t\t\t\t\t\t<div id=\"elementor-tab-title-5246\" class=\"elementor-tab-title elementor-tab-desktop-title\" aria-selected=\"false\" data-tab=\"6\" role=\"tab\" tabindex=\"-1\" aria-controls=\"elementor-tab-content-5246\" aria-expanded=\"false\">COMPOSITION<\/div>\n\t\t\t\t\t\t\t\t\t<div id=\"elementor-tab-title-5247\" class=\"elementor-tab-title elementor-tab-desktop-title\" aria-selected=\"false\" data-tab=\"7\" role=\"tab\" tabindex=\"-1\" aria-controls=\"elementor-tab-content-5247\" aria-expanded=\"false\">CONTRE-INDICATIONS<\/div>\n\t\t\t\t\t\t\t\t\t<div id=\"elementor-tab-title-5248\" class=\"elementor-tab-title elementor-tab-desktop-title\" aria-selected=\"false\" data-tab=\"8\" role=\"tab\" tabindex=\"-1\" aria-controls=\"elementor-tab-content-5248\" aria-expanded=\"false\">CONSERVATION<\/div>\n\t\t\t\t\t\t\t\t\t<div id=\"elementor-tab-title-5249\" class=\"elementor-tab-title elementor-tab-desktop-title\" aria-selected=\"false\" data-tab=\"9\" role=\"tab\" tabindex=\"-1\" aria-controls=\"elementor-tab-content-5249\" aria-expanded=\"false\">VIDEO DEMO<\/div>\n\t\t\t\t\t\t\t<\/div>\n\t\t\t<div class=\"elementor-tabs-content-wrapper\" role=\"tablist\" aria-orientation=\"vertical\">\n\t\t\t\t\t\t\t\t\t<div class=\"elementor-tab-title elementor-tab-mobile-title\" aria-selected=\"true\" data-tab=\"1\" role=\"tab\" tabindex=\"0\" aria-controls=\"elementor-tab-content-5241\" aria-expanded=\"false\">CARACTERISTIQUES<\/div>\n\t\t\t\t\t<div id=\"elementor-tab-content-5241\" class=\"elementor-tab-content elementor-clearfix\" data-tab=\"1\" role=\"tabpanel\" aria-labelledby=\"elementor-tab-title-5241\" tabindex=\"0\" hidden=\"false\"><p class=\"p1\">\n<\/p><h2><span class=\"s1\">Caract\u00e9ristiques<\/span><\/h2>\n<ul>\n<li>\n<p class=\"p1\"><span class=\"s1\">Botanique<\/span><span class=\"s2\"> : <\/span><span class=\"s3\">Balanites aegyptiaca<\/span><\/p>\n<\/li>\n<li>\n<p class=\"p1\"><span class=\"s1\">Origine<\/span><span class=\"s2\"> : S\u00e9n\u00e9gal<\/span><\/p>\n<\/li>\n<li>\n<p class=\"p1\"><span class=\"s1\">Extraction<\/span><span class=\"s2\"> : press\u00e9e \u00e0 froid, 100% pure et naturelle<\/span><\/p>\n<\/li>\n<li>\n<p class=\"p1\"><span class=\"s1\">Format<\/span><span class=\"s2\"> : flacon de 40\u202fml, qualit\u00e9 premium, produit rare<\/span><\/p>\n<\/li>\n<\/ul><\/div>\n\t\t\t\t\t\t\t\t\t<div class=\"elementor-tab-title elementor-tab-mobile-title\" aria-selected=\"false\" data-tab=\"2\" role=\"tab\" tabindex=\"-1\" aria-controls=\"elementor-tab-content-5242\" aria-expanded=\"false\">BIENFAITS<\/div>\n\t\t\t\t\t<div id=\"elementor-tab-content-5242\" class=\"elementor-tab-content elementor-clearfix\" data-tab=\"2\" role=\"tabpanel\" aria-labelledby=\"elementor-tab-title-5242\" tabindex=\"0\" hidden=\"hidden\"><h2><span class=\"s1\">Bienfaits<\/span><\/h2>\n<p class=\"p3\"><span class=\"s2\">Gr\u00e2ce \u00e0 sa richesse en om\u00e9ga et vitamines protectrices, cette huile :<\/span><\/p>\n<ul>\n<li>\n<p class=\"p1\"><span class=\"s1\">hydrate intens\u00e9ment et assouplit la peau s\u00e8che ou ab\u00eem\u00e9e<span class=\"Apple-converted-space\">&nbsp; <\/span><\/span><\/p>\n<\/li>\n<li>\n<p class=\"p1\"><span class=\"s1\">r\u00e9g\u00e9n\u00e8re, calme les irritations, et pr\u00e9serve l\u2019\u00e9lasticit\u00e9<span class=\"Apple-converted-space\">&nbsp; <\/span><\/span><\/p>\n<\/li>\n<li>\n<p class=\"p1\"><span class=\"s1\">laisse une <\/span><span class=\"s2\">texture s\u00e8che<\/span><span class=\"s1\">, sans film gras \u2013 parfaite pour les peaux mixtes \u00e0 grasses <\/span><\/p>\n<\/li>\n<\/ul><\/div>\n\t\t\t\t\t\t\t\t\t<div class=\"elementor-tab-title elementor-tab-mobile-title\" aria-selected=\"false\" data-tab=\"3\" role=\"tab\" tabindex=\"-1\" aria-controls=\"elementor-tab-content-5243\" aria-expanded=\"false\">UTILISATION<\/div>\n\t\t\t\t\t<div id=\"elementor-tab-content-5243\" class=\"elementor-tab-content elementor-clearfix\" data-tab=\"3\" role=\"tabpanel\" aria-labelledby=\"elementor-tab-title-5243\" tabindex=\"0\" hidden=\"hidden\"><h2><span class=\"s1\">Utilisation<\/span><\/h2>\n<ul>\n<li>\n<p class=\"p1\"><span class=\"s1\">Peau<\/span><span class=\"s2\"> : appliquer 2\u20133 gouttes sur visage, corps ou zone cibl\u00e9e \u2013 matin et\/ou soir.<\/span><\/p>\n<\/li>\n<li>\n<p class=\"p1\"><span class=\"s1\">Cheveux<\/span><span class=\"s2\"> : en s\u00e9rum ou massage, nourrissant sans alourdir.<\/span><\/p>\n<\/li>\n<li>\n<p class=\"p1\"><span class=\"s1\">Soin<\/span><span class=\"s2\"> : convient aux peaux matures, s\u00e8ches, ou expos\u00e9es aux agressions climatiques.<\/span><\/p>\n<\/li>\n<\/ul><\/div>\n\t\t\t\t\t\t\t\t\t<div class=\"elementor-tab-title elementor-tab-mobile-title\" aria-selected=\"false\" data-tab=\"4\" role=\"tab\" tabindex=\"-1\" aria-controls=\"elementor-tab-content-5244\" aria-expanded=\"false\">EMBALLAGE<\/div>\n\t\t\t\t\t<div id=\"elementor-tab-content-5244\" class=\"elementor-tab-content elementor-clearfix\" data-tab=\"4\" role=\"tabpanel\" aria-labelledby=\"elementor-tab-title-5244\" tabindex=\"0\" hidden=\"hidden\"><h2><span class=\"s1\">Emballage<\/span><\/h2>\n<p class=\"p3\"><span class=\"s2\">Conditionn\u00e9 en flacon RPET (plastique 100\u202f% recycl\u00e9 et recyclable) avec r\u00e9ducteur compte-gouttes de 40\u202fml, pour un geste responsable et pratique <\/span><\/p><\/div>\n\t\t\t\t\t\t\t\t\t<div class=\"elementor-tab-title elementor-tab-mobile-title\" aria-selected=\"false\" data-tab=\"5\" role=\"tab\" tabindex=\"-1\" aria-controls=\"elementor-tab-content-5245\" aria-expanded=\"false\">HISTOIRE<\/div>\n\t\t\t\t\t<div id=\"elementor-tab-content-5245\" class=\"elementor-tab-content elementor-clearfix\" data-tab=\"5\" role=\"tabpanel\" aria-labelledby=\"elementor-tab-title-5245\" tabindex=\"0\" hidden=\"hidden\"><h2><span class=\"s1\">Histoire<\/span><\/h2>\n<p class=\"p3\"><span class=\"s2\">Originaire des r\u00e9gions semi-arides d\u2019Afrique (Sahel, S\u00e9n\u00e9gal\u2026), le dattier du d\u00e9sert est utilis\u00e9 depuis longtemps en m\u00e9decine traditionnelle pour ses vertus r\u00e9g\u00e9n\u00e9rantes. Cette huile \u00e9tait parfois une r\u00e9serve essentielle dans les zones d\u00e9sertiques, aussi pr\u00e9cieuse que les dattes qu\u2019il produit<span class=\"Apple-converted-space\">&nbsp; <\/span><\/span><span class=\"s2\">.<\/span><\/p><\/div>\n\t\t\t\t\t\t\t\t\t<div class=\"elementor-tab-title elementor-tab-mobile-title\" aria-selected=\"false\" data-tab=\"6\" role=\"tab\" tabindex=\"-1\" aria-controls=\"elementor-tab-content-5246\" aria-expanded=\"false\">COMPOSITION<\/div>\n\t\t\t\t\t<div id=\"elementor-tab-content-5246\" class=\"elementor-tab-content elementor-clearfix\" data-tab=\"6\" role=\"tabpanel\" aria-labelledby=\"elementor-tab-title-5246\" tabindex=\"0\" hidden=\"hidden\"><h2><span class=\"s1\">Composition<\/span><\/h2>\n<ul>\n<li>\n<p class=\"p1\"><span class=\"s1\">Acides gras essentiels : om\u00e9ga-6 (acide linol\u00e9ique), om\u00e9ga-9 (ac\u00e9ty ol\u00e9ique), acide palmitique, st\u00e9arique<span class=\"Apple-converted-space\">&nbsp; <\/span> <\/span><\/p>\n<\/li>\n<li>\n<p class=\"p1\"><span class=\"s1\">Richesse en vitamines A, E, phytost\u00e9rols, antioxydants <\/span><\/p>\n<\/li>\n<\/ul><\/div>\n\t\t\t\t\t\t\t\t\t<div class=\"elementor-tab-title elementor-tab-mobile-title\" aria-selected=\"false\" data-tab=\"7\" role=\"tab\" tabindex=\"-1\" aria-controls=\"elementor-tab-content-5247\" aria-expanded=\"false\">CONTRE-INDICATIONS<\/div>\n\t\t\t\t\t<div id=\"elementor-tab-content-5247\" class=\"elementor-tab-content elementor-clearfix\" data-tab=\"7\" role=\"tabpanel\" aria-labelledby=\"elementor-tab-title-5247\" tabindex=\"0\" hidden=\"hidden\"><h2><span class=\"s1\">Contre-indications<\/span><\/h2>\n<p class=\"p3\"><span class=\"s2\">Elle est bien tol\u00e9r\u00e9e en usage cutan\u00e9. Cependant, en cas de peau grasse ou acn\u00e9ique, faire un test pr\u00e9alable, car elle peut \u00eatre l\u00e9g\u00e8rement com\u00e9dog\u00e8ne pour certains.<\/span><\/p><\/div>\n\t\t\t\t\t\t\t\t\t<div class=\"elementor-tab-title elementor-tab-mobile-title\" aria-selected=\"false\" data-tab=\"8\" role=\"tab\" tabindex=\"-1\" aria-controls=\"elementor-tab-content-5248\" aria-expanded=\"false\">CONSERVATION<\/div>\n\t\t\t\t\t<div id=\"elementor-tab-content-5248\" class=\"elementor-tab-content elementor-clearfix\" data-tab=\"8\" role=\"tabpanel\" aria-labelledby=\"elementor-tab-title-5248\" tabindex=\"0\" hidden=\"hidden\"><h2><span class=\"s1\">Conservation<\/span><\/h2>\n<p class=\"p3\"><span class=\"s2\">Conservez dans un endroit frais, sec et \u00e0 l\u2019abri de la lumi\u00e8re. Ne pas exposer \u00e0 une source de chaleur pour pr\u00e9server ses qualit\u00e9s.<\/span><\/p><\/div>\n\t\t\t\t\t\t\t\t\t<div class=\"elementor-tab-title elementor-tab-mobile-title\" aria-selected=\"false\" data-tab=\"9\" role=\"tab\" tabindex=\"-1\" aria-controls=\"elementor-tab-content-5249\" aria-expanded=\"false\">VIDEO DEMO<\/div>\n\t\t\t\t\t<div id=\"elementor-tab-content-5249\" class=\"elementor-tab-content elementor-clearfix\" data-tab=\"9\" role=\"tabpanel\" aria-labelledby=\"elementor-tab-title-5249\" tabindex=\"0\" hidden=\"hidden\"><\/div>\n\t\t\t\t\t\t\t<\/div>\n\t\t<\/div>\n\t\t\t\t\t\t<\/div>\n\t\t\t\t\t<\/div>\n\t\t<\/div>\n\t\t\t\t\t<\/div>\n\t\t<\/section>\n\t\t\t\t<\/div>","protected":false},"excerpt":{"rendered":"<p>NOM BOTANIQUE : <strong>Balanites Aegyptiaca \/ Balanites roxburghii<\/strong><br \/>\n<strong>Origine , S\u00e9n\u00e9gal<\/strong><\/p>\n<ul>\n<li>Visage, corps, cheveux<\/li>\n<li>40ml<\/li>\n<li>100% pure et naturelle<\/li>\n<li>\u0627\u0644\u0636\u063a\u0637 \u0627\u0644\u0628\u0627\u0631\u062f<\/li>\n<li>Qualit\u00e9 premium<\/li>\n<li>Produit rare<\/li>\n<\/ul>","protected":false},"featured_media":433,"comment_status":"open","ping_status":"closed","template":"","meta":{"_acf_changed":false},"product_cat":[52],"product_tag":[],"class_list":{"0":"post-561","1":"product","2":"type-product","3":"status-publish","4":"has-post-thumbnail","6":"product_cat-huiles","8":"first","9":"instock","10":"shipping-taxable","11":"purchasable","12":"product-type-simple","swatches":"rey-swatches","show_selected":""},"acf":[],"yoast_head":"<!-- This site is optimized with the Yoast SEO plugin v26.6 - https:\/\/yoast.com\/wordpress\/plugins\/seo\/ -->\n<title>Huile du Dattier du desert - Afrika Bio<\/title>\n<meta name=\"description\" content=\"L\u2019huile de dattier du d\u00e9sert bio AFRIKA BIO est une huile rare et pr\u00e9cieuse, press\u00e9e \u00e0 froid pour conserver toute sa richesse naturelle.\" \/>\n<meta name=\"robots\" content=\"index, follow, max-snippet:-1, max-image-preview:large, max-video-preview:-1\" \/>\n<link rel=\"canonical\" href=\"https:\/\/www.afrikabio.com\/ar\/product\/huile-de-dattier-du-desert\/\" \/>\n<meta property=\"og:locale\" content=\"ar_AR\" \/>\n<meta property=\"og:type\" content=\"article\" \/>\n<meta property=\"og:title\" content=\"Huile du Dattier du desert - Afrika Bio\" \/>\n<meta property=\"og:description\" content=\"L\u2019huile de dattier du d\u00e9sert bio AFRIKA BIO est une huile rare et pr\u00e9cieuse, press\u00e9e \u00e0 froid pour conserver toute sa richesse naturelle.\" \/>\n<meta property=\"og:url\" content=\"https:\/\/www.afrikabio.com\/ar\/product\/huile-de-dattier-du-desert\/\" \/>\n<meta property=\"og:site_name\" content=\"Afrika Bio\" \/>\n<meta property=\"article:publisher\" content=\"https:\/\/www.facebook.com\/profile.php?id=100090304284824\" \/>\n<meta property=\"article:modified_time\" content=\"2025-11-16T11:39:50+00:00\" \/>\n<meta property=\"og:image\" content=\"https:\/\/www.afrikabio.com\/wp-content\/uploads\/2024\/06\/huile-du-dattier-du-desert.jpg\" \/>\n\t<meta property=\"og:image:width\" content=\"900\" \/>\n\t<meta property=\"og:image:height\" content=\"900\" \/>\n\t<meta property=\"og:image:type\" content=\"image\/jpeg\" \/>\n<meta name=\"twitter:card\" content=\"summary_large_image\" \/>\n<meta name=\"twitter:label1\" content=\"\u0648\u0642\u062a \u0627\u0644\u0642\u0631\u0627\u0621\u0629 \u0627\u0644\u0645\u064f\u0642\u062f\u0651\u0631\" \/>\n\t<meta name=\"twitter:data1\" content=\"\u062f\u0642\u064a\u0642\u062a\u0627\u0646\" \/>\n<script type=\"application\/ld+json\" class=\"yoast-schema-graph\">{\"@context\":\"https:\/\/schema.org\",\"@graph\":[{\"@type\":\"WebPage\",\"@id\":\"https:\/\/www.afrikabio.com\/produit\/huile-de-dattier-du-desert\/\",\"url\":\"https:\/\/www.afrikabio.com\/produit\/huile-de-dattier-du-desert\/\",\"name\":\"Huile du Dattier du desert - Afrika Bio\",\"isPartOf\":{\"@id\":\"https:\/\/www.afrikabio.com\/#website\"},\"primaryImageOfPage\":{\"@id\":\"https:\/\/www.afrikabio.com\/produit\/huile-de-dattier-du-desert\/#primaryimage\"},\"image\":{\"@id\":\"https:\/\/www.afrikabio.com\/produit\/huile-de-dattier-du-desert\/#primaryimage\"},\"thumbnailUrl\":\"https:\/\/www.afrikabio.com\/wp-content\/uploads\/2024\/06\/huile-du-dattier-du-desert.jpg\",\"datePublished\":\"2024-06-15T03:15:59+00:00\",\"dateModified\":\"2025-11-16T11:39:50+00:00\",\"description\":\"L\u2019huile de dattier du d\u00e9sert bio AFRIKA BIO est une huile rare et pr\u00e9cieuse, press\u00e9e \u00e0 froid pour conserver toute sa richesse naturelle.\",\"breadcrumb\":{\"@id\":\"https:\/\/www.afrikabio.com\/produit\/huile-de-dattier-du-desert\/#breadcrumb\"},\"inLanguage\":\"ar\",\"potentialAction\":[{\"@type\":\"ReadAction\",\"target\":[\"https:\/\/www.afrikabio.com\/produit\/huile-de-dattier-du-desert\/\"]}]},{\"@type\":\"ImageObject\",\"inLanguage\":\"ar\",\"@id\":\"https:\/\/www.afrikabio.com\/produit\/huile-de-dattier-du-desert\/#primaryimage\",\"url\":\"https:\/\/www.afrikabio.com\/wp-content\/uploads\/2024\/06\/huile-du-dattier-du-desert.jpg\",\"contentUrl\":\"https:\/\/www.afrikabio.com\/wp-content\/uploads\/2024\/06\/huile-du-dattier-du-desert.jpg\",\"width\":900,\"height\":900},{\"@type\":\"BreadcrumbList\",\"@id\":\"https:\/\/www.afrikabio.com\/produit\/huile-de-dattier-du-desert\/#breadcrumb\",\"itemListElement\":[{\"@type\":\"ListItem\",\"position\":1,\"name\":\"Accueil\",\"item\":\"https:\/\/www.afrikabio.com\/\"},{\"@type\":\"ListItem\",\"position\":2,\"name\":\"Produits\",\"item\":\"https:\/\/www.afrikabio.com\/shop\/\"},{\"@type\":\"ListItem\",\"position\":3,\"name\":\"Huile du Dattier du desert\"}]},{\"@type\":\"WebSite\",\"@id\":\"https:\/\/www.afrikabio.com\/#website\",\"url\":\"https:\/\/www.afrikabio.com\/\",\"name\":\"Afrika Bio\",\"description\":\"Power of Nature\",\"publisher\":{\"@id\":\"https:\/\/www.afrikabio.com\/#organization\"},\"potentialAction\":[{\"@type\":\"SearchAction\",\"target\":{\"@type\":\"EntryPoint\",\"urlTemplate\":\"https:\/\/www.afrikabio.com\/?s={search_term_string}\"},\"query-input\":{\"@type\":\"PropertyValueSpecification\",\"valueRequired\":true,\"valueName\":\"search_term_string\"}}],\"inLanguage\":\"ar\"},{\"@type\":\"Organization\",\"@id\":\"https:\/\/www.afrikabio.com\/#organization\",\"name\":\"AfrikaBio\",\"url\":\"https:\/\/www.afrikabio.com\/\",\"logo\":{\"@type\":\"ImageObject\",\"inLanguage\":\"ar\",\"@id\":\"https:\/\/www.afrikabio.com\/#\/schema\/logo\/image\/\",\"url\":\"https:\/\/www.afrikabio.com\/wp-content\/uploads\/2024\/06\/cropped-cropped-logo-1.png\",\"contentUrl\":\"https:\/\/www.afrikabio.com\/wp-content\/uploads\/2024\/06\/cropped-cropped-logo-1.png\",\"width\":1420,\"height\":483,\"caption\":\"AfrikaBio\"},\"image\":{\"@id\":\"https:\/\/www.afrikabio.com\/#\/schema\/logo\/image\/\"},\"sameAs\":[\"https:\/\/www.facebook.com\/profile.php?id=100090304284824\"]}]}<\/script>\n<!-- \/ Yoast SEO plugin. -->","yoast_head_json":{"title":"Huile du Dattier du desert - Afrika Bio","description":"L\u2019huile de dattier du d\u00e9sert bio AFRIKA BIO est une huile rare et pr\u00e9cieuse, press\u00e9e \u00e0 froid pour conserver toute sa richesse naturelle.","robots":{"index":"index","follow":"follow","max-snippet":"max-snippet:-1","max-image-preview":"max-image-preview:large","max-video-preview":"max-video-preview:-1"},"canonical":"https:\/\/www.afrikabio.com\/ar\/product\/huile-de-dattier-du-desert\/","og_locale":"ar_AR","og_type":"article","og_title":"Huile du Dattier du desert - Afrika Bio","og_description":"L\u2019huile de dattier du d\u00e9sert bio AFRIKA BIO est une huile rare et pr\u00e9cieuse, press\u00e9e \u00e0 froid pour conserver toute sa richesse naturelle.","og_url":"https:\/\/www.afrikabio.com\/ar\/product\/huile-de-dattier-du-desert\/","og_site_name":"Afrika Bio","article_publisher":"https:\/\/www.facebook.com\/profile.php?id=100090304284824","article_modified_time":"2025-11-16T11:39:50+00:00","og_image":[{"width":900,"height":900,"url":"https:\/\/www.afrikabio.com\/wp-content\/uploads\/2024\/06\/huile-du-dattier-du-desert.jpg","type":"image\/jpeg"}],"twitter_card":"summary_large_image","twitter_misc":{"\u0648\u0642\u062a \u0627\u0644\u0642\u0631\u0627\u0621\u0629 \u0627\u0644\u0645\u064f\u0642\u062f\u0651\u0631":"\u062f\u0642\u064a\u0642\u062a\u0627\u0646"},"schema":{"@context":"https:\/\/schema.org","@graph":[{"@type":"WebPage","@id":"https:\/\/www.afrikabio.com\/produit\/huile-de-dattier-du-desert\/","url":"https:\/\/www.afrikabio.com\/produit\/huile-de-dattier-du-desert\/","name":"Huile du Dattier du desert - Afrika Bio","isPartOf":{"@id":"https:\/\/www.afrikabio.com\/#website"},"primaryImageOfPage":{"@id":"https:\/\/www.afrikabio.com\/produit\/huile-de-dattier-du-desert\/#primaryimage"},"image":{"@id":"https:\/\/www.afrikabio.com\/produit\/huile-de-dattier-du-desert\/#primaryimage"},"thumbnailUrl":"https:\/\/www.afrikabio.com\/wp-content\/uploads\/2024\/06\/huile-du-dattier-du-desert.jpg","datePublished":"2024-06-15T03:15:59+00:00","dateModified":"2025-11-16T11:39:50+00:00","description":"L\u2019huile de dattier du d\u00e9sert bio AFRIKA BIO est une huile rare et pr\u00e9cieuse, press\u00e9e \u00e0 froid pour conserver toute sa richesse naturelle.","breadcrumb":{"@id":"https:\/\/www.afrikabio.com\/produit\/huile-de-dattier-du-desert\/#breadcrumb"},"inLanguage":"ar","potentialAction":[{"@type":"ReadAction","target":["https:\/\/www.afrikabio.com\/produit\/huile-de-dattier-du-desert\/"]}]},{"@type":"ImageObject","inLanguage":"ar","@id":"https:\/\/www.afrikabio.com\/produit\/huile-de-dattier-du-desert\/#primaryimage","url":"https:\/\/www.afrikabio.com\/wp-content\/uploads\/2024\/06\/huile-du-dattier-du-desert.jpg","contentUrl":"https:\/\/www.afrikabio.com\/wp-content\/uploads\/2024\/06\/huile-du-dattier-du-desert.jpg","width":900,"height":900},{"@type":"BreadcrumbList","@id":"https:\/\/www.afrikabio.com\/produit\/huile-de-dattier-du-desert\/#breadcrumb","itemListElement":[{"@type":"ListItem","position":1,"name":"Accueil","item":"https:\/\/www.afrikabio.com\/"},{"@type":"ListItem","position":2,"name":"Produits","item":"https:\/\/www.afrikabio.com\/shop\/"},{"@type":"ListItem","position":3,"name":"Huile du Dattier du desert"}]},{"@type":"WebSite","@id":"https:\/\/www.afrikabio.com\/#website","url":"https:\/\/www.afrikabio.com\/","name":"Afrika Bio","description":"Power of Nature","publisher":{"@id":"https:\/\/www.afrikabio.com\/#organization"},"potentialAction":[{"@type":"SearchAction","target":{"@type":"EntryPoint","urlTemplate":"https:\/\/www.afrikabio.com\/?s={search_term_string}"},"query-input":{"@type":"PropertyValueSpecification","valueRequired":true,"valueName":"search_term_string"}}],"inLanguage":"ar"},{"@type":"Organization","@id":"https:\/\/www.afrikabio.com\/#organization","name":"AfrikaBio","url":"https:\/\/www.afrikabio.com\/","logo":{"@type":"ImageObject","inLanguage":"ar","@id":"https:\/\/www.afrikabio.com\/#\/schema\/logo\/image\/","url":"https:\/\/www.afrikabio.com\/wp-content\/uploads\/2024\/06\/cropped-cropped-logo-1.png","contentUrl":"https:\/\/www.afrikabio.com\/wp-content\/uploads\/2024\/06\/cropped-cropped-logo-1.png","width":1420,"height":483,"caption":"AfrikaBio"},"image":{"@id":"https:\/\/www.afrikabio.com\/#\/schema\/logo\/image\/"},"sameAs":["https:\/\/www.facebook.com\/profile.php?id=100090304284824"]}]}},"_links":{"self":[{"href":"https:\/\/www.afrikabio.com\/ar\/wp-json\/wp\/v2\/product\/561","targetHints":{"allow":["GET"]}}],"collection":[{"href":"https:\/\/www.afrikabio.com\/ar\/wp-json\/wp\/v2\/product"}],"about":[{"href":"https:\/\/www.afrikabio.com\/ar\/wp-json\/wp\/v2\/types\/product"}],"replies":[{"embeddable":true,"href":"https:\/\/www.afrikabio.com\/ar\/wp-json\/wp\/v2\/comments?post=561"}],"version-history":[{"count":1,"href":"https:\/\/www.afrikabio.com\/ar\/wp-json\/wp\/v2\/product\/561\/revisions"}],"predecessor-version":[{"id":4225,"href":"https:\/\/www.afrikabio.com\/ar\/wp-json\/wp\/v2\/product\/561\/revisions\/4225"}],"wp:featuredmedia":[{"embeddable":true,"href":"https:\/\/www.afrikabio.com\/ar\/wp-json\/wp\/v2\/media\/433"}],"wp:attachment":[{"href":"https:\/\/www.afrikabio.com\/ar\/wp-json\/wp\/v2\/media?parent=561"}],"wp:term":[{"taxonomy":"product_cat","embeddable":true,"href":"https:\/\/www.afrikabio.com\/ar\/wp-json\/wp\/v2\/product_cat?post=561"},{"taxonomy":"product_tag","embeddable":true,"href":"https:\/\/www.afrikabio.com\/ar\/wp-json\/wp\/v2\/product_tag?post=561"}],"curies":[{"name":"wp","href":"https:\/\/api.w.org\/{rel}","templated":true}]}}