{"id":1288,"date":"2024-09-07T11:41:10","date_gmt":"2024-09-07T09:41:10","guid":{"rendered":"https:\/\/www.afrikabio.com\/?post_type=product&#038;p=1288"},"modified":"2024-09-19T16:19:04","modified_gmt":"2024-09-19T14:19:04","slug":"essentiels-feminins","status":"publish","type":"product","link":"https:\/\/www.afrikabio.com\/ar\/product\/essentiels-feminins\/","title":{"rendered":"\u0623\u0633\u0627\u0633\u064a\u0627\u062a \u0623\u0646\u062b\u0648\u064a\u0629"},"content":{"rendered":"<div data-elementor-type=\"wp-post\" data-elementor-id=\"1288\" class=\"elementor elementor-1288\" data-elementor-post-type=\"product\">\n\t\t\t\t\t\t<section class=\"elementor-section elementor-top-section elementor-element elementor-element-1490f10a rey-section-stretched elementor-section-boxed elementor-section-height-default elementor-section-height-default\" data-id=\"1490f10a\" data-element_type=\"section\" data-e-type=\"section\">\n\t\t\t\t\t\t<div class=\"elementor-container elementor-column-gap-default\">\n\t\t\t\t\t<div class=\"elementor-column elementor-col-100 elementor-top-column elementor-element elementor-element-4694a4d9\" data-id=\"4694a4d9\" data-element_type=\"column\" data-e-type=\"column\">\n\t\t\t<div class=\"elementor-column-wrap--4694a4d9 elementor-widget-wrap elementor-element-populated\">\n\t\t\t\t\t\t<div class=\"elementor-element elementor-element-2ae94e21 elementor-tabs-view-horizontal elementor-widget elementor-widget-tabs\" data-id=\"2ae94e21\" data-element_type=\"widget\" data-e-type=\"widget\" data-widget_type=\"tabs.default\">\n\t\t\t\t\t\t\t<div class=\"elementor-tabs\">\n\t\t\t<div class=\"elementor-tabs-wrapper\" role=\"tablist\" >\n\t\t\t\t\t\t\t\t\t<div id=\"elementor-tab-title-7191\" class=\"elementor-tab-title elementor-tab-desktop-title\" aria-selected=\"true\" data-tab=\"1\" role=\"tab\" tabindex=\"0\" aria-controls=\"elementor-tab-content-7191\" aria-expanded=\"false\">UTILISATION<\/div>\n\t\t\t\t\t\t\t\t\t<div id=\"elementor-tab-title-7192\" class=\"elementor-tab-title elementor-tab-desktop-title\" aria-selected=\"false\" data-tab=\"2\" role=\"tab\" tabindex=\"-1\" aria-controls=\"elementor-tab-content-7192\" aria-expanded=\"false\">CONTRE-INDICATIONS<\/div>\n\t\t\t\t\t\t\t<\/div>\n\t\t\t<div class=\"elementor-tabs-content-wrapper\" role=\"tablist\" aria-orientation=\"vertical\">\n\t\t\t\t\t\t\t\t\t<div class=\"elementor-tab-title elementor-tab-mobile-title\" aria-selected=\"true\" data-tab=\"1\" role=\"tab\" tabindex=\"0\" aria-controls=\"elementor-tab-content-7191\" aria-expanded=\"false\">UTILISATION<\/div>\n\t\t\t\t\t<div id=\"elementor-tab-content-7191\" class=\"elementor-tab-content elementor-clearfix\" data-tab=\"1\" role=\"tabpanel\" aria-labelledby=\"elementor-tab-title-7191\" tabindex=\"0\" hidden=\"false\"><p>Le<b> Pack Essentiel F\u00e9minin,<\/b> se compose de 10 tiges de <b>KHAMARE<\/b> (v\u00e9tiver) de 100 g poudre de <b>NEP<\/b> <b>NEP<\/b>, <b>une Synergie \u00e0 utiliser tout le long de votre vie<\/b>, des premi\u00e8res r\u00e8gles, au mariage, \u00e0 l&rsquo;accouchement mais aussi jusqu&rsquo;\u00e0 la m\u00e9nopause pour <b>b\u00e9n\u00e9ficier de ses incroyables bienfaits<\/b> car il :<\/p><ul><li>Calme vos r\u00e8gles douloureuses<\/li><li>Lutte contre les d\u00e9mangeaisons et irritations vaginales<\/li><li>Combats les mauvaises odeurs vaginales<\/li><li>Vous prot\u00e8ge des infections urinaires<\/li><li>\u00c9limine les toxines<\/li><li>Nettoie votre vagin<\/li><li>R\u00e9\u00e9quilibre votre flore vaginale<\/li><li>Prot\u00e8ge des mycoses<\/li><li>Vous aides \u00e0 r\u00e9cup\u00e9rer apr\u00e8s un accouchement<\/li><li>Resserre et tonifie les muscles de votre vagin\u00a0<\/li><li>Favorise votre lubrification vaginale\u00a0<\/li><li>Parfume vos s\u00e9cr\u00e9tions vaginales\u00a0<\/li><\/ul><p><i>Comment utiliser le pack <\/i><b><i>Pack Essentiel F\u00e9minin ?<span class=\"Apple-converted-space\">\u00a0<\/span><\/i><\/b><\/p><p><b><i>Pr\u00e9parez votre infusion ou d\u00e9coction de Khamar\u00e9<span class=\"Apple-converted-space\">\u00a0 <\/span>:<span class=\"Apple-converted-space\">\u00a0<\/span><\/i><\/b><\/p><p>Rincez deux \u00e0 trois tiges de khamar\u00e9 pour 1,5 L (eau de source). Cassez les tiges pour une meilleure extraction des bienfaits (lors de la d\u00e9coction). Portez \u00e0 \u00e9bullition puis laissez fr\u00e9mir \u00e0 feu doux pendant 10 min \u00e0 couvert pour \u00e9viter la dispersion des principes actifs. Filtrez et retirer les tiges de khamar\u00e9.<span class=\"Apple-converted-space\">\u00a0<\/span><\/p><p>Pour une tasse de cette infusion ou d\u00e9coction, ajoutez une cuill\u00e8re \u00e0 caf\u00e9 de poudre de NEP NEP, \u00e0 consommer deux fois par jour.<\/p><p><b>Ce M\u00e9lange (ti\u00e8de) vous servira \u00e9galement en bain de si\u00e8ge (15 min).<\/b><\/p><\/div>\n\t\t\t\t\t\t\t\t\t<div class=\"elementor-tab-title elementor-tab-mobile-title\" aria-selected=\"false\" data-tab=\"2\" role=\"tab\" tabindex=\"-1\" aria-controls=\"elementor-tab-content-7192\" aria-expanded=\"false\">CONTRE-INDICATIONS<\/div>\n\t\t\t\t\t<div id=\"elementor-tab-content-7192\" class=\"elementor-tab-content elementor-clearfix\" data-tab=\"2\" role=\"tabpanel\" aria-labelledby=\"elementor-tab-title-7192\" tabindex=\"0\" hidden=\"hidden\"><p>Voir&nbsp;<a href=\"https:\/\/www.afrikabio.com\/ar\/product\/racine-de-vetivier\/\" target=\"_blank\">Khamar\u00e9<\/a>&nbsp;&amp;&nbsp;<a href=\"https:\/\/www.afrikabio.com\/ar\/product\/poudre-de-nep-nep\/\" target=\"_blank\" style=\"font-family: var(--body-font-family); font-size: var(--body-font-size);\">NepNep<\/a><\/p><\/div>\n\t\t\t\t\t\t\t<\/div>\n\t\t<\/div>\n\t\t\t\t\t\t<\/div>\n\t\t\t\t\t<\/div>\n\t\t<\/div>\n\t\t\t\t\t<\/div>\n\t\t<\/section>\n\t\t\t\t<\/div>","protected":false},"excerpt":{"rendered":"<p>PACK SPORT : <strong>Adansonia digitata\u00a0<\/strong><\/p>\n<ul>\n<li>Bien-\u00eatre et sant\u00e9<\/li>\n<li>100 g de NepNep &amp; 10 racines de v\u00e9tivier<\/li>\n<li>100% pure et naturelle<\/li>\n<li>Qualit\u00e9 premuim<\/li>\n<\/ul>","protected":false},"featured_media":1659,"comment_status":"open","ping_status":"closed","template":"","meta":{"_acf_changed":false},"product_cat":[63],"product_tag":[],"class_list":{"0":"post-1288","1":"product","2":"type-product","3":"status-publish","4":"has-post-thumbnail","6":"product_cat-pack-coffret","8":"first","9":"instock","10":"shipping-taxable","11":"purchasable","12":"product-type-simple","swatches":"rey-swatches","show_selected":""},"acf":[],"yoast_head":"<!-- This site is optimized with the Yoast SEO plugin v26.6 - https:\/\/yoast.com\/wordpress\/plugins\/seo\/ -->\n<title>Essentiels F\u00e9minins - Afrika Bio<\/title>\n<meta name=\"robots\" content=\"index, follow, max-snippet:-1, max-image-preview:large, max-video-preview:-1\" \/>\n<link rel=\"canonical\" href=\"https:\/\/www.afrikabio.com\/ar\/product\/essentiels-feminins\/\" \/>\n<meta property=\"og:locale\" content=\"ar_AR\" \/>\n<meta property=\"og:type\" content=\"article\" \/>\n<meta property=\"og:title\" content=\"Essentiels F\u00e9minins - Afrika Bio\" \/>\n<meta property=\"og:description\" content=\"PACK SPORT : Adansonia digitata\u00a0   Bien-\u00eatre et sant\u00e9  100 g de NepNep &amp; 10 racines de v\u00e9tivier  100% pure et naturelle  Qualit\u00e9 premuim\" \/>\n<meta property=\"og:url\" content=\"https:\/\/www.afrikabio.com\/ar\/product\/essentiels-feminins\/\" \/>\n<meta property=\"og:site_name\" content=\"Afrika Bio\" \/>\n<meta property=\"article:publisher\" content=\"https:\/\/www.facebook.com\/profile.php?id=100090304284824\" \/>\n<meta property=\"article:modified_time\" content=\"2024-09-19T14:19:04+00:00\" \/>\n<meta property=\"og:image\" content=\"https:\/\/www.afrikabio.com\/wp-content\/uploads\/2024\/09\/racine-de-vetivier-nep-nep.jpg\" \/>\n\t<meta property=\"og:image:width\" content=\"900\" \/>\n\t<meta property=\"og:image:height\" content=\"900\" \/>\n\t<meta property=\"og:image:type\" content=\"image\/jpeg\" \/>\n<meta name=\"twitter:card\" content=\"summary_large_image\" \/>\n<meta name=\"twitter:label1\" content=\"\u0648\u0642\u062a \u0627\u0644\u0642\u0631\u0627\u0621\u0629 \u0627\u0644\u0645\u064f\u0642\u062f\u0651\u0631\" \/>\n\t<meta name=\"twitter:data1\" content=\"\u062f\u0642\u064a\u0642\u0629 \u0648\u0627\u062d\u062f\u0629\" \/>\n<script type=\"application\/ld+json\" class=\"yoast-schema-graph\">{\"@context\":\"https:\/\/schema.org\",\"@graph\":[{\"@type\":\"WebPage\",\"@id\":\"https:\/\/www.afrikabio.com\/produit\/essentiels-feminins\/\",\"url\":\"https:\/\/www.afrikabio.com\/produit\/essentiels-feminins\/\",\"name\":\"Essentiels F\u00e9minins - Afrika Bio\",\"isPartOf\":{\"@id\":\"https:\/\/www.afrikabio.com\/#website\"},\"primaryImageOfPage\":{\"@id\":\"https:\/\/www.afrikabio.com\/produit\/essentiels-feminins\/#primaryimage\"},\"image\":{\"@id\":\"https:\/\/www.afrikabio.com\/produit\/essentiels-feminins\/#primaryimage\"},\"thumbnailUrl\":\"https:\/\/www.afrikabio.com\/wp-content\/uploads\/2024\/09\/racine-de-vetivier-nep-nep.jpg\",\"datePublished\":\"2024-09-07T09:41:10+00:00\",\"dateModified\":\"2024-09-19T14:19:04+00:00\",\"breadcrumb\":{\"@id\":\"https:\/\/www.afrikabio.com\/produit\/essentiels-feminins\/#breadcrumb\"},\"inLanguage\":\"ar\",\"potentialAction\":[{\"@type\":\"ReadAction\",\"target\":[\"https:\/\/www.afrikabio.com\/produit\/essentiels-feminins\/\"]}]},{\"@type\":\"ImageObject\",\"inLanguage\":\"ar\",\"@id\":\"https:\/\/www.afrikabio.com\/produit\/essentiels-feminins\/#primaryimage\",\"url\":\"https:\/\/www.afrikabio.com\/wp-content\/uploads\/2024\/09\/racine-de-vetivier-nep-nep.jpg\",\"contentUrl\":\"https:\/\/www.afrikabio.com\/wp-content\/uploads\/2024\/09\/racine-de-vetivier-nep-nep.jpg\",\"width\":900,\"height\":900},{\"@type\":\"BreadcrumbList\",\"@id\":\"https:\/\/www.afrikabio.com\/produit\/essentiels-feminins\/#breadcrumb\",\"itemListElement\":[{\"@type\":\"ListItem\",\"position\":1,\"name\":\"Accueil\",\"item\":\"https:\/\/www.afrikabio.com\/\"},{\"@type\":\"ListItem\",\"position\":2,\"name\":\"Produits\",\"item\":\"https:\/\/www.afrikabio.com\/shop\/\"},{\"@type\":\"ListItem\",\"position\":3,\"name\":\"Essentiels F\u00e9minins\"}]},{\"@type\":\"WebSite\",\"@id\":\"https:\/\/www.afrikabio.com\/#website\",\"url\":\"https:\/\/www.afrikabio.com\/\",\"name\":\"Afrika Bio\",\"description\":\"Power of Nature\",\"publisher\":{\"@id\":\"https:\/\/www.afrikabio.com\/#organization\"},\"potentialAction\":[{\"@type\":\"SearchAction\",\"target\":{\"@type\":\"EntryPoint\",\"urlTemplate\":\"https:\/\/www.afrikabio.com\/?s={search_term_string}\"},\"query-input\":{\"@type\":\"PropertyValueSpecification\",\"valueRequired\":true,\"valueName\":\"search_term_string\"}}],\"inLanguage\":\"ar\"},{\"@type\":\"Organization\",\"@id\":\"https:\/\/www.afrikabio.com\/#organization\",\"name\":\"AfrikaBio\",\"url\":\"https:\/\/www.afrikabio.com\/\",\"logo\":{\"@type\":\"ImageObject\",\"inLanguage\":\"ar\",\"@id\":\"https:\/\/www.afrikabio.com\/#\/schema\/logo\/image\/\",\"url\":\"https:\/\/www.afrikabio.com\/wp-content\/uploads\/2024\/06\/cropped-cropped-logo-1.png\",\"contentUrl\":\"https:\/\/www.afrikabio.com\/wp-content\/uploads\/2024\/06\/cropped-cropped-logo-1.png\",\"width\":1420,\"height\":483,\"caption\":\"AfrikaBio\"},\"image\":{\"@id\":\"https:\/\/www.afrikabio.com\/#\/schema\/logo\/image\/\"},\"sameAs\":[\"https:\/\/www.facebook.com\/profile.php?id=100090304284824\"]}]}<\/script>\n<!-- \/ Yoast SEO plugin. -->","yoast_head_json":{"title":"Essentiels F\u00e9minins - Afrika Bio","robots":{"index":"index","follow":"follow","max-snippet":"max-snippet:-1","max-image-preview":"max-image-preview:large","max-video-preview":"max-video-preview:-1"},"canonical":"https:\/\/www.afrikabio.com\/ar\/product\/essentiels-feminins\/","og_locale":"ar_AR","og_type":"article","og_title":"Essentiels F\u00e9minins - Afrika Bio","og_description":"PACK SPORT : Adansonia digitata\u00a0   Bien-\u00eatre et sant\u00e9  100 g de NepNep &amp; 10 racines de v\u00e9tivier  100% pure et naturelle  Qualit\u00e9 premuim","og_url":"https:\/\/www.afrikabio.com\/ar\/product\/essentiels-feminins\/","og_site_name":"Afrika Bio","article_publisher":"https:\/\/www.facebook.com\/profile.php?id=100090304284824","article_modified_time":"2024-09-19T14:19:04+00:00","og_image":[{"width":900,"height":900,"url":"https:\/\/www.afrikabio.com\/wp-content\/uploads\/2024\/09\/racine-de-vetivier-nep-nep.jpg","type":"image\/jpeg"}],"twitter_card":"summary_large_image","twitter_misc":{"\u0648\u0642\u062a \u0627\u0644\u0642\u0631\u0627\u0621\u0629 \u0627\u0644\u0645\u064f\u0642\u062f\u0651\u0631":"\u062f\u0642\u064a\u0642\u0629 \u0648\u0627\u062d\u062f\u0629"},"schema":{"@context":"https:\/\/schema.org","@graph":[{"@type":"WebPage","@id":"https:\/\/www.afrikabio.com\/produit\/essentiels-feminins\/","url":"https:\/\/www.afrikabio.com\/produit\/essentiels-feminins\/","name":"Essentiels F\u00e9minins - Afrika Bio","isPartOf":{"@id":"https:\/\/www.afrikabio.com\/#website"},"primaryImageOfPage":{"@id":"https:\/\/www.afrikabio.com\/produit\/essentiels-feminins\/#primaryimage"},"image":{"@id":"https:\/\/www.afrikabio.com\/produit\/essentiels-feminins\/#primaryimage"},"thumbnailUrl":"https:\/\/www.afrikabio.com\/wp-content\/uploads\/2024\/09\/racine-de-vetivier-nep-nep.jpg","datePublished":"2024-09-07T09:41:10+00:00","dateModified":"2024-09-19T14:19:04+00:00","breadcrumb":{"@id":"https:\/\/www.afrikabio.com\/produit\/essentiels-feminins\/#breadcrumb"},"inLanguage":"ar","potentialAction":[{"@type":"ReadAction","target":["https:\/\/www.afrikabio.com\/produit\/essentiels-feminins\/"]}]},{"@type":"ImageObject","inLanguage":"ar","@id":"https:\/\/www.afrikabio.com\/produit\/essentiels-feminins\/#primaryimage","url":"https:\/\/www.afrikabio.com\/wp-content\/uploads\/2024\/09\/racine-de-vetivier-nep-nep.jpg","contentUrl":"https:\/\/www.afrikabio.com\/wp-content\/uploads\/2024\/09\/racine-de-vetivier-nep-nep.jpg","width":900,"height":900},{"@type":"BreadcrumbList","@id":"https:\/\/www.afrikabio.com\/produit\/essentiels-feminins\/#breadcrumb","itemListElement":[{"@type":"ListItem","position":1,"name":"Accueil","item":"https:\/\/www.afrikabio.com\/"},{"@type":"ListItem","position":2,"name":"Produits","item":"https:\/\/www.afrikabio.com\/shop\/"},{"@type":"ListItem","position":3,"name":"Essentiels F\u00e9minins"}]},{"@type":"WebSite","@id":"https:\/\/www.afrikabio.com\/#website","url":"https:\/\/www.afrikabio.com\/","name":"Afrika Bio","description":"Power of Nature","publisher":{"@id":"https:\/\/www.afrikabio.com\/#organization"},"potentialAction":[{"@type":"SearchAction","target":{"@type":"EntryPoint","urlTemplate":"https:\/\/www.afrikabio.com\/?s={search_term_string}"},"query-input":{"@type":"PropertyValueSpecification","valueRequired":true,"valueName":"search_term_string"}}],"inLanguage":"ar"},{"@type":"Organization","@id":"https:\/\/www.afrikabio.com\/#organization","name":"AfrikaBio","url":"https:\/\/www.afrikabio.com\/","logo":{"@type":"ImageObject","inLanguage":"ar","@id":"https:\/\/www.afrikabio.com\/#\/schema\/logo\/image\/","url":"https:\/\/www.afrikabio.com\/wp-content\/uploads\/2024\/06\/cropped-cropped-logo-1.png","contentUrl":"https:\/\/www.afrikabio.com\/wp-content\/uploads\/2024\/06\/cropped-cropped-logo-1.png","width":1420,"height":483,"caption":"AfrikaBio"},"image":{"@id":"https:\/\/www.afrikabio.com\/#\/schema\/logo\/image\/"},"sameAs":["https:\/\/www.facebook.com\/profile.php?id=100090304284824"]}]}},"_links":{"self":[{"href":"https:\/\/www.afrikabio.com\/ar\/wp-json\/wp\/v2\/product\/1288","targetHints":{"allow":["GET"]}}],"collection":[{"href":"https:\/\/www.afrikabio.com\/ar\/wp-json\/wp\/v2\/product"}],"about":[{"href":"https:\/\/www.afrikabio.com\/ar\/wp-json\/wp\/v2\/types\/product"}],"replies":[{"embeddable":true,"href":"https:\/\/www.afrikabio.com\/ar\/wp-json\/wp\/v2\/comments?post=1288"}],"version-history":[{"count":0,"href":"https:\/\/www.afrikabio.com\/ar\/wp-json\/wp\/v2\/product\/1288\/revisions"}],"wp:featuredmedia":[{"embeddable":true,"href":"https:\/\/www.afrikabio.com\/ar\/wp-json\/wp\/v2\/media\/1659"}],"wp:attachment":[{"href":"https:\/\/www.afrikabio.com\/ar\/wp-json\/wp\/v2\/media?parent=1288"}],"wp:term":[{"taxonomy":"product_cat","embeddable":true,"href":"https:\/\/www.afrikabio.com\/ar\/wp-json\/wp\/v2\/product_cat?post=1288"},{"taxonomy":"product_tag","embeddable":true,"href":"https:\/\/www.afrikabio.com\/ar\/wp-json\/wp\/v2\/product_tag?post=1288"}],"curies":[{"name":"wp","href":"https:\/\/api.w.org\/{rel}","templated":true}]}}