{"id":1279,"date":"2024-09-07T10:12:54","date_gmt":"2024-09-07T08:12:54","guid":{"rendered":"https:\/\/www.afrikabio.com\/?post_type=product&#038;p=1279"},"modified":"2025-11-16T13:01:28","modified_gmt":"2025-11-16T12:01:28","slug":"recuperation-bien-etre","status":"publish","type":"product","link":"https:\/\/www.afrikabio.com\/ar\/product\/recuperation-bien-etre\/","title":{"rendered":"\u0627\u0644\u062a\u0639\u0627\u0641\u064a \u0648\u0627\u0644\u0631\u0641\u0627\u0647\u064a\u0629"},"content":{"rendered":"<div data-elementor-type=\"wp-post\" data-elementor-id=\"1279\" class=\"elementor elementor-1279\" data-elementor-post-type=\"product\">\n\t\t\t\t\t\t<section class=\"elementor-section elementor-top-section elementor-element elementor-element-1490f10a rey-section-stretched elementor-section-boxed elementor-section-height-default elementor-section-height-default\" data-id=\"1490f10a\" data-element_type=\"section\" data-e-type=\"section\">\n\t\t\t\t\t\t<div class=\"elementor-container elementor-column-gap-default\">\n\t\t\t\t\t<div class=\"elementor-column elementor-col-100 elementor-top-column elementor-element elementor-element-4694a4d9\" data-id=\"4694a4d9\" data-element_type=\"column\" data-e-type=\"column\">\n\t\t\t<div class=\"elementor-column-wrap--4694a4d9 elementor-widget-wrap elementor-element-populated\">\n\t\t\t\t\t\t<div class=\"elementor-element elementor-element-2ae94e21 elementor-tabs-view-horizontal elementor-widget elementor-widget-tabs\" data-id=\"2ae94e21\" data-element_type=\"widget\" data-e-type=\"widget\" data-widget_type=\"tabs.default\">\n\t\t\t\t\t\t\t<div class=\"elementor-tabs\">\n\t\t\t<div class=\"elementor-tabs-wrapper\" role=\"tablist\" >\n\t\t\t\t\t\t\t\t\t<div id=\"elementor-tab-title-7191\" class=\"elementor-tab-title elementor-tab-desktop-title\" aria-selected=\"true\" data-tab=\"1\" role=\"tab\" tabindex=\"0\" aria-controls=\"elementor-tab-content-7191\" aria-expanded=\"false\">CARACTERISTIQUES<\/div>\n\t\t\t\t\t\t\t\t\t<div id=\"elementor-tab-title-7192\" class=\"elementor-tab-title elementor-tab-desktop-title\" aria-selected=\"false\" data-tab=\"2\" role=\"tab\" tabindex=\"-1\" aria-controls=\"elementor-tab-content-7192\" aria-expanded=\"false\">CONTRE-INDICATIONS<\/div>\n\t\t\t\t\t\t\t<\/div>\n\t\t\t<div class=\"elementor-tabs-content-wrapper\" role=\"tablist\" aria-orientation=\"vertical\">\n\t\t\t\t\t\t\t\t\t<div class=\"elementor-tab-title elementor-tab-mobile-title\" aria-selected=\"true\" data-tab=\"1\" role=\"tab\" tabindex=\"0\" aria-controls=\"elementor-tab-content-7191\" aria-expanded=\"false\">CARACTERISTIQUES<\/div>\n\t\t\t\t\t<div id=\"elementor-tab-content-7191\" class=\"elementor-tab-content elementor-clearfix\" data-tab=\"1\" role=\"tabpanel\" aria-labelledby=\"elementor-tab-title-7191\" tabindex=\"0\" hidden=\"false\"><p><b style=\"font-family: var(--body-font-family); font-size: var(--body-font-size);\">Le Pack R\u00e9cup\u00e9ration et Bien-\u00eatre<\/b><span style=\"font-family: var(--body-font-family); font-size: var(--body-font-size);\"> combine 100 g de poudre de<\/span><b style=\"font-family: var(--body-font-family); font-size: var(--body-font-size);\"> Baobab<\/b><span style=\"font-family: var(--body-font-family); font-size: var(--body-font-size);\">, 100 g de poudre de <\/span><b style=\"font-family: var(--body-font-family); font-size: var(--body-font-size);\">Moringa<\/b><span style=\"font-family: var(--body-font-family); font-size: var(--body-font-size);\"> et 40 ml d\u2019huile de <\/span><b style=\"font-family: var(--body-font-family); font-size: var(--body-font-size);\">Touloucouna<\/b><span style=\"font-family: var(--body-font-family); font-size: var(--body-font-size);\">, offrant une synergie naturelle pour revitaliser votre corps. La combinaison du baobab et du moringa booste efficacement votre apport en vitamine C et renforce votre syst\u00e8me immunitaire. En parall\u00e8le, l\u2019huile de touloucouna, r\u00e9put\u00e9e pour ses propri\u00e9t\u00e9s apaisantes, soulage les douleurs articulaires et musculaires, facilitant ainsi une r\u00e9cup\u00e9ration optimale.<\/span><\/p><p>Ces deux super-aliments cr\u00e9ent un pack immunit\u00e9 puissant, apportant un ensemble essentiel de nutriments pour soutenir la sant\u00e9 globale et renforcer les d\u00e9fenses naturelles de l\u2019organisme contre les infections et les maladies. Vous pouvez facilement int\u00e9grer ce pack dans votre alimentation sous forme de boissons, de smoothies, ou l\u2019incorporer \u00e0 diverses recettes pour profiter pleinement de ses bienfaits nutritionnels. Il s\u2019adapte \u00e9galement \u00e0 de nombreux r\u00e9gimes alimentaires, y compris v\u00e9g\u00e9tariens et v\u00e9g\u00e9taliens.<\/p><p>Pour une r\u00e9cup\u00e9ration physique optimale, l\u2019huile de touloucouna s\u2019applique en massage, favorisant la d\u00e9tente et la r\u00e9g\u00e9n\u00e9ration musculaire.<\/p><p>\u00a0<\/p><\/div>\n\t\t\t\t\t\t\t\t\t<div class=\"elementor-tab-title elementor-tab-mobile-title\" aria-selected=\"false\" data-tab=\"2\" role=\"tab\" tabindex=\"-1\" aria-controls=\"elementor-tab-content-7192\" aria-expanded=\"false\">CONTRE-INDICATIONS<\/div>\n\t\t\t\t\t<div id=\"elementor-tab-content-7192\" class=\"elementor-tab-content elementor-clearfix\" data-tab=\"2\" role=\"tabpanel\" aria-labelledby=\"elementor-tab-title-7192\" tabindex=\"0\" hidden=\"hidden\"><p>voir\u00a0<a href=\"https:\/\/www.afrikabio.com\/ar\/product\/poudre-de-moringa\/\" target=\"_blank\" rel=\"noopener\">Moringa<\/a>\u00a0&amp;\u00a0<a style=\"font-family: var(--body-font-family); font-size: var(--body-font-size);\" href=\"https:\/\/www.afrikabio.com\/ar\/product\/poudre-de-baobab\/\" target=\"_blank\" rel=\"noopener\">Baobab<\/a><\/p><\/div>\n\t\t\t\t\t\t\t<\/div>\n\t\t<\/div>\n\t\t\t\t\t\t<\/div>\n\t\t\t\t\t<\/div>\n\t\t<\/div>\n\t\t\t\t\t<\/div>\n\t\t<\/section>\n\t\t\t\t<\/div>","protected":false},"excerpt":{"rendered":"<p>&nbsp;<\/p>\n<ul>\n<li>3 produits<\/li>\n<li>100% pure et naturelle<\/li>\n<\/ul>","protected":false},"featured_media":1657,"comment_status":"open","ping_status":"closed","template":"","meta":{"_acf_changed":false},"product_cat":[63],"product_tag":[],"class_list":{"0":"post-1279","1":"product","2":"type-product","3":"status-publish","4":"has-post-thumbnail","6":"product_cat-pack-coffret","8":"first","9":"instock","10":"shipping-taxable","11":"purchasable","12":"product-type-simple","swatches":"rey-swatches","show_selected":""},"acf":[],"yoast_head":"<!-- This site is optimized with the Yoast SEO plugin v26.6 - https:\/\/yoast.com\/wordpress\/plugins\/seo\/ -->\n<title>R\u00e9cup\u00e9ration &amp; bien \u00eatre \u200b - Afrika Bio<\/title>\n<meta name=\"robots\" content=\"index, follow, max-snippet:-1, max-image-preview:large, max-video-preview:-1\" \/>\n<link rel=\"canonical\" href=\"https:\/\/www.afrikabio.com\/ar\/product\/recuperation-bien-etre\/\" \/>\n<meta property=\"og:locale\" content=\"ar_AR\" \/>\n<meta property=\"og:type\" content=\"article\" \/>\n<meta property=\"og:title\" content=\"R\u00e9cup\u00e9ration &amp; bien \u00eatre \u200b - Afrika Bio\" \/>\n<meta property=\"og:description\" content=\"&nbsp;   3 produits  100% pure et naturelle\" \/>\n<meta property=\"og:url\" content=\"https:\/\/www.afrikabio.com\/ar\/product\/recuperation-bien-etre\/\" \/>\n<meta property=\"og:site_name\" content=\"Afrika Bio\" \/>\n<meta property=\"article:publisher\" content=\"https:\/\/www.facebook.com\/profile.php?id=100090304284824\" \/>\n<meta property=\"article:modified_time\" content=\"2025-11-16T12:01:28+00:00\" \/>\n<meta property=\"og:image\" content=\"https:\/\/www.afrikabio.com\/wp-content\/uploads\/2024\/09\/poudre-baobab-touloucuna-moringa.jpg\" \/>\n\t<meta property=\"og:image:width\" content=\"900\" \/>\n\t<meta property=\"og:image:height\" content=\"900\" \/>\n\t<meta property=\"og:image:type\" content=\"image\/jpeg\" \/>\n<meta name=\"twitter:card\" content=\"summary_large_image\" \/>\n<meta name=\"twitter:label1\" content=\"\u0648\u0642\u062a \u0627\u0644\u0642\u0631\u0627\u0621\u0629 \u0627\u0644\u0645\u064f\u0642\u062f\u0651\u0631\" \/>\n\t<meta name=\"twitter:data1\" content=\"\u062f\u0642\u064a\u0642\u062a\u0627\u0646\" \/>\n<script type=\"application\/ld+json\" class=\"yoast-schema-graph\">{\"@context\":\"https:\/\/schema.org\",\"@graph\":[{\"@type\":\"WebPage\",\"@id\":\"https:\/\/www.afrikabio.com\/produit\/recuperation-bien-etre\/\",\"url\":\"https:\/\/www.afrikabio.com\/produit\/recuperation-bien-etre\/\",\"name\":\"R\u00e9cup\u00e9ration & bien \u00eatre \u200b - Afrika Bio\",\"isPartOf\":{\"@id\":\"https:\/\/www.afrikabio.com\/#website\"},\"primaryImageOfPage\":{\"@id\":\"https:\/\/www.afrikabio.com\/produit\/recuperation-bien-etre\/#primaryimage\"},\"image\":{\"@id\":\"https:\/\/www.afrikabio.com\/produit\/recuperation-bien-etre\/#primaryimage\"},\"thumbnailUrl\":\"https:\/\/www.afrikabio.com\/wp-content\/uploads\/2024\/09\/poudre-baobab-touloucuna-moringa.jpg\",\"datePublished\":\"2024-09-07T08:12:54+00:00\",\"dateModified\":\"2025-11-16T12:01:28+00:00\",\"breadcrumb\":{\"@id\":\"https:\/\/www.afrikabio.com\/produit\/recuperation-bien-etre\/#breadcrumb\"},\"inLanguage\":\"ar\",\"potentialAction\":[{\"@type\":\"ReadAction\",\"target\":[\"https:\/\/www.afrikabio.com\/produit\/recuperation-bien-etre\/\"]}]},{\"@type\":\"ImageObject\",\"inLanguage\":\"ar\",\"@id\":\"https:\/\/www.afrikabio.com\/produit\/recuperation-bien-etre\/#primaryimage\",\"url\":\"https:\/\/www.afrikabio.com\/wp-content\/uploads\/2024\/09\/poudre-baobab-touloucuna-moringa.jpg\",\"contentUrl\":\"https:\/\/www.afrikabio.com\/wp-content\/uploads\/2024\/09\/poudre-baobab-touloucuna-moringa.jpg\",\"width\":900,\"height\":900},{\"@type\":\"BreadcrumbList\",\"@id\":\"https:\/\/www.afrikabio.com\/produit\/recuperation-bien-etre\/#breadcrumb\",\"itemListElement\":[{\"@type\":\"ListItem\",\"position\":1,\"name\":\"Accueil\",\"item\":\"https:\/\/www.afrikabio.com\/\"},{\"@type\":\"ListItem\",\"position\":2,\"name\":\"Produits\",\"item\":\"https:\/\/www.afrikabio.com\/shop\/\"},{\"@type\":\"ListItem\",\"position\":3,\"name\":\"R\u00e9cup\u00e9ration &#038; bien \u00eatre \u200b\"}]},{\"@type\":\"WebSite\",\"@id\":\"https:\/\/www.afrikabio.com\/#website\",\"url\":\"https:\/\/www.afrikabio.com\/\",\"name\":\"Afrika Bio\",\"description\":\"Power of Nature\",\"publisher\":{\"@id\":\"https:\/\/www.afrikabio.com\/#organization\"},\"potentialAction\":[{\"@type\":\"SearchAction\",\"target\":{\"@type\":\"EntryPoint\",\"urlTemplate\":\"https:\/\/www.afrikabio.com\/?s={search_term_string}\"},\"query-input\":{\"@type\":\"PropertyValueSpecification\",\"valueRequired\":true,\"valueName\":\"search_term_string\"}}],\"inLanguage\":\"ar\"},{\"@type\":\"Organization\",\"@id\":\"https:\/\/www.afrikabio.com\/#organization\",\"name\":\"AfrikaBio\",\"url\":\"https:\/\/www.afrikabio.com\/\",\"logo\":{\"@type\":\"ImageObject\",\"inLanguage\":\"ar\",\"@id\":\"https:\/\/www.afrikabio.com\/#\/schema\/logo\/image\/\",\"url\":\"https:\/\/www.afrikabio.com\/wp-content\/uploads\/2024\/06\/cropped-cropped-logo-1.png\",\"contentUrl\":\"https:\/\/www.afrikabio.com\/wp-content\/uploads\/2024\/06\/cropped-cropped-logo-1.png\",\"width\":1420,\"height\":483,\"caption\":\"AfrikaBio\"},\"image\":{\"@id\":\"https:\/\/www.afrikabio.com\/#\/schema\/logo\/image\/\"},\"sameAs\":[\"https:\/\/www.facebook.com\/profile.php?id=100090304284824\"]}]}<\/script>\n<!-- \/ Yoast SEO plugin. -->","yoast_head_json":{"title":"R\u00e9cup\u00e9ration & bien \u00eatre \u200b - Afrika Bio","robots":{"index":"index","follow":"follow","max-snippet":"max-snippet:-1","max-image-preview":"max-image-preview:large","max-video-preview":"max-video-preview:-1"},"canonical":"https:\/\/www.afrikabio.com\/ar\/product\/recuperation-bien-etre\/","og_locale":"ar_AR","og_type":"article","og_title":"R\u00e9cup\u00e9ration & bien \u00eatre \u200b - Afrika Bio","og_description":"&nbsp;   3 produits  100% pure et naturelle","og_url":"https:\/\/www.afrikabio.com\/ar\/product\/recuperation-bien-etre\/","og_site_name":"Afrika Bio","article_publisher":"https:\/\/www.facebook.com\/profile.php?id=100090304284824","article_modified_time":"2025-11-16T12:01:28+00:00","og_image":[{"width":900,"height":900,"url":"https:\/\/www.afrikabio.com\/wp-content\/uploads\/2024\/09\/poudre-baobab-touloucuna-moringa.jpg","type":"image\/jpeg"}],"twitter_card":"summary_large_image","twitter_misc":{"\u0648\u0642\u062a \u0627\u0644\u0642\u0631\u0627\u0621\u0629 \u0627\u0644\u0645\u064f\u0642\u062f\u0651\u0631":"\u062f\u0642\u064a\u0642\u062a\u0627\u0646"},"schema":{"@context":"https:\/\/schema.org","@graph":[{"@type":"WebPage","@id":"https:\/\/www.afrikabio.com\/produit\/recuperation-bien-etre\/","url":"https:\/\/www.afrikabio.com\/produit\/recuperation-bien-etre\/","name":"R\u00e9cup\u00e9ration & bien \u00eatre \u200b - Afrika Bio","isPartOf":{"@id":"https:\/\/www.afrikabio.com\/#website"},"primaryImageOfPage":{"@id":"https:\/\/www.afrikabio.com\/produit\/recuperation-bien-etre\/#primaryimage"},"image":{"@id":"https:\/\/www.afrikabio.com\/produit\/recuperation-bien-etre\/#primaryimage"},"thumbnailUrl":"https:\/\/www.afrikabio.com\/wp-content\/uploads\/2024\/09\/poudre-baobab-touloucuna-moringa.jpg","datePublished":"2024-09-07T08:12:54+00:00","dateModified":"2025-11-16T12:01:28+00:00","breadcrumb":{"@id":"https:\/\/www.afrikabio.com\/produit\/recuperation-bien-etre\/#breadcrumb"},"inLanguage":"ar","potentialAction":[{"@type":"ReadAction","target":["https:\/\/www.afrikabio.com\/produit\/recuperation-bien-etre\/"]}]},{"@type":"ImageObject","inLanguage":"ar","@id":"https:\/\/www.afrikabio.com\/produit\/recuperation-bien-etre\/#primaryimage","url":"https:\/\/www.afrikabio.com\/wp-content\/uploads\/2024\/09\/poudre-baobab-touloucuna-moringa.jpg","contentUrl":"https:\/\/www.afrikabio.com\/wp-content\/uploads\/2024\/09\/poudre-baobab-touloucuna-moringa.jpg","width":900,"height":900},{"@type":"BreadcrumbList","@id":"https:\/\/www.afrikabio.com\/produit\/recuperation-bien-etre\/#breadcrumb","itemListElement":[{"@type":"ListItem","position":1,"name":"Accueil","item":"https:\/\/www.afrikabio.com\/"},{"@type":"ListItem","position":2,"name":"Produits","item":"https:\/\/www.afrikabio.com\/shop\/"},{"@type":"ListItem","position":3,"name":"R\u00e9cup\u00e9ration &#038; bien \u00eatre \u200b"}]},{"@type":"WebSite","@id":"https:\/\/www.afrikabio.com\/#website","url":"https:\/\/www.afrikabio.com\/","name":"Afrika Bio","description":"Power of Nature","publisher":{"@id":"https:\/\/www.afrikabio.com\/#organization"},"potentialAction":[{"@type":"SearchAction","target":{"@type":"EntryPoint","urlTemplate":"https:\/\/www.afrikabio.com\/?s={search_term_string}"},"query-input":{"@type":"PropertyValueSpecification","valueRequired":true,"valueName":"search_term_string"}}],"inLanguage":"ar"},{"@type":"Organization","@id":"https:\/\/www.afrikabio.com\/#organization","name":"AfrikaBio","url":"https:\/\/www.afrikabio.com\/","logo":{"@type":"ImageObject","inLanguage":"ar","@id":"https:\/\/www.afrikabio.com\/#\/schema\/logo\/image\/","url":"https:\/\/www.afrikabio.com\/wp-content\/uploads\/2024\/06\/cropped-cropped-logo-1.png","contentUrl":"https:\/\/www.afrikabio.com\/wp-content\/uploads\/2024\/06\/cropped-cropped-logo-1.png","width":1420,"height":483,"caption":"AfrikaBio"},"image":{"@id":"https:\/\/www.afrikabio.com\/#\/schema\/logo\/image\/"},"sameAs":["https:\/\/www.facebook.com\/profile.php?id=100090304284824"]}]}},"_links":{"self":[{"href":"https:\/\/www.afrikabio.com\/ar\/wp-json\/wp\/v2\/product\/1279","targetHints":{"allow":["GET"]}}],"collection":[{"href":"https:\/\/www.afrikabio.com\/ar\/wp-json\/wp\/v2\/product"}],"about":[{"href":"https:\/\/www.afrikabio.com\/ar\/wp-json\/wp\/v2\/types\/product"}],"replies":[{"embeddable":true,"href":"https:\/\/www.afrikabio.com\/ar\/wp-json\/wp\/v2\/comments?post=1279"}],"version-history":[{"count":1,"href":"https:\/\/www.afrikabio.com\/ar\/wp-json\/wp\/v2\/product\/1279\/revisions"}],"predecessor-version":[{"id":4234,"href":"https:\/\/www.afrikabio.com\/ar\/wp-json\/wp\/v2\/product\/1279\/revisions\/4234"}],"wp:featuredmedia":[{"embeddable":true,"href":"https:\/\/www.afrikabio.com\/ar\/wp-json\/wp\/v2\/media\/1657"}],"wp:attachment":[{"href":"https:\/\/www.afrikabio.com\/ar\/wp-json\/wp\/v2\/media?parent=1279"}],"wp:term":[{"taxonomy":"product_cat","embeddable":true,"href":"https:\/\/www.afrikabio.com\/ar\/wp-json\/wp\/v2\/product_cat?post=1279"},{"taxonomy":"product_tag","embeddable":true,"href":"https:\/\/www.afrikabio.com\/ar\/wp-json\/wp\/v2\/product_tag?post=1279"}],"curies":[{"name":"wp","href":"https:\/\/api.w.org\/{rel}","templated":true}]}}