{"id":671,"date":"2024-06-15T17:43:18","date_gmt":"2024-06-15T15:43:18","guid":{"rendered":"https:\/\/www.afrikabio.com\/?page_id=671"},"modified":"2025-08-29T07:16:46","modified_gmt":"2025-08-29T05:16:46","slug":"les-feuilles","status":"publish","type":"page","link":"https:\/\/www.afrikabio.com\/ar\/les-feuilles\/","title":{"rendered":"Les feuilles"},"content":{"rendered":"<div data-elementor-type=\"wp-page\" data-elementor-id=\"671\" class=\"elementor elementor-671\" data-elementor-post-type=\"page\">\n\t\t\t\t\t\t<section class=\"elementor-section elementor-top-section elementor-element elementor-element-2de0d99b rey-section-stretched elementor-section-full_width elementor-section-height-default elementor-section-height-default\" data-id=\"2de0d99b\" data-element_type=\"section\" data-e-type=\"section\">\n\t\t\t\t\t\t<div class=\"elementor-container elementor-column-gap-default\">\n\t\t\t\t\t<div class=\"elementor-column elementor-col-100 elementor-top-column elementor-element elementor-element-54bdd3e3\" data-id=\"54bdd3e3\" data-element_type=\"column\" data-e-type=\"column\">\n\t\t\t<div class=\"elementor-column-wrap--54bdd3e3 elementor-widget-wrap elementor-element-populated\">\n\t\t\t\t\t\t<div class=\"elementor-element elementor-element-348b3811 elementor-widget elementor-widget-reycore-basic-slider\" data-id=\"348b3811\" data-element_type=\"widget\" data-e-type=\"widget\" data-widget_type=\"reycore-basic-slider.default\">\n\t\t\t\t<div class=\"elementor-widget-container\">\n\t\t\t\t\t\n\t\t<div class=\"splide rey-bSlider --source-custom\">\n\t\t\n\t\t<div class=\"splide__track\">\n\t\t\t<div class=\"splide__list __slides\">\n\n\t\t\t\t<div class=\"splide__slide __slide elementor-repeater-item-472b6f9\" ><img fetchpriority=\"high\" decoding=\"async\" width=\"2560\" height=\"1442\" src=\"https:\/\/www.afrikabio.com\/wp-content\/uploads\/2024\/06\/feuille-naturel-scaled.jpg\" class=\"__media\" alt=\"\" srcset=\"https:\/\/www.afrikabio.com\/wp-content\/uploads\/2024\/06\/feuille-naturel-scaled.jpg 2560w, https:\/\/www.afrikabio.com\/wp-content\/uploads\/2024\/06\/feuille-naturel-scaled-360x203.jpg 360w, https:\/\/www.afrikabio.com\/wp-content\/uploads\/2024\/06\/feuille-naturel-scaled-600x338.jpg 600w, https:\/\/www.afrikabio.com\/wp-content\/uploads\/2024\/06\/feuille-naturel-300x169.jpg 300w, https:\/\/www.afrikabio.com\/wp-content\/uploads\/2024\/06\/feuille-naturel-1024x577.jpg 1024w, https:\/\/www.afrikabio.com\/wp-content\/uploads\/2024\/06\/feuille-naturel-150x84.jpg 150w, https:\/\/www.afrikabio.com\/wp-content\/uploads\/2024\/06\/feuille-naturel-768x433.jpg 768w, https:\/\/www.afrikabio.com\/wp-content\/uploads\/2024\/06\/feuille-naturel-1536x865.jpg 1536w, https:\/\/www.afrikabio.com\/wp-content\/uploads\/2024\/06\/feuille-naturel-2048x1154.jpg 2048w\" sizes=\"(max-width: 2560px) 100vw, 2560px\" \/><div class=\"__caption\"><h2 class=\"__captionEl __title\">Les Feuilles 100% Bio<\/h2><\/div><\/div>\n\t\t\t<\/div>\n\t\t<\/div>\n\t\t<\/div>\t\t\t\t<\/div>\n\t\t\t\t<\/div>\n\t\t\t\t\t<\/div>\n\t\t<\/div>\n\t\t\t\t\t<\/div>\n\t\t<\/section>\n\t\t\t\t<section class=\"elementor-section elementor-top-section elementor-element elementor-element-e41a29b elementor-section-boxed elementor-section-height-default elementor-section-height-default\" data-id=\"e41a29b\" data-element_type=\"section\" data-e-type=\"section\">\n\t\t\t\t\t\t<div class=\"elementor-container elementor-column-gap-default\">\n\t\t\t\t\t<div class=\"elementor-column elementor-col-100 elementor-top-column elementor-element elementor-element-9f1952e\" data-id=\"9f1952e\" data-element_type=\"column\" data-e-type=\"column\">\n\t\t\t<div class=\"elementor-column-wrap--9f1952e elementor-widget-wrap elementor-element-populated\">\n\t\t\t\t\t\t<div class=\"elementor-element elementor-element-88bd8d2 elementor-widget-mobile__width-inherit elementor-widget elementor-widget-reycore-slider-nav\" data-id=\"88bd8d2\" data-element_type=\"widget\" data-e-type=\"widget\" data-widget_type=\"reycore-slider-nav.default\">\n\t\t\t\t<div class=\"elementor-widget-container\">\n\t\t\t\t\t\t\t<div class=\"rey-sliderNav --hidden\" data-type=\"arrows\" data-slider-source=\"pg\" data-slider-id=\"carousel-5cd5506726c0b\">\n\n\t\t<div class=\"rey-arrowSvg rey-arrowSvg--left\" ><svg aria-hidden=\"true\" role=\"img\" id=\"rey-icon-arrow-long-69f1a18666853\" class=\"rey-icon rey-icon-arrow-long  --default\" viewbox=\"0 0 50 8\"><path d=\"M0.928904706,3.0387609 L44.0113745,3.0387609 L44.0113745,4.97541883 L0.928904706,4.97541883 C0.415884803,4.97541883 2.13162821e-14,4.54188318 2.13162821e-14,4.00708986 C2.13162821e-14,3.47229655 0.415884803,3.0387609 0.928904706,3.0387609 Z\" class=\"rey-arrowSvg-dash\" style=\"transform:var(--i-dsh-tr,initial);transition:var(--i-trs,initial);transform-origin:100% 50%;\"><\/path><path d=\"M49.6399545,3.16320794 L45.1502484,0.129110528 C45.0056033,0.0532149593 44.8474869,0.0092610397 44.685796,3.99680289e-14 C44.5479741,0.0112891909 44.4144881,0.0554642381 44.2956561,0.129110528 C44.0242223,0.2506013 43.8503957,0.531340097 43.8559745,0.839218433 L43.8559745,6.90741326 C43.8503957,7.21529159 44.0242223,7.49603039 44.2956561,7.61752116 C44.5594727,7.77895738 44.8864318,7.77895738 45.1502484,7.61752116 L49.6399545,4.58342375 C49.8682741,4.42554586 50.0055358,4.15892769 50.0055358,3.87331584 C50.0055358,3.587704 49.8682741,3.32108583 49.6399545,3.16320794 Z\"><\/path><\/svg><\/div><div class=\"rey-arrowSvg rey-arrowSvg--right\" ><svg aria-hidden=\"true\" role=\"img\" id=\"rey-icon-arrow-long-69f1a1866686e\" class=\"rey-icon rey-icon-arrow-long  --default\" viewbox=\"0 0 50 8\"><path d=\"M0.928904706,3.0387609 L44.0113745,3.0387609 L44.0113745,4.97541883 L0.928904706,4.97541883 C0.415884803,4.97541883 2.13162821e-14,4.54188318 2.13162821e-14,4.00708986 C2.13162821e-14,3.47229655 0.415884803,3.0387609 0.928904706,3.0387609 Z\" class=\"rey-arrowSvg-dash\" style=\"transform:var(--i-dsh-tr,initial);transition:var(--i-trs,initial);transform-origin:100% 50%;\"><\/path><path d=\"M49.6399545,3.16320794 L45.1502484,0.129110528 C45.0056033,0.0532149593 44.8474869,0.0092610397 44.685796,3.99680289e-14 C44.5479741,0.0112891909 44.4144881,0.0554642381 44.2956561,0.129110528 C44.0242223,0.2506013 43.8503957,0.531340097 43.8559745,0.839218433 L43.8559745,6.90741326 C43.8503957,7.21529159 44.0242223,7.49603039 44.2956561,7.61752116 C44.5594727,7.77895738 44.8864318,7.77895738 45.1502484,7.61752116 L49.6399545,4.58342375 C49.8682741,4.42554586 50.0055358,4.15892769 50.0055358,3.87331584 C50.0055358,3.587704 49.8682741,3.32108583 49.6399545,3.16320794 Z\"><\/path><\/svg><\/div><\/div>\t\t\t\t<\/div>\n\t\t\t\t<\/div>\n\t\t\t\t\t<\/div>\n\t\t<\/div>\n\t\t\t\t\t<\/div>\n\t\t<\/section>\n\t\t\t\t<section class=\"elementor-section elementor-top-section elementor-element elementor-element-4912346 rey-section-stretched rey-section-bg--classic elementor-section-boxed elementor-section-height-default elementor-section-height-default\" data-id=\"4912346\" data-element_type=\"section\" data-e-type=\"section\" data-settings=\"{&quot;background_background&quot;:&quot;classic&quot;}\">\n\t\t\t\t\t\t<div class=\"elementor-container elementor-column-gap-default\">\n\t\t\t\t\t<div class=\"elementor-column elementor-col-100 elementor-top-column elementor-element elementor-element-9e7363c\" data-id=\"9e7363c\" data-element_type=\"column\" data-e-type=\"column\">\n\t\t\t<div class=\"elementor-column-wrap--9e7363c elementor-widget-wrap elementor-element-populated\">\n\t\t\t\t\t\t<div class=\"pg-skin-cards elementor-element elementor-element-224dd30 elementor-widget elementor-widget-reycore-product-grid\" data-lazy-load=\"{&quot;element_id&quot;:&quot;224dd30&quot;,&quot;skin&quot;:&quot;carousel&quot;,&quot;trigger&quot;:&quot;scroll&quot;,&quot;qid&quot;:0,&quot;pid&quot;:671,&quot;options&quot;:{&quot;prevent_ba_content&quot;:&quot;yes&quot;,&quot;prevent_stretched&quot;:&quot;yes&quot;},&quot;cache&quot;:true}\" data-id=\"224dd30\" data-element_type=\"widget\" data-e-type=\"widget\" data-widget_type=\"reycore-product-grid.carousel\">\n\t\t\t\t<div class=\"elementor-widget-container\">\n\t\t\t\t\t<div class=\"__placeholder-wrapper placeholder_products products\"><div class=\"__placeholders\" style=\"--cols: 3; --cols-tablet: 2; --cols-mobile: 2;\"><div class=\"__placeholder-item\"><div class=\"__placeholder-thumb\"><\/div><div class=\"__placeholder-title\"><\/div><div class=\"__placeholder-subtitle\"><\/div><\/div><div class=\"__placeholder-item\"><div class=\"__placeholder-thumb\"><\/div><div class=\"__placeholder-title\"><\/div><div class=\"__placeholder-subtitle\"><\/div><\/div><div class=\"__placeholder-item\"><div class=\"__placeholder-thumb\"><\/div><div class=\"__placeholder-title\"><\/div><div class=\"__placeholder-subtitle\"><\/div><\/div><\/div><\/div>\t\t\t\t<\/div>\n\t\t\t\t<\/div>\n\t\t\t\t\t<\/div>\n\t\t<\/div>\n\t\t\t\t\t<\/div>\n\t\t<\/section>\n\t\t<div class=\"e-con-top elementor-element elementor-element-68d9ffc e-flex e-con-boxed e-con e-parent\" data-id=\"68d9ffc\" data-element_type=\"container\" data-e-type=\"container\">\n\t\t\t\t\t<div class=\"e-con-inner\">\n\t\t\t\t<div class=\"elementor-element elementor-element-610af91 elementor-widget elementor-widget-spacer\" data-id=\"610af91\" data-element_type=\"widget\" data-e-type=\"widget\" data-widget_type=\"spacer.default\">\n\t\t\t\t\t\t\t<div class=\"elementor-spacer\">\n\t\t\t<div class=\"elementor-spacer-inner\"><\/div>\n\t\t<\/div>\n\t\t\t\t\t\t<\/div>\n\t\t\t\t\t<\/div>\n\t\t\t\t<\/div>\n\t\t\t\t<\/div>","protected":false},"excerpt":{"rendered":"<p>Les Feuilles 100% Bio Edit Feuilles de CorossolFeuillesNote 0 sur 5 Feuilles de Corossol 13,00&nbsp;&euro;Add to bag Edit Feuilles d&rsquo;hibiscus sech\u00e9esFeuillesNote 0 sur 5 Feuilles d&rsquo;hibiscus sech\u00e9es 11,00&nbsp;&euro;Add to bag Edit Kinkeliba Feuilles S\u00e9ch\u00e9esFeuillesNote 0 sur 5 Kinkeliba Feuilles S\u00e9ch\u00e9es 11,00&nbsp;&euro;Add to bag<\/p>","protected":false},"author":2,"featured_media":0,"parent":0,"menu_order":0,"comment_status":"closed","ping_status":"closed","template":"","meta":{"_acf_changed":false,"footnotes":""},"class_list":["post-671","page","type-page","status-publish","hentry"],"acf":[],"yoast_head":"<!-- This site is optimized with the Yoast SEO plugin v26.6 - https:\/\/yoast.com\/wordpress\/plugins\/seo\/ -->\n<title>Les feuilles - Afrika Bio<\/title>\n<meta name=\"robots\" content=\"index, follow, max-snippet:-1, max-image-preview:large, max-video-preview:-1\" \/>\n<link rel=\"canonical\" href=\"https:\/\/www.afrikabio.com\/ar\/les-feuilles\/\" \/>\n<meta property=\"og:locale\" content=\"ar_AR\" \/>\n<meta property=\"og:type\" content=\"article\" \/>\n<meta property=\"og:title\" content=\"Les feuilles - Afrika Bio\" \/>\n<meta property=\"og:description\" content=\"Les Feuilles 100% Bio Edit Feuilles de CorossolFeuillesNote 0 sur 5 Feuilles de Corossol 13,00&nbsp;&euro;Add to bag Edit Feuilles d&rsquo;hibiscus sech\u00e9esFeuillesNote 0 sur 5 Feuilles d&rsquo;hibiscus sech\u00e9es 11,00&nbsp;&euro;Add to bag Edit Kinkeliba Feuilles S\u00e9ch\u00e9esFeuillesNote 0 sur 5 Kinkeliba Feuilles S\u00e9ch\u00e9es 11,00&nbsp;&euro;Add to bag\" \/>\n<meta property=\"og:url\" content=\"https:\/\/www.afrikabio.com\/ar\/les-feuilles\/\" \/>\n<meta property=\"og:site_name\" content=\"Afrika Bio\" \/>\n<meta property=\"article:publisher\" content=\"https:\/\/www.facebook.com\/profile.php?id=100090304284824\" \/>\n<meta property=\"article:modified_time\" content=\"2025-08-29T05:16:46+00:00\" \/>\n<meta property=\"og:image\" content=\"https:\/\/www.afrikabio.com\/wp-content\/uploads\/2024\/06\/feuille-naturel-scaled.jpg\" \/>\n<meta name=\"twitter:card\" content=\"summary_large_image\" \/>\n<script type=\"application\/ld+json\" class=\"yoast-schema-graph\">{\"@context\":\"https:\/\/schema.org\",\"@graph\":[{\"@type\":\"WebPage\",\"@id\":\"https:\/\/www.afrikabio.com\/les-feuilles\/\",\"url\":\"https:\/\/www.afrikabio.com\/les-feuilles\/\",\"name\":\"Les feuilles - Afrika Bio\",\"isPartOf\":{\"@id\":\"https:\/\/www.afrikabio.com\/#website\"},\"primaryImageOfPage\":{\"@id\":\"https:\/\/www.afrikabio.com\/les-feuilles\/#primaryimage\"},\"image\":{\"@id\":\"https:\/\/www.afrikabio.com\/les-feuilles\/#primaryimage\"},\"thumbnailUrl\":\"https:\/\/www.afrikabio.com\/wp-content\/uploads\/2024\/06\/feuille-naturel-scaled.jpg\",\"datePublished\":\"2024-06-15T15:43:18+00:00\",\"dateModified\":\"2025-08-29T05:16:46+00:00\",\"breadcrumb\":{\"@id\":\"https:\/\/www.afrikabio.com\/les-feuilles\/#breadcrumb\"},\"inLanguage\":\"ar\",\"potentialAction\":[{\"@type\":\"ReadAction\",\"target\":[\"https:\/\/www.afrikabio.com\/les-feuilles\/\"]}]},{\"@type\":\"ImageObject\",\"inLanguage\":\"ar\",\"@id\":\"https:\/\/www.afrikabio.com\/les-feuilles\/#primaryimage\",\"url\":\"https:\/\/www.afrikabio.com\/wp-content\/uploads\/2024\/06\/feuille-naturel-scaled.jpg\",\"contentUrl\":\"https:\/\/www.afrikabio.com\/wp-content\/uploads\/2024\/06\/feuille-naturel-scaled.jpg\"},{\"@type\":\"BreadcrumbList\",\"@id\":\"https:\/\/www.afrikabio.com\/les-feuilles\/#breadcrumb\",\"itemListElement\":[{\"@type\":\"ListItem\",\"position\":1,\"name\":\"Accueil\",\"item\":\"https:\/\/www.afrikabio.com\/\"},{\"@type\":\"ListItem\",\"position\":2,\"name\":\"Les feuilles\"}]},{\"@type\":\"WebSite\",\"@id\":\"https:\/\/www.afrikabio.com\/#website\",\"url\":\"https:\/\/www.afrikabio.com\/\",\"name\":\"Afrika Bio\",\"description\":\"Power of Nature\",\"publisher\":{\"@id\":\"https:\/\/www.afrikabio.com\/#organization\"},\"potentialAction\":[{\"@type\":\"SearchAction\",\"target\":{\"@type\":\"EntryPoint\",\"urlTemplate\":\"https:\/\/www.afrikabio.com\/?s={search_term_string}\"},\"query-input\":{\"@type\":\"PropertyValueSpecification\",\"valueRequired\":true,\"valueName\":\"search_term_string\"}}],\"inLanguage\":\"ar\"},{\"@type\":\"Organization\",\"@id\":\"https:\/\/www.afrikabio.com\/#organization\",\"name\":\"AfrikaBio\",\"url\":\"https:\/\/www.afrikabio.com\/\",\"logo\":{\"@type\":\"ImageObject\",\"inLanguage\":\"ar\",\"@id\":\"https:\/\/www.afrikabio.com\/#\/schema\/logo\/image\/\",\"url\":\"https:\/\/www.afrikabio.com\/wp-content\/uploads\/2024\/06\/cropped-cropped-logo-1.png\",\"contentUrl\":\"https:\/\/www.afrikabio.com\/wp-content\/uploads\/2024\/06\/cropped-cropped-logo-1.png\",\"width\":1420,\"height\":483,\"caption\":\"AfrikaBio\"},\"image\":{\"@id\":\"https:\/\/www.afrikabio.com\/#\/schema\/logo\/image\/\"},\"sameAs\":[\"https:\/\/www.facebook.com\/profile.php?id=100090304284824\"]}]}<\/script>\n<!-- \/ Yoast SEO plugin. -->","yoast_head_json":{"title":"Les feuilles - Afrika Bio","robots":{"index":"index","follow":"follow","max-snippet":"max-snippet:-1","max-image-preview":"max-image-preview:large","max-video-preview":"max-video-preview:-1"},"canonical":"https:\/\/www.afrikabio.com\/ar\/les-feuilles\/","og_locale":"ar_AR","og_type":"article","og_title":"Les feuilles - Afrika Bio","og_description":"Les Feuilles 100% Bio Edit Feuilles de CorossolFeuillesNote 0 sur 5 Feuilles de Corossol 13,00&nbsp;&euro;Add to bag Edit Feuilles d&rsquo;hibiscus sech\u00e9esFeuillesNote 0 sur 5 Feuilles d&rsquo;hibiscus sech\u00e9es 11,00&nbsp;&euro;Add to bag Edit Kinkeliba Feuilles S\u00e9ch\u00e9esFeuillesNote 0 sur 5 Kinkeliba Feuilles S\u00e9ch\u00e9es 11,00&nbsp;&euro;Add to bag","og_url":"https:\/\/www.afrikabio.com\/ar\/les-feuilles\/","og_site_name":"Afrika Bio","article_publisher":"https:\/\/www.facebook.com\/profile.php?id=100090304284824","article_modified_time":"2025-08-29T05:16:46+00:00","og_image":[{"url":"https:\/\/www.afrikabio.com\/wp-content\/uploads\/2024\/06\/feuille-naturel-scaled.jpg","type":"","width":"","height":""}],"twitter_card":"summary_large_image","schema":{"@context":"https:\/\/schema.org","@graph":[{"@type":"WebPage","@id":"https:\/\/www.afrikabio.com\/les-feuilles\/","url":"https:\/\/www.afrikabio.com\/les-feuilles\/","name":"Les feuilles - Afrika Bio","isPartOf":{"@id":"https:\/\/www.afrikabio.com\/#website"},"primaryImageOfPage":{"@id":"https:\/\/www.afrikabio.com\/les-feuilles\/#primaryimage"},"image":{"@id":"https:\/\/www.afrikabio.com\/les-feuilles\/#primaryimage"},"thumbnailUrl":"https:\/\/www.afrikabio.com\/wp-content\/uploads\/2024\/06\/feuille-naturel-scaled.jpg","datePublished":"2024-06-15T15:43:18+00:00","dateModified":"2025-08-29T05:16:46+00:00","breadcrumb":{"@id":"https:\/\/www.afrikabio.com\/les-feuilles\/#breadcrumb"},"inLanguage":"ar","potentialAction":[{"@type":"ReadAction","target":["https:\/\/www.afrikabio.com\/les-feuilles\/"]}]},{"@type":"ImageObject","inLanguage":"ar","@id":"https:\/\/www.afrikabio.com\/les-feuilles\/#primaryimage","url":"https:\/\/www.afrikabio.com\/wp-content\/uploads\/2024\/06\/feuille-naturel-scaled.jpg","contentUrl":"https:\/\/www.afrikabio.com\/wp-content\/uploads\/2024\/06\/feuille-naturel-scaled.jpg"},{"@type":"BreadcrumbList","@id":"https:\/\/www.afrikabio.com\/les-feuilles\/#breadcrumb","itemListElement":[{"@type":"ListItem","position":1,"name":"Accueil","item":"https:\/\/www.afrikabio.com\/"},{"@type":"ListItem","position":2,"name":"Les feuilles"}]},{"@type":"WebSite","@id":"https:\/\/www.afrikabio.com\/#website","url":"https:\/\/www.afrikabio.com\/","name":"Afrika Bio","description":"Power of Nature","publisher":{"@id":"https:\/\/www.afrikabio.com\/#organization"},"potentialAction":[{"@type":"SearchAction","target":{"@type":"EntryPoint","urlTemplate":"https:\/\/www.afrikabio.com\/?s={search_term_string}"},"query-input":{"@type":"PropertyValueSpecification","valueRequired":true,"valueName":"search_term_string"}}],"inLanguage":"ar"},{"@type":"Organization","@id":"https:\/\/www.afrikabio.com\/#organization","name":"AfrikaBio","url":"https:\/\/www.afrikabio.com\/","logo":{"@type":"ImageObject","inLanguage":"ar","@id":"https:\/\/www.afrikabio.com\/#\/schema\/logo\/image\/","url":"https:\/\/www.afrikabio.com\/wp-content\/uploads\/2024\/06\/cropped-cropped-logo-1.png","contentUrl":"https:\/\/www.afrikabio.com\/wp-content\/uploads\/2024\/06\/cropped-cropped-logo-1.png","width":1420,"height":483,"caption":"AfrikaBio"},"image":{"@id":"https:\/\/www.afrikabio.com\/#\/schema\/logo\/image\/"},"sameAs":["https:\/\/www.facebook.com\/profile.php?id=100090304284824"]}]}},"_links":{"self":[{"href":"https:\/\/www.afrikabio.com\/ar\/wp-json\/wp\/v2\/pages\/671","targetHints":{"allow":["GET"]}}],"collection":[{"href":"https:\/\/www.afrikabio.com\/ar\/wp-json\/wp\/v2\/pages"}],"about":[{"href":"https:\/\/www.afrikabio.com\/ar\/wp-json\/wp\/v2\/types\/page"}],"author":[{"embeddable":true,"href":"https:\/\/www.afrikabio.com\/ar\/wp-json\/wp\/v2\/users\/2"}],"replies":[{"embeddable":true,"href":"https:\/\/www.afrikabio.com\/ar\/wp-json\/wp\/v2\/comments?post=671"}],"version-history":[{"count":0,"href":"https:\/\/www.afrikabio.com\/ar\/wp-json\/wp\/v2\/pages\/671\/revisions"}],"wp:attachment":[{"href":"https:\/\/www.afrikabio.com\/ar\/wp-json\/wp\/v2\/media?parent=671"}],"curies":[{"name":"wp","href":"https:\/\/api.w.org\/{rel}","templated":true}]}}