{"id":1097,"date":"2024-09-02T08:02:52","date_gmt":"2024-09-02T06:02:52","guid":{"rendered":"https:\/\/www.afrikabio.com\/?page_id=1097"},"modified":"2025-08-31T12:50:31","modified_gmt":"2025-08-31T10:50:31","slug":"a-propos","status":"publish","type":"page","link":"https:\/\/www.afrikabio.com\/ar\/a-propos\/","title":{"rendered":"\u0646\u0628\u0630\u0629 \u0639\u0646\u0627"},"content":{"rendered":"<div data-elementor-type=\"wp-page\" data-elementor-id=\"1097\" class=\"elementor elementor-1097\" data-elementor-post-type=\"page\">\n\t\t\t\t\t\t<section class=\"elementor-section elementor-top-section elementor-element elementor-element-1c10915d rey-section-stretched elementor-section-full_width elementor-section-height-default elementor-section-height-default\" data-id=\"1c10915d\" data-element_type=\"section\" data-e-type=\"section\">\n\t\t\t\t\t\t<div class=\"elementor-container elementor-column-gap-default\">\n\t\t\t\t\t<div class=\"elementor-column elementor-col-100 elementor-top-column elementor-element elementor-element-5b844624\" data-id=\"5b844624\" data-element_type=\"column\" data-e-type=\"column\">\n\t\t\t<div class=\"elementor-column-wrap--5b844624 elementor-widget-wrap elementor-element-populated\">\n\t\t\t\t\t\t<div class=\"elementor-element elementor-element-25369118 elementor-widget elementor-widget-reycore-basic-slider\" data-id=\"25369118\" data-element_type=\"widget\" data-e-type=\"widget\" data-widget_type=\"reycore-basic-slider.default\">\n\t\t\t\t<div class=\"elementor-widget-container\">\n\t\t\t\t\t\n\t\t<div class=\"splide rey-bSlider --source-custom\">\n\t\t\n\t\t<div class=\"splide__track\">\n\t\t\t<div class=\"splide__list __slides\">\n\n\t\t\t\t<div class=\"splide__slide __slide elementor-repeater-item-472b6f9\" ><img fetchpriority=\"high\" decoding=\"async\" width=\"2560\" height=\"1128\" src=\"https:\/\/www.afrikabio.com\/wp-content\/uploads\/2024\/09\/nature-afrique-scaled.jpg\" class=\"__media\" alt=\"\" srcset=\"https:\/\/www.afrikabio.com\/wp-content\/uploads\/2024\/09\/nature-afrique-scaled.jpg 2560w, https:\/\/www.afrikabio.com\/wp-content\/uploads\/2024\/09\/nature-afrique-scaled-360x159.jpg 360w, https:\/\/www.afrikabio.com\/wp-content\/uploads\/2024\/09\/nature-afrique-scaled-600x264.jpg 600w, https:\/\/www.afrikabio.com\/wp-content\/uploads\/2024\/09\/nature-afrique-300x132.jpg 300w, https:\/\/www.afrikabio.com\/wp-content\/uploads\/2024\/09\/nature-afrique-1024x451.jpg 1024w, https:\/\/www.afrikabio.com\/wp-content\/uploads\/2024\/09\/nature-afrique-150x66.jpg 150w, https:\/\/www.afrikabio.com\/wp-content\/uploads\/2024\/09\/nature-afrique-768x338.jpg 768w, https:\/\/www.afrikabio.com\/wp-content\/uploads\/2024\/09\/nature-afrique-1536x677.jpg 1536w, https:\/\/www.afrikabio.com\/wp-content\/uploads\/2024\/09\/nature-afrique-2048x903.jpg 2048w\" sizes=\"(max-width: 2560px) 100vw, 2560px\" \/><div class=\"__caption\"><h2 class=\"__captionEl __title\">Produits Africain 100% Bio<\/h2><\/div><\/div>\n\t\t\t<\/div>\n\t\t<\/div>\n\t\t<\/div>\t\t\t\t<\/div>\n\t\t\t\t<\/div>\n\t\t\t\t\t<\/div>\n\t\t<\/div>\n\t\t\t\t\t<\/div>\n\t\t<\/section>\n\t\t\t\t<section class=\"elementor-section elementor-top-section elementor-element elementor-element-300d3a9f elementor-section-boxed elementor-section-height-default elementor-section-height-default\" data-id=\"300d3a9f\" data-element_type=\"section\" data-e-type=\"section\">\n\t\t\t\t\t\t<div class=\"elementor-container elementor-column-gap-default\">\n\t\t\t\t\t<div class=\"elementor-column elementor-col-100 elementor-top-column elementor-element elementor-element-574b59fc\" data-id=\"574b59fc\" data-element_type=\"column\" data-e-type=\"column\">\n\t\t\t<div class=\"elementor-column-wrap--574b59fc elementor-widget-wrap elementor-element-populated\">\n\t\t\t\t\t\t<div class=\"elementor-element elementor-element-5416ba4 elementor-widget elementor-widget-heading\" data-id=\"5416ba4\" data-element_type=\"widget\" data-e-type=\"widget\" data-widget_type=\"heading.default\">\n\t\t\t\t\t<h1 class=\"elementor-heading-title elementor-size-xxl\">Histoire<\/h1>\t\t\t\t<\/div>\n\t\t\t\t<div class=\"elementor-element elementor-element-54970a9c elementor-widget__width-initial --il--stretch --il--tablet-stretch elementor-widget elementor-widget-text-editor\" data-id=\"54970a9c\" data-element_type=\"widget\" data-e-type=\"widget\" data-widget_type=\"text-editor.default\">\n\t\t\t\t\t\t\t\t\t<p>Leila est une femme passionn\u00e9e par l\u2019Afrique et ses tr\u00e9sors naturels. inspir\u00e9e par sa tante et convaincue du pouvoir de la nature, elle a d\u00e9cid\u00e9 de se lancer dans un projet unique : faire d\u00e9couvrir au monde les bienfaits des produits africains, r\u00e9put\u00e9s pour leurs vertus curatives.<\/p>\t\t\t\t\t\t\t\t<\/div>\n\t\t\t\t\t<\/div>\n\t\t<\/div>\n\t\t\t\t\t<\/div>\n\t\t<\/section>\n\t\t\t\t<section class=\"elementor-section elementor-top-section elementor-element elementor-element-64e80d71 elementor-section-content-middle elementor-section-boxed elementor-section-height-default elementor-section-height-default\" data-id=\"64e80d71\" data-element_type=\"section\" data-e-type=\"section\">\n\t\t\t\t\t\t<div class=\"elementor-container elementor-column-gap-wider\">\n\t\t\t\t\t<div class=\"elementor-column elementor-col-50 elementor-top-column elementor-element elementor-element-7bf01803\" data-id=\"7bf01803\" data-element_type=\"column\" data-e-type=\"column\">\n\t\t\t<div class=\"elementor-column-wrap--7bf01803 elementor-widget-wrap elementor-element-populated\">\n\t\t\t\t\t\t<div class=\"elementor-element elementor-element-2b58efa1 u-hover-img-animation --zindexed-2 elementor-widget elementor-widget-image\" data-id=\"2b58efa1\" data-element_type=\"widget\" data-e-type=\"widget\" data-widget_type=\"image.default\">\n\t\t\t\t\t\t\t\t\t\t\t\t\t\t\t\t<a href=\"#\">\n\t\t\t\t\t\t\t<img decoding=\"async\" width=\"1024\" height=\"568\" src=\"https:\/\/www.afrikabio.com\/wp-content\/uploads\/2024\/09\/Poudre-de-moringa-1024x568.jpg\" class=\"attachment-large size-large wp-image-1112\" alt=\"\" srcset=\"https:\/\/www.afrikabio.com\/wp-content\/uploads\/2024\/09\/Poudre-de-moringa-1024x568.jpg 1024w, https:\/\/www.afrikabio.com\/wp-content\/uploads\/2024\/09\/Poudre-de-moringa-scaled-360x200.jpg 360w, https:\/\/www.afrikabio.com\/wp-content\/uploads\/2024\/09\/Poudre-de-moringa-scaled-600x333.jpg 600w, https:\/\/www.afrikabio.com\/wp-content\/uploads\/2024\/09\/Poudre-de-moringa-300x166.jpg 300w, https:\/\/www.afrikabio.com\/wp-content\/uploads\/2024\/09\/Poudre-de-moringa-150x83.jpg 150w, https:\/\/www.afrikabio.com\/wp-content\/uploads\/2024\/09\/Poudre-de-moringa-768x426.jpg 768w, https:\/\/www.afrikabio.com\/wp-content\/uploads\/2024\/09\/Poudre-de-moringa-1536x852.jpg 1536w, https:\/\/www.afrikabio.com\/wp-content\/uploads\/2024\/09\/Poudre-de-moringa-2048x1135.jpg 2048w\" sizes=\"(max-width: 1024px) 100vw, 1024px\" \/>\t\t\t\t\t\t\t\t<\/a>\n\t\t\t\t\t\t\t\t\t\t\t\t\t\t\t<\/div>\n\t\t\t\t\t<\/div>\n\t\t<\/div>\n\t\t\t\t<div class=\"elementor-column elementor-col-50 elementor-top-column elementor-element elementor-element-7bc3de86\" data-id=\"7bc3de86\" data-element_type=\"column\" data-e-type=\"column\">\n\t\t\t<div class=\"elementor-column-wrap--7bc3de86 elementor-widget-wrap elementor-element-populated\">\n\t\t\t\t\t\t<div class=\"elementor-element elementor-element-1030eae5 elementor-widget__width-auto elementor-absolute elementor-hidden-tablet elementor-hidden-phone elementor-widget-divider--view-line elementor-widget elementor-widget-divider\" data-id=\"1030eae5\" data-element_type=\"widget\" data-e-type=\"widget\" data-settings=\"{&quot;_position&quot;:&quot;absolute&quot;}\" data-widget_type=\"divider.default\">\n\t\t\t\t\t\t\t<div class=\"elementor-divider\">\n\t\t\t<span class=\"elementor-divider-separator\">\n\t\t\t\t\t\t<\/span>\n\t\t<\/div>\n\t\t\t\t\t\t<\/div>\n\t\t\t\t<div class=\"elementor-element elementor-element-60a9319d elementor-widget elementor-widget-heading\" data-id=\"60a9319d\" data-element_type=\"widget\" data-e-type=\"widget\" data-widget_type=\"heading.default\">\n\t\t\t\t\t<h2 class=\"elementor-heading-title elementor-size-default\">La Gu\u00e9rison par la Nature\n<\/h2>\t\t\t\t<\/div>\n\t\t\t\t<div class=\"elementor-element elementor-element-2a03e560 elementor-widget elementor-widget-text-editor\" data-id=\"2a03e560\" data-element_type=\"widget\" data-e-type=\"widget\" data-widget_type=\"text-editor.default\">\n\t\t\t\t\t\t\t\t\t<p>Ce qui motive Leila, c\u2019est la force de la nature, cette capacit\u00e9 qu\u2019ont les \u00e9l\u00e9ments naturels \u00e0 gu\u00e9rir et \u00e0 renforcer notre bien-\u00eatre. Elle croit profond\u00e9ment que les produits issus de la terre africaine, qu\u2019il s\u2019agisse de plantes, d\u2019huiles ou de rem\u00e8des traditionnels, peuvent apporter des solutions naturelles aux maux du quotidien.<\/p>\t\t\t\t\t\t\t\t<\/div>\n\t\t\t\t\t<\/div>\n\t\t<\/div>\n\t\t\t\t\t<\/div>\n\t\t<\/section>\n\t\t\t\t<section class=\"elementor-section elementor-top-section elementor-element elementor-element-178155a1 elementor-section-boxed elementor-section-height-default elementor-section-height-default\" data-id=\"178155a1\" data-element_type=\"section\" data-e-type=\"section\">\n\t\t\t\t\t\t<div class=\"elementor-container elementor-column-gap-default\">\n\t\t\t\t\t<div class=\"elementor-column elementor-col-100 elementor-top-column elementor-element elementor-element-73d656bf\" data-id=\"73d656bf\" data-element_type=\"column\" data-e-type=\"column\">\n\t\t\t<div class=\"elementor-column-wrap--73d656bf elementor-widget-wrap elementor-element-populated\">\n\t\t\t\t\t\t<div class=\"elementor-element elementor-element-5385f724 elementor-widget elementor-widget-text-editor\" data-id=\"5385f724\" data-element_type=\"widget\" data-e-type=\"widget\" data-widget_type=\"text-editor.default\">\n\t\t\t\t\t\t\t\t\t<h3>Passionn\u00e9e<br \/>Visionnaire<br \/>Engag\u00e9e<\/h3>\t\t\t\t\t\t\t\t<\/div>\n\t\t\t\t<div class=\"elementor-element elementor-element-24849596 elementor-widget elementor-widget-text-editor\" data-id=\"24849596\" data-element_type=\"widget\" data-e-type=\"widget\" data-widget_type=\"text-editor.default\">\n\t\t\t\t\t\t\t\t\t<p>\u00c0 travers son entreprise, Leila ne se contente pas de proposer des produits ; elle promeut une philosophie de vie. Son objectif est de reconnecter les gens \u00e0 la nature, de les sensibiliser aux bienfaits des soins naturels et de valoriser la richesse culturelle et environnementale de l\u2019Afrique.<\/p>\t\t\t\t\t\t\t\t<\/div>\n\t\t\t\t\t<\/div>\n\t\t<\/div>\n\t\t\t\t\t<\/div>\n\t\t<\/section>\n\t\t\t\t<section class=\"elementor-section elementor-top-section elementor-element elementor-element-221778ab elementor-section-content-middle elementor-section-boxed elementor-section-height-default elementor-section-height-default\" data-id=\"221778ab\" data-element_type=\"section\" data-e-type=\"section\">\n\t\t\t\t\t\t<div class=\"elementor-container elementor-column-gap-wider\">\n\t\t\t\t\t<div class=\"elementor-column elementor-col-50 elementor-top-column elementor-element elementor-element-2fdb2711\" data-id=\"2fdb2711\" data-element_type=\"column\" data-e-type=\"column\">\n\t\t\t<div class=\"elementor-column-wrap--2fdb2711 elementor-widget-wrap elementor-element-populated\">\n\t\t\t\t\t\t<div class=\"elementor-element elementor-element-75923c30 elementor-widget__width-auto elementor-absolute elementor-hidden-tablet elementor-hidden-phone elementor-widget-divider--view-line elementor-widget elementor-widget-divider\" data-id=\"75923c30\" data-element_type=\"widget\" data-e-type=\"widget\" data-settings=\"{&quot;_position&quot;:&quot;absolute&quot;}\" data-widget_type=\"divider.default\">\n\t\t\t\t\t\t\t<div class=\"elementor-divider\">\n\t\t\t<span class=\"elementor-divider-separator\">\n\t\t\t\t\t\t<\/span>\n\t\t<\/div>\n\t\t\t\t\t\t<\/div>\n\t\t\t\t<div class=\"elementor-element elementor-element-60c04b31 elementor-widget__width-auto elementor-widget elementor-widget-heading\" data-id=\"60c04b31\" data-element_type=\"widget\" data-e-type=\"widget\" data-widget_type=\"heading.default\">\n\t\t\t\t\t<h2 class=\"elementor-heading-title elementor-size-default\">POWER OF NATURE<\/h2>\t\t\t\t<\/div>\n\t\t\t\t<div class=\"elementor-element elementor-element-5568d857 elementor-widget elementor-widget-text-editor\" data-id=\"5568d857\" data-element_type=\"widget\" data-e-type=\"widget\" data-widget_type=\"text-editor.default\">\n\t\t\t\t\t\t\t\t\t<p>En mettant en avant la \u201cpower of nature\u201d, Leila s\u2019engage \u00e0 offrir des alternatives naturelles aux m\u00e9thodes conventionnelles, tout en respectant la terre et ses ressources. Elle souhaite inspirer chacun \u00e0 adopter une approche plus naturelle du bien-\u00eatre, en s\u2019appuyant sur des produits authentiques et issus de traditions s\u00e9culaires.<\/p>\t\t\t\t\t\t\t\t<\/div>\n\t\t\t\t\t<\/div>\n\t\t<\/div>\n\t\t\t\t<div class=\"elementor-column elementor-col-50 elementor-top-column elementor-element elementor-element-3c28443b\" data-id=\"3c28443b\" data-element_type=\"column\" data-e-type=\"column\">\n\t\t\t<div class=\"elementor-column-wrap--3c28443b elementor-widget-wrap elementor-element-populated\">\n\t\t\t\t\t\t<div class=\"elementor-element elementor-element-6bff8318 u-hover-img-animation --zindexed-1 elementor-widget elementor-widget-image\" data-id=\"6bff8318\" data-element_type=\"widget\" data-e-type=\"widget\" data-widget_type=\"image.default\">\n\t\t\t\t\t\t\t\t\t\t\t\t\t\t\t\t<a href=\"#\">\n\t\t\t\t\t\t\t<img decoding=\"async\" width=\"1024\" height=\"568\" src=\"https:\/\/www.afrikabio.com\/wp-content\/uploads\/2024\/09\/racines--1024x568.jpg\" class=\"attachment-large size-large wp-image-1116\" alt=\"\" srcset=\"https:\/\/www.afrikabio.com\/wp-content\/uploads\/2024\/09\/racines--1024x568.jpg 1024w, https:\/\/www.afrikabio.com\/wp-content\/uploads\/2024\/09\/racines--scaled-360x200.jpg 360w, https:\/\/www.afrikabio.com\/wp-content\/uploads\/2024\/09\/racines--scaled-600x333.jpg 600w, https:\/\/www.afrikabio.com\/wp-content\/uploads\/2024\/09\/racines--300x166.jpg 300w, https:\/\/www.afrikabio.com\/wp-content\/uploads\/2024\/09\/racines--150x83.jpg 150w, https:\/\/www.afrikabio.com\/wp-content\/uploads\/2024\/09\/racines--768x426.jpg 768w, https:\/\/www.afrikabio.com\/wp-content\/uploads\/2024\/09\/racines--1536x852.jpg 1536w, https:\/\/www.afrikabio.com\/wp-content\/uploads\/2024\/09\/racines--2048x1135.jpg 2048w\" sizes=\"(max-width: 1024px) 100vw, 1024px\" \/>\t\t\t\t\t\t\t\t<\/a>\n\t\t\t\t\t\t\t\t\t\t\t\t\t\t\t<\/div>\n\t\t\t\t\t<\/div>\n\t\t<\/div>\n\t\t\t\t\t<\/div>\n\t\t<\/section>\n\t\t\t\t<section class=\"elementor-section elementor-top-section elementor-element elementor-element-635ed38 elementor-section-boxed elementor-section-height-default elementor-section-height-default\" data-id=\"635ed38\" data-element_type=\"section\" data-e-type=\"section\">\n\t\t\t\t\t\t<div class=\"elementor-container elementor-column-gap-default\">\n\t\t\t\t\t<div class=\"elementor-column elementor-col-100 elementor-top-column elementor-element elementor-element-b9c5a0d\" data-id=\"b9c5a0d\" data-element_type=\"column\" data-e-type=\"column\">\n\t\t\t<div class=\"elementor-column-wrap--b9c5a0d elementor-widget-wrap elementor-element-populated\">\n\t\t\t\t\t\t<div class=\"elementor-element elementor-element-5824f64 elementor-widget elementor-widget-text-editor\" data-id=\"5824f64\" data-element_type=\"widget\" data-e-type=\"widget\" data-widget_type=\"text-editor.default\">\n\t\t\t\t\t\t\t\t\t<p><strong>Aujourd\u2019hui, Leila poursuit cette aventure avec passion, d\u00e9termin\u00e9e \u00e0 partager avec le monde les secrets de la gu\u00e9rison naturelle, en parfaite harmonie avec la nature.<\/strong><\/p>\t\t\t\t\t\t\t\t<\/div>\n\t\t\t\t\t<\/div>\n\t\t<\/div>\n\t\t\t\t\t<\/div>\n\t\t<\/section>\n\t\t\t\t<\/div>","protected":false},"excerpt":{"rendered":"<p>Produits Africain 100% Bio Histoire Leila est une femme passionn\u00e9e par l\u2019Afrique et ses tr\u00e9sors naturels. inspir\u00e9e par sa tante et convaincue du pouvoir de la nature, elle a d\u00e9cid\u00e9 de se lancer dans un projet unique : faire d\u00e9couvrir au monde les bienfaits des produits africains, r\u00e9put\u00e9s pour leurs vertus curatives. La Gu\u00e9rison par [&hellip;]<\/p>","protected":false},"author":2,"featured_media":0,"parent":0,"menu_order":0,"comment_status":"closed","ping_status":"closed","template":"","meta":{"_acf_changed":false,"footnotes":""},"class_list":["post-1097","page","type-page","status-publish","hentry"],"acf":[],"yoast_head":"<!-- This site is optimized with the Yoast SEO plugin v26.6 - https:\/\/yoast.com\/wordpress\/plugins\/seo\/ -->\n<title>\u00c0 propos - Afrika Bio<\/title>\n<meta name=\"robots\" content=\"index, follow, max-snippet:-1, max-image-preview:large, max-video-preview:-1\" \/>\n<link rel=\"canonical\" href=\"https:\/\/www.afrikabio.com\/ar\/a-propos\/\" \/>\n<meta property=\"og:locale\" content=\"ar_AR\" \/>\n<meta property=\"og:type\" content=\"article\" \/>\n<meta property=\"og:title\" content=\"\u00c0 propos - Afrika Bio\" \/>\n<meta property=\"og:description\" content=\"Produits Africain 100% Bio Histoire Leila est une femme passionn\u00e9e par l\u2019Afrique et ses tr\u00e9sors naturels. inspir\u00e9e par sa tante et convaincue du pouvoir de la nature, elle a d\u00e9cid\u00e9 de se lancer dans un projet unique : faire d\u00e9couvrir au monde les bienfaits des produits africains, r\u00e9put\u00e9s pour leurs vertus curatives. La Gu\u00e9rison par [&hellip;]\" \/>\n<meta property=\"og:url\" content=\"https:\/\/www.afrikabio.com\/ar\/a-propos\/\" \/>\n<meta property=\"og:site_name\" content=\"Afrika Bio\" \/>\n<meta property=\"article:publisher\" content=\"https:\/\/www.facebook.com\/profile.php?id=100090304284824\" \/>\n<meta property=\"article:modified_time\" content=\"2025-08-31T10:50:31+00:00\" \/>\n<meta property=\"og:image\" content=\"https:\/\/www.afrikabio.com\/wp-content\/uploads\/2024\/09\/nature-afrique-scaled.jpg\" \/>\n<meta name=\"twitter:card\" content=\"summary_large_image\" \/>\n<meta name=\"twitter:label1\" content=\"\u0648\u0642\u062a \u0627\u0644\u0642\u0631\u0627\u0621\u0629 \u0627\u0644\u0645\u064f\u0642\u062f\u0651\u0631\" \/>\n\t<meta name=\"twitter:data1\" content=\"\u062f\u0642\u064a\u0642\u0629 \u0648\u0627\u062d\u062f\u0629\" \/>\n<script type=\"application\/ld+json\" class=\"yoast-schema-graph\">{\"@context\":\"https:\/\/schema.org\",\"@graph\":[{\"@type\":\"WebPage\",\"@id\":\"https:\/\/www.afrikabio.com\/a-propos\/\",\"url\":\"https:\/\/www.afrikabio.com\/a-propos\/\",\"name\":\"\u00c0 propos - Afrika Bio\",\"isPartOf\":{\"@id\":\"https:\/\/www.afrikabio.com\/#website\"},\"primaryImageOfPage\":{\"@id\":\"https:\/\/www.afrikabio.com\/a-propos\/#primaryimage\"},\"image\":{\"@id\":\"https:\/\/www.afrikabio.com\/a-propos\/#primaryimage\"},\"thumbnailUrl\":\"https:\/\/www.afrikabio.com\/wp-content\/uploads\/2024\/09\/nature-afrique-scaled.jpg\",\"datePublished\":\"2024-09-02T06:02:52+00:00\",\"dateModified\":\"2025-08-31T10:50:31+00:00\",\"breadcrumb\":{\"@id\":\"https:\/\/www.afrikabio.com\/a-propos\/#breadcrumb\"},\"inLanguage\":\"ar\",\"potentialAction\":[{\"@type\":\"ReadAction\",\"target\":[\"https:\/\/www.afrikabio.com\/a-propos\/\"]}]},{\"@type\":\"ImageObject\",\"inLanguage\":\"ar\",\"@id\":\"https:\/\/www.afrikabio.com\/a-propos\/#primaryimage\",\"url\":\"https:\/\/www.afrikabio.com\/wp-content\/uploads\/2024\/09\/nature-afrique-scaled.jpg\",\"contentUrl\":\"https:\/\/www.afrikabio.com\/wp-content\/uploads\/2024\/09\/nature-afrique-scaled.jpg\"},{\"@type\":\"BreadcrumbList\",\"@id\":\"https:\/\/www.afrikabio.com\/a-propos\/#breadcrumb\",\"itemListElement\":[{\"@type\":\"ListItem\",\"position\":1,\"name\":\"Accueil\",\"item\":\"https:\/\/www.afrikabio.com\/\"},{\"@type\":\"ListItem\",\"position\":2,\"name\":\"\u00c0 propos\"}]},{\"@type\":\"WebSite\",\"@id\":\"https:\/\/www.afrikabio.com\/#website\",\"url\":\"https:\/\/www.afrikabio.com\/\",\"name\":\"Afrika Bio\",\"description\":\"Power of Nature\",\"publisher\":{\"@id\":\"https:\/\/www.afrikabio.com\/#organization\"},\"potentialAction\":[{\"@type\":\"SearchAction\",\"target\":{\"@type\":\"EntryPoint\",\"urlTemplate\":\"https:\/\/www.afrikabio.com\/?s={search_term_string}\"},\"query-input\":{\"@type\":\"PropertyValueSpecification\",\"valueRequired\":true,\"valueName\":\"search_term_string\"}}],\"inLanguage\":\"ar\"},{\"@type\":\"Organization\",\"@id\":\"https:\/\/www.afrikabio.com\/#organization\",\"name\":\"AfrikaBio\",\"url\":\"https:\/\/www.afrikabio.com\/\",\"logo\":{\"@type\":\"ImageObject\",\"inLanguage\":\"ar\",\"@id\":\"https:\/\/www.afrikabio.com\/#\/schema\/logo\/image\/\",\"url\":\"https:\/\/www.afrikabio.com\/wp-content\/uploads\/2024\/06\/cropped-cropped-logo-1.png\",\"contentUrl\":\"https:\/\/www.afrikabio.com\/wp-content\/uploads\/2024\/06\/cropped-cropped-logo-1.png\",\"width\":1420,\"height\":483,\"caption\":\"AfrikaBio\"},\"image\":{\"@id\":\"https:\/\/www.afrikabio.com\/#\/schema\/logo\/image\/\"},\"sameAs\":[\"https:\/\/www.facebook.com\/profile.php?id=100090304284824\"]}]}<\/script>\n<!-- \/ Yoast SEO plugin. -->","yoast_head_json":{"title":"\u00c0 propos - Afrika Bio","robots":{"index":"index","follow":"follow","max-snippet":"max-snippet:-1","max-image-preview":"max-image-preview:large","max-video-preview":"max-video-preview:-1"},"canonical":"https:\/\/www.afrikabio.com\/ar\/a-propos\/","og_locale":"ar_AR","og_type":"article","og_title":"\u00c0 propos - Afrika Bio","og_description":"Produits Africain 100% Bio Histoire Leila est une femme passionn\u00e9e par l\u2019Afrique et ses tr\u00e9sors naturels. inspir\u00e9e par sa tante et convaincue du pouvoir de la nature, elle a d\u00e9cid\u00e9 de se lancer dans un projet unique : faire d\u00e9couvrir au monde les bienfaits des produits africains, r\u00e9put\u00e9s pour leurs vertus curatives. La Gu\u00e9rison par [&hellip;]","og_url":"https:\/\/www.afrikabio.com\/ar\/a-propos\/","og_site_name":"Afrika Bio","article_publisher":"https:\/\/www.facebook.com\/profile.php?id=100090304284824","article_modified_time":"2025-08-31T10:50:31+00:00","og_image":[{"url":"https:\/\/www.afrikabio.com\/wp-content\/uploads\/2024\/09\/nature-afrique-scaled.jpg","type":"","width":"","height":""}],"twitter_card":"summary_large_image","twitter_misc":{"\u0648\u0642\u062a \u0627\u0644\u0642\u0631\u0627\u0621\u0629 \u0627\u0644\u0645\u064f\u0642\u062f\u0651\u0631":"\u062f\u0642\u064a\u0642\u0629 \u0648\u0627\u062d\u062f\u0629"},"schema":{"@context":"https:\/\/schema.org","@graph":[{"@type":"WebPage","@id":"https:\/\/www.afrikabio.com\/a-propos\/","url":"https:\/\/www.afrikabio.com\/a-propos\/","name":"\u00c0 propos - Afrika Bio","isPartOf":{"@id":"https:\/\/www.afrikabio.com\/#website"},"primaryImageOfPage":{"@id":"https:\/\/www.afrikabio.com\/a-propos\/#primaryimage"},"image":{"@id":"https:\/\/www.afrikabio.com\/a-propos\/#primaryimage"},"thumbnailUrl":"https:\/\/www.afrikabio.com\/wp-content\/uploads\/2024\/09\/nature-afrique-scaled.jpg","datePublished":"2024-09-02T06:02:52+00:00","dateModified":"2025-08-31T10:50:31+00:00","breadcrumb":{"@id":"https:\/\/www.afrikabio.com\/a-propos\/#breadcrumb"},"inLanguage":"ar","potentialAction":[{"@type":"ReadAction","target":["https:\/\/www.afrikabio.com\/a-propos\/"]}]},{"@type":"ImageObject","inLanguage":"ar","@id":"https:\/\/www.afrikabio.com\/a-propos\/#primaryimage","url":"https:\/\/www.afrikabio.com\/wp-content\/uploads\/2024\/09\/nature-afrique-scaled.jpg","contentUrl":"https:\/\/www.afrikabio.com\/wp-content\/uploads\/2024\/09\/nature-afrique-scaled.jpg"},{"@type":"BreadcrumbList","@id":"https:\/\/www.afrikabio.com\/a-propos\/#breadcrumb","itemListElement":[{"@type":"ListItem","position":1,"name":"Accueil","item":"https:\/\/www.afrikabio.com\/"},{"@type":"ListItem","position":2,"name":"\u00c0 propos"}]},{"@type":"WebSite","@id":"https:\/\/www.afrikabio.com\/#website","url":"https:\/\/www.afrikabio.com\/","name":"Afrika Bio","description":"Power of Nature","publisher":{"@id":"https:\/\/www.afrikabio.com\/#organization"},"potentialAction":[{"@type":"SearchAction","target":{"@type":"EntryPoint","urlTemplate":"https:\/\/www.afrikabio.com\/?s={search_term_string}"},"query-input":{"@type":"PropertyValueSpecification","valueRequired":true,"valueName":"search_term_string"}}],"inLanguage":"ar"},{"@type":"Organization","@id":"https:\/\/www.afrikabio.com\/#organization","name":"AfrikaBio","url":"https:\/\/www.afrikabio.com\/","logo":{"@type":"ImageObject","inLanguage":"ar","@id":"https:\/\/www.afrikabio.com\/#\/schema\/logo\/image\/","url":"https:\/\/www.afrikabio.com\/wp-content\/uploads\/2024\/06\/cropped-cropped-logo-1.png","contentUrl":"https:\/\/www.afrikabio.com\/wp-content\/uploads\/2024\/06\/cropped-cropped-logo-1.png","width":1420,"height":483,"caption":"AfrikaBio"},"image":{"@id":"https:\/\/www.afrikabio.com\/#\/schema\/logo\/image\/"},"sameAs":["https:\/\/www.facebook.com\/profile.php?id=100090304284824"]}]}},"_links":{"self":[{"href":"https:\/\/www.afrikabio.com\/ar\/wp-json\/wp\/v2\/pages\/1097","targetHints":{"allow":["GET"]}}],"collection":[{"href":"https:\/\/www.afrikabio.com\/ar\/wp-json\/wp\/v2\/pages"}],"about":[{"href":"https:\/\/www.afrikabio.com\/ar\/wp-json\/wp\/v2\/types\/page"}],"author":[{"embeddable":true,"href":"https:\/\/www.afrikabio.com\/ar\/wp-json\/wp\/v2\/users\/2"}],"replies":[{"embeddable":true,"href":"https:\/\/www.afrikabio.com\/ar\/wp-json\/wp\/v2\/comments?post=1097"}],"version-history":[{"count":0,"href":"https:\/\/www.afrikabio.com\/ar\/wp-json\/wp\/v2\/pages\/1097\/revisions"}],"wp:attachment":[{"href":"https:\/\/www.afrikabio.com\/ar\/wp-json\/wp\/v2\/media?parent=1097"}],"curies":[{"name":"wp","href":"https:\/\/api.w.org\/{rel}","templated":true}]}}